{"id":2353,"date":"2023-01-12T08:11:04","date_gmt":"2023-01-12T07:11:04","guid":{"rendered":"https:\/\/happypotame.com\/?post_type=product&#038;p=2353"},"modified":"2026-03-07T18:30:18","modified_gmt":"2026-03-07T17:30:18","slug":"affiche-belle-queue","status":"publish","type":"product","link":"http:\/\/happypotame.com\/index.php\/produit\/affiche-belle-queue\/","title":{"rendered":"Affiche \u00ab\u00a0Belle queue\u00a0\u00bb"},"content":{"rendered":"<p class=\"p1\">Cr\u00e9\u00e9 et imprim\u00e9 en France sur format A3, papier blanc 250g.<br \/>\nEnvoy\u00e9 dans un tube triangulaire, avec ou sans porte-affiche.<\/p>\n","protected":false},"excerpt":{"rendered":"<p class=\"p1\">Format A3 (29,7&#215;42 cm).<br \/>\nCr\u00e9\u00e9e et imprim\u00e9 en France. Pure beurre Bzh !<br \/>\nPorte-affiche non inclus, disponible dans notre boutique.<\/p>\n","protected":false},"featured_media":2355,"template":"","meta":[],"product_brand":[],"product_cat":[113,115],"product_tag":[],"class_list":{"0":"post-2353","1":"product","2":"type-product","3":"status-publish","4":"has-post-thumbnail","6":"product_cat-affiches-animaux-humour","7":"product_cat-collections_pour_les_grands_enfants","9":"first","10":"instock","11":"shipping-taxable","12":"purchasable","13":"product-type-simple"},"yoast_head":"<!-- This site is optimized with the Yoast SEO plugin v27.5 - https:\/\/yoast.com\/product\/yoast-seo-wordpress\/ -->\n<title>Affiche \u201cBelle queue\u201d - Happypotame<\/title>\n<meta name=\"description\" content=\"Ouhhh\u2026 il fallait oser, Happypotame l&#039;a fait ! L&#039;affiche &quot;Belle queue&quot; pour apporter encore un peu plus de piment, ou rire entre copains, tout simplement !\" \/>\n<meta name=\"robots\" content=\"index, follow, max-snippet:-1, max-image-preview:large, max-video-preview:-1\" \/>\n<link rel=\"canonical\" href=\"https:\/\/happypotame.com\/index.php\/produit\/affiche-belle-queue\/\" \/>\n<meta property=\"og:locale\" content=\"fr_FR\" \/>\n<meta property=\"og:type\" content=\"article\" \/>\n<meta property=\"og:title\" content=\"Affiche \u201cBelle queue\u201d - Happypotame\" \/>\n<meta property=\"og:description\" content=\"Ouhhh\u2026 il fallait oser, Happypotame l&#039;a fait ! L&#039;affiche &quot;Belle queue&quot; pour apporter encore un peu plus de piment, ou rire entre copains, tout simplement !\" \/>\n<meta property=\"og:url\" content=\"https:\/\/happypotame.com\/index.php\/produit\/affiche-belle-queue\/\" \/>\n<meta property=\"og:site_name\" content=\"Happypotame\" \/>\n<meta property=\"article:modified_time\" content=\"2026-03-07T17:30:18+00:00\" \/>\n<meta property=\"og:image\" content=\"https:\/\/happypotame.com\/wp-content\/uploads\/2023\/01\/Affiche_Belle_queue-1.png\" \/>\n\t<meta property=\"og:image:width\" content=\"3508\" \/>\n\t<meta property=\"og:image:height\" content=\"4961\" \/>\n\t<meta property=\"og:image:type\" content=\"image\/png\" \/>\n<meta name=\"twitter:card\" content=\"summary_large_image\" \/>\n<meta name=\"twitter:label1\" content=\"Dur\u00e9e de lecture estim\u00e9e\" \/>\n\t<meta name=\"twitter:data1\" content=\"1 minute\" \/>\n<script type=\"application\/ld+json\" class=\"yoast-schema-graph\">{\"@context\":\"https:\\\/\\\/schema.org\",\"@graph\":[{\"@type\":\"WebPage\",\"@id\":\"https:\\\/\\\/happypotame.com\\\/index.php\\\/produit\\\/affiche-belle-queue\\\/\",\"url\":\"https:\\\/\\\/happypotame.com\\\/index.php\\\/produit\\\/affiche-belle-queue\\\/\",\"name\":\"Affiche \u201cBelle queue\u201d - Happypotame\",\"isPartOf\":{\"@id\":\"https:\\\/\\\/happypotame.com\\\/#website\"},\"primaryImageOfPage\":{\"@id\":\"https:\\\/\\\/happypotame.com\\\/index.php\\\/produit\\\/affiche-belle-queue\\\/#primaryimage\"},\"image\":{\"@id\":\"https:\\\/\\\/happypotame.com\\\/index.php\\\/produit\\\/affiche-belle-queue\\\/#primaryimage\"},\"thumbnailUrl\":\"http:\\\/\\\/happypotame.com\\\/wp-content\\\/uploads\\\/2023\\\/01\\\/Affiche_Belle_queue-1.png\",\"datePublished\":\"2023-01-12T07:11:04+00:00\",\"dateModified\":\"2026-03-07T17:30:18+00:00\",\"description\":\"Ouhhh\u2026 il fallait oser, Happypotame l'a fait ! L'affiche \\\"Belle queue\\\" pour apporter encore un peu plus de piment, ou rire entre copains, tout simplement !\",\"breadcrumb\":{\"@id\":\"https:\\\/\\\/happypotame.com\\\/index.php\\\/produit\\\/affiche-belle-queue\\\/#breadcrumb\"},\"inLanguage\":\"fr-FR\",\"potentialAction\":[{\"@type\":\"ReadAction\",\"target\":[\"https:\\\/\\\/happypotame.com\\\/index.php\\\/produit\\\/affiche-belle-queue\\\/\"]}]},{\"@type\":\"ImageObject\",\"inLanguage\":\"fr-FR\",\"@id\":\"https:\\\/\\\/happypotame.com\\\/index.php\\\/produit\\\/affiche-belle-queue\\\/#primaryimage\",\"url\":\"http:\\\/\\\/happypotame.com\\\/wp-content\\\/uploads\\\/2023\\\/01\\\/Affiche_Belle_queue-1.png\",\"contentUrl\":\"http:\\\/\\\/happypotame.com\\\/wp-content\\\/uploads\\\/2023\\\/01\\\/Affiche_Belle_queue-1.png\",\"width\":3508,\"height\":4961},{\"@type\":\"BreadcrumbList\",\"@id\":\"https:\\\/\\\/happypotame.com\\\/index.php\\\/produit\\\/affiche-belle-queue\\\/#breadcrumb\",\"itemListElement\":[{\"@type\":\"ListItem\",\"position\":1,\"name\":\"Accueil\",\"item\":\"https:\\\/\\\/happypotame.com\\\/\"},{\"@type\":\"ListItem\",\"position\":2,\"name\":\"Boutique\",\"item\":\"http:\\\/\\\/happypotame.com\\\/index.php\\\/boutique\\\/\"},{\"@type\":\"ListItem\",\"position\":3,\"name\":\"Affiche \u00ab\u00a0Belle queue\u00a0\u00bb\"}]},{\"@type\":\"WebSite\",\"@id\":\"https:\\\/\\\/happypotame.com\\\/#website\",\"url\":\"https:\\\/\\\/happypotame.com\\\/\",\"name\":\"Happypotame\",\"description\":\"\",\"publisher\":{\"@id\":\"https:\\\/\\\/happypotame.com\\\/#organization\"},\"potentialAction\":[{\"@type\":\"SearchAction\",\"target\":{\"@type\":\"EntryPoint\",\"urlTemplate\":\"https:\\\/\\\/happypotame.com\\\/?s={search_term_string}\"},\"query-input\":{\"@type\":\"PropertyValueSpecification\",\"valueRequired\":true,\"valueName\":\"search_term_string\"}}],\"inLanguage\":\"fr-FR\"},{\"@type\":\"Organization\",\"@id\":\"https:\\\/\\\/happypotame.com\\\/#organization\",\"name\":\"Happypotame\",\"url\":\"https:\\\/\\\/happypotame.com\\\/\",\"logo\":{\"@type\":\"ImageObject\",\"inLanguage\":\"fr-FR\",\"@id\":\"https:\\\/\\\/happypotame.com\\\/#\\\/schema\\\/logo\\\/image\\\/\",\"url\":\"http:\\\/\\\/happypotame.com\\\/wp-content\\\/uploads\\\/2022\\\/03\\\/cropped-Logo_Happypotame_vertical.png\",\"contentUrl\":\"http:\\\/\\\/happypotame.com\\\/wp-content\\\/uploads\\\/2022\\\/03\\\/cropped-Logo_Happypotame_vertical.png\",\"width\":4538,\"height\":945,\"caption\":\"Happypotame\"},\"image\":{\"@id\":\"https:\\\/\\\/happypotame.com\\\/#\\\/schema\\\/logo\\\/image\\\/\"},\"sameAs\":[\"https:\\\/\\\/www.instagram.com\\\/happypotame\\\/?hl=fr\"]}]}<\/script>\n<!-- \/ Yoast SEO plugin. -->","yoast_head_json":{"title":"Affiche \u201cBelle queue\u201d - Happypotame","description":"Ouhhh\u2026 il fallait oser, Happypotame l'a fait ! L'affiche \"Belle queue\" pour apporter encore un peu plus de piment, ou rire entre copains, tout simplement !","robots":{"index":"index","follow":"follow","max-snippet":"max-snippet:-1","max-image-preview":"max-image-preview:large","max-video-preview":"max-video-preview:-1"},"canonical":"https:\/\/happypotame.com\/index.php\/produit\/affiche-belle-queue\/","og_locale":"fr_FR","og_type":"article","og_title":"Affiche \u201cBelle queue\u201d - Happypotame","og_description":"Ouhhh\u2026 il fallait oser, Happypotame l'a fait ! L'affiche \"Belle queue\" pour apporter encore un peu plus de piment, ou rire entre copains, tout simplement !","og_url":"https:\/\/happypotame.com\/index.php\/produit\/affiche-belle-queue\/","og_site_name":"Happypotame","article_modified_time":"2026-03-07T17:30:18+00:00","og_image":[{"width":3508,"height":4961,"url":"https:\/\/happypotame.com\/wp-content\/uploads\/2023\/01\/Affiche_Belle_queue-1.png","type":"image\/png"}],"twitter_card":"summary_large_image","twitter_misc":{"Dur\u00e9e de lecture estim\u00e9e":"1 minute"},"schema":{"@context":"https:\/\/schema.org","@graph":[{"@type":"WebPage","@id":"https:\/\/happypotame.com\/index.php\/produit\/affiche-belle-queue\/","url":"https:\/\/happypotame.com\/index.php\/produit\/affiche-belle-queue\/","name":"Affiche \u201cBelle queue\u201d - Happypotame","isPartOf":{"@id":"https:\/\/happypotame.com\/#website"},"primaryImageOfPage":{"@id":"https:\/\/happypotame.com\/index.php\/produit\/affiche-belle-queue\/#primaryimage"},"image":{"@id":"https:\/\/happypotame.com\/index.php\/produit\/affiche-belle-queue\/#primaryimage"},"thumbnailUrl":"http:\/\/happypotame.com\/wp-content\/uploads\/2023\/01\/Affiche_Belle_queue-1.png","datePublished":"2023-01-12T07:11:04+00:00","dateModified":"2026-03-07T17:30:18+00:00","description":"Ouhhh\u2026 il fallait oser, Happypotame l'a fait ! L'affiche \"Belle queue\" pour apporter encore un peu plus de piment, ou rire entre copains, tout simplement !","breadcrumb":{"@id":"https:\/\/happypotame.com\/index.php\/produit\/affiche-belle-queue\/#breadcrumb"},"inLanguage":"fr-FR","potentialAction":[{"@type":"ReadAction","target":["https:\/\/happypotame.com\/index.php\/produit\/affiche-belle-queue\/"]}]},{"@type":"ImageObject","inLanguage":"fr-FR","@id":"https:\/\/happypotame.com\/index.php\/produit\/affiche-belle-queue\/#primaryimage","url":"http:\/\/happypotame.com\/wp-content\/uploads\/2023\/01\/Affiche_Belle_queue-1.png","contentUrl":"http:\/\/happypotame.com\/wp-content\/uploads\/2023\/01\/Affiche_Belle_queue-1.png","width":3508,"height":4961},{"@type":"BreadcrumbList","@id":"https:\/\/happypotame.com\/index.php\/produit\/affiche-belle-queue\/#breadcrumb","itemListElement":[{"@type":"ListItem","position":1,"name":"Accueil","item":"https:\/\/happypotame.com\/"},{"@type":"ListItem","position":2,"name":"Boutique","item":"http:\/\/happypotame.com\/index.php\/boutique\/"},{"@type":"ListItem","position":3,"name":"Affiche \u00ab\u00a0Belle queue\u00a0\u00bb"}]},{"@type":"WebSite","@id":"https:\/\/happypotame.com\/#website","url":"https:\/\/happypotame.com\/","name":"Happypotame","description":"","publisher":{"@id":"https:\/\/happypotame.com\/#organization"},"potentialAction":[{"@type":"SearchAction","target":{"@type":"EntryPoint","urlTemplate":"https:\/\/happypotame.com\/?s={search_term_string}"},"query-input":{"@type":"PropertyValueSpecification","valueRequired":true,"valueName":"search_term_string"}}],"inLanguage":"fr-FR"},{"@type":"Organization","@id":"https:\/\/happypotame.com\/#organization","name":"Happypotame","url":"https:\/\/happypotame.com\/","logo":{"@type":"ImageObject","inLanguage":"fr-FR","@id":"https:\/\/happypotame.com\/#\/schema\/logo\/image\/","url":"http:\/\/happypotame.com\/wp-content\/uploads\/2022\/03\/cropped-Logo_Happypotame_vertical.png","contentUrl":"http:\/\/happypotame.com\/wp-content\/uploads\/2022\/03\/cropped-Logo_Happypotame_vertical.png","width":4538,"height":945,"caption":"Happypotame"},"image":{"@id":"https:\/\/happypotame.com\/#\/schema\/logo\/image\/"},"sameAs":["https:\/\/www.instagram.com\/happypotame\/?hl=fr"]}]}},"_links":{"self":[{"href":"http:\/\/happypotame.com\/index.php\/wp-json\/wp\/v2\/product\/2353","targetHints":{"allow":["GET"]}}],"collection":[{"href":"http:\/\/happypotame.com\/index.php\/wp-json\/wp\/v2\/product"}],"about":[{"href":"http:\/\/happypotame.com\/index.php\/wp-json\/wp\/v2\/types\/product"}],"wp:featuredmedia":[{"embeddable":true,"href":"http:\/\/happypotame.com\/index.php\/wp-json\/wp\/v2\/media\/2355"}],"wp:attachment":[{"href":"http:\/\/happypotame.com\/index.php\/wp-json\/wp\/v2\/media?parent=2353"}],"wp:term":[{"taxonomy":"product_brand","embeddable":true,"href":"http:\/\/happypotame.com\/index.php\/wp-json\/wp\/v2\/product_brand?post=2353"},{"taxonomy":"product_cat","embeddable":true,"href":"http:\/\/happypotame.com\/index.php\/wp-json\/wp\/v2\/product_cat?post=2353"},{"taxonomy":"product_tag","embeddable":true,"href":"http:\/\/happypotame.com\/index.php\/wp-json\/wp\/v2\/product_tag?post=2353"}],"curies":[{"name":"wp","href":"https:\/\/api.w.org\/{rel}","templated":true}]}}