{"id":3148,"date":"2024-04-18T08:23:41","date_gmt":"2024-04-18T06:23:41","guid":{"rendered":"https:\/\/happypotame.com\/?post_type=product&#038;p=3148"},"modified":"2025-07-01T00:24:22","modified_gmt":"2025-06-30T22:24:22","slug":"carte-ca-me-broute-copie","status":"publish","type":"product","link":"http:\/\/happypotame.com\/index.php\/produit\/carte-ca-me-broute-copie\/","title":{"rendered":"Carte \u00ab\u00a0Je ne peux pas vivre sans ailes\u00a0\u00bb"},"content":{"rendered":"<p class=\"p1\">Cette carte postale est imprim\u00e9e sur un papier de cr\u00e9ation 300g par Clo\u00eetre Imprimeurs, en Bretagne, \u00e0 St-Thonan plus exactement.<br \/>\nVous pouvez compl\u00e9ter votre achat avec une enveloppe kraft (onglet \u00ab autres produits \u00bb du menu de notre site).<\/p>\n<p class=\"p1\">D\u00e9couvrez notre carte postale unique qui allie cr\u00e9ativit\u00e9 et po\u00e9sie : \u00ab\u00a0Je ne peux pas vivre sans ailes\u00a0\u00bb. Cette carte astucieuse joue avec les mots pour exprimer un sentiment profond. Laissez-vous charmer par le jeu de mots subtil qui transforme \u00ab\u00a0elle\u00a0\u00bb en \u00ab\u00a0ailes\u00a0\u00bb, symbolis\u00e9 par un d\u00e9licat oiseau en plein vol. Que vous cherchiez \u00e0 envoyer un message sp\u00e9cial \u00e0 un \u00eatre cher ou \u00e0 ajouter une touche d&rsquo;originalit\u00e9 \u00e0 votre d\u00e9coration, cette carte postale est un choix id\u00e9al. Elle est parfaite pour exprimer l&rsquo;amour, l&rsquo;amiti\u00e9 ou simplement pour offrir un sourire. Cette carte postale unique est un excellent ajout \u00e0 votre collection de papeterie ou une id\u00e9e cadeau charmante pour toute occasion. L&rsquo;association intelligente du design et du jeu de mots en fait un produit recherch\u00e9 pour les amoureux des belles choses. Que ce soit pour envoyer un message doux, pour partager un moment affectueux avec un \u00eatre cher ou simplement pour apporter un sourire \u00e0 quelqu&rsquo;un, cette carte postale convient \u00e0 toutes les occasions. \u00c0 offrir, envoyer, encadrer, \u00e9pingler, aimanter, scotcher\u2026 sans mod\u00e9ration, et dans toutes les pi\u00e8ces de la maison !<\/p>\n<p class=\"p1\">Explorez notre collection color\u00e9e de cartes postales illustr\u00e9es o\u00f9 les teintes vives se marient aux jeux de mots pour cr\u00e9er des compositions graphiques uniques et originales. Des \u00ab\u00a0ratons loveurs\u00a0\u00bb aux \u00ab\u00a0crazy biches\u00a0\u00bb, en passant par des \u00ab\u00a0fleurs succulentes \u00bb, plongez dans notre monde enchant\u00e9 de faune ou de flore o\u00f9 vous trouverez toutes sortes d\u2019animaux et de v\u00e9g\u00e9taux, tous illustr\u00e9s \u00e0 la main. Vous souhaitez transmettre vos pens\u00e9es ou d\u00e9corer votre int\u00e9rieur avec originalit\u00e9 ? Les cartes Happypotame sont id\u00e9ales font toujours plaisir aux personnes qui les re\u00e7oivent. Elles sont id\u00e9ales pour exprimer des v\u0153ux d&rsquo;anniversaire \u00e0 un amoureux de la faune ou pour partager des nouvelles r\u00e9jouissantes avec une touche d&rsquo;humour animalier.<\/p>\n","protected":false},"excerpt":{"rendered":"<p class=\"p1\">Une douce carte postale qui allie cr\u00e9ativit\u00e9 et po\u00e9sie. Laissez-vous charmer par son jeu de mots qui transforme \u00ab\u00a0elle\u00a0\u00bb en \u00ab\u00a0ailes\u00a0\u00bb, symbolis\u00e9 par un d\u00e9licat oiseau en plein vol. \u00c0 offrir, envoyer, encadrer, \u00e9pingler, aimanter, scotcher\u2026 !<\/p>\n<p class=\"p1\">Carte format 10&#215;15 cm.<br \/>\nCr\u00e9\u00e9e et imprim\u00e9e en France. Pure beurre Bzh !<br \/>\nVous pouvez compl\u00e9ter votre achat avec notre enveloppe kraft.<\/p>\n","protected":false},"featured_media":3095,"template":"","meta":[],"product_brand":[],"product_cat":[129,110],"product_tag":[],"class_list":{"0":"post-3148","1":"product","2":"type-product","3":"status-publish","4":"has-post-thumbnail","6":"product_cat-amitie-amour","7":"product_cat-cartes-postales","9":"first","10":"instock","11":"shipping-taxable","12":"purchasable","13":"product-type-simple"},"yoast_head":"<!-- This site is optimized with the Yoast SEO plugin v27.5 - https:\/\/yoast.com\/product\/yoast-seo-wordpress\/ -->\n<title>Carte &quot;Je ne peux pas vivre sans ailes&quot; - Happypotame<\/title>\n<meta name=\"description\" content=\"Laissez-vous charmer par notre carte unique qui allie cr\u00e9ativit\u00e9 et po\u00e9sie. Le jeu de mots subtil est symbolis\u00e9 par un d\u00e9licat oiseau en plein vol.\" \/>\n<meta name=\"robots\" content=\"index, follow, max-snippet:-1, max-image-preview:large, max-video-preview:-1\" \/>\n<link rel=\"canonical\" href=\"https:\/\/happypotame.com\/index.php\/produit\/carte-ca-me-broute-copie\/\" \/>\n<meta property=\"og:locale\" content=\"fr_FR\" \/>\n<meta property=\"og:type\" content=\"article\" \/>\n<meta property=\"og:title\" content=\"Carte &quot;Je ne peux pas vivre sans ailes&quot; - Happypotame\" \/>\n<meta property=\"og:description\" content=\"Laissez-vous charmer par notre carte unique qui allie cr\u00e9ativit\u00e9 et po\u00e9sie. Le jeu de mots subtil est symbolis\u00e9 par un d\u00e9licat oiseau en plein vol.\" \/>\n<meta property=\"og:url\" content=\"https:\/\/happypotame.com\/index.php\/produit\/carte-ca-me-broute-copie\/\" \/>\n<meta property=\"og:site_name\" content=\"Happypotame\" \/>\n<meta property=\"article:modified_time\" content=\"2025-06-30T22:24:22+00:00\" \/>\n<meta property=\"og:image\" content=\"https:\/\/happypotame.com\/wp-content\/uploads\/2024\/03\/Carte_postale_situation17.png\" \/>\n\t<meta property=\"og:image:width\" content=\"2480\" \/>\n\t<meta property=\"og:image:height\" content=\"3508\" \/>\n\t<meta property=\"og:image:type\" content=\"image\/png\" \/>\n<meta name=\"twitter:card\" content=\"summary_large_image\" \/>\n<meta name=\"twitter:label1\" content=\"Dur\u00e9e de lecture estim\u00e9e\" \/>\n\t<meta name=\"twitter:data1\" content=\"2 minutes\" \/>\n<script type=\"application\/ld+json\" class=\"yoast-schema-graph\">{\"@context\":\"https:\\\/\\\/schema.org\",\"@graph\":[{\"@type\":\"WebPage\",\"@id\":\"https:\\\/\\\/happypotame.com\\\/index.php\\\/produit\\\/carte-ca-me-broute-copie\\\/\",\"url\":\"https:\\\/\\\/happypotame.com\\\/index.php\\\/produit\\\/carte-ca-me-broute-copie\\\/\",\"name\":\"Carte \\\"Je ne peux pas vivre sans ailes\\\" - Happypotame\",\"isPartOf\":{\"@id\":\"https:\\\/\\\/happypotame.com\\\/#website\"},\"primaryImageOfPage\":{\"@id\":\"https:\\\/\\\/happypotame.com\\\/index.php\\\/produit\\\/carte-ca-me-broute-copie\\\/#primaryimage\"},\"image\":{\"@id\":\"https:\\\/\\\/happypotame.com\\\/index.php\\\/produit\\\/carte-ca-me-broute-copie\\\/#primaryimage\"},\"thumbnailUrl\":\"http:\\\/\\\/happypotame.com\\\/wp-content\\\/uploads\\\/2024\\\/03\\\/Carte_postale_situation17.png\",\"datePublished\":\"2024-04-18T06:23:41+00:00\",\"dateModified\":\"2025-06-30T22:24:22+00:00\",\"description\":\"Laissez-vous charmer par notre carte unique qui allie cr\u00e9ativit\u00e9 et po\u00e9sie. Le jeu de mots subtil est symbolis\u00e9 par un d\u00e9licat oiseau en plein vol.\",\"breadcrumb\":{\"@id\":\"https:\\\/\\\/happypotame.com\\\/index.php\\\/produit\\\/carte-ca-me-broute-copie\\\/#breadcrumb\"},\"inLanguage\":\"fr-FR\",\"potentialAction\":[{\"@type\":\"ReadAction\",\"target\":[\"https:\\\/\\\/happypotame.com\\\/index.php\\\/produit\\\/carte-ca-me-broute-copie\\\/\"]}]},{\"@type\":\"ImageObject\",\"inLanguage\":\"fr-FR\",\"@id\":\"https:\\\/\\\/happypotame.com\\\/index.php\\\/produit\\\/carte-ca-me-broute-copie\\\/#primaryimage\",\"url\":\"http:\\\/\\\/happypotame.com\\\/wp-content\\\/uploads\\\/2024\\\/03\\\/Carte_postale_situation17.png\",\"contentUrl\":\"http:\\\/\\\/happypotame.com\\\/wp-content\\\/uploads\\\/2024\\\/03\\\/Carte_postale_situation17.png\",\"width\":2480,\"height\":3508},{\"@type\":\"BreadcrumbList\",\"@id\":\"https:\\\/\\\/happypotame.com\\\/index.php\\\/produit\\\/carte-ca-me-broute-copie\\\/#breadcrumb\",\"itemListElement\":[{\"@type\":\"ListItem\",\"position\":1,\"name\":\"Accueil\",\"item\":\"https:\\\/\\\/happypotame.com\\\/\"},{\"@type\":\"ListItem\",\"position\":2,\"name\":\"Boutique\",\"item\":\"http:\\\/\\\/happypotame.com\\\/index.php\\\/boutique\\\/\"},{\"@type\":\"ListItem\",\"position\":3,\"name\":\"Carte \u00ab\u00a0Je ne peux pas vivre sans ailes\u00a0\u00bb\"}]},{\"@type\":\"WebSite\",\"@id\":\"https:\\\/\\\/happypotame.com\\\/#website\",\"url\":\"https:\\\/\\\/happypotame.com\\\/\",\"name\":\"Happypotame\",\"description\":\"\",\"publisher\":{\"@id\":\"https:\\\/\\\/happypotame.com\\\/#organization\"},\"potentialAction\":[{\"@type\":\"SearchAction\",\"target\":{\"@type\":\"EntryPoint\",\"urlTemplate\":\"https:\\\/\\\/happypotame.com\\\/?s={search_term_string}\"},\"query-input\":{\"@type\":\"PropertyValueSpecification\",\"valueRequired\":true,\"valueName\":\"search_term_string\"}}],\"inLanguage\":\"fr-FR\"},{\"@type\":\"Organization\",\"@id\":\"https:\\\/\\\/happypotame.com\\\/#organization\",\"name\":\"Happypotame\",\"url\":\"https:\\\/\\\/happypotame.com\\\/\",\"logo\":{\"@type\":\"ImageObject\",\"inLanguage\":\"fr-FR\",\"@id\":\"https:\\\/\\\/happypotame.com\\\/#\\\/schema\\\/logo\\\/image\\\/\",\"url\":\"http:\\\/\\\/happypotame.com\\\/wp-content\\\/uploads\\\/2022\\\/03\\\/cropped-Logo_Happypotame_vertical.png\",\"contentUrl\":\"http:\\\/\\\/happypotame.com\\\/wp-content\\\/uploads\\\/2022\\\/03\\\/cropped-Logo_Happypotame_vertical.png\",\"width\":4538,\"height\":945,\"caption\":\"Happypotame\"},\"image\":{\"@id\":\"https:\\\/\\\/happypotame.com\\\/#\\\/schema\\\/logo\\\/image\\\/\"},\"sameAs\":[\"https:\\\/\\\/www.instagram.com\\\/happypotame\\\/?hl=fr\"]}]}<\/script>\n<!-- \/ Yoast SEO plugin. -->","yoast_head_json":{"title":"Carte \"Je ne peux pas vivre sans ailes\" - Happypotame","description":"Laissez-vous charmer par notre carte unique qui allie cr\u00e9ativit\u00e9 et po\u00e9sie. Le jeu de mots subtil est symbolis\u00e9 par un d\u00e9licat oiseau en plein vol.","robots":{"index":"index","follow":"follow","max-snippet":"max-snippet:-1","max-image-preview":"max-image-preview:large","max-video-preview":"max-video-preview:-1"},"canonical":"https:\/\/happypotame.com\/index.php\/produit\/carte-ca-me-broute-copie\/","og_locale":"fr_FR","og_type":"article","og_title":"Carte \"Je ne peux pas vivre sans ailes\" - Happypotame","og_description":"Laissez-vous charmer par notre carte unique qui allie cr\u00e9ativit\u00e9 et po\u00e9sie. Le jeu de mots subtil est symbolis\u00e9 par un d\u00e9licat oiseau en plein vol.","og_url":"https:\/\/happypotame.com\/index.php\/produit\/carte-ca-me-broute-copie\/","og_site_name":"Happypotame","article_modified_time":"2025-06-30T22:24:22+00:00","og_image":[{"width":2480,"height":3508,"url":"https:\/\/happypotame.com\/wp-content\/uploads\/2024\/03\/Carte_postale_situation17.png","type":"image\/png"}],"twitter_card":"summary_large_image","twitter_misc":{"Dur\u00e9e de lecture estim\u00e9e":"2 minutes"},"schema":{"@context":"https:\/\/schema.org","@graph":[{"@type":"WebPage","@id":"https:\/\/happypotame.com\/index.php\/produit\/carte-ca-me-broute-copie\/","url":"https:\/\/happypotame.com\/index.php\/produit\/carte-ca-me-broute-copie\/","name":"Carte \"Je ne peux pas vivre sans ailes\" - Happypotame","isPartOf":{"@id":"https:\/\/happypotame.com\/#website"},"primaryImageOfPage":{"@id":"https:\/\/happypotame.com\/index.php\/produit\/carte-ca-me-broute-copie\/#primaryimage"},"image":{"@id":"https:\/\/happypotame.com\/index.php\/produit\/carte-ca-me-broute-copie\/#primaryimage"},"thumbnailUrl":"http:\/\/happypotame.com\/wp-content\/uploads\/2024\/03\/Carte_postale_situation17.png","datePublished":"2024-04-18T06:23:41+00:00","dateModified":"2025-06-30T22:24:22+00:00","description":"Laissez-vous charmer par notre carte unique qui allie cr\u00e9ativit\u00e9 et po\u00e9sie. Le jeu de mots subtil est symbolis\u00e9 par un d\u00e9licat oiseau en plein vol.","breadcrumb":{"@id":"https:\/\/happypotame.com\/index.php\/produit\/carte-ca-me-broute-copie\/#breadcrumb"},"inLanguage":"fr-FR","potentialAction":[{"@type":"ReadAction","target":["https:\/\/happypotame.com\/index.php\/produit\/carte-ca-me-broute-copie\/"]}]},{"@type":"ImageObject","inLanguage":"fr-FR","@id":"https:\/\/happypotame.com\/index.php\/produit\/carte-ca-me-broute-copie\/#primaryimage","url":"http:\/\/happypotame.com\/wp-content\/uploads\/2024\/03\/Carte_postale_situation17.png","contentUrl":"http:\/\/happypotame.com\/wp-content\/uploads\/2024\/03\/Carte_postale_situation17.png","width":2480,"height":3508},{"@type":"BreadcrumbList","@id":"https:\/\/happypotame.com\/index.php\/produit\/carte-ca-me-broute-copie\/#breadcrumb","itemListElement":[{"@type":"ListItem","position":1,"name":"Accueil","item":"https:\/\/happypotame.com\/"},{"@type":"ListItem","position":2,"name":"Boutique","item":"http:\/\/happypotame.com\/index.php\/boutique\/"},{"@type":"ListItem","position":3,"name":"Carte \u00ab\u00a0Je ne peux pas vivre sans ailes\u00a0\u00bb"}]},{"@type":"WebSite","@id":"https:\/\/happypotame.com\/#website","url":"https:\/\/happypotame.com\/","name":"Happypotame","description":"","publisher":{"@id":"https:\/\/happypotame.com\/#organization"},"potentialAction":[{"@type":"SearchAction","target":{"@type":"EntryPoint","urlTemplate":"https:\/\/happypotame.com\/?s={search_term_string}"},"query-input":{"@type":"PropertyValueSpecification","valueRequired":true,"valueName":"search_term_string"}}],"inLanguage":"fr-FR"},{"@type":"Organization","@id":"https:\/\/happypotame.com\/#organization","name":"Happypotame","url":"https:\/\/happypotame.com\/","logo":{"@type":"ImageObject","inLanguage":"fr-FR","@id":"https:\/\/happypotame.com\/#\/schema\/logo\/image\/","url":"http:\/\/happypotame.com\/wp-content\/uploads\/2022\/03\/cropped-Logo_Happypotame_vertical.png","contentUrl":"http:\/\/happypotame.com\/wp-content\/uploads\/2022\/03\/cropped-Logo_Happypotame_vertical.png","width":4538,"height":945,"caption":"Happypotame"},"image":{"@id":"https:\/\/happypotame.com\/#\/schema\/logo\/image\/"},"sameAs":["https:\/\/www.instagram.com\/happypotame\/?hl=fr"]}]}},"_links":{"self":[{"href":"http:\/\/happypotame.com\/index.php\/wp-json\/wp\/v2\/product\/3148","targetHints":{"allow":["GET"]}}],"collection":[{"href":"http:\/\/happypotame.com\/index.php\/wp-json\/wp\/v2\/product"}],"about":[{"href":"http:\/\/happypotame.com\/index.php\/wp-json\/wp\/v2\/types\/product"}],"wp:featuredmedia":[{"embeddable":true,"href":"http:\/\/happypotame.com\/index.php\/wp-json\/wp\/v2\/media\/3095"}],"wp:attachment":[{"href":"http:\/\/happypotame.com\/index.php\/wp-json\/wp\/v2\/media?parent=3148"}],"wp:term":[{"taxonomy":"product_brand","embeddable":true,"href":"http:\/\/happypotame.com\/index.php\/wp-json\/wp\/v2\/product_brand?post=3148"},{"taxonomy":"product_cat","embeddable":true,"href":"http:\/\/happypotame.com\/index.php\/wp-json\/wp\/v2\/product_cat?post=3148"},{"taxonomy":"product_tag","embeddable":true,"href":"http:\/\/happypotame.com\/index.php\/wp-json\/wp\/v2\/product_tag?post=3148"}],"curies":[{"name":"wp","href":"https:\/\/api.w.org\/{rel}","templated":true}]}}