{"id":3357,"date":"2024-10-16T16:30:26","date_gmt":"2024-10-16T14:30:26","guid":{"rendered":"https:\/\/happypotame.com\/?post_type=product&#038;p=3357"},"modified":"2025-11-06T17:42:13","modified_gmt":"2025-11-06T16:42:13","slug":"carte-rose-des-soucis-je-suis-ici","status":"publish","type":"product","link":"http:\/\/happypotame.com\/index.php\/produit\/carte-rose-des-soucis-je-suis-ici\/","title":{"rendered":"Carte rose \u00ab\u00a0Des soucis ? Je suis ici\u00a0\u00bb"},"content":{"rendered":"<p class=\"p1\">Cette carte postale est imprim\u00e9e sur un papier de cr\u00e9ation 300g par Clo\u00eetre Imprimeurs, en Bretagne, \u00e0 St-Thonan plus exactement.<br \/>\nVous pouvez compl\u00e9ter votre achat avec une enveloppe kraft (onglet \u00ab\u00a0autres produits\u00a0\u00bb du menu de notre site).<\/p>\n<p>Une carte parfaite pour dire \u00e0 nos proches qu&rsquo;on est l\u00e0 pour eux et qu&rsquo;on pense \u00e0 eux ! Une v\u00e9ritable invitation \u00e0 la nature, cette carte de soucis est un tr\u00e9sor botanique qui \u00e9merveillera les amateurs de verdure et les passionn\u00e9s de plantes.<\/p>\n<p class=\"p1\">Que vous soyez un collectionneur de cartes postales, un amoureux des plantes, arbres et fleurs, ou simplement quelqu&rsquo;un en qu\u00eate d&rsquo;un cadeau original, notre carte postale v\u00e9g\u00e9tale est un choix id\u00e9al. Elle vous permettra de partager votre passion pour le monde v\u00e9g\u00e9tal.<\/p>\n<p class=\"p1\">Commandez d\u00e8s maintenant nos cartes postales v\u00e9g\u00e9tales pour d\u00e9corer votre maison ou offrir \u00e0 vos proches lors de diverses occasions.<\/p>\n<p class=\"p1\">Explorez notre collection color\u00e9e de cartes postales illustr\u00e9es o\u00f9 les teintes vives se marient aux jeux de mots pour cr\u00e9er des compositions graphiques uniques et originales. Des \u00ab\u00a0ratons loveurs\u00a0\u00bb aux \u00ab\u00a0crazy biches\u00a0\u00bb, en passant par des \u00ab\u00a0fleurs succulentes \u00bb, plongez dans notre monde enchant\u00e9 de faune ou de flore o\u00f9 vous trouverez toutes sortes d\u2019animaux et de v\u00e9g\u00e9taux, tous illustr\u00e9s \u00e0 la main. Vous souhaitez transmettre vos pens\u00e9es ou d\u00e9corer votre int\u00e9rieur avec originalit\u00e9 ? Les cartes Happypotame sont id\u00e9ales font toujours plaisir aux personnes qui les re\u00e7oivent. Elles sont id\u00e9ales pour exprimer des v\u0153ux d&rsquo;anniversaire \u00e0 un amoureux de la faune ou pour partager des nouvelles r\u00e9jouissantes avec une touche d&rsquo;humour animalier.<\/p>\n","protected":false},"excerpt":{"rendered":"<p>Une carte parfaite pour dire \u00e0 nos proches qu&rsquo;on est l\u00e0 pour eux et qu&rsquo;on pense \u00e0 eux !<\/p>\n<p>Que vous soyez un collectionneur de cartes postales, un amoureux des plantes, arbres et fleurs, ou simplement quelqu&rsquo;un en qu\u00eate d&rsquo;un cadeau original, notre carte postale v\u00e9g\u00e9tale est un choix id\u00e9al.<\/p>\n<p class=\"p1\">Carte format 10&#215;15 cm.<br \/>\nCr\u00e9\u00e9e et imprim\u00e9e en France. Pure beurre Bzh !<br \/>\nVous pouvez compl\u00e9ter votre achat avec notre enveloppe kraft.<\/p>\n","protected":false},"featured_media":3358,"template":"","meta":[],"product_brand":[],"product_cat":[129,110,150],"product_tag":[],"class_list":{"0":"post-3357","1":"product","2":"type-product","3":"status-publish","4":"has-post-thumbnail","6":"product_cat-amitie-amour","7":"product_cat-cartes-postales","8":"product_cat-collection-vegetale","10":"first","11":"instock","12":"shipping-taxable","13":"purchasable","14":"product-type-simple"},"yoast_head":"<!-- This site is optimized with the Yoast SEO plugin v27.5 - https:\/\/yoast.com\/product\/yoast-seo-wordpress\/ -->\n<title>Carte rose &quot;Des soucis ? Je suis ici&quot; - Happypotame<\/title>\n<meta name=\"description\" content=\"Une jolie carte rose de la collection v\u00e9g\u00e9tale pour les amoureux de la nature ! C&#039;est l&#039;attention parfaite pour dire \u00e0 nos proches qu&#039;on est l\u00e0 pour eux !\" \/>\n<meta name=\"robots\" content=\"index, follow, max-snippet:-1, max-image-preview:large, max-video-preview:-1\" \/>\n<link rel=\"canonical\" href=\"https:\/\/happypotame.com\/index.php\/produit\/carte-rose-des-soucis-je-suis-ici\/\" \/>\n<meta property=\"og:locale\" content=\"fr_FR\" \/>\n<meta property=\"og:type\" content=\"article\" \/>\n<meta property=\"og:title\" content=\"Carte rose &quot;Des soucis ? Je suis ici&quot; - Happypotame\" \/>\n<meta property=\"og:description\" content=\"Une jolie carte rose de la collection v\u00e9g\u00e9tale pour les amoureux de la nature ! C&#039;est l&#039;attention parfaite pour dire \u00e0 nos proches qu&#039;on est l\u00e0 pour eux !\" \/>\n<meta property=\"og:url\" content=\"https:\/\/happypotame.com\/index.php\/produit\/carte-rose-des-soucis-je-suis-ici\/\" \/>\n<meta property=\"og:site_name\" content=\"Happypotame\" \/>\n<meta property=\"article:modified_time\" content=\"2025-11-06T16:42:13+00:00\" \/>\n<meta property=\"og:image\" content=\"https:\/\/happypotame.com\/wp-content\/uploads\/2024\/10\/Carte_postale_situation13.png\" \/>\n\t<meta property=\"og:image:width\" content=\"2480\" \/>\n\t<meta property=\"og:image:height\" content=\"3508\" \/>\n\t<meta property=\"og:image:type\" content=\"image\/png\" \/>\n<meta name=\"twitter:card\" content=\"summary_large_image\" \/>\n<meta name=\"twitter:label1\" content=\"Dur\u00e9e de lecture estim\u00e9e\" \/>\n\t<meta name=\"twitter:data1\" content=\"2 minutes\" \/>\n<script type=\"application\/ld+json\" class=\"yoast-schema-graph\">{\"@context\":\"https:\\\/\\\/schema.org\",\"@graph\":[{\"@type\":\"WebPage\",\"@id\":\"https:\\\/\\\/happypotame.com\\\/index.php\\\/produit\\\/carte-rose-des-soucis-je-suis-ici\\\/\",\"url\":\"https:\\\/\\\/happypotame.com\\\/index.php\\\/produit\\\/carte-rose-des-soucis-je-suis-ici\\\/\",\"name\":\"Carte rose \\\"Des soucis ? Je suis ici\\\" - Happypotame\",\"isPartOf\":{\"@id\":\"https:\\\/\\\/happypotame.com\\\/#website\"},\"primaryImageOfPage\":{\"@id\":\"https:\\\/\\\/happypotame.com\\\/index.php\\\/produit\\\/carte-rose-des-soucis-je-suis-ici\\\/#primaryimage\"},\"image\":{\"@id\":\"https:\\\/\\\/happypotame.com\\\/index.php\\\/produit\\\/carte-rose-des-soucis-je-suis-ici\\\/#primaryimage\"},\"thumbnailUrl\":\"http:\\\/\\\/happypotame.com\\\/wp-content\\\/uploads\\\/2024\\\/10\\\/Carte_postale_situation13.png\",\"datePublished\":\"2024-10-16T14:30:26+00:00\",\"dateModified\":\"2025-11-06T16:42:13+00:00\",\"description\":\"Une jolie carte rose de la collection v\u00e9g\u00e9tale pour les amoureux de la nature ! C'est l'attention parfaite pour dire \u00e0 nos proches qu'on est l\u00e0 pour eux !\",\"breadcrumb\":{\"@id\":\"https:\\\/\\\/happypotame.com\\\/index.php\\\/produit\\\/carte-rose-des-soucis-je-suis-ici\\\/#breadcrumb\"},\"inLanguage\":\"fr-FR\",\"potentialAction\":[{\"@type\":\"ReadAction\",\"target\":[\"https:\\\/\\\/happypotame.com\\\/index.php\\\/produit\\\/carte-rose-des-soucis-je-suis-ici\\\/\"]}]},{\"@type\":\"ImageObject\",\"inLanguage\":\"fr-FR\",\"@id\":\"https:\\\/\\\/happypotame.com\\\/index.php\\\/produit\\\/carte-rose-des-soucis-je-suis-ici\\\/#primaryimage\",\"url\":\"http:\\\/\\\/happypotame.com\\\/wp-content\\\/uploads\\\/2024\\\/10\\\/Carte_postale_situation13.png\",\"contentUrl\":\"http:\\\/\\\/happypotame.com\\\/wp-content\\\/uploads\\\/2024\\\/10\\\/Carte_postale_situation13.png\",\"width\":2480,\"height\":3508},{\"@type\":\"BreadcrumbList\",\"@id\":\"https:\\\/\\\/happypotame.com\\\/index.php\\\/produit\\\/carte-rose-des-soucis-je-suis-ici\\\/#breadcrumb\",\"itemListElement\":[{\"@type\":\"ListItem\",\"position\":1,\"name\":\"Accueil\",\"item\":\"https:\\\/\\\/happypotame.com\\\/\"},{\"@type\":\"ListItem\",\"position\":2,\"name\":\"Boutique\",\"item\":\"http:\\\/\\\/happypotame.com\\\/index.php\\\/boutique\\\/\"},{\"@type\":\"ListItem\",\"position\":3,\"name\":\"Carte rose \u00ab\u00a0Des soucis ? Je suis ici\u00a0\u00bb\"}]},{\"@type\":\"WebSite\",\"@id\":\"https:\\\/\\\/happypotame.com\\\/#website\",\"url\":\"https:\\\/\\\/happypotame.com\\\/\",\"name\":\"Happypotame\",\"description\":\"\",\"publisher\":{\"@id\":\"https:\\\/\\\/happypotame.com\\\/#organization\"},\"potentialAction\":[{\"@type\":\"SearchAction\",\"target\":{\"@type\":\"EntryPoint\",\"urlTemplate\":\"https:\\\/\\\/happypotame.com\\\/?s={search_term_string}\"},\"query-input\":{\"@type\":\"PropertyValueSpecification\",\"valueRequired\":true,\"valueName\":\"search_term_string\"}}],\"inLanguage\":\"fr-FR\"},{\"@type\":\"Organization\",\"@id\":\"https:\\\/\\\/happypotame.com\\\/#organization\",\"name\":\"Happypotame\",\"url\":\"https:\\\/\\\/happypotame.com\\\/\",\"logo\":{\"@type\":\"ImageObject\",\"inLanguage\":\"fr-FR\",\"@id\":\"https:\\\/\\\/happypotame.com\\\/#\\\/schema\\\/logo\\\/image\\\/\",\"url\":\"http:\\\/\\\/happypotame.com\\\/wp-content\\\/uploads\\\/2022\\\/03\\\/cropped-Logo_Happypotame_vertical.png\",\"contentUrl\":\"http:\\\/\\\/happypotame.com\\\/wp-content\\\/uploads\\\/2022\\\/03\\\/cropped-Logo_Happypotame_vertical.png\",\"width\":4538,\"height\":945,\"caption\":\"Happypotame\"},\"image\":{\"@id\":\"https:\\\/\\\/happypotame.com\\\/#\\\/schema\\\/logo\\\/image\\\/\"},\"sameAs\":[\"https:\\\/\\\/www.instagram.com\\\/happypotame\\\/?hl=fr\"]}]}<\/script>\n<!-- \/ Yoast SEO plugin. -->","yoast_head_json":{"title":"Carte rose \"Des soucis ? Je suis ici\" - Happypotame","description":"Une jolie carte rose de la collection v\u00e9g\u00e9tale pour les amoureux de la nature ! C'est l'attention parfaite pour dire \u00e0 nos proches qu'on est l\u00e0 pour eux !","robots":{"index":"index","follow":"follow","max-snippet":"max-snippet:-1","max-image-preview":"max-image-preview:large","max-video-preview":"max-video-preview:-1"},"canonical":"https:\/\/happypotame.com\/index.php\/produit\/carte-rose-des-soucis-je-suis-ici\/","og_locale":"fr_FR","og_type":"article","og_title":"Carte rose \"Des soucis ? Je suis ici\" - Happypotame","og_description":"Une jolie carte rose de la collection v\u00e9g\u00e9tale pour les amoureux de la nature ! C'est l'attention parfaite pour dire \u00e0 nos proches qu'on est l\u00e0 pour eux !","og_url":"https:\/\/happypotame.com\/index.php\/produit\/carte-rose-des-soucis-je-suis-ici\/","og_site_name":"Happypotame","article_modified_time":"2025-11-06T16:42:13+00:00","og_image":[{"width":2480,"height":3508,"url":"https:\/\/happypotame.com\/wp-content\/uploads\/2024\/10\/Carte_postale_situation13.png","type":"image\/png"}],"twitter_card":"summary_large_image","twitter_misc":{"Dur\u00e9e de lecture estim\u00e9e":"2 minutes"},"schema":{"@context":"https:\/\/schema.org","@graph":[{"@type":"WebPage","@id":"https:\/\/happypotame.com\/index.php\/produit\/carte-rose-des-soucis-je-suis-ici\/","url":"https:\/\/happypotame.com\/index.php\/produit\/carte-rose-des-soucis-je-suis-ici\/","name":"Carte rose \"Des soucis ? Je suis ici\" - Happypotame","isPartOf":{"@id":"https:\/\/happypotame.com\/#website"},"primaryImageOfPage":{"@id":"https:\/\/happypotame.com\/index.php\/produit\/carte-rose-des-soucis-je-suis-ici\/#primaryimage"},"image":{"@id":"https:\/\/happypotame.com\/index.php\/produit\/carte-rose-des-soucis-je-suis-ici\/#primaryimage"},"thumbnailUrl":"http:\/\/happypotame.com\/wp-content\/uploads\/2024\/10\/Carte_postale_situation13.png","datePublished":"2024-10-16T14:30:26+00:00","dateModified":"2025-11-06T16:42:13+00:00","description":"Une jolie carte rose de la collection v\u00e9g\u00e9tale pour les amoureux de la nature ! C'est l'attention parfaite pour dire \u00e0 nos proches qu'on est l\u00e0 pour eux !","breadcrumb":{"@id":"https:\/\/happypotame.com\/index.php\/produit\/carte-rose-des-soucis-je-suis-ici\/#breadcrumb"},"inLanguage":"fr-FR","potentialAction":[{"@type":"ReadAction","target":["https:\/\/happypotame.com\/index.php\/produit\/carte-rose-des-soucis-je-suis-ici\/"]}]},{"@type":"ImageObject","inLanguage":"fr-FR","@id":"https:\/\/happypotame.com\/index.php\/produit\/carte-rose-des-soucis-je-suis-ici\/#primaryimage","url":"http:\/\/happypotame.com\/wp-content\/uploads\/2024\/10\/Carte_postale_situation13.png","contentUrl":"http:\/\/happypotame.com\/wp-content\/uploads\/2024\/10\/Carte_postale_situation13.png","width":2480,"height":3508},{"@type":"BreadcrumbList","@id":"https:\/\/happypotame.com\/index.php\/produit\/carte-rose-des-soucis-je-suis-ici\/#breadcrumb","itemListElement":[{"@type":"ListItem","position":1,"name":"Accueil","item":"https:\/\/happypotame.com\/"},{"@type":"ListItem","position":2,"name":"Boutique","item":"http:\/\/happypotame.com\/index.php\/boutique\/"},{"@type":"ListItem","position":3,"name":"Carte rose \u00ab\u00a0Des soucis ? Je suis ici\u00a0\u00bb"}]},{"@type":"WebSite","@id":"https:\/\/happypotame.com\/#website","url":"https:\/\/happypotame.com\/","name":"Happypotame","description":"","publisher":{"@id":"https:\/\/happypotame.com\/#organization"},"potentialAction":[{"@type":"SearchAction","target":{"@type":"EntryPoint","urlTemplate":"https:\/\/happypotame.com\/?s={search_term_string}"},"query-input":{"@type":"PropertyValueSpecification","valueRequired":true,"valueName":"search_term_string"}}],"inLanguage":"fr-FR"},{"@type":"Organization","@id":"https:\/\/happypotame.com\/#organization","name":"Happypotame","url":"https:\/\/happypotame.com\/","logo":{"@type":"ImageObject","inLanguage":"fr-FR","@id":"https:\/\/happypotame.com\/#\/schema\/logo\/image\/","url":"http:\/\/happypotame.com\/wp-content\/uploads\/2022\/03\/cropped-Logo_Happypotame_vertical.png","contentUrl":"http:\/\/happypotame.com\/wp-content\/uploads\/2022\/03\/cropped-Logo_Happypotame_vertical.png","width":4538,"height":945,"caption":"Happypotame"},"image":{"@id":"https:\/\/happypotame.com\/#\/schema\/logo\/image\/"},"sameAs":["https:\/\/www.instagram.com\/happypotame\/?hl=fr"]}]}},"_links":{"self":[{"href":"http:\/\/happypotame.com\/index.php\/wp-json\/wp\/v2\/product\/3357","targetHints":{"allow":["GET"]}}],"collection":[{"href":"http:\/\/happypotame.com\/index.php\/wp-json\/wp\/v2\/product"}],"about":[{"href":"http:\/\/happypotame.com\/index.php\/wp-json\/wp\/v2\/types\/product"}],"wp:featuredmedia":[{"embeddable":true,"href":"http:\/\/happypotame.com\/index.php\/wp-json\/wp\/v2\/media\/3358"}],"wp:attachment":[{"href":"http:\/\/happypotame.com\/index.php\/wp-json\/wp\/v2\/media?parent=3357"}],"wp:term":[{"taxonomy":"product_brand","embeddable":true,"href":"http:\/\/happypotame.com\/index.php\/wp-json\/wp\/v2\/product_brand?post=3357"},{"taxonomy":"product_cat","embeddable":true,"href":"http:\/\/happypotame.com\/index.php\/wp-json\/wp\/v2\/product_cat?post=3357"},{"taxonomy":"product_tag","embeddable":true,"href":"http:\/\/happypotame.com\/index.php\/wp-json\/wp\/v2\/product_tag?post=3357"}],"curies":[{"name":"wp","href":"https:\/\/api.w.org\/{rel}","templated":true}]}}