{"id":392,"date":"2021-07-17T07:50:38","date_gmt":"2021-07-17T07:50:38","guid":{"rendered":"https:\/\/demo.athemes.com\/botiga\/?page_id=2"},"modified":"2023-11-13T22:25:42","modified_gmt":"2023-11-13T21:25:42","slug":"a-propos","status":"publish","type":"page","link":"https:\/\/happypotame.com\/index.php\/a-propos\/","title":{"rendered":"\u00c0 propos"},"content":{"rendered":"\n<div class=\"wp-block-columns is-layout-flex wp-container-core-columns-is-layout-28f84493 wp-block-columns-is-layout-flex\">\n<div class=\"wp-block-column is-layout-flow wp-block-column-is-layout-flow\">\n<figure class=\"wp-block-image alignfull size-large\"><img loading=\"lazy\" decoding=\"async\" width=\"1024\" height=\"427\" src=\"https:\/\/happypotame.com\/wp-content\/uploads\/2023\/11\/Illustratrice-2048x853-1-1024x427.jpg\" alt=\"\" class=\"wp-image-2906\" srcset=\"https:\/\/happypotame.com\/wp-content\/uploads\/2023\/11\/Illustratrice-2048x853-1-1024x427.jpg 1024w, https:\/\/happypotame.com\/wp-content\/uploads\/2023\/11\/Illustratrice-2048x853-1-300x125.jpg 300w, https:\/\/happypotame.com\/wp-content\/uploads\/2023\/11\/Illustratrice-2048x853-1-768x320.jpg 768w, https:\/\/happypotame.com\/wp-content\/uploads\/2023\/11\/Illustratrice-2048x853-1-1536x640.jpg 1536w, https:\/\/happypotame.com\/wp-content\/uploads\/2023\/11\/Illustratrice-2048x853-1-1140x475.jpg 1140w, https:\/\/happypotame.com\/wp-content\/uploads\/2023\/11\/Illustratrice-2048x853-1-920x383.jpg 920w, https:\/\/happypotame.com\/wp-content\/uploads\/2023\/11\/Illustratrice-2048x853-1-575x239.jpg 575w, https:\/\/happypotame.com\/wp-content\/uploads\/2023\/11\/Illustratrice-2048x853-1-380x158.jpg 380w, https:\/\/happypotame.com\/wp-content\/uploads\/2023\/11\/Illustratrice-2048x853-1-600x250.jpg 600w, https:\/\/happypotame.com\/wp-content\/uploads\/2023\/11\/Illustratrice-2048x853-1-420x175.jpg 420w, https:\/\/happypotame.com\/wp-content\/uploads\/2023\/11\/Illustratrice-2048x853-1-800x333.jpg 800w, https:\/\/happypotame.com\/wp-content\/uploads\/2023\/11\/Illustratrice-2048x853-1.jpg 2048w\" sizes=\"auto, (max-width: 1024px) 100vw, 1024px\" \/><\/figure>\n\n\n\n<div class=\"wp-block-columns is-layout-flex wp-container-core-columns-is-layout-28f84493 wp-block-columns-is-layout-flex\">\n<div class=\"wp-block-column is-layout-flow wp-block-column-is-layout-flow\">\n<h2 class=\"wp-block-heading has-text-align-right\"><strong>Qui se cache derri\u00e8re Happypotame ?<\/strong><\/h2>\n<\/div>\n\n\n\n<div class=\"wp-block-column is-layout-flow wp-block-column-is-layout-flow\">\n<p><\/p>\n\n\n\n<p>Passionn\u00e9e de dessin depuis toujours et dipl\u00f4m\u00e9e de l\u2019\u00e9cole d\u2019arts appliqu\u00e9s Pivaut en 2010,&nbsp;Marion&nbsp;est devenue graphiste illustratrice et exerce son m\u00e9tier dans une agence de communication Brestoise. La cr\u00e9ation, c&rsquo;est son dada ! Et c\u2019est d&rsquo;ailleurs en dessinant une fresque v\u00e9g\u00e9tale sur les murs de la chambre de son fils qu\u2019elle eut l\u2019id\u00e9e de cr\u00e9er des affiches personnalis\u00e9es.&nbsp;<\/p>\n<\/div>\n<\/div>\n\n\n\n<div class=\"wp-block-columns is-layout-flex wp-container-core-columns-is-layout-28f84493 wp-block-columns-is-layout-flex\">\n<div class=\"wp-block-column is-layout-flow wp-block-column-is-layout-flow\">\n<figure class=\"wp-block-gallery has-nested-images columns-default is-cropped wp-block-gallery-1 is-layout-flex wp-block-gallery-is-layout-flex\">\n<figure class=\"wp-block-image size-full\"><img loading=\"lazy\" decoding=\"async\" width=\"750\" height=\"1000\" data-id=\"2907\" src=\"https:\/\/happypotame.com\/wp-content\/uploads\/2023\/11\/E35ECA99-31E0-4B26-9FDA-3090F3B6EBEC-1.jpg\" alt=\"\" class=\"wp-image-2907\" srcset=\"https:\/\/happypotame.com\/wp-content\/uploads\/2023\/11\/E35ECA99-31E0-4B26-9FDA-3090F3B6EBEC-1.jpg 750w, https:\/\/happypotame.com\/wp-content\/uploads\/2023\/11\/E35ECA99-31E0-4B26-9FDA-3090F3B6EBEC-1-225x300.jpg 225w, https:\/\/happypotame.com\/wp-content\/uploads\/2023\/11\/E35ECA99-31E0-4B26-9FDA-3090F3B6EBEC-1-575x767.jpg 575w, https:\/\/happypotame.com\/wp-content\/uploads\/2023\/11\/E35ECA99-31E0-4B26-9FDA-3090F3B6EBEC-1-380x507.jpg 380w, https:\/\/happypotame.com\/wp-content\/uploads\/2023\/11\/E35ECA99-31E0-4B26-9FDA-3090F3B6EBEC-1-450x600.jpg 450w, https:\/\/happypotame.com\/wp-content\/uploads\/2023\/11\/E35ECA99-31E0-4B26-9FDA-3090F3B6EBEC-1-420x560.jpg 420w\" sizes=\"auto, (max-width: 750px) 100vw, 750px\" \/><figcaption class=\"wp-element-caption\">Processed with VSCO with kp6 preset<\/figcaption><\/figure>\n<\/figure>\n<\/div>\n\n\n\n<div class=\"wp-block-column is-layout-flow wp-block-column-is-layout-flow\">\n<p>\u00ab&nbsp;J\u2019ai cach\u00e9 des animaux dans les feuillages et j\u2019ai tout de suite pens\u00e9 \u00e0 lui faire un cadre associ\u00e9 \u00e0 la lettre de son pr\u00e9nom. Pourquoi pas un \u00ab&nbsp;L&nbsp;\u00bb comme un l\u00e9murien et comme L\u00e9on ?&nbsp;\u00bb\u2026 Pas folle la gu\u00eape, hein ?<br>Puis elle d\u00e9clina l\u2019id\u00e9e et offrit des cadres \u00e0 ses amis et \u00e0 leurs petits loups.<br>Vinrent ensuite les commandes des amis d\u2019amis, celles via les r\u00e9seaux sociaux&#8230;<\/p>\n\n\n\n<p>Il a fallu faire de nombreuses affiches, travailler encore et encore pour peaufiner ce concept et d\u00e9cliner un bon nombre d\u2019animaux. Un vrai travail de fourmis ! <\/p>\n\n\n\n<p>C\u2019est ainsi qu\u2019Happypotame est n\u00e9, 4 ans plus tard. Ne cherchez plus la p\u2019tite b\u00eate, elle est ici !<\/p>\n<\/div>\n<\/div>\n<\/div>\n<\/div>\n","protected":false},"excerpt":{"rendered":"<p>Qui se cache derri\u00e8re Happypotame ? Passionn\u00e9e de dessin depuis toujours et dipl\u00f4m\u00e9e de l\u2019\u00e9cole d\u2019arts appliqu\u00e9s Pivaut en 2010,&nbsp;Marion&nbsp;est devenue graphiste illustratrice et exerce son m\u00e9tier dans une agence [&hellip;]<\/p>\n","protected":false},"author":1,"featured_media":0,"parent":0,"menu_order":0,"comment_status":"closed","ping_status":"open","template":"","meta":{"footnotes":""},"class_list":["post-392","page","type-page","status-publish","hentry"],"yoast_head":"<!-- This site is optimized with the Yoast SEO plugin v27.4 - https:\/\/yoast.com\/product\/yoast-seo-wordpress\/ -->\n<title>\u00c0 propos - Cr\u00e9ation de fiche personnalis\u00e9e - Happypotame<\/title>\n<meta name=\"description\" content=\"Tous les dessins sont r\u00e9alis\u00e9s \u00e0 la main par Marion. La cr\u00e9ation, c&#039;est son dada ! Et c&#039;est d&#039;ailleurs en dessinant une fresque v\u00e9g\u00e9tale sur les murs de la chambre de son fils qu&#039;elle eut l&#039;id\u00e9e de cr\u00e9er des affiches personnalis\u00e9es.\" \/>\n<meta name=\"robots\" content=\"index, follow, max-snippet:-1, max-image-preview:large, max-video-preview:-1\" \/>\n<link rel=\"canonical\" href=\"https:\/\/happypotame.com\/index.php\/a-propos\/\" \/>\n<meta property=\"og:locale\" content=\"fr_FR\" \/>\n<meta property=\"og:type\" content=\"article\" \/>\n<meta property=\"og:title\" content=\"\u00c0 propos - Cr\u00e9ation de fiche personnalis\u00e9e - Happypotame\" \/>\n<meta property=\"og:description\" content=\"Tous les dessins sont r\u00e9alis\u00e9s \u00e0 la main par Marion. La cr\u00e9ation, c&#039;est son dada ! Et c&#039;est d&#039;ailleurs en dessinant une fresque v\u00e9g\u00e9tale sur les murs de la chambre de son fils qu&#039;elle eut l&#039;id\u00e9e de cr\u00e9er des affiches personnalis\u00e9es.\" \/>\n<meta property=\"og:url\" content=\"https:\/\/happypotame.com\/index.php\/a-propos\/\" \/>\n<meta property=\"og:site_name\" content=\"Happypotame\" \/>\n<meta property=\"article:modified_time\" content=\"2023-11-13T21:25:42+00:00\" \/>\n<meta property=\"og:image\" content=\"https:\/\/happypotame.com\/wp-content\/uploads\/2023\/11\/Illustratrice-2048x853-1-1024x427.jpg\" \/>\n<meta name=\"twitter:card\" content=\"summary_large_image\" \/>\n<meta name=\"twitter:label1\" content=\"Dur\u00e9e de lecture estim\u00e9e\" \/>\n\t<meta name=\"twitter:data1\" content=\"2 minutes\" \/>\n<script type=\"application\/ld+json\" class=\"yoast-schema-graph\">{\"@context\":\"https:\\\/\\\/schema.org\",\"@graph\":[{\"@type\":\"WebPage\",\"@id\":\"https:\\\/\\\/happypotame.com\\\/index.php\\\/a-propos\\\/\",\"url\":\"https:\\\/\\\/happypotame.com\\\/index.php\\\/a-propos\\\/\",\"name\":\"\u00c0 propos - Cr\u00e9ation de fiche personnalis\u00e9e - Happypotame\",\"isPartOf\":{\"@id\":\"https:\\\/\\\/happypotame.com\\\/#website\"},\"primaryImageOfPage\":{\"@id\":\"https:\\\/\\\/happypotame.com\\\/index.php\\\/a-propos\\\/#primaryimage\"},\"image\":{\"@id\":\"https:\\\/\\\/happypotame.com\\\/index.php\\\/a-propos\\\/#primaryimage\"},\"thumbnailUrl\":\"https:\\\/\\\/happypotame.com\\\/wp-content\\\/uploads\\\/2023\\\/11\\\/Illustratrice-2048x853-1-1024x427.jpg\",\"datePublished\":\"2021-07-17T07:50:38+00:00\",\"dateModified\":\"2023-11-13T21:25:42+00:00\",\"description\":\"Tous les dessins sont r\u00e9alis\u00e9s \u00e0 la main par Marion. La cr\u00e9ation, c'est son dada ! Et c'est d'ailleurs en dessinant une fresque v\u00e9g\u00e9tale sur les murs de la chambre de son fils qu'elle eut l'id\u00e9e de cr\u00e9er des affiches personnalis\u00e9es.\",\"breadcrumb\":{\"@id\":\"https:\\\/\\\/happypotame.com\\\/index.php\\\/a-propos\\\/#breadcrumb\"},\"inLanguage\":\"fr-FR\",\"potentialAction\":[{\"@type\":\"ReadAction\",\"target\":[\"https:\\\/\\\/happypotame.com\\\/index.php\\\/a-propos\\\/\"]}]},{\"@type\":\"ImageObject\",\"inLanguage\":\"fr-FR\",\"@id\":\"https:\\\/\\\/happypotame.com\\\/index.php\\\/a-propos\\\/#primaryimage\",\"url\":\"https:\\\/\\\/happypotame.com\\\/wp-content\\\/uploads\\\/2023\\\/11\\\/Illustratrice-2048x853-1.jpg\",\"contentUrl\":\"https:\\\/\\\/happypotame.com\\\/wp-content\\\/uploads\\\/2023\\\/11\\\/Illustratrice-2048x853-1.jpg\",\"width\":2048,\"height\":853},{\"@type\":\"BreadcrumbList\",\"@id\":\"https:\\\/\\\/happypotame.com\\\/index.php\\\/a-propos\\\/#breadcrumb\",\"itemListElement\":[{\"@type\":\"ListItem\",\"position\":1,\"name\":\"Accueil\",\"item\":\"https:\\\/\\\/happypotame.com\\\/\"},{\"@type\":\"ListItem\",\"position\":2,\"name\":\"\u00c0 propos\"}]},{\"@type\":\"WebSite\",\"@id\":\"https:\\\/\\\/happypotame.com\\\/#website\",\"url\":\"https:\\\/\\\/happypotame.com\\\/\",\"name\":\"Happypotame\",\"description\":\"\",\"publisher\":{\"@id\":\"https:\\\/\\\/happypotame.com\\\/#organization\"},\"potentialAction\":[{\"@type\":\"SearchAction\",\"target\":{\"@type\":\"EntryPoint\",\"urlTemplate\":\"https:\\\/\\\/happypotame.com\\\/?s={search_term_string}\"},\"query-input\":{\"@type\":\"PropertyValueSpecification\",\"valueRequired\":true,\"valueName\":\"search_term_string\"}}],\"inLanguage\":\"fr-FR\"},{\"@type\":\"Organization\",\"@id\":\"https:\\\/\\\/happypotame.com\\\/#organization\",\"name\":\"Happypotame\",\"url\":\"https:\\\/\\\/happypotame.com\\\/\",\"logo\":{\"@type\":\"ImageObject\",\"inLanguage\":\"fr-FR\",\"@id\":\"https:\\\/\\\/happypotame.com\\\/#\\\/schema\\\/logo\\\/image\\\/\",\"url\":\"https:\\\/\\\/happypotame.com\\\/wp-content\\\/uploads\\\/2022\\\/03\\\/cropped-Logo_Happypotame_vertical.png\",\"contentUrl\":\"https:\\\/\\\/happypotame.com\\\/wp-content\\\/uploads\\\/2022\\\/03\\\/cropped-Logo_Happypotame_vertical.png\",\"width\":4538,\"height\":945,\"caption\":\"Happypotame\"},\"image\":{\"@id\":\"https:\\\/\\\/happypotame.com\\\/#\\\/schema\\\/logo\\\/image\\\/\"},\"sameAs\":[\"https:\\\/\\\/www.instagram.com\\\/happypotame\\\/?hl=fr\"]}]}<\/script>\n<!-- \/ Yoast SEO plugin. -->","yoast_head_json":{"title":"\u00c0 propos - Cr\u00e9ation de fiche personnalis\u00e9e - Happypotame","description":"Tous les dessins sont r\u00e9alis\u00e9s \u00e0 la main par Marion. La cr\u00e9ation, c'est son dada ! Et c'est d'ailleurs en dessinant une fresque v\u00e9g\u00e9tale sur les murs de la chambre de son fils qu'elle eut l'id\u00e9e de cr\u00e9er des affiches personnalis\u00e9es.","robots":{"index":"index","follow":"follow","max-snippet":"max-snippet:-1","max-image-preview":"max-image-preview:large","max-video-preview":"max-video-preview:-1"},"canonical":"https:\/\/happypotame.com\/index.php\/a-propos\/","og_locale":"fr_FR","og_type":"article","og_title":"\u00c0 propos - Cr\u00e9ation de fiche personnalis\u00e9e - Happypotame","og_description":"Tous les dessins sont r\u00e9alis\u00e9s \u00e0 la main par Marion. La cr\u00e9ation, c'est son dada ! Et c'est d'ailleurs en dessinant une fresque v\u00e9g\u00e9tale sur les murs de la chambre de son fils qu'elle eut l'id\u00e9e de cr\u00e9er des affiches personnalis\u00e9es.","og_url":"https:\/\/happypotame.com\/index.php\/a-propos\/","og_site_name":"Happypotame","article_modified_time":"2023-11-13T21:25:42+00:00","og_image":[{"url":"https:\/\/happypotame.com\/wp-content\/uploads\/2023\/11\/Illustratrice-2048x853-1-1024x427.jpg","type":"","width":"","height":""}],"twitter_card":"summary_large_image","twitter_misc":{"Dur\u00e9e de lecture estim\u00e9e":"2 minutes"},"schema":{"@context":"https:\/\/schema.org","@graph":[{"@type":"WebPage","@id":"https:\/\/happypotame.com\/index.php\/a-propos\/","url":"https:\/\/happypotame.com\/index.php\/a-propos\/","name":"\u00c0 propos - Cr\u00e9ation de fiche personnalis\u00e9e - Happypotame","isPartOf":{"@id":"https:\/\/happypotame.com\/#website"},"primaryImageOfPage":{"@id":"https:\/\/happypotame.com\/index.php\/a-propos\/#primaryimage"},"image":{"@id":"https:\/\/happypotame.com\/index.php\/a-propos\/#primaryimage"},"thumbnailUrl":"https:\/\/happypotame.com\/wp-content\/uploads\/2023\/11\/Illustratrice-2048x853-1-1024x427.jpg","datePublished":"2021-07-17T07:50:38+00:00","dateModified":"2023-11-13T21:25:42+00:00","description":"Tous les dessins sont r\u00e9alis\u00e9s \u00e0 la main par Marion. La cr\u00e9ation, c'est son dada ! Et c'est d'ailleurs en dessinant une fresque v\u00e9g\u00e9tale sur les murs de la chambre de son fils qu'elle eut l'id\u00e9e de cr\u00e9er des affiches personnalis\u00e9es.","breadcrumb":{"@id":"https:\/\/happypotame.com\/index.php\/a-propos\/#breadcrumb"},"inLanguage":"fr-FR","potentialAction":[{"@type":"ReadAction","target":["https:\/\/happypotame.com\/index.php\/a-propos\/"]}]},{"@type":"ImageObject","inLanguage":"fr-FR","@id":"https:\/\/happypotame.com\/index.php\/a-propos\/#primaryimage","url":"https:\/\/happypotame.com\/wp-content\/uploads\/2023\/11\/Illustratrice-2048x853-1.jpg","contentUrl":"https:\/\/happypotame.com\/wp-content\/uploads\/2023\/11\/Illustratrice-2048x853-1.jpg","width":2048,"height":853},{"@type":"BreadcrumbList","@id":"https:\/\/happypotame.com\/index.php\/a-propos\/#breadcrumb","itemListElement":[{"@type":"ListItem","position":1,"name":"Accueil","item":"https:\/\/happypotame.com\/"},{"@type":"ListItem","position":2,"name":"\u00c0 propos"}]},{"@type":"WebSite","@id":"https:\/\/happypotame.com\/#website","url":"https:\/\/happypotame.com\/","name":"Happypotame","description":"","publisher":{"@id":"https:\/\/happypotame.com\/#organization"},"potentialAction":[{"@type":"SearchAction","target":{"@type":"EntryPoint","urlTemplate":"https:\/\/happypotame.com\/?s={search_term_string}"},"query-input":{"@type":"PropertyValueSpecification","valueRequired":true,"valueName":"search_term_string"}}],"inLanguage":"fr-FR"},{"@type":"Organization","@id":"https:\/\/happypotame.com\/#organization","name":"Happypotame","url":"https:\/\/happypotame.com\/","logo":{"@type":"ImageObject","inLanguage":"fr-FR","@id":"https:\/\/happypotame.com\/#\/schema\/logo\/image\/","url":"https:\/\/happypotame.com\/wp-content\/uploads\/2022\/03\/cropped-Logo_Happypotame_vertical.png","contentUrl":"https:\/\/happypotame.com\/wp-content\/uploads\/2022\/03\/cropped-Logo_Happypotame_vertical.png","width":4538,"height":945,"caption":"Happypotame"},"image":{"@id":"https:\/\/happypotame.com\/#\/schema\/logo\/image\/"},"sameAs":["https:\/\/www.instagram.com\/happypotame\/?hl=fr"]}]}},"_links":{"self":[{"href":"https:\/\/happypotame.com\/index.php\/wp-json\/wp\/v2\/pages\/392","targetHints":{"allow":["GET"]}}],"collection":[{"href":"https:\/\/happypotame.com\/index.php\/wp-json\/wp\/v2\/pages"}],"about":[{"href":"https:\/\/happypotame.com\/index.php\/wp-json\/wp\/v2\/types\/page"}],"author":[{"embeddable":true,"href":"https:\/\/happypotame.com\/index.php\/wp-json\/wp\/v2\/users\/1"}],"replies":[{"embeddable":true,"href":"https:\/\/happypotame.com\/index.php\/wp-json\/wp\/v2\/comments?post=392"}],"version-history":[{"count":0,"href":"https:\/\/happypotame.com\/index.php\/wp-json\/wp\/v2\/pages\/392\/revisions"}],"wp:attachment":[{"href":"https:\/\/happypotame.com\/index.php\/wp-json\/wp\/v2\/media?parent=392"}],"curies":[{"name":"wp","href":"https:\/\/api.w.org\/{rel}","templated":true}]}}