{"id":1107,"date":"2022-06-08T21:09:48","date_gmt":"2022-06-08T19:09:48","guid":{"rendered":"http:\/\/happypotame.com\/?post_type=product&#038;p=1107"},"modified":"2025-01-11T11:36:29","modified_gmt":"2025-01-11T10:36:29","slug":"affiche-prenom-lettre-z","status":"publish","type":"product","link":"https:\/\/happypotame.com\/index.php\/produit\/affiche-prenom-lettre-z\/","title":{"rendered":"Affiche pr\u00e9nom &#8211; Lettre Z"},"content":{"rendered":"<p class=\"p1\">Cr\u00e9\u00e9 et imprim\u00e9 en France sur format A3, papier blanc 250g.<br \/>\nEnvoy\u00e9 dans un tube triangulaire, avec ou sans porte-affiche.<br \/>\nLes produits personnalis\u00e9s ne sont ni \u00e9changeables, ni remboursables.<\/p>\n","protected":false},"excerpt":{"rendered":"<p class=\"p1\">Affiche \u00e0 personnaliser avec la lettre, le pr\u00e9nom et l\u2019animal de votre choix.<br \/>\nDisponible en quatre coloris.<br \/>\nFormat A3 (29,7&#215;42 cm).<br \/>\nCr\u00e9\u00e9e et imprim\u00e9 en France. Pure beurre Bzh !<br \/>\nPorte-affiche non inclus, disponible dans notre boutique.<br \/>\nPour toute demande personnalis\u00e9e, autre animal, autre couleur, \u00e9crivez-nous dans la rubrique \u00ab\u00a0contact\u00a0\u00bb.<\/p>\n","protected":false},"featured_media":1021,"template":"","meta":[],"product_brand":[],"product_cat":[107],"product_tag":[],"class_list":{"0":"post-1107","1":"product","2":"type-product","3":"status-publish","4":"has-post-thumbnail","6":"product_cat-affiches-prenom-de-a-a-z","7":"pa_animaux-zebre","8":"pa_choix_couleurs-beige","9":"pa_choix_couleurs-bleu","10":"pa_choix_couleurs-rose","11":"pa_choix_couleurs-vert","13":"first","14":"instock","15":"shipping-taxable","16":"purchasable","17":"product-type-variable","18":"has-default-attributes"},"yoast_head":"<!-- This site is optimized with the Yoast SEO plugin v27.4 - https:\/\/yoast.com\/product\/yoast-seo-wordpress\/ -->\n<title>Affiche pr\u00e9nom - Lettre Z - Happypotame<\/title>\n<meta name=\"description\" content=\"Affiche personnalis\u00e9e avec le pr\u00e9nom de l&#039;enfant et l&#039;animal associ\u00e9. Id\u00e9al comme cadeau de naissance ou pour d\u00e9corer la chambre d&#039;un enfant. L&#039;animal et la couleur de fond sont au choix.\" \/>\n<meta name=\"robots\" content=\"index, follow, max-snippet:-1, max-image-preview:large, max-video-preview:-1\" \/>\n<link rel=\"canonical\" href=\"https:\/\/happypotame.com\/index.php\/produit\/affiche-prenom-lettre-z\/\" \/>\n<meta property=\"og:locale\" content=\"fr_FR\" \/>\n<meta property=\"og:type\" content=\"article\" \/>\n<meta property=\"og:title\" content=\"Affiche pr\u00e9nom - Lettre Z - Happypotame\" \/>\n<meta property=\"og:description\" content=\"Affiche personnalis\u00e9e avec le pr\u00e9nom de l&#039;enfant et l&#039;animal associ\u00e9. Id\u00e9al comme cadeau de naissance ou pour d\u00e9corer la chambre d&#039;un enfant. L&#039;animal et la couleur de fond sont au choix.\" \/>\n<meta property=\"og:url\" content=\"https:\/\/happypotame.com\/index.php\/produit\/affiche-prenom-lettre-z\/\" \/>\n<meta property=\"og:site_name\" content=\"Happypotame\" \/>\n<meta property=\"article:modified_time\" content=\"2025-01-11T10:36:29+00:00\" \/>\n<meta property=\"og:image\" content=\"https:\/\/happypotame.com\/wp-content\/uploads\/2022\/06\/Beige_classique51.png\" \/>\n\t<meta property=\"og:image:width\" content=\"3508\" \/>\n\t<meta property=\"og:image:height\" content=\"4961\" \/>\n\t<meta property=\"og:image:type\" content=\"image\/png\" \/>\n<meta name=\"twitter:card\" content=\"summary_large_image\" \/>\n<meta name=\"twitter:label1\" content=\"Dur\u00e9e de lecture estim\u00e9e\" \/>\n\t<meta name=\"twitter:data1\" content=\"1 minute\" \/>\n<script type=\"application\/ld+json\" class=\"yoast-schema-graph\">{\"@context\":\"https:\\\/\\\/schema.org\",\"@graph\":[{\"@type\":\"WebPage\",\"@id\":\"https:\\\/\\\/happypotame.com\\\/index.php\\\/produit\\\/affiche-prenom-lettre-z\\\/\",\"url\":\"https:\\\/\\\/happypotame.com\\\/index.php\\\/produit\\\/affiche-prenom-lettre-z\\\/\",\"name\":\"Affiche pr\u00e9nom - Lettre Z - Happypotame\",\"isPartOf\":{\"@id\":\"https:\\\/\\\/happypotame.com\\\/#website\"},\"primaryImageOfPage\":{\"@id\":\"https:\\\/\\\/happypotame.com\\\/index.php\\\/produit\\\/affiche-prenom-lettre-z\\\/#primaryimage\"},\"image\":{\"@id\":\"https:\\\/\\\/happypotame.com\\\/index.php\\\/produit\\\/affiche-prenom-lettre-z\\\/#primaryimage\"},\"thumbnailUrl\":\"https:\\\/\\\/happypotame.com\\\/wp-content\\\/uploads\\\/2022\\\/06\\\/Beige_classique51.png\",\"datePublished\":\"2022-06-08T19:09:48+00:00\",\"dateModified\":\"2025-01-11T10:36:29+00:00\",\"description\":\"Affiche personnalis\u00e9e avec le pr\u00e9nom de l'enfant et l'animal associ\u00e9. Id\u00e9al comme cadeau de naissance ou pour d\u00e9corer la chambre d'un enfant. L'animal et la couleur de fond sont au choix.\",\"breadcrumb\":{\"@id\":\"https:\\\/\\\/happypotame.com\\\/index.php\\\/produit\\\/affiche-prenom-lettre-z\\\/#breadcrumb\"},\"inLanguage\":\"fr-FR\",\"potentialAction\":[{\"@type\":\"ReadAction\",\"target\":[\"https:\\\/\\\/happypotame.com\\\/index.php\\\/produit\\\/affiche-prenom-lettre-z\\\/\"]}]},{\"@type\":\"ImageObject\",\"inLanguage\":\"fr-FR\",\"@id\":\"https:\\\/\\\/happypotame.com\\\/index.php\\\/produit\\\/affiche-prenom-lettre-z\\\/#primaryimage\",\"url\":\"https:\\\/\\\/happypotame.com\\\/wp-content\\\/uploads\\\/2022\\\/06\\\/Beige_classique51.png\",\"contentUrl\":\"https:\\\/\\\/happypotame.com\\\/wp-content\\\/uploads\\\/2022\\\/06\\\/Beige_classique51.png\",\"width\":3508,\"height\":4961},{\"@type\":\"BreadcrumbList\",\"@id\":\"https:\\\/\\\/happypotame.com\\\/index.php\\\/produit\\\/affiche-prenom-lettre-z\\\/#breadcrumb\",\"itemListElement\":[{\"@type\":\"ListItem\",\"position\":1,\"name\":\"Accueil\",\"item\":\"https:\\\/\\\/happypotame.com\\\/\"},{\"@type\":\"ListItem\",\"position\":2,\"name\":\"Boutique\",\"item\":\"https:\\\/\\\/happypotame.com\\\/index.php\\\/boutique\\\/\"},{\"@type\":\"ListItem\",\"position\":3,\"name\":\"Affiche pr\u00e9nom &#8211; Lettre Z\"}]},{\"@type\":\"WebSite\",\"@id\":\"https:\\\/\\\/happypotame.com\\\/#website\",\"url\":\"https:\\\/\\\/happypotame.com\\\/\",\"name\":\"Happypotame\",\"description\":\"\",\"publisher\":{\"@id\":\"https:\\\/\\\/happypotame.com\\\/#organization\"},\"potentialAction\":[{\"@type\":\"SearchAction\",\"target\":{\"@type\":\"EntryPoint\",\"urlTemplate\":\"https:\\\/\\\/happypotame.com\\\/?s={search_term_string}\"},\"query-input\":{\"@type\":\"PropertyValueSpecification\",\"valueRequired\":true,\"valueName\":\"search_term_string\"}}],\"inLanguage\":\"fr-FR\"},{\"@type\":\"Organization\",\"@id\":\"https:\\\/\\\/happypotame.com\\\/#organization\",\"name\":\"Happypotame\",\"url\":\"https:\\\/\\\/happypotame.com\\\/\",\"logo\":{\"@type\":\"ImageObject\",\"inLanguage\":\"fr-FR\",\"@id\":\"https:\\\/\\\/happypotame.com\\\/#\\\/schema\\\/logo\\\/image\\\/\",\"url\":\"https:\\\/\\\/happypotame.com\\\/wp-content\\\/uploads\\\/2022\\\/03\\\/cropped-Logo_Happypotame_vertical.png\",\"contentUrl\":\"https:\\\/\\\/happypotame.com\\\/wp-content\\\/uploads\\\/2022\\\/03\\\/cropped-Logo_Happypotame_vertical.png\",\"width\":4538,\"height\":945,\"caption\":\"Happypotame\"},\"image\":{\"@id\":\"https:\\\/\\\/happypotame.com\\\/#\\\/schema\\\/logo\\\/image\\\/\"},\"sameAs\":[\"https:\\\/\\\/www.instagram.com\\\/happypotame\\\/?hl=fr\"]}]}<\/script>\n<!-- \/ Yoast SEO plugin. -->","yoast_head_json":{"title":"Affiche pr\u00e9nom - Lettre Z - Happypotame","description":"Affiche personnalis\u00e9e avec le pr\u00e9nom de l'enfant et l'animal associ\u00e9. Id\u00e9al comme cadeau de naissance ou pour d\u00e9corer la chambre d'un enfant. L'animal et la couleur de fond sont au choix.","robots":{"index":"index","follow":"follow","max-snippet":"max-snippet:-1","max-image-preview":"max-image-preview:large","max-video-preview":"max-video-preview:-1"},"canonical":"https:\/\/happypotame.com\/index.php\/produit\/affiche-prenom-lettre-z\/","og_locale":"fr_FR","og_type":"article","og_title":"Affiche pr\u00e9nom - Lettre Z - Happypotame","og_description":"Affiche personnalis\u00e9e avec le pr\u00e9nom de l'enfant et l'animal associ\u00e9. Id\u00e9al comme cadeau de naissance ou pour d\u00e9corer la chambre d'un enfant. L'animal et la couleur de fond sont au choix.","og_url":"https:\/\/happypotame.com\/index.php\/produit\/affiche-prenom-lettre-z\/","og_site_name":"Happypotame","article_modified_time":"2025-01-11T10:36:29+00:00","og_image":[{"width":3508,"height":4961,"url":"https:\/\/happypotame.com\/wp-content\/uploads\/2022\/06\/Beige_classique51.png","type":"image\/png"}],"twitter_card":"summary_large_image","twitter_misc":{"Dur\u00e9e de lecture estim\u00e9e":"1 minute"},"schema":{"@context":"https:\/\/schema.org","@graph":[{"@type":"WebPage","@id":"https:\/\/happypotame.com\/index.php\/produit\/affiche-prenom-lettre-z\/","url":"https:\/\/happypotame.com\/index.php\/produit\/affiche-prenom-lettre-z\/","name":"Affiche pr\u00e9nom - Lettre Z - Happypotame","isPartOf":{"@id":"https:\/\/happypotame.com\/#website"},"primaryImageOfPage":{"@id":"https:\/\/happypotame.com\/index.php\/produit\/affiche-prenom-lettre-z\/#primaryimage"},"image":{"@id":"https:\/\/happypotame.com\/index.php\/produit\/affiche-prenom-lettre-z\/#primaryimage"},"thumbnailUrl":"https:\/\/happypotame.com\/wp-content\/uploads\/2022\/06\/Beige_classique51.png","datePublished":"2022-06-08T19:09:48+00:00","dateModified":"2025-01-11T10:36:29+00:00","description":"Affiche personnalis\u00e9e avec le pr\u00e9nom de l'enfant et l'animal associ\u00e9. Id\u00e9al comme cadeau de naissance ou pour d\u00e9corer la chambre d'un enfant. L'animal et la couleur de fond sont au choix.","breadcrumb":{"@id":"https:\/\/happypotame.com\/index.php\/produit\/affiche-prenom-lettre-z\/#breadcrumb"},"inLanguage":"fr-FR","potentialAction":[{"@type":"ReadAction","target":["https:\/\/happypotame.com\/index.php\/produit\/affiche-prenom-lettre-z\/"]}]},{"@type":"ImageObject","inLanguage":"fr-FR","@id":"https:\/\/happypotame.com\/index.php\/produit\/affiche-prenom-lettre-z\/#primaryimage","url":"https:\/\/happypotame.com\/wp-content\/uploads\/2022\/06\/Beige_classique51.png","contentUrl":"https:\/\/happypotame.com\/wp-content\/uploads\/2022\/06\/Beige_classique51.png","width":3508,"height":4961},{"@type":"BreadcrumbList","@id":"https:\/\/happypotame.com\/index.php\/produit\/affiche-prenom-lettre-z\/#breadcrumb","itemListElement":[{"@type":"ListItem","position":1,"name":"Accueil","item":"https:\/\/happypotame.com\/"},{"@type":"ListItem","position":2,"name":"Boutique","item":"https:\/\/happypotame.com\/index.php\/boutique\/"},{"@type":"ListItem","position":3,"name":"Affiche pr\u00e9nom &#8211; Lettre Z"}]},{"@type":"WebSite","@id":"https:\/\/happypotame.com\/#website","url":"https:\/\/happypotame.com\/","name":"Happypotame","description":"","publisher":{"@id":"https:\/\/happypotame.com\/#organization"},"potentialAction":[{"@type":"SearchAction","target":{"@type":"EntryPoint","urlTemplate":"https:\/\/happypotame.com\/?s={search_term_string}"},"query-input":{"@type":"PropertyValueSpecification","valueRequired":true,"valueName":"search_term_string"}}],"inLanguage":"fr-FR"},{"@type":"Organization","@id":"https:\/\/happypotame.com\/#organization","name":"Happypotame","url":"https:\/\/happypotame.com\/","logo":{"@type":"ImageObject","inLanguage":"fr-FR","@id":"https:\/\/happypotame.com\/#\/schema\/logo\/image\/","url":"https:\/\/happypotame.com\/wp-content\/uploads\/2022\/03\/cropped-Logo_Happypotame_vertical.png","contentUrl":"https:\/\/happypotame.com\/wp-content\/uploads\/2022\/03\/cropped-Logo_Happypotame_vertical.png","width":4538,"height":945,"caption":"Happypotame"},"image":{"@id":"https:\/\/happypotame.com\/#\/schema\/logo\/image\/"},"sameAs":["https:\/\/www.instagram.com\/happypotame\/?hl=fr"]}]}},"_links":{"self":[{"href":"https:\/\/happypotame.com\/index.php\/wp-json\/wp\/v2\/product\/1107","targetHints":{"allow":["GET"]}}],"collection":[{"href":"https:\/\/happypotame.com\/index.php\/wp-json\/wp\/v2\/product"}],"about":[{"href":"https:\/\/happypotame.com\/index.php\/wp-json\/wp\/v2\/types\/product"}],"wp:featuredmedia":[{"embeddable":true,"href":"https:\/\/happypotame.com\/index.php\/wp-json\/wp\/v2\/media\/1021"}],"wp:attachment":[{"href":"https:\/\/happypotame.com\/index.php\/wp-json\/wp\/v2\/media?parent=1107"}],"wp:term":[{"taxonomy":"product_brand","embeddable":true,"href":"https:\/\/happypotame.com\/index.php\/wp-json\/wp\/v2\/product_brand?post=1107"},{"taxonomy":"product_cat","embeddable":true,"href":"https:\/\/happypotame.com\/index.php\/wp-json\/wp\/v2\/product_cat?post=1107"},{"taxonomy":"product_tag","embeddable":true,"href":"https:\/\/happypotame.com\/index.php\/wp-json\/wp\/v2\/product_tag?post=1107"}],"curies":[{"name":"wp","href":"https:\/\/api.w.org\/{rel}","templated":true}]}}