{"id":1793,"date":"2022-08-29T17:09:02","date_gmt":"2022-08-29T15:09:02","guid":{"rendered":"https:\/\/happypotame.com\/?post_type=product&#038;p=1793"},"modified":"2026-03-07T18:31:19","modified_gmt":"2026-03-07T17:31:19","slug":"affiche-voir-la-vie-en-flamand-rose","status":"publish","type":"product","link":"https:\/\/happypotame.com\/index.php\/produit\/affiche-voir-la-vie-en-flamand-rose\/","title":{"rendered":"Affiche \u00ab\u00a0Voir la vie en flamant rose\u00a0\u00bb"},"content":{"rendered":"<p class=\"p1\">Cr\u00e9\u00e9 et imprim\u00e9 en France sur format A3, papier blanc 250g.<br \/>\nEnvoy\u00e9 dans un tube triangulaire, avec ou sans porte-affiche.<\/p>\n","protected":false},"excerpt":{"rendered":"<p class=\"p1\">Format A3 (29,7&#215;42 cm).<br \/>\nCr\u00e9\u00e9e et imprim\u00e9 en France. Pure beurre Bzh !<br \/>\nPorte-affiche non inclus, disponible dans notre boutique.<\/p>\n","protected":false},"featured_media":2107,"template":"","meta":[],"product_brand":[],"product_cat":[113],"product_tag":[],"class_list":{"0":"post-1793","1":"product","2":"type-product","3":"status-publish","4":"has-post-thumbnail","6":"product_cat-affiches-animaux-humour","8":"first","9":"instock","10":"shipping-taxable","11":"purchasable","12":"product-type-simple"},"yoast_head":"<!-- This site is optimized with the Yoast SEO plugin v27.4 - https:\/\/yoast.com\/product\/yoast-seo-wordpress\/ -->\n<title>Affiche \u201cVoir la vie en flamand rose\u201d - Happypotame<\/title>\n<meta name=\"description\" content=\"Vous aimez la vie (et le rose) ? Cette affiche remplie de &quot;positive vibes&quot; est faite pour vous !\" \/>\n<meta name=\"robots\" content=\"index, follow, max-snippet:-1, max-image-preview:large, max-video-preview:-1\" \/>\n<link rel=\"canonical\" href=\"https:\/\/happypotame.com\/index.php\/produit\/affiche-voir-la-vie-en-flamand-rose\/\" \/>\n<meta property=\"og:locale\" content=\"fr_FR\" \/>\n<meta property=\"og:type\" content=\"article\" \/>\n<meta property=\"og:title\" content=\"Affiche \u201cVoir la vie en flamand rose\u201d - Happypotame\" \/>\n<meta property=\"og:description\" content=\"Vous aimez la vie (et le rose) ? Cette affiche remplie de &quot;positive vibes&quot; est faite pour vous !\" \/>\n<meta property=\"og:url\" content=\"https:\/\/happypotame.com\/index.php\/produit\/affiche-voir-la-vie-en-flamand-rose\/\" \/>\n<meta property=\"og:site_name\" content=\"Happypotame\" \/>\n<meta property=\"article:modified_time\" content=\"2026-03-07T17:31:19+00:00\" \/>\n<meta property=\"og:image\" content=\"https:\/\/happypotame.com\/wp-content\/uploads\/2022\/08\/Flamant_rose.png\" \/>\n\t<meta property=\"og:image:width\" content=\"3508\" \/>\n\t<meta property=\"og:image:height\" content=\"4961\" \/>\n\t<meta property=\"og:image:type\" content=\"image\/png\" \/>\n<meta name=\"twitter:card\" content=\"summary_large_image\" \/>\n<meta name=\"twitter:label1\" content=\"Dur\u00e9e de lecture estim\u00e9e\" \/>\n\t<meta name=\"twitter:data1\" content=\"1 minute\" \/>\n<script type=\"application\/ld+json\" class=\"yoast-schema-graph\">{\"@context\":\"https:\\\/\\\/schema.org\",\"@graph\":[{\"@type\":\"WebPage\",\"@id\":\"https:\\\/\\\/happypotame.com\\\/index.php\\\/produit\\\/affiche-voir-la-vie-en-flamand-rose\\\/\",\"url\":\"https:\\\/\\\/happypotame.com\\\/index.php\\\/produit\\\/affiche-voir-la-vie-en-flamand-rose\\\/\",\"name\":\"Affiche \u201cVoir la vie en flamand rose\u201d - Happypotame\",\"isPartOf\":{\"@id\":\"http:\\\/\\\/happypotame.com\\\/#website\"},\"primaryImageOfPage\":{\"@id\":\"https:\\\/\\\/happypotame.com\\\/index.php\\\/produit\\\/affiche-voir-la-vie-en-flamand-rose\\\/#primaryimage\"},\"image\":{\"@id\":\"https:\\\/\\\/happypotame.com\\\/index.php\\\/produit\\\/affiche-voir-la-vie-en-flamand-rose\\\/#primaryimage\"},\"thumbnailUrl\":\"https:\\\/\\\/happypotame.com\\\/wp-content\\\/uploads\\\/2022\\\/08\\\/Flamant_rose.png\",\"datePublished\":\"2022-08-29T15:09:02+00:00\",\"dateModified\":\"2026-03-07T17:31:19+00:00\",\"description\":\"Vous aimez la vie (et le rose) ? Cette affiche remplie de \\\"positive vibes\\\" est faite pour vous !\",\"breadcrumb\":{\"@id\":\"https:\\\/\\\/happypotame.com\\\/index.php\\\/produit\\\/affiche-voir-la-vie-en-flamand-rose\\\/#breadcrumb\"},\"inLanguage\":\"fr-FR\",\"potentialAction\":[{\"@type\":\"ReadAction\",\"target\":[\"https:\\\/\\\/happypotame.com\\\/index.php\\\/produit\\\/affiche-voir-la-vie-en-flamand-rose\\\/\"]}]},{\"@type\":\"ImageObject\",\"inLanguage\":\"fr-FR\",\"@id\":\"https:\\\/\\\/happypotame.com\\\/index.php\\\/produit\\\/affiche-voir-la-vie-en-flamand-rose\\\/#primaryimage\",\"url\":\"https:\\\/\\\/happypotame.com\\\/wp-content\\\/uploads\\\/2022\\\/08\\\/Flamant_rose.png\",\"contentUrl\":\"https:\\\/\\\/happypotame.com\\\/wp-content\\\/uploads\\\/2022\\\/08\\\/Flamant_rose.png\",\"width\":3508,\"height\":4961},{\"@type\":\"BreadcrumbList\",\"@id\":\"https:\\\/\\\/happypotame.com\\\/index.php\\\/produit\\\/affiche-voir-la-vie-en-flamand-rose\\\/#breadcrumb\",\"itemListElement\":[{\"@type\":\"ListItem\",\"position\":1,\"name\":\"Accueil\",\"item\":\"https:\\\/\\\/happypotame.com\\\/\"},{\"@type\":\"ListItem\",\"position\":2,\"name\":\"Boutique\",\"item\":\"https:\\\/\\\/happypotame.com\\\/index.php\\\/boutique\\\/\"},{\"@type\":\"ListItem\",\"position\":3,\"name\":\"Affiche \u00ab\u00a0Voir la vie en flamant rose\u00a0\u00bb\"}]},{\"@type\":\"WebSite\",\"@id\":\"http:\\\/\\\/happypotame.com\\\/#website\",\"url\":\"http:\\\/\\\/happypotame.com\\\/\",\"name\":\"Happypotame\",\"description\":\"\",\"publisher\":{\"@id\":\"http:\\\/\\\/happypotame.com\\\/#organization\"},\"potentialAction\":[{\"@type\":\"SearchAction\",\"target\":{\"@type\":\"EntryPoint\",\"urlTemplate\":\"http:\\\/\\\/happypotame.com\\\/?s={search_term_string}\"},\"query-input\":{\"@type\":\"PropertyValueSpecification\",\"valueRequired\":true,\"valueName\":\"search_term_string\"}}],\"inLanguage\":\"fr-FR\"},{\"@type\":\"Organization\",\"@id\":\"http:\\\/\\\/happypotame.com\\\/#organization\",\"name\":\"Happypotame\",\"url\":\"http:\\\/\\\/happypotame.com\\\/\",\"logo\":{\"@type\":\"ImageObject\",\"inLanguage\":\"fr-FR\",\"@id\":\"http:\\\/\\\/happypotame.com\\\/#\\\/schema\\\/logo\\\/image\\\/\",\"url\":\"https:\\\/\\\/happypotame.com\\\/wp-content\\\/uploads\\\/2022\\\/03\\\/cropped-Logo_Happypotame_vertical.png\",\"contentUrl\":\"https:\\\/\\\/happypotame.com\\\/wp-content\\\/uploads\\\/2022\\\/03\\\/cropped-Logo_Happypotame_vertical.png\",\"width\":4538,\"height\":945,\"caption\":\"Happypotame\"},\"image\":{\"@id\":\"http:\\\/\\\/happypotame.com\\\/#\\\/schema\\\/logo\\\/image\\\/\"},\"sameAs\":[\"https:\\\/\\\/www.instagram.com\\\/happypotame\\\/?hl=fr\"]}]}<\/script>\n<!-- \/ Yoast SEO plugin. -->","yoast_head_json":{"title":"Affiche \u201cVoir la vie en flamand rose\u201d - Happypotame","description":"Vous aimez la vie (et le rose) ? Cette affiche remplie de \"positive vibes\" est faite pour vous !","robots":{"index":"index","follow":"follow","max-snippet":"max-snippet:-1","max-image-preview":"max-image-preview:large","max-video-preview":"max-video-preview:-1"},"canonical":"https:\/\/happypotame.com\/index.php\/produit\/affiche-voir-la-vie-en-flamand-rose\/","og_locale":"fr_FR","og_type":"article","og_title":"Affiche \u201cVoir la vie en flamand rose\u201d - Happypotame","og_description":"Vous aimez la vie (et le rose) ? Cette affiche remplie de \"positive vibes\" est faite pour vous !","og_url":"https:\/\/happypotame.com\/index.php\/produit\/affiche-voir-la-vie-en-flamand-rose\/","og_site_name":"Happypotame","article_modified_time":"2026-03-07T17:31:19+00:00","og_image":[{"width":3508,"height":4961,"url":"https:\/\/happypotame.com\/wp-content\/uploads\/2022\/08\/Flamant_rose.png","type":"image\/png"}],"twitter_card":"summary_large_image","twitter_misc":{"Dur\u00e9e de lecture estim\u00e9e":"1 minute"},"schema":{"@context":"https:\/\/schema.org","@graph":[{"@type":"WebPage","@id":"https:\/\/happypotame.com\/index.php\/produit\/affiche-voir-la-vie-en-flamand-rose\/","url":"https:\/\/happypotame.com\/index.php\/produit\/affiche-voir-la-vie-en-flamand-rose\/","name":"Affiche \u201cVoir la vie en flamand rose\u201d - Happypotame","isPartOf":{"@id":"http:\/\/happypotame.com\/#website"},"primaryImageOfPage":{"@id":"https:\/\/happypotame.com\/index.php\/produit\/affiche-voir-la-vie-en-flamand-rose\/#primaryimage"},"image":{"@id":"https:\/\/happypotame.com\/index.php\/produit\/affiche-voir-la-vie-en-flamand-rose\/#primaryimage"},"thumbnailUrl":"https:\/\/happypotame.com\/wp-content\/uploads\/2022\/08\/Flamant_rose.png","datePublished":"2022-08-29T15:09:02+00:00","dateModified":"2026-03-07T17:31:19+00:00","description":"Vous aimez la vie (et le rose) ? Cette affiche remplie de \"positive vibes\" est faite pour vous !","breadcrumb":{"@id":"https:\/\/happypotame.com\/index.php\/produit\/affiche-voir-la-vie-en-flamand-rose\/#breadcrumb"},"inLanguage":"fr-FR","potentialAction":[{"@type":"ReadAction","target":["https:\/\/happypotame.com\/index.php\/produit\/affiche-voir-la-vie-en-flamand-rose\/"]}]},{"@type":"ImageObject","inLanguage":"fr-FR","@id":"https:\/\/happypotame.com\/index.php\/produit\/affiche-voir-la-vie-en-flamand-rose\/#primaryimage","url":"https:\/\/happypotame.com\/wp-content\/uploads\/2022\/08\/Flamant_rose.png","contentUrl":"https:\/\/happypotame.com\/wp-content\/uploads\/2022\/08\/Flamant_rose.png","width":3508,"height":4961},{"@type":"BreadcrumbList","@id":"https:\/\/happypotame.com\/index.php\/produit\/affiche-voir-la-vie-en-flamand-rose\/#breadcrumb","itemListElement":[{"@type":"ListItem","position":1,"name":"Accueil","item":"https:\/\/happypotame.com\/"},{"@type":"ListItem","position":2,"name":"Boutique","item":"https:\/\/happypotame.com\/index.php\/boutique\/"},{"@type":"ListItem","position":3,"name":"Affiche \u00ab\u00a0Voir la vie en flamant rose\u00a0\u00bb"}]},{"@type":"WebSite","@id":"http:\/\/happypotame.com\/#website","url":"http:\/\/happypotame.com\/","name":"Happypotame","description":"","publisher":{"@id":"http:\/\/happypotame.com\/#organization"},"potentialAction":[{"@type":"SearchAction","target":{"@type":"EntryPoint","urlTemplate":"http:\/\/happypotame.com\/?s={search_term_string}"},"query-input":{"@type":"PropertyValueSpecification","valueRequired":true,"valueName":"search_term_string"}}],"inLanguage":"fr-FR"},{"@type":"Organization","@id":"http:\/\/happypotame.com\/#organization","name":"Happypotame","url":"http:\/\/happypotame.com\/","logo":{"@type":"ImageObject","inLanguage":"fr-FR","@id":"http:\/\/happypotame.com\/#\/schema\/logo\/image\/","url":"https:\/\/happypotame.com\/wp-content\/uploads\/2022\/03\/cropped-Logo_Happypotame_vertical.png","contentUrl":"https:\/\/happypotame.com\/wp-content\/uploads\/2022\/03\/cropped-Logo_Happypotame_vertical.png","width":4538,"height":945,"caption":"Happypotame"},"image":{"@id":"http:\/\/happypotame.com\/#\/schema\/logo\/image\/"},"sameAs":["https:\/\/www.instagram.com\/happypotame\/?hl=fr"]}]}},"_links":{"self":[{"href":"https:\/\/happypotame.com\/index.php\/wp-json\/wp\/v2\/product\/1793","targetHints":{"allow":["GET"]}}],"collection":[{"href":"https:\/\/happypotame.com\/index.php\/wp-json\/wp\/v2\/product"}],"about":[{"href":"https:\/\/happypotame.com\/index.php\/wp-json\/wp\/v2\/types\/product"}],"wp:featuredmedia":[{"embeddable":true,"href":"https:\/\/happypotame.com\/index.php\/wp-json\/wp\/v2\/media\/2107"}],"wp:attachment":[{"href":"https:\/\/happypotame.com\/index.php\/wp-json\/wp\/v2\/media?parent=1793"}],"wp:term":[{"taxonomy":"product_brand","embeddable":true,"href":"https:\/\/happypotame.com\/index.php\/wp-json\/wp\/v2\/product_brand?post=1793"},{"taxonomy":"product_cat","embeddable":true,"href":"https:\/\/happypotame.com\/index.php\/wp-json\/wp\/v2\/product_cat?post=1793"},{"taxonomy":"product_tag","embeddable":true,"href":"https:\/\/happypotame.com\/index.php\/wp-json\/wp\/v2\/product_tag?post=1793"}],"curies":[{"name":"wp","href":"https:\/\/api.w.org\/{rel}","templated":true}]}}