{"id":1795,"date":"2022-08-29T17:13:55","date_gmt":"2022-08-29T15:13:55","guid":{"rendered":"https:\/\/happypotame.com\/?post_type=product&#038;p=1795"},"modified":"2026-03-07T18:31:13","modified_gmt":"2026-03-07T17:31:13","slug":"affiche-chou-bi-dou-oie","status":"publish","type":"product","link":"https:\/\/happypotame.com\/index.php\/produit\/affiche-chou-bi-dou-oie\/","title":{"rendered":"Affiche \u00ab\u00a0Chou bi dou oie\u00a0\u00bb"},"content":{"rendered":"<p class=\"p1\">Cr\u00e9\u00e9 et imprim\u00e9 en France sur format A3, papier blanc 250g.<br \/>\nEnvoy\u00e9 dans un tube triangulaire, avec ou sans porte-affiche.<\/p>\n","protected":false},"excerpt":{"rendered":"<p class=\"p1\">Format A3 (29,7&#215;42 cm).<br \/>\nCr\u00e9\u00e9e et imprim\u00e9 en France. Pure beurre Bzh !<br \/>\nPorte-affiche non inclus, disponible dans notre boutique.<\/p>\n","protected":false},"featured_media":1783,"template":"","meta":[],"product_brand":[],"product_cat":[113],"product_tag":[],"class_list":{"0":"post-1795","1":"product","2":"type-product","3":"status-publish","4":"has-post-thumbnail","6":"product_cat-affiches-animaux-humour","8":"first","9":"instock","10":"shipping-taxable","11":"purchasable","12":"product-type-simple"},"yoast_head":"<!-- This site is optimized with the Yoast SEO plugin v27.3 - https:\/\/yoast.com\/product\/yoast-seo-wordpress\/ -->\n<title>Affiche \u201cChou bi dou oie\u201d - Happypotame<\/title>\n<meta name=\"description\" content=\"Une affiche toute mignonne &quot;chou bi dou oie&quot; qui rappelle les comptines ou chants de l&#039;enfance. Surprise et originalit\u00e9 assur\u00e9e avec ce joli poster !\" \/>\n<meta name=\"robots\" content=\"index, follow, max-snippet:-1, max-image-preview:large, max-video-preview:-1\" \/>\n<link rel=\"canonical\" href=\"https:\/\/happypotame.com\/index.php\/produit\/affiche-chou-bi-dou-oie\/\" \/>\n<meta property=\"og:locale\" content=\"fr_FR\" \/>\n<meta property=\"og:type\" content=\"article\" \/>\n<meta property=\"og:title\" content=\"Affiche \u201cChou bi dou oie\u201d - Happypotame\" \/>\n<meta property=\"og:description\" content=\"Une affiche toute mignonne &quot;chou bi dou oie&quot; qui rappelle les comptines ou chants de l&#039;enfance. Surprise et originalit\u00e9 assur\u00e9e avec ce joli poster !\" \/>\n<meta property=\"og:url\" content=\"https:\/\/happypotame.com\/index.php\/produit\/affiche-chou-bi-dou-oie\/\" \/>\n<meta property=\"og:site_name\" content=\"Happypotame\" \/>\n<meta property=\"article:modified_time\" content=\"2026-03-07T17:31:13+00:00\" \/>\n<meta property=\"og:image\" content=\"https:\/\/happypotame.com\/wp-content\/uploads\/2022\/08\/Affiche_Choubidouoie.png\" \/>\n\t<meta property=\"og:image:width\" content=\"3508\" \/>\n\t<meta property=\"og:image:height\" content=\"4961\" \/>\n\t<meta property=\"og:image:type\" content=\"image\/png\" \/>\n<meta name=\"twitter:card\" content=\"summary_large_image\" \/>\n<script type=\"application\/ld+json\" class=\"yoast-schema-graph\">{\"@context\":\"https:\\\/\\\/schema.org\",\"@graph\":[{\"@type\":\"WebPage\",\"@id\":\"https:\\\/\\\/happypotame.com\\\/index.php\\\/produit\\\/affiche-chou-bi-dou-oie\\\/\",\"url\":\"https:\\\/\\\/happypotame.com\\\/index.php\\\/produit\\\/affiche-chou-bi-dou-oie\\\/\",\"name\":\"Affiche \u201cChou bi dou oie\u201d - Happypotame\",\"isPartOf\":{\"@id\":\"https:\\\/\\\/happypotame.com\\\/#website\"},\"primaryImageOfPage\":{\"@id\":\"https:\\\/\\\/happypotame.com\\\/index.php\\\/produit\\\/affiche-chou-bi-dou-oie\\\/#primaryimage\"},\"image\":{\"@id\":\"https:\\\/\\\/happypotame.com\\\/index.php\\\/produit\\\/affiche-chou-bi-dou-oie\\\/#primaryimage\"},\"thumbnailUrl\":\"https:\\\/\\\/happypotame.com\\\/wp-content\\\/uploads\\\/2022\\\/08\\\/Affiche_Choubidouoie.png\",\"datePublished\":\"2022-08-29T15:13:55+00:00\",\"dateModified\":\"2026-03-07T17:31:13+00:00\",\"description\":\"Une affiche toute mignonne \\\"chou bi dou oie\\\" qui rappelle les comptines ou chants de l'enfance. Surprise et originalit\u00e9 assur\u00e9e avec ce joli poster !\",\"breadcrumb\":{\"@id\":\"https:\\\/\\\/happypotame.com\\\/index.php\\\/produit\\\/affiche-chou-bi-dou-oie\\\/#breadcrumb\"},\"inLanguage\":\"fr-FR\",\"potentialAction\":[{\"@type\":\"ReadAction\",\"target\":[\"https:\\\/\\\/happypotame.com\\\/index.php\\\/produit\\\/affiche-chou-bi-dou-oie\\\/\"]}]},{\"@type\":\"ImageObject\",\"inLanguage\":\"fr-FR\",\"@id\":\"https:\\\/\\\/happypotame.com\\\/index.php\\\/produit\\\/affiche-chou-bi-dou-oie\\\/#primaryimage\",\"url\":\"https:\\\/\\\/happypotame.com\\\/wp-content\\\/uploads\\\/2022\\\/08\\\/Affiche_Choubidouoie.png\",\"contentUrl\":\"https:\\\/\\\/happypotame.com\\\/wp-content\\\/uploads\\\/2022\\\/08\\\/Affiche_Choubidouoie.png\",\"width\":3508,\"height\":4961,\"caption\":\"Affiche Chou Bi Dou Oie\"},{\"@type\":\"BreadcrumbList\",\"@id\":\"https:\\\/\\\/happypotame.com\\\/index.php\\\/produit\\\/affiche-chou-bi-dou-oie\\\/#breadcrumb\",\"itemListElement\":[{\"@type\":\"ListItem\",\"position\":1,\"name\":\"Accueil\",\"item\":\"https:\\\/\\\/happypotame.com\\\/\"},{\"@type\":\"ListItem\",\"position\":2,\"name\":\"Boutique\",\"item\":\"https:\\\/\\\/happypotame.com\\\/index.php\\\/boutique\\\/\"},{\"@type\":\"ListItem\",\"position\":3,\"name\":\"Affiche \u00ab\u00a0Chou bi dou oie\u00a0\u00bb\"}]},{\"@type\":\"WebSite\",\"@id\":\"https:\\\/\\\/happypotame.com\\\/#website\",\"url\":\"https:\\\/\\\/happypotame.com\\\/\",\"name\":\"Happypotame\",\"description\":\"\",\"publisher\":{\"@id\":\"https:\\\/\\\/happypotame.com\\\/#organization\"},\"potentialAction\":[{\"@type\":\"SearchAction\",\"target\":{\"@type\":\"EntryPoint\",\"urlTemplate\":\"https:\\\/\\\/happypotame.com\\\/?s={search_term_string}\"},\"query-input\":{\"@type\":\"PropertyValueSpecification\",\"valueRequired\":true,\"valueName\":\"search_term_string\"}}],\"inLanguage\":\"fr-FR\"},{\"@type\":\"Organization\",\"@id\":\"https:\\\/\\\/happypotame.com\\\/#organization\",\"name\":\"Happypotame\",\"url\":\"https:\\\/\\\/happypotame.com\\\/\",\"logo\":{\"@type\":\"ImageObject\",\"inLanguage\":\"fr-FR\",\"@id\":\"https:\\\/\\\/happypotame.com\\\/#\\\/schema\\\/logo\\\/image\\\/\",\"url\":\"https:\\\/\\\/happypotame.com\\\/wp-content\\\/uploads\\\/2022\\\/03\\\/cropped-Logo_Happypotame_vertical.png\",\"contentUrl\":\"https:\\\/\\\/happypotame.com\\\/wp-content\\\/uploads\\\/2022\\\/03\\\/cropped-Logo_Happypotame_vertical.png\",\"width\":4538,\"height\":945,\"caption\":\"Happypotame\"},\"image\":{\"@id\":\"https:\\\/\\\/happypotame.com\\\/#\\\/schema\\\/logo\\\/image\\\/\"},\"sameAs\":[\"https:\\\/\\\/www.instagram.com\\\/happypotame\\\/?hl=fr\"]}]}<\/script>\n<!-- \/ Yoast SEO plugin. -->","yoast_head_json":{"title":"Affiche \u201cChou bi dou oie\u201d - Happypotame","description":"Une affiche toute mignonne \"chou bi dou oie\" qui rappelle les comptines ou chants de l'enfance. Surprise et originalit\u00e9 assur\u00e9e avec ce joli poster !","robots":{"index":"index","follow":"follow","max-snippet":"max-snippet:-1","max-image-preview":"max-image-preview:large","max-video-preview":"max-video-preview:-1"},"canonical":"https:\/\/happypotame.com\/index.php\/produit\/affiche-chou-bi-dou-oie\/","og_locale":"fr_FR","og_type":"article","og_title":"Affiche \u201cChou bi dou oie\u201d - Happypotame","og_description":"Une affiche toute mignonne \"chou bi dou oie\" qui rappelle les comptines ou chants de l'enfance. Surprise et originalit\u00e9 assur\u00e9e avec ce joli poster !","og_url":"https:\/\/happypotame.com\/index.php\/produit\/affiche-chou-bi-dou-oie\/","og_site_name":"Happypotame","article_modified_time":"2026-03-07T17:31:13+00:00","og_image":[{"width":3508,"height":4961,"url":"https:\/\/happypotame.com\/wp-content\/uploads\/2022\/08\/Affiche_Choubidouoie.png","type":"image\/png"}],"twitter_card":"summary_large_image","schema":{"@context":"https:\/\/schema.org","@graph":[{"@type":"WebPage","@id":"https:\/\/happypotame.com\/index.php\/produit\/affiche-chou-bi-dou-oie\/","url":"https:\/\/happypotame.com\/index.php\/produit\/affiche-chou-bi-dou-oie\/","name":"Affiche \u201cChou bi dou oie\u201d - Happypotame","isPartOf":{"@id":"https:\/\/happypotame.com\/#website"},"primaryImageOfPage":{"@id":"https:\/\/happypotame.com\/index.php\/produit\/affiche-chou-bi-dou-oie\/#primaryimage"},"image":{"@id":"https:\/\/happypotame.com\/index.php\/produit\/affiche-chou-bi-dou-oie\/#primaryimage"},"thumbnailUrl":"https:\/\/happypotame.com\/wp-content\/uploads\/2022\/08\/Affiche_Choubidouoie.png","datePublished":"2022-08-29T15:13:55+00:00","dateModified":"2026-03-07T17:31:13+00:00","description":"Une affiche toute mignonne \"chou bi dou oie\" qui rappelle les comptines ou chants de l'enfance. Surprise et originalit\u00e9 assur\u00e9e avec ce joli poster !","breadcrumb":{"@id":"https:\/\/happypotame.com\/index.php\/produit\/affiche-chou-bi-dou-oie\/#breadcrumb"},"inLanguage":"fr-FR","potentialAction":[{"@type":"ReadAction","target":["https:\/\/happypotame.com\/index.php\/produit\/affiche-chou-bi-dou-oie\/"]}]},{"@type":"ImageObject","inLanguage":"fr-FR","@id":"https:\/\/happypotame.com\/index.php\/produit\/affiche-chou-bi-dou-oie\/#primaryimage","url":"https:\/\/happypotame.com\/wp-content\/uploads\/2022\/08\/Affiche_Choubidouoie.png","contentUrl":"https:\/\/happypotame.com\/wp-content\/uploads\/2022\/08\/Affiche_Choubidouoie.png","width":3508,"height":4961,"caption":"Affiche Chou Bi Dou Oie"},{"@type":"BreadcrumbList","@id":"https:\/\/happypotame.com\/index.php\/produit\/affiche-chou-bi-dou-oie\/#breadcrumb","itemListElement":[{"@type":"ListItem","position":1,"name":"Accueil","item":"https:\/\/happypotame.com\/"},{"@type":"ListItem","position":2,"name":"Boutique","item":"https:\/\/happypotame.com\/index.php\/boutique\/"},{"@type":"ListItem","position":3,"name":"Affiche \u00ab\u00a0Chou bi dou oie\u00a0\u00bb"}]},{"@type":"WebSite","@id":"https:\/\/happypotame.com\/#website","url":"https:\/\/happypotame.com\/","name":"Happypotame","description":"","publisher":{"@id":"https:\/\/happypotame.com\/#organization"},"potentialAction":[{"@type":"SearchAction","target":{"@type":"EntryPoint","urlTemplate":"https:\/\/happypotame.com\/?s={search_term_string}"},"query-input":{"@type":"PropertyValueSpecification","valueRequired":true,"valueName":"search_term_string"}}],"inLanguage":"fr-FR"},{"@type":"Organization","@id":"https:\/\/happypotame.com\/#organization","name":"Happypotame","url":"https:\/\/happypotame.com\/","logo":{"@type":"ImageObject","inLanguage":"fr-FR","@id":"https:\/\/happypotame.com\/#\/schema\/logo\/image\/","url":"https:\/\/happypotame.com\/wp-content\/uploads\/2022\/03\/cropped-Logo_Happypotame_vertical.png","contentUrl":"https:\/\/happypotame.com\/wp-content\/uploads\/2022\/03\/cropped-Logo_Happypotame_vertical.png","width":4538,"height":945,"caption":"Happypotame"},"image":{"@id":"https:\/\/happypotame.com\/#\/schema\/logo\/image\/"},"sameAs":["https:\/\/www.instagram.com\/happypotame\/?hl=fr"]}]}},"_links":{"self":[{"href":"https:\/\/happypotame.com\/index.php\/wp-json\/wp\/v2\/product\/1795","targetHints":{"allow":["GET"]}}],"collection":[{"href":"https:\/\/happypotame.com\/index.php\/wp-json\/wp\/v2\/product"}],"about":[{"href":"https:\/\/happypotame.com\/index.php\/wp-json\/wp\/v2\/types\/product"}],"wp:featuredmedia":[{"embeddable":true,"href":"https:\/\/happypotame.com\/index.php\/wp-json\/wp\/v2\/media\/1783"}],"wp:attachment":[{"href":"https:\/\/happypotame.com\/index.php\/wp-json\/wp\/v2\/media?parent=1795"}],"wp:term":[{"taxonomy":"product_brand","embeddable":true,"href":"https:\/\/happypotame.com\/index.php\/wp-json\/wp\/v2\/product_brand?post=1795"},{"taxonomy":"product_cat","embeddable":true,"href":"https:\/\/happypotame.com\/index.php\/wp-json\/wp\/v2\/product_cat?post=1795"},{"taxonomy":"product_tag","embeddable":true,"href":"https:\/\/happypotame.com\/index.php\/wp-json\/wp\/v2\/product_tag?post=1795"}],"curies":[{"name":"wp","href":"https:\/\/api.w.org\/{rel}","templated":true}]}}