{"id":2178,"date":"2022-12-04T14:41:29","date_gmt":"2022-12-04T13:41:29","guid":{"rendered":"https:\/\/happypotame.com\/?post_type=product&#038;p=2178"},"modified":"2025-11-17T08:04:46","modified_gmt":"2025-11-17T07:04:46","slug":"carte-bonne-annee-les-chatons","status":"publish","type":"product","link":"https:\/\/happypotame.com\/index.php\/produit\/carte-bonne-annee-les-chatons\/","title":{"rendered":"Carte \u00ab\u00a0Bonne ann\u00e9e les chatons\u00a0\u00bb"},"content":{"rendered":"<p class=\"p1\">Cette carte postale made in France est imprim\u00e9e sur un papier de cr\u00e9ation 300g par Clo\u00eetre Imprimeurs, en Bretagne, \u00e0 St-Thonan plus exactement.<br \/>\nVous pouvez compl\u00e9ter votre achat avec une enveloppe kraft (onglet \u00ab\u00a0autres produits\u00a0\u00bb du menu de notre site).<\/p>\n<p>Souhaitez la nouvelle ann\u00e9e avec douceur et bonne humeur gr\u00e2ce \u00e0 cette adorable carte postale pleine de couleurs ! Illustr\u00e9e de chatons mignons portant des chapeaux en color\u00e9s, cette carte multicolore est parfaite pour c\u00e9l\u00e9brer le d\u00e9but d\u2019une nouvelle ann\u00e9e sous le signe de la joie et de la tendresse. Avec l\u2019inscription \u00ab\u00a0Bonne ann\u00e9e les chatons\u00a0\u00bb, elle apportera un sourire imm\u00e9diat \u00e0 ceux qui la recevront.<\/p>\n<p>Id\u00e9ale pour envoyer vos v\u0153ux de mani\u00e8re originale et chaleureuse, cette carte est un choix irr\u00e9sistible pour les amoureux des chats et les personnes qui aiment les cartes pleines de gaiet\u00e9 et de couleurs festives.<\/p>\n<p>Faites plaisir \u00e0 vos proches avec cette carte pleine de charme et de malice, et commencez l&rsquo;ann\u00e9e en douceur avec un message rempli de tendresse. \u00ab\u00a0Bonne ann\u00e9e les chatons\u00a0\u00bb est la carte parfaite pour des v\u0153ux l\u00e9gers, mignons et joyeux !<\/p>\n<p>Explorez notre collection color\u00e9e de cartes postales illustr\u00e9es o\u00f9 les teintes vives se marient aux jeux de mots pour cr\u00e9er des compositions graphiques uniques et originales. Des \u00ab\u00a0ratons loveurs\u00a0\u00bb aux \u00ab\u00a0crazy biches\u00a0\u00bb, en passant par des \u00ab\u00a0fleurs succulentes \u00bb, plongez dans notre monde enchant\u00e9 de faune ou de flore o\u00f9 vous trouverez toutes sortes d\u2019animaux et de v\u00e9g\u00e9taux, tous illustr\u00e9s \u00e0 la main. Vous souhaitez transmettre vos pens\u00e9es ou d\u00e9corer votre int\u00e9rieur avec originalit\u00e9 ? Les cartes Happypotame sont id\u00e9ales font toujours plaisir aux personnes qui les re\u00e7oivent. Elles sont id\u00e9ales pour exprimer des v\u0153ux d&rsquo;anniversaire \u00e0 un amoureux de la faune ou pour partager des nouvelles r\u00e9jouissantes avec une touche d&rsquo;humour animalier.<\/p>\n","protected":false},"excerpt":{"rendered":"<p class=\"p1\">Format 10&#215;15 cm.<br \/>\nCr\u00e9\u00e9e et imprim\u00e9e en France. Pure beurre Bzh !<br \/>\nVendue sans enveloppe.<\/p>\n","protected":false},"featured_media":3346,"template":"","meta":[],"product_brand":[],"product_cat":[110,154],"product_tag":[],"class_list":{"0":"post-2178","1":"product","2":"type-product","3":"status-publish","4":"has-post-thumbnail","6":"product_cat-cartes-postales","7":"product_cat-noel-et-nouvel-an","9":"first","10":"instock","11":"shipping-taxable","12":"purchasable","13":"product-type-simple"},"yoast_head":"<!-- This site is optimized with the Yoast SEO plugin v27.4 - https:\/\/yoast.com\/product\/yoast-seo-wordpress\/ -->\n<title>Carte \u201cBonne ann\u00e9e les chatons\u201d - Happypotame<\/title>\n<meta name=\"description\" content=\"Une jolie carte multicolore pour souhaiter une belle ann\u00e9e \u00e0 nos proches, nos amis, nos chatons ! Un geste qui fait plaisir, avec de petits chats mignons !\" \/>\n<meta name=\"robots\" content=\"index, follow, max-snippet:-1, max-image-preview:large, max-video-preview:-1\" \/>\n<link rel=\"canonical\" href=\"http:\/\/happypotame.com\/index.php\/produit\/carte-bonne-annee-les-chatons\/\" \/>\n<meta property=\"og:locale\" content=\"fr_FR\" \/>\n<meta property=\"og:type\" content=\"article\" \/>\n<meta property=\"og:title\" content=\"Carte \u201cBonne ann\u00e9e les chatons\u201d - Happypotame\" \/>\n<meta property=\"og:description\" content=\"Une jolie carte multicolore pour souhaiter une belle ann\u00e9e \u00e0 nos proches, nos amis, nos chatons ! Un geste qui fait plaisir, avec de petits chats mignons !\" \/>\n<meta property=\"og:url\" content=\"http:\/\/happypotame.com\/index.php\/produit\/carte-bonne-annee-les-chatons\/\" \/>\n<meta property=\"og:site_name\" content=\"Happypotame\" \/>\n<meta property=\"article:modified_time\" content=\"2025-11-17T07:04:46+00:00\" \/>\n<meta property=\"og:image\" content=\"http:\/\/happypotame.com\/wp-content\/uploads\/2022\/12\/Carte_postale_situation2_bis.png\" \/>\n\t<meta property=\"og:image:width\" content=\"2480\" \/>\n\t<meta property=\"og:image:height\" content=\"3508\" \/>\n\t<meta property=\"og:image:type\" content=\"image\/png\" \/>\n<meta name=\"twitter:card\" content=\"summary_large_image\" \/>\n<meta name=\"twitter:label1\" content=\"Dur\u00e9e de lecture estim\u00e9e\" \/>\n\t<meta name=\"twitter:data1\" content=\"2 minutes\" \/>\n<script type=\"application\/ld+json\" class=\"yoast-schema-graph\">{\"@context\":\"https:\\\/\\\/schema.org\",\"@graph\":[{\"@type\":\"WebPage\",\"@id\":\"http:\\\/\\\/happypotame.com\\\/index.php\\\/produit\\\/carte-bonne-annee-les-chatons\\\/\",\"url\":\"http:\\\/\\\/happypotame.com\\\/index.php\\\/produit\\\/carte-bonne-annee-les-chatons\\\/\",\"name\":\"Carte \u201cBonne ann\u00e9e les chatons\u201d - Happypotame\",\"isPartOf\":{\"@id\":\"https:\\\/\\\/happypotame.com\\\/#website\"},\"primaryImageOfPage\":{\"@id\":\"http:\\\/\\\/happypotame.com\\\/index.php\\\/produit\\\/carte-bonne-annee-les-chatons\\\/#primaryimage\"},\"image\":{\"@id\":\"http:\\\/\\\/happypotame.com\\\/index.php\\\/produit\\\/carte-bonne-annee-les-chatons\\\/#primaryimage\"},\"thumbnailUrl\":\"https:\\\/\\\/happypotame.com\\\/wp-content\\\/uploads\\\/2022\\\/12\\\/Carte_postale_situation2_bis.png\",\"datePublished\":\"2022-12-04T13:41:29+00:00\",\"dateModified\":\"2025-11-17T07:04:46+00:00\",\"description\":\"Une jolie carte multicolore pour souhaiter une belle ann\u00e9e \u00e0 nos proches, nos amis, nos chatons ! Un geste qui fait plaisir, avec de petits chats mignons !\",\"breadcrumb\":{\"@id\":\"http:\\\/\\\/happypotame.com\\\/index.php\\\/produit\\\/carte-bonne-annee-les-chatons\\\/#breadcrumb\"},\"inLanguage\":\"fr-FR\",\"potentialAction\":[{\"@type\":\"ReadAction\",\"target\":[\"http:\\\/\\\/happypotame.com\\\/index.php\\\/produit\\\/carte-bonne-annee-les-chatons\\\/\"]}]},{\"@type\":\"ImageObject\",\"inLanguage\":\"fr-FR\",\"@id\":\"http:\\\/\\\/happypotame.com\\\/index.php\\\/produit\\\/carte-bonne-annee-les-chatons\\\/#primaryimage\",\"url\":\"https:\\\/\\\/happypotame.com\\\/wp-content\\\/uploads\\\/2022\\\/12\\\/Carte_postale_situation2_bis.png\",\"contentUrl\":\"https:\\\/\\\/happypotame.com\\\/wp-content\\\/uploads\\\/2022\\\/12\\\/Carte_postale_situation2_bis.png\",\"width\":2480,\"height\":3508},{\"@type\":\"BreadcrumbList\",\"@id\":\"http:\\\/\\\/happypotame.com\\\/index.php\\\/produit\\\/carte-bonne-annee-les-chatons\\\/#breadcrumb\",\"itemListElement\":[{\"@type\":\"ListItem\",\"position\":1,\"name\":\"Accueil\",\"item\":\"https:\\\/\\\/happypotame.com\\\/\"},{\"@type\":\"ListItem\",\"position\":2,\"name\":\"Boutique\",\"item\":\"https:\\\/\\\/happypotame.com\\\/index.php\\\/boutique\\\/\"},{\"@type\":\"ListItem\",\"position\":3,\"name\":\"Carte \u00ab\u00a0Bonne ann\u00e9e les chatons\u00a0\u00bb\"}]},{\"@type\":\"WebSite\",\"@id\":\"https:\\\/\\\/happypotame.com\\\/#website\",\"url\":\"https:\\\/\\\/happypotame.com\\\/\",\"name\":\"Happypotame\",\"description\":\"\",\"publisher\":{\"@id\":\"https:\\\/\\\/happypotame.com\\\/#organization\"},\"potentialAction\":[{\"@type\":\"SearchAction\",\"target\":{\"@type\":\"EntryPoint\",\"urlTemplate\":\"https:\\\/\\\/happypotame.com\\\/?s={search_term_string}\"},\"query-input\":{\"@type\":\"PropertyValueSpecification\",\"valueRequired\":true,\"valueName\":\"search_term_string\"}}],\"inLanguage\":\"fr-FR\"},{\"@type\":\"Organization\",\"@id\":\"https:\\\/\\\/happypotame.com\\\/#organization\",\"name\":\"Happypotame\",\"url\":\"https:\\\/\\\/happypotame.com\\\/\",\"logo\":{\"@type\":\"ImageObject\",\"inLanguage\":\"fr-FR\",\"@id\":\"https:\\\/\\\/happypotame.com\\\/#\\\/schema\\\/logo\\\/image\\\/\",\"url\":\"https:\\\/\\\/happypotame.com\\\/wp-content\\\/uploads\\\/2022\\\/03\\\/cropped-Logo_Happypotame_vertical.png\",\"contentUrl\":\"https:\\\/\\\/happypotame.com\\\/wp-content\\\/uploads\\\/2022\\\/03\\\/cropped-Logo_Happypotame_vertical.png\",\"width\":4538,\"height\":945,\"caption\":\"Happypotame\"},\"image\":{\"@id\":\"https:\\\/\\\/happypotame.com\\\/#\\\/schema\\\/logo\\\/image\\\/\"},\"sameAs\":[\"https:\\\/\\\/www.instagram.com\\\/happypotame\\\/?hl=fr\"]}]}<\/script>\n<!-- \/ Yoast SEO plugin. -->","yoast_head_json":{"title":"Carte \u201cBonne ann\u00e9e les chatons\u201d - Happypotame","description":"Une jolie carte multicolore pour souhaiter une belle ann\u00e9e \u00e0 nos proches, nos amis, nos chatons ! Un geste qui fait plaisir, avec de petits chats mignons !","robots":{"index":"index","follow":"follow","max-snippet":"max-snippet:-1","max-image-preview":"max-image-preview:large","max-video-preview":"max-video-preview:-1"},"canonical":"http:\/\/happypotame.com\/index.php\/produit\/carte-bonne-annee-les-chatons\/","og_locale":"fr_FR","og_type":"article","og_title":"Carte \u201cBonne ann\u00e9e les chatons\u201d - Happypotame","og_description":"Une jolie carte multicolore pour souhaiter une belle ann\u00e9e \u00e0 nos proches, nos amis, nos chatons ! Un geste qui fait plaisir, avec de petits chats mignons !","og_url":"http:\/\/happypotame.com\/index.php\/produit\/carte-bonne-annee-les-chatons\/","og_site_name":"Happypotame","article_modified_time":"2025-11-17T07:04:46+00:00","og_image":[{"width":2480,"height":3508,"url":"http:\/\/happypotame.com\/wp-content\/uploads\/2022\/12\/Carte_postale_situation2_bis.png","type":"image\/png"}],"twitter_card":"summary_large_image","twitter_misc":{"Dur\u00e9e de lecture estim\u00e9e":"2 minutes"},"schema":{"@context":"https:\/\/schema.org","@graph":[{"@type":"WebPage","@id":"http:\/\/happypotame.com\/index.php\/produit\/carte-bonne-annee-les-chatons\/","url":"http:\/\/happypotame.com\/index.php\/produit\/carte-bonne-annee-les-chatons\/","name":"Carte \u201cBonne ann\u00e9e les chatons\u201d - Happypotame","isPartOf":{"@id":"https:\/\/happypotame.com\/#website"},"primaryImageOfPage":{"@id":"http:\/\/happypotame.com\/index.php\/produit\/carte-bonne-annee-les-chatons\/#primaryimage"},"image":{"@id":"http:\/\/happypotame.com\/index.php\/produit\/carte-bonne-annee-les-chatons\/#primaryimage"},"thumbnailUrl":"https:\/\/happypotame.com\/wp-content\/uploads\/2022\/12\/Carte_postale_situation2_bis.png","datePublished":"2022-12-04T13:41:29+00:00","dateModified":"2025-11-17T07:04:46+00:00","description":"Une jolie carte multicolore pour souhaiter une belle ann\u00e9e \u00e0 nos proches, nos amis, nos chatons ! Un geste qui fait plaisir, avec de petits chats mignons !","breadcrumb":{"@id":"http:\/\/happypotame.com\/index.php\/produit\/carte-bonne-annee-les-chatons\/#breadcrumb"},"inLanguage":"fr-FR","potentialAction":[{"@type":"ReadAction","target":["http:\/\/happypotame.com\/index.php\/produit\/carte-bonne-annee-les-chatons\/"]}]},{"@type":"ImageObject","inLanguage":"fr-FR","@id":"http:\/\/happypotame.com\/index.php\/produit\/carte-bonne-annee-les-chatons\/#primaryimage","url":"https:\/\/happypotame.com\/wp-content\/uploads\/2022\/12\/Carte_postale_situation2_bis.png","contentUrl":"https:\/\/happypotame.com\/wp-content\/uploads\/2022\/12\/Carte_postale_situation2_bis.png","width":2480,"height":3508},{"@type":"BreadcrumbList","@id":"http:\/\/happypotame.com\/index.php\/produit\/carte-bonne-annee-les-chatons\/#breadcrumb","itemListElement":[{"@type":"ListItem","position":1,"name":"Accueil","item":"https:\/\/happypotame.com\/"},{"@type":"ListItem","position":2,"name":"Boutique","item":"https:\/\/happypotame.com\/index.php\/boutique\/"},{"@type":"ListItem","position":3,"name":"Carte \u00ab\u00a0Bonne ann\u00e9e les chatons\u00a0\u00bb"}]},{"@type":"WebSite","@id":"https:\/\/happypotame.com\/#website","url":"https:\/\/happypotame.com\/","name":"Happypotame","description":"","publisher":{"@id":"https:\/\/happypotame.com\/#organization"},"potentialAction":[{"@type":"SearchAction","target":{"@type":"EntryPoint","urlTemplate":"https:\/\/happypotame.com\/?s={search_term_string}"},"query-input":{"@type":"PropertyValueSpecification","valueRequired":true,"valueName":"search_term_string"}}],"inLanguage":"fr-FR"},{"@type":"Organization","@id":"https:\/\/happypotame.com\/#organization","name":"Happypotame","url":"https:\/\/happypotame.com\/","logo":{"@type":"ImageObject","inLanguage":"fr-FR","@id":"https:\/\/happypotame.com\/#\/schema\/logo\/image\/","url":"https:\/\/happypotame.com\/wp-content\/uploads\/2022\/03\/cropped-Logo_Happypotame_vertical.png","contentUrl":"https:\/\/happypotame.com\/wp-content\/uploads\/2022\/03\/cropped-Logo_Happypotame_vertical.png","width":4538,"height":945,"caption":"Happypotame"},"image":{"@id":"https:\/\/happypotame.com\/#\/schema\/logo\/image\/"},"sameAs":["https:\/\/www.instagram.com\/happypotame\/?hl=fr"]}]}},"_links":{"self":[{"href":"https:\/\/happypotame.com\/index.php\/wp-json\/wp\/v2\/product\/2178","targetHints":{"allow":["GET"]}}],"collection":[{"href":"https:\/\/happypotame.com\/index.php\/wp-json\/wp\/v2\/product"}],"about":[{"href":"https:\/\/happypotame.com\/index.php\/wp-json\/wp\/v2\/types\/product"}],"wp:featuredmedia":[{"embeddable":true,"href":"https:\/\/happypotame.com\/index.php\/wp-json\/wp\/v2\/media\/3346"}],"wp:attachment":[{"href":"https:\/\/happypotame.com\/index.php\/wp-json\/wp\/v2\/media?parent=2178"}],"wp:term":[{"taxonomy":"product_brand","embeddable":true,"href":"https:\/\/happypotame.com\/index.php\/wp-json\/wp\/v2\/product_brand?post=2178"},{"taxonomy":"product_cat","embeddable":true,"href":"https:\/\/happypotame.com\/index.php\/wp-json\/wp\/v2\/product_cat?post=2178"},{"taxonomy":"product_tag","embeddable":true,"href":"https:\/\/happypotame.com\/index.php\/wp-json\/wp\/v2\/product_tag?post=2178"}],"curies":[{"name":"wp","href":"https:\/\/api.w.org\/{rel}","templated":true}]}}