{"id":2656,"date":"2023-06-21T08:37:04","date_gmt":"2023-06-21T06:37:04","guid":{"rendered":"https:\/\/happypotame.com\/?post_type=product&#038;p=2656"},"modified":"2026-03-24T11:32:31","modified_gmt":"2026-03-24T10:32:31","slug":"carte-bon-anniversaire-vieille-branche","status":"publish","type":"product","link":"https:\/\/happypotame.com\/index.php\/produit\/carte-bon-anniversaire-vieille-branche\/","title":{"rendered":"Carte \u00ab\u00a0Bon anniversaire vieille branche\u00a0\u00bb"},"content":{"rendered":"<p class=\"p1\">Une v\u00e9ritable invitation \u00e0 la nature, cette carte est un tr\u00e9sor botanique qui \u00e9merveillera les amateurs de verdure et les passionn\u00e9s de plantes.<\/p>\n<p class=\"p1\">Que vous soyez un collectionneur de cartes postales, un amoureux des plantes ou simplement quelqu&rsquo;un en qu\u00eate d&rsquo;un cadeau original, notre carte postale v\u00e9g\u00e9tale est un choix id\u00e9al. Elle vous permettra de partager votre passion pour le monde v\u00e9g\u00e9tal.<\/p>\n<p class=\"p1\">Commandez d\u00e8s maintenant nos cartes postales v\u00e9g\u00e9tales pour d\u00e9corer votre maison ou offrir \u00e0 vos proches lors de diverses occasions.<\/p>\n<p>Papier 300g.<br \/>\nProduit cr\u00e9\u00e9 et imprim\u00e9 en France.<\/p>\n","protected":false},"excerpt":{"rendered":"<p>Que vous soyez un collectionneur de cartes postales, un amoureux des plantes ou simplement quelqu&rsquo;un en qu\u00eate d&rsquo;un cadeau original, notre carte postale v\u00e9g\u00e9tale est un choix id\u00e9al.<\/p>\n<p class=\"p1\">Format 10&#215;15 cm.<br \/>\nCr\u00e9\u00e9e et imprim\u00e9e en France. Pure beurre Bzh !<br \/>\nVendue sans enveloppe.<\/p>\n","protected":false},"featured_media":2658,"template":"","meta":[],"product_brand":[],"product_cat":[110,150,128],"product_tag":[],"class_list":{"0":"post-2656","1":"product","2":"type-product","3":"status-publish","4":"has-post-thumbnail","6":"product_cat-cartes-postales","7":"product_cat-collection-vegetale","8":"product_cat-evenements","10":"first","11":"instock","12":"shipping-taxable","13":"purchasable","14":"product-type-simple"},"yoast_head":"<!-- This site is optimized with the Yoast SEO plugin v27.4 - https:\/\/yoast.com\/product\/yoast-seo-wordpress\/ -->\n<title>Carte &quot;Bon anniversaire vieille branche&quot; - Happypotame<\/title>\n<meta name=\"description\" content=\"Une jolie carte de la collection v\u00e9g\u00e9tale pour les amoureux de la nature ! Souhaitez un bon anniversaire \u00e0 vos proches avec une illustration faite main.\" \/>\n<meta name=\"robots\" content=\"index, follow, max-snippet:-1, max-image-preview:large, max-video-preview:-1\" \/>\n<link rel=\"canonical\" href=\"https:\/\/happypotame.com\/index.php\/produit\/carte-bon-anniversaire-vieille-branche\/\" \/>\n<meta property=\"og:locale\" content=\"fr_FR\" \/>\n<meta property=\"og:type\" content=\"article\" \/>\n<meta property=\"og:title\" content=\"Carte &quot;Bon anniversaire vieille branche&quot; - Happypotame\" \/>\n<meta property=\"og:description\" content=\"Une jolie carte de la collection v\u00e9g\u00e9tale pour les amoureux de la nature ! Souhaitez un bon anniversaire \u00e0 vos proches avec une illustration faite main.\" \/>\n<meta property=\"og:url\" content=\"https:\/\/happypotame.com\/index.php\/produit\/carte-bon-anniversaire-vieille-branche\/\" \/>\n<meta property=\"og:site_name\" content=\"Happypotame\" \/>\n<meta property=\"article:modified_time\" content=\"2026-03-24T10:32:31+00:00\" \/>\n<meta property=\"og:image\" content=\"https:\/\/happypotame.com\/wp-content\/uploads\/2023\/06\/Carte_Flore9.png\" \/>\n\t<meta property=\"og:image:width\" content=\"2480\" \/>\n\t<meta property=\"og:image:height\" content=\"3508\" \/>\n\t<meta property=\"og:image:type\" content=\"image\/png\" \/>\n<meta name=\"twitter:card\" content=\"summary_large_image\" \/>\n<meta name=\"twitter:label1\" content=\"Dur\u00e9e de lecture estim\u00e9e\" \/>\n\t<meta name=\"twitter:data1\" content=\"1 minute\" \/>\n<script type=\"application\/ld+json\" class=\"yoast-schema-graph\">{\"@context\":\"https:\\\/\\\/schema.org\",\"@graph\":[{\"@type\":\"WebPage\",\"@id\":\"https:\\\/\\\/happypotame.com\\\/index.php\\\/produit\\\/carte-bon-anniversaire-vieille-branche\\\/\",\"url\":\"https:\\\/\\\/happypotame.com\\\/index.php\\\/produit\\\/carte-bon-anniversaire-vieille-branche\\\/\",\"name\":\"Carte \\\"Bon anniversaire vieille branche\\\" - Happypotame\",\"isPartOf\":{\"@id\":\"https:\\\/\\\/happypotame.com\\\/#website\"},\"primaryImageOfPage\":{\"@id\":\"https:\\\/\\\/happypotame.com\\\/index.php\\\/produit\\\/carte-bon-anniversaire-vieille-branche\\\/#primaryimage\"},\"image\":{\"@id\":\"https:\\\/\\\/happypotame.com\\\/index.php\\\/produit\\\/carte-bon-anniversaire-vieille-branche\\\/#primaryimage\"},\"thumbnailUrl\":\"https:\\\/\\\/happypotame.com\\\/wp-content\\\/uploads\\\/2023\\\/06\\\/Carte_Flore9.png\",\"datePublished\":\"2023-06-21T06:37:04+00:00\",\"dateModified\":\"2026-03-24T10:32:31+00:00\",\"description\":\"Une jolie carte de la collection v\u00e9g\u00e9tale pour les amoureux de la nature ! Souhaitez un bon anniversaire \u00e0 vos proches avec une illustration faite main.\",\"breadcrumb\":{\"@id\":\"https:\\\/\\\/happypotame.com\\\/index.php\\\/produit\\\/carte-bon-anniversaire-vieille-branche\\\/#breadcrumb\"},\"inLanguage\":\"fr-FR\",\"potentialAction\":[{\"@type\":\"ReadAction\",\"target\":[\"https:\\\/\\\/happypotame.com\\\/index.php\\\/produit\\\/carte-bon-anniversaire-vieille-branche\\\/\"]}]},{\"@type\":\"ImageObject\",\"inLanguage\":\"fr-FR\",\"@id\":\"https:\\\/\\\/happypotame.com\\\/index.php\\\/produit\\\/carte-bon-anniversaire-vieille-branche\\\/#primaryimage\",\"url\":\"https:\\\/\\\/happypotame.com\\\/wp-content\\\/uploads\\\/2023\\\/06\\\/Carte_Flore9.png\",\"contentUrl\":\"https:\\\/\\\/happypotame.com\\\/wp-content\\\/uploads\\\/2023\\\/06\\\/Carte_Flore9.png\",\"width\":2480,\"height\":3508},{\"@type\":\"BreadcrumbList\",\"@id\":\"https:\\\/\\\/happypotame.com\\\/index.php\\\/produit\\\/carte-bon-anniversaire-vieille-branche\\\/#breadcrumb\",\"itemListElement\":[{\"@type\":\"ListItem\",\"position\":1,\"name\":\"Accueil\",\"item\":\"https:\\\/\\\/happypotame.com\\\/\"},{\"@type\":\"ListItem\",\"position\":2,\"name\":\"Boutique\",\"item\":\"https:\\\/\\\/happypotame.com\\\/index.php\\\/boutique\\\/\"},{\"@type\":\"ListItem\",\"position\":3,\"name\":\"Carte \u00ab\u00a0Bon anniversaire vieille branche\u00a0\u00bb\"}]},{\"@type\":\"WebSite\",\"@id\":\"https:\\\/\\\/happypotame.com\\\/#website\",\"url\":\"https:\\\/\\\/happypotame.com\\\/\",\"name\":\"Happypotame\",\"description\":\"\",\"publisher\":{\"@id\":\"https:\\\/\\\/happypotame.com\\\/#organization\"},\"potentialAction\":[{\"@type\":\"SearchAction\",\"target\":{\"@type\":\"EntryPoint\",\"urlTemplate\":\"https:\\\/\\\/happypotame.com\\\/?s={search_term_string}\"},\"query-input\":{\"@type\":\"PropertyValueSpecification\",\"valueRequired\":true,\"valueName\":\"search_term_string\"}}],\"inLanguage\":\"fr-FR\"},{\"@type\":\"Organization\",\"@id\":\"https:\\\/\\\/happypotame.com\\\/#organization\",\"name\":\"Happypotame\",\"url\":\"https:\\\/\\\/happypotame.com\\\/\",\"logo\":{\"@type\":\"ImageObject\",\"inLanguage\":\"fr-FR\",\"@id\":\"https:\\\/\\\/happypotame.com\\\/#\\\/schema\\\/logo\\\/image\\\/\",\"url\":\"https:\\\/\\\/happypotame.com\\\/wp-content\\\/uploads\\\/2022\\\/03\\\/cropped-Logo_Happypotame_vertical.png\",\"contentUrl\":\"https:\\\/\\\/happypotame.com\\\/wp-content\\\/uploads\\\/2022\\\/03\\\/cropped-Logo_Happypotame_vertical.png\",\"width\":4538,\"height\":945,\"caption\":\"Happypotame\"},\"image\":{\"@id\":\"https:\\\/\\\/happypotame.com\\\/#\\\/schema\\\/logo\\\/image\\\/\"},\"sameAs\":[\"https:\\\/\\\/www.instagram.com\\\/happypotame\\\/?hl=fr\"]}]}<\/script>\n<!-- \/ Yoast SEO plugin. -->","yoast_head_json":{"title":"Carte \"Bon anniversaire vieille branche\" - Happypotame","description":"Une jolie carte de la collection v\u00e9g\u00e9tale pour les amoureux de la nature ! Souhaitez un bon anniversaire \u00e0 vos proches avec une illustration faite main.","robots":{"index":"index","follow":"follow","max-snippet":"max-snippet:-1","max-image-preview":"max-image-preview:large","max-video-preview":"max-video-preview:-1"},"canonical":"https:\/\/happypotame.com\/index.php\/produit\/carte-bon-anniversaire-vieille-branche\/","og_locale":"fr_FR","og_type":"article","og_title":"Carte \"Bon anniversaire vieille branche\" - Happypotame","og_description":"Une jolie carte de la collection v\u00e9g\u00e9tale pour les amoureux de la nature ! Souhaitez un bon anniversaire \u00e0 vos proches avec une illustration faite main.","og_url":"https:\/\/happypotame.com\/index.php\/produit\/carte-bon-anniversaire-vieille-branche\/","og_site_name":"Happypotame","article_modified_time":"2026-03-24T10:32:31+00:00","og_image":[{"width":2480,"height":3508,"url":"https:\/\/happypotame.com\/wp-content\/uploads\/2023\/06\/Carte_Flore9.png","type":"image\/png"}],"twitter_card":"summary_large_image","twitter_misc":{"Dur\u00e9e de lecture estim\u00e9e":"1 minute"},"schema":{"@context":"https:\/\/schema.org","@graph":[{"@type":"WebPage","@id":"https:\/\/happypotame.com\/index.php\/produit\/carte-bon-anniversaire-vieille-branche\/","url":"https:\/\/happypotame.com\/index.php\/produit\/carte-bon-anniversaire-vieille-branche\/","name":"Carte \"Bon anniversaire vieille branche\" - Happypotame","isPartOf":{"@id":"https:\/\/happypotame.com\/#website"},"primaryImageOfPage":{"@id":"https:\/\/happypotame.com\/index.php\/produit\/carte-bon-anniversaire-vieille-branche\/#primaryimage"},"image":{"@id":"https:\/\/happypotame.com\/index.php\/produit\/carte-bon-anniversaire-vieille-branche\/#primaryimage"},"thumbnailUrl":"https:\/\/happypotame.com\/wp-content\/uploads\/2023\/06\/Carte_Flore9.png","datePublished":"2023-06-21T06:37:04+00:00","dateModified":"2026-03-24T10:32:31+00:00","description":"Une jolie carte de la collection v\u00e9g\u00e9tale pour les amoureux de la nature ! Souhaitez un bon anniversaire \u00e0 vos proches avec une illustration faite main.","breadcrumb":{"@id":"https:\/\/happypotame.com\/index.php\/produit\/carte-bon-anniversaire-vieille-branche\/#breadcrumb"},"inLanguage":"fr-FR","potentialAction":[{"@type":"ReadAction","target":["https:\/\/happypotame.com\/index.php\/produit\/carte-bon-anniversaire-vieille-branche\/"]}]},{"@type":"ImageObject","inLanguage":"fr-FR","@id":"https:\/\/happypotame.com\/index.php\/produit\/carte-bon-anniversaire-vieille-branche\/#primaryimage","url":"https:\/\/happypotame.com\/wp-content\/uploads\/2023\/06\/Carte_Flore9.png","contentUrl":"https:\/\/happypotame.com\/wp-content\/uploads\/2023\/06\/Carte_Flore9.png","width":2480,"height":3508},{"@type":"BreadcrumbList","@id":"https:\/\/happypotame.com\/index.php\/produit\/carte-bon-anniversaire-vieille-branche\/#breadcrumb","itemListElement":[{"@type":"ListItem","position":1,"name":"Accueil","item":"https:\/\/happypotame.com\/"},{"@type":"ListItem","position":2,"name":"Boutique","item":"https:\/\/happypotame.com\/index.php\/boutique\/"},{"@type":"ListItem","position":3,"name":"Carte \u00ab\u00a0Bon anniversaire vieille branche\u00a0\u00bb"}]},{"@type":"WebSite","@id":"https:\/\/happypotame.com\/#website","url":"https:\/\/happypotame.com\/","name":"Happypotame","description":"","publisher":{"@id":"https:\/\/happypotame.com\/#organization"},"potentialAction":[{"@type":"SearchAction","target":{"@type":"EntryPoint","urlTemplate":"https:\/\/happypotame.com\/?s={search_term_string}"},"query-input":{"@type":"PropertyValueSpecification","valueRequired":true,"valueName":"search_term_string"}}],"inLanguage":"fr-FR"},{"@type":"Organization","@id":"https:\/\/happypotame.com\/#organization","name":"Happypotame","url":"https:\/\/happypotame.com\/","logo":{"@type":"ImageObject","inLanguage":"fr-FR","@id":"https:\/\/happypotame.com\/#\/schema\/logo\/image\/","url":"https:\/\/happypotame.com\/wp-content\/uploads\/2022\/03\/cropped-Logo_Happypotame_vertical.png","contentUrl":"https:\/\/happypotame.com\/wp-content\/uploads\/2022\/03\/cropped-Logo_Happypotame_vertical.png","width":4538,"height":945,"caption":"Happypotame"},"image":{"@id":"https:\/\/happypotame.com\/#\/schema\/logo\/image\/"},"sameAs":["https:\/\/www.instagram.com\/happypotame\/?hl=fr"]}]}},"_links":{"self":[{"href":"https:\/\/happypotame.com\/index.php\/wp-json\/wp\/v2\/product\/2656","targetHints":{"allow":["GET"]}}],"collection":[{"href":"https:\/\/happypotame.com\/index.php\/wp-json\/wp\/v2\/product"}],"about":[{"href":"https:\/\/happypotame.com\/index.php\/wp-json\/wp\/v2\/types\/product"}],"wp:featuredmedia":[{"embeddable":true,"href":"https:\/\/happypotame.com\/index.php\/wp-json\/wp\/v2\/media\/2658"}],"wp:attachment":[{"href":"https:\/\/happypotame.com\/index.php\/wp-json\/wp\/v2\/media?parent=2656"}],"wp:term":[{"taxonomy":"product_brand","embeddable":true,"href":"https:\/\/happypotame.com\/index.php\/wp-json\/wp\/v2\/product_brand?post=2656"},{"taxonomy":"product_cat","embeddable":true,"href":"https:\/\/happypotame.com\/index.php\/wp-json\/wp\/v2\/product_cat?post=2656"},{"taxonomy":"product_tag","embeddable":true,"href":"https:\/\/happypotame.com\/index.php\/wp-json\/wp\/v2\/product_tag?post=2656"}],"curies":[{"name":"wp","href":"https:\/\/api.w.org\/{rel}","templated":true}]}}