{"id":2752,"date":"2023-06-23T14:21:55","date_gmt":"2023-06-23T12:21:55","guid":{"rendered":"https:\/\/happypotame.com\/?post_type=product&#038;p=2752"},"modified":"2026-03-24T11:32:32","modified_gmt":"2026-03-24T10:32:32","slug":"carte-tu-mets-des-paquerettes-dans-ma-vie","status":"publish","type":"product","link":"https:\/\/happypotame.com\/index.php\/produit\/carte-tu-mets-des-paquerettes-dans-ma-vie\/","title":{"rendered":"Carte \u00ab\u00a0Tu mets des p\u00e2querettes dans ma vie\u00a0\u00bb"},"content":{"rendered":"<p class=\"p1\">Cette carte postale est imprim\u00e9e sur un papier de cr\u00e9ation 300g par Clo\u00eetre Imprimeurs, en Bretagne, \u00e0 St-Thonan plus exactement.<br \/>\nVous pouvez compl\u00e9ter votre achat avec une enveloppe kraft (onglet \u00ab\u00a0autres produits\u00a0\u00bb du menu de notre site).<\/p>\n<p>La carte inspir\u00e9e de la citation d&rsquo;Ines Reg : \u00ab\u00a0C&rsquo;est quand que tu vas mettre des paillettes dans ma vie Kevin\u00a0\u00bb. La carte parfaite pour dire \u00e0 nos proches qu&rsquo;ils \u00e9gaient notre vie et qu&rsquo;on les aime ! Une v\u00e9ritable invitation \u00e0 la nature, cette carte de paquerettes est un tr\u00e9sor botanique qui \u00e9merveillera les amateurs de verdure et les passionn\u00e9s de plantes.<\/p>\n<p class=\"p1\">Que vous soyez un collectionneur de cartes postales, un amoureux des plantes, arbres et fleurs, ou simplement quelqu&rsquo;un en qu\u00eate d&rsquo;un cadeau original, notre carte postale v\u00e9g\u00e9tale est un choix id\u00e9al. Elle vous permettra de partager votre passion pour le monde v\u00e9g\u00e9tal. \u00c0 offrir, envoyer, encadrer, \u00e9pingler, aimanter, scotcher\u2026 sans mod\u00e9ration, et dans toutes les pi\u00e8ces de la maison !<\/p>\n<p class=\"p1\">Explorez notre collection color\u00e9e de cartes postales illustr\u00e9es o\u00f9 les teintes vives se marient aux jeux de mots pour cr\u00e9er des compositions graphiques uniques et originales. Des \u00ab\u00a0ratons loveurs\u00a0\u00bb aux \u00ab\u00a0crazy biches\u00a0\u00bb, en passant par des \u00ab\u00a0fleurs succulentes \u00bb, plongez dans notre monde enchant\u00e9 de faune ou de flore o\u00f9 vous trouverez toutes sortes d\u2019animaux et de v\u00e9g\u00e9taux, tous illustr\u00e9s \u00e0 la main. Vous souhaitez transmettre vos pens\u00e9es ou d\u00e9corer votre int\u00e9rieur avec originalit\u00e9 ? Les cartes Happypotame sont id\u00e9ales font toujours plaisir aux personnes qui les re\u00e7oivent. Elles sont id\u00e9ales pour exprimer des v\u0153ux d&rsquo;anniversaire \u00e0 un amoureux de la faune ou pour partager des nouvelles r\u00e9jouissantes avec une touche d&rsquo;humour animalier.<\/p>\n","protected":false},"excerpt":{"rendered":"<p>La carte inspir\u00e9e de la citation d&rsquo;Ines Reg : \u00ab\u00a0C&rsquo;est quand que tu vas mettre des paillettes dans ma vie Kevin\u00a0\u00bb. La carte parfaite pour dire \u00e0 nos proches qu&rsquo;ils \u00e9gaient notre vie et qu&rsquo;on les aime !<\/p>\n<p class=\"p1\">Carte format 10&#215;15 cm.<br \/>\nCr\u00e9\u00e9e et imprim\u00e9e en France. Pure beurre Bzh !<br \/>\nVous pouvez compl\u00e9ter votre achat avec notre enveloppe kraft.<\/p>\n","protected":false},"featured_media":2663,"template":"","meta":[],"product_brand":[],"product_cat":[129,110,150,151,132],"product_tag":[],"class_list":{"0":"post-2752","1":"product","2":"type-product","3":"status-publish","4":"has-post-thumbnail","6":"product_cat-amitie-amour","7":"product_cat-cartes-postales","8":"product_cat-collection-vegetale","9":"product_cat-affiches-vegetaux","10":"product_cat-expressions","12":"first","13":"instock","14":"shipping-taxable","15":"purchasable","16":"product-type-simple"},"yoast_head":"<!-- This site is optimized with the Yoast SEO plugin v27.4 - https:\/\/yoast.com\/product\/yoast-seo-wordpress\/ -->\n<title>Carte &quot;Tu mets des p\u00e2querettes dans ma vie&quot; - Happypotame<\/title>\n<meta name=\"description\" content=\"Inspir\u00e9e de la citation d&#039;Ines Reg &quot;C&#039;est quand que tu vas mettre des paillettes dans ma vie&quot;, cette carte est parfaite pour dire \u00e0 nos proches qu&#039;ils \u00e9gaient notre vie !\" \/>\n<meta name=\"robots\" content=\"index, follow, max-snippet:-1, max-image-preview:large, max-video-preview:-1\" \/>\n<link rel=\"canonical\" href=\"https:\/\/happypotame.com\/index.php\/produit\/carte-tu-mets-des-paquerettes-dans-ma-vie\/\" \/>\n<meta property=\"og:locale\" content=\"fr_FR\" \/>\n<meta property=\"og:type\" content=\"article\" \/>\n<meta property=\"og:title\" content=\"Carte &quot;Tu mets des p\u00e2querettes dans ma vie&quot; - Happypotame\" \/>\n<meta property=\"og:description\" content=\"Inspir\u00e9e de la citation d&#039;Ines Reg &quot;C&#039;est quand que tu vas mettre des paillettes dans ma vie&quot;, cette carte est parfaite pour dire \u00e0 nos proches qu&#039;ils \u00e9gaient notre vie !\" \/>\n<meta property=\"og:url\" content=\"https:\/\/happypotame.com\/index.php\/produit\/carte-tu-mets-des-paquerettes-dans-ma-vie\/\" \/>\n<meta property=\"og:site_name\" content=\"Happypotame\" \/>\n<meta property=\"article:modified_time\" content=\"2026-03-24T10:32:32+00:00\" \/>\n<meta property=\"og:image\" content=\"https:\/\/happypotame.com\/wp-content\/uploads\/2023\/06\/Carte_Flore14.png\" \/>\n\t<meta property=\"og:image:width\" content=\"2480\" \/>\n\t<meta property=\"og:image:height\" content=\"3508\" \/>\n\t<meta property=\"og:image:type\" content=\"image\/png\" \/>\n<meta name=\"twitter:card\" content=\"summary_large_image\" \/>\n<meta name=\"twitter:label1\" content=\"Dur\u00e9e de lecture estim\u00e9e\" \/>\n\t<meta name=\"twitter:data1\" content=\"2 minutes\" \/>\n<script type=\"application\/ld+json\" class=\"yoast-schema-graph\">{\"@context\":\"https:\\\/\\\/schema.org\",\"@graph\":[{\"@type\":\"WebPage\",\"@id\":\"https:\\\/\\\/happypotame.com\\\/index.php\\\/produit\\\/carte-tu-mets-des-paquerettes-dans-ma-vie\\\/\",\"url\":\"https:\\\/\\\/happypotame.com\\\/index.php\\\/produit\\\/carte-tu-mets-des-paquerettes-dans-ma-vie\\\/\",\"name\":\"Carte \\\"Tu mets des p\u00e2querettes dans ma vie\\\" - Happypotame\",\"isPartOf\":{\"@id\":\"https:\\\/\\\/happypotame.com\\\/#website\"},\"primaryImageOfPage\":{\"@id\":\"https:\\\/\\\/happypotame.com\\\/index.php\\\/produit\\\/carte-tu-mets-des-paquerettes-dans-ma-vie\\\/#primaryimage\"},\"image\":{\"@id\":\"https:\\\/\\\/happypotame.com\\\/index.php\\\/produit\\\/carte-tu-mets-des-paquerettes-dans-ma-vie\\\/#primaryimage\"},\"thumbnailUrl\":\"https:\\\/\\\/happypotame.com\\\/wp-content\\\/uploads\\\/2023\\\/06\\\/Carte_Flore14.png\",\"datePublished\":\"2023-06-23T12:21:55+00:00\",\"dateModified\":\"2026-03-24T10:32:32+00:00\",\"description\":\"Inspir\u00e9e de la citation d'Ines Reg \\\"C'est quand que tu vas mettre des paillettes dans ma vie\\\", cette carte est parfaite pour dire \u00e0 nos proches qu'ils \u00e9gaient notre vie !\",\"breadcrumb\":{\"@id\":\"https:\\\/\\\/happypotame.com\\\/index.php\\\/produit\\\/carte-tu-mets-des-paquerettes-dans-ma-vie\\\/#breadcrumb\"},\"inLanguage\":\"fr-FR\",\"potentialAction\":[{\"@type\":\"ReadAction\",\"target\":[\"https:\\\/\\\/happypotame.com\\\/index.php\\\/produit\\\/carte-tu-mets-des-paquerettes-dans-ma-vie\\\/\"]}]},{\"@type\":\"ImageObject\",\"inLanguage\":\"fr-FR\",\"@id\":\"https:\\\/\\\/happypotame.com\\\/index.php\\\/produit\\\/carte-tu-mets-des-paquerettes-dans-ma-vie\\\/#primaryimage\",\"url\":\"https:\\\/\\\/happypotame.com\\\/wp-content\\\/uploads\\\/2023\\\/06\\\/Carte_Flore14.png\",\"contentUrl\":\"https:\\\/\\\/happypotame.com\\\/wp-content\\\/uploads\\\/2023\\\/06\\\/Carte_Flore14.png\",\"width\":2480,\"height\":3508},{\"@type\":\"BreadcrumbList\",\"@id\":\"https:\\\/\\\/happypotame.com\\\/index.php\\\/produit\\\/carte-tu-mets-des-paquerettes-dans-ma-vie\\\/#breadcrumb\",\"itemListElement\":[{\"@type\":\"ListItem\",\"position\":1,\"name\":\"Accueil\",\"item\":\"https:\\\/\\\/happypotame.com\\\/\"},{\"@type\":\"ListItem\",\"position\":2,\"name\":\"Boutique\",\"item\":\"https:\\\/\\\/happypotame.com\\\/index.php\\\/boutique\\\/\"},{\"@type\":\"ListItem\",\"position\":3,\"name\":\"Carte \u00ab\u00a0Tu mets des p\u00e2querettes dans ma vie\u00a0\u00bb\"}]},{\"@type\":\"WebSite\",\"@id\":\"https:\\\/\\\/happypotame.com\\\/#website\",\"url\":\"https:\\\/\\\/happypotame.com\\\/\",\"name\":\"Happypotame\",\"description\":\"\",\"publisher\":{\"@id\":\"https:\\\/\\\/happypotame.com\\\/#organization\"},\"potentialAction\":[{\"@type\":\"SearchAction\",\"target\":{\"@type\":\"EntryPoint\",\"urlTemplate\":\"https:\\\/\\\/happypotame.com\\\/?s={search_term_string}\"},\"query-input\":{\"@type\":\"PropertyValueSpecification\",\"valueRequired\":true,\"valueName\":\"search_term_string\"}}],\"inLanguage\":\"fr-FR\"},{\"@type\":\"Organization\",\"@id\":\"https:\\\/\\\/happypotame.com\\\/#organization\",\"name\":\"Happypotame\",\"url\":\"https:\\\/\\\/happypotame.com\\\/\",\"logo\":{\"@type\":\"ImageObject\",\"inLanguage\":\"fr-FR\",\"@id\":\"https:\\\/\\\/happypotame.com\\\/#\\\/schema\\\/logo\\\/image\\\/\",\"url\":\"https:\\\/\\\/happypotame.com\\\/wp-content\\\/uploads\\\/2022\\\/03\\\/cropped-Logo_Happypotame_vertical.png\",\"contentUrl\":\"https:\\\/\\\/happypotame.com\\\/wp-content\\\/uploads\\\/2022\\\/03\\\/cropped-Logo_Happypotame_vertical.png\",\"width\":4538,\"height\":945,\"caption\":\"Happypotame\"},\"image\":{\"@id\":\"https:\\\/\\\/happypotame.com\\\/#\\\/schema\\\/logo\\\/image\\\/\"},\"sameAs\":[\"https:\\\/\\\/www.instagram.com\\\/happypotame\\\/?hl=fr\"]}]}<\/script>\n<!-- \/ Yoast SEO plugin. -->","yoast_head_json":{"title":"Carte \"Tu mets des p\u00e2querettes dans ma vie\" - Happypotame","description":"Inspir\u00e9e de la citation d'Ines Reg \"C'est quand que tu vas mettre des paillettes dans ma vie\", cette carte est parfaite pour dire \u00e0 nos proches qu'ils \u00e9gaient notre vie !","robots":{"index":"index","follow":"follow","max-snippet":"max-snippet:-1","max-image-preview":"max-image-preview:large","max-video-preview":"max-video-preview:-1"},"canonical":"https:\/\/happypotame.com\/index.php\/produit\/carte-tu-mets-des-paquerettes-dans-ma-vie\/","og_locale":"fr_FR","og_type":"article","og_title":"Carte \"Tu mets des p\u00e2querettes dans ma vie\" - Happypotame","og_description":"Inspir\u00e9e de la citation d'Ines Reg \"C'est quand que tu vas mettre des paillettes dans ma vie\", cette carte est parfaite pour dire \u00e0 nos proches qu'ils \u00e9gaient notre vie !","og_url":"https:\/\/happypotame.com\/index.php\/produit\/carte-tu-mets-des-paquerettes-dans-ma-vie\/","og_site_name":"Happypotame","article_modified_time":"2026-03-24T10:32:32+00:00","og_image":[{"width":2480,"height":3508,"url":"https:\/\/happypotame.com\/wp-content\/uploads\/2023\/06\/Carte_Flore14.png","type":"image\/png"}],"twitter_card":"summary_large_image","twitter_misc":{"Dur\u00e9e de lecture estim\u00e9e":"2 minutes"},"schema":{"@context":"https:\/\/schema.org","@graph":[{"@type":"WebPage","@id":"https:\/\/happypotame.com\/index.php\/produit\/carte-tu-mets-des-paquerettes-dans-ma-vie\/","url":"https:\/\/happypotame.com\/index.php\/produit\/carte-tu-mets-des-paquerettes-dans-ma-vie\/","name":"Carte \"Tu mets des p\u00e2querettes dans ma vie\" - Happypotame","isPartOf":{"@id":"https:\/\/happypotame.com\/#website"},"primaryImageOfPage":{"@id":"https:\/\/happypotame.com\/index.php\/produit\/carte-tu-mets-des-paquerettes-dans-ma-vie\/#primaryimage"},"image":{"@id":"https:\/\/happypotame.com\/index.php\/produit\/carte-tu-mets-des-paquerettes-dans-ma-vie\/#primaryimage"},"thumbnailUrl":"https:\/\/happypotame.com\/wp-content\/uploads\/2023\/06\/Carte_Flore14.png","datePublished":"2023-06-23T12:21:55+00:00","dateModified":"2026-03-24T10:32:32+00:00","description":"Inspir\u00e9e de la citation d'Ines Reg \"C'est quand que tu vas mettre des paillettes dans ma vie\", cette carte est parfaite pour dire \u00e0 nos proches qu'ils \u00e9gaient notre vie !","breadcrumb":{"@id":"https:\/\/happypotame.com\/index.php\/produit\/carte-tu-mets-des-paquerettes-dans-ma-vie\/#breadcrumb"},"inLanguage":"fr-FR","potentialAction":[{"@type":"ReadAction","target":["https:\/\/happypotame.com\/index.php\/produit\/carte-tu-mets-des-paquerettes-dans-ma-vie\/"]}]},{"@type":"ImageObject","inLanguage":"fr-FR","@id":"https:\/\/happypotame.com\/index.php\/produit\/carte-tu-mets-des-paquerettes-dans-ma-vie\/#primaryimage","url":"https:\/\/happypotame.com\/wp-content\/uploads\/2023\/06\/Carte_Flore14.png","contentUrl":"https:\/\/happypotame.com\/wp-content\/uploads\/2023\/06\/Carte_Flore14.png","width":2480,"height":3508},{"@type":"BreadcrumbList","@id":"https:\/\/happypotame.com\/index.php\/produit\/carte-tu-mets-des-paquerettes-dans-ma-vie\/#breadcrumb","itemListElement":[{"@type":"ListItem","position":1,"name":"Accueil","item":"https:\/\/happypotame.com\/"},{"@type":"ListItem","position":2,"name":"Boutique","item":"https:\/\/happypotame.com\/index.php\/boutique\/"},{"@type":"ListItem","position":3,"name":"Carte \u00ab\u00a0Tu mets des p\u00e2querettes dans ma vie\u00a0\u00bb"}]},{"@type":"WebSite","@id":"https:\/\/happypotame.com\/#website","url":"https:\/\/happypotame.com\/","name":"Happypotame","description":"","publisher":{"@id":"https:\/\/happypotame.com\/#organization"},"potentialAction":[{"@type":"SearchAction","target":{"@type":"EntryPoint","urlTemplate":"https:\/\/happypotame.com\/?s={search_term_string}"},"query-input":{"@type":"PropertyValueSpecification","valueRequired":true,"valueName":"search_term_string"}}],"inLanguage":"fr-FR"},{"@type":"Organization","@id":"https:\/\/happypotame.com\/#organization","name":"Happypotame","url":"https:\/\/happypotame.com\/","logo":{"@type":"ImageObject","inLanguage":"fr-FR","@id":"https:\/\/happypotame.com\/#\/schema\/logo\/image\/","url":"https:\/\/happypotame.com\/wp-content\/uploads\/2022\/03\/cropped-Logo_Happypotame_vertical.png","contentUrl":"https:\/\/happypotame.com\/wp-content\/uploads\/2022\/03\/cropped-Logo_Happypotame_vertical.png","width":4538,"height":945,"caption":"Happypotame"},"image":{"@id":"https:\/\/happypotame.com\/#\/schema\/logo\/image\/"},"sameAs":["https:\/\/www.instagram.com\/happypotame\/?hl=fr"]}]}},"_links":{"self":[{"href":"https:\/\/happypotame.com\/index.php\/wp-json\/wp\/v2\/product\/2752","targetHints":{"allow":["GET"]}}],"collection":[{"href":"https:\/\/happypotame.com\/index.php\/wp-json\/wp\/v2\/product"}],"about":[{"href":"https:\/\/happypotame.com\/index.php\/wp-json\/wp\/v2\/types\/product"}],"wp:featuredmedia":[{"embeddable":true,"href":"https:\/\/happypotame.com\/index.php\/wp-json\/wp\/v2\/media\/2663"}],"wp:attachment":[{"href":"https:\/\/happypotame.com\/index.php\/wp-json\/wp\/v2\/media?parent=2752"}],"wp:term":[{"taxonomy":"product_brand","embeddable":true,"href":"https:\/\/happypotame.com\/index.php\/wp-json\/wp\/v2\/product_brand?post=2752"},{"taxonomy":"product_cat","embeddable":true,"href":"https:\/\/happypotame.com\/index.php\/wp-json\/wp\/v2\/product_cat?post=2752"},{"taxonomy":"product_tag","embeddable":true,"href":"https:\/\/happypotame.com\/index.php\/wp-json\/wp\/v2\/product_tag?post=2752"}],"curies":[{"name":"wp","href":"https:\/\/api.w.org\/{rel}","templated":true}]}}