{"id":2753,"date":"2023-06-23T14:43:39","date_gmt":"2023-06-23T12:43:39","guid":{"rendered":"https:\/\/happypotame.com\/?post_type=product&#038;p=2753"},"modified":"2023-06-28T20:47:59","modified_gmt":"2023-06-28T18:47:59","slug":"affiche-jonquille-rit-jonquille-pleure","status":"publish","type":"product","link":"https:\/\/happypotame.com\/index.php\/produit\/affiche-jonquille-rit-jonquille-pleure\/","title":{"rendered":"Affiche \u00ab\u00a0jonquille rit jonquille pleure\u00a0\u00bb"},"content":{"rendered":"<p class=\"p1\">Une v\u00e9ritable invitation \u00e0 la nature, cette affiche est un tr\u00e9sor botanique qui \u00e9merveillera les amateurs de verdure et les passionn\u00e9s de plantes.<\/p>\n<p class=\"p1\">Que vous soyez un amoureux des plantes ou simplement quelqu&rsquo;un en qu\u00eate d&rsquo;un cadeau original, cette affiche v\u00e9g\u00e9tale est un choix id\u00e9al. Elle vous permettra de partager votre passion pour la nature.<\/p>\n<p class=\"p1\">Commandez d\u00e8s maintenant notre collection v\u00e9g\u00e9tale (affiches, cartes postales) pour d\u00e9corer votre maison ou offrir \u00e0 vos proches lors de diverses occasions.<\/p>\n<p class=\"p1\">Cr\u00e9\u00e9 et imprim\u00e9 en France sur format A3, papier blanc 250g.<br \/>\nEnvoy\u00e9 dans un tube triangulaire, avec ou sans porte-affiche.<\/p>\n","protected":false},"excerpt":{"rendered":"<p>Que vous soyez un amoureux de la nature ou simplement quelqu&rsquo;un en qu\u00eate d&rsquo;un cadeau original, cette affiche v\u00e9g\u00e9tale est un choix id\u00e9al.<\/p>\n<p class=\"p1\">Format A3 (29,7&#215;42 cm).<br \/>\nAffiche cr\u00e9\u00e9e et imprim\u00e9 en France. Pure beurre Bzh !<br \/>\nPorte-affiche non inclus, disponible dans notre boutique.<\/p>\n","protected":false},"featured_media":2758,"template":"","meta":[],"product_brand":[],"product_cat":[151],"product_tag":[],"class_list":{"0":"post-2753","1":"product","2":"type-product","3":"status-publish","4":"has-post-thumbnail","6":"product_cat-affiches-vegetaux","8":"first","9":"instock","10":"shipping-taxable","11":"purchasable","12":"product-type-simple"},"yoast_head":"<!-- This site is optimized with the Yoast SEO plugin v27.4 - https:\/\/yoast.com\/product\/yoast-seo-wordpress\/ -->\n<title>Affiche Ab\u00e9c\u00e9daire des animaux - Happypotame<\/title>\n<meta name=\"description\" content=\"Une belle affiche de la collection v\u00e9g\u00e9tale pour les amoureux de la nature ! Faites (-vous) plaisir avec ces jonquilles dessin\u00e9es \u00e0 la main.\" \/>\n<meta name=\"robots\" content=\"index, follow, max-snippet:-1, max-image-preview:large, max-video-preview:-1\" \/>\n<link rel=\"canonical\" href=\"https:\/\/happypotame.com\/index.php\/produit\/affiche-jonquille-rit-jonquille-pleure\/\" \/>\n<meta property=\"og:locale\" content=\"fr_FR\" \/>\n<meta property=\"og:type\" content=\"article\" \/>\n<meta property=\"og:title\" content=\"Affiche Ab\u00e9c\u00e9daire des animaux - Happypotame\" \/>\n<meta property=\"og:description\" content=\"Une belle affiche de la collection v\u00e9g\u00e9tale pour les amoureux de la nature ! Faites (-vous) plaisir avec ces jonquilles dessin\u00e9es \u00e0 la main.\" \/>\n<meta property=\"og:url\" content=\"https:\/\/happypotame.com\/index.php\/produit\/affiche-jonquille-rit-jonquille-pleure\/\" \/>\n<meta property=\"og:site_name\" content=\"Happypotame\" \/>\n<meta property=\"article:modified_time\" content=\"2023-06-28T18:47:59+00:00\" \/>\n<meta property=\"og:image\" content=\"https:\/\/happypotame.com\/wp-content\/uploads\/2023\/06\/Affiches_flore_A3-1.png\" \/>\n\t<meta property=\"og:image:width\" content=\"1754\" \/>\n\t<meta property=\"og:image:height\" content=\"2480\" \/>\n\t<meta property=\"og:image:type\" content=\"image\/png\" \/>\n<meta name=\"twitter:card\" content=\"summary_large_image\" \/>\n<meta name=\"twitter:label1\" content=\"Dur\u00e9e de lecture estim\u00e9e\" \/>\n\t<meta name=\"twitter:data1\" content=\"1 minute\" \/>\n<script type=\"application\/ld+json\" class=\"yoast-schema-graph\">{\"@context\":\"https:\\\/\\\/schema.org\",\"@graph\":[{\"@type\":\"WebPage\",\"@id\":\"https:\\\/\\\/happypotame.com\\\/index.php\\\/produit\\\/affiche-jonquille-rit-jonquille-pleure\\\/\",\"url\":\"https:\\\/\\\/happypotame.com\\\/index.php\\\/produit\\\/affiche-jonquille-rit-jonquille-pleure\\\/\",\"name\":\"Affiche Ab\u00e9c\u00e9daire des animaux - Happypotame\",\"isPartOf\":{\"@id\":\"https:\\\/\\\/happypotame.com\\\/#website\"},\"primaryImageOfPage\":{\"@id\":\"https:\\\/\\\/happypotame.com\\\/index.php\\\/produit\\\/affiche-jonquille-rit-jonquille-pleure\\\/#primaryimage\"},\"image\":{\"@id\":\"https:\\\/\\\/happypotame.com\\\/index.php\\\/produit\\\/affiche-jonquille-rit-jonquille-pleure\\\/#primaryimage\"},\"thumbnailUrl\":\"https:\\\/\\\/happypotame.com\\\/wp-content\\\/uploads\\\/2023\\\/06\\\/Affiches_flore_A3-1.png\",\"datePublished\":\"2023-06-23T12:43:39+00:00\",\"dateModified\":\"2023-06-28T18:47:59+00:00\",\"description\":\"Une belle affiche de la collection v\u00e9g\u00e9tale pour les amoureux de la nature ! Faites (-vous) plaisir avec ces jonquilles dessin\u00e9es \u00e0 la main.\",\"breadcrumb\":{\"@id\":\"https:\\\/\\\/happypotame.com\\\/index.php\\\/produit\\\/affiche-jonquille-rit-jonquille-pleure\\\/#breadcrumb\"},\"inLanguage\":\"fr-FR\",\"potentialAction\":[{\"@type\":\"ReadAction\",\"target\":[\"https:\\\/\\\/happypotame.com\\\/index.php\\\/produit\\\/affiche-jonquille-rit-jonquille-pleure\\\/\"]}]},{\"@type\":\"ImageObject\",\"inLanguage\":\"fr-FR\",\"@id\":\"https:\\\/\\\/happypotame.com\\\/index.php\\\/produit\\\/affiche-jonquille-rit-jonquille-pleure\\\/#primaryimage\",\"url\":\"https:\\\/\\\/happypotame.com\\\/wp-content\\\/uploads\\\/2023\\\/06\\\/Affiches_flore_A3-1.png\",\"contentUrl\":\"https:\\\/\\\/happypotame.com\\\/wp-content\\\/uploads\\\/2023\\\/06\\\/Affiches_flore_A3-1.png\",\"width\":1754,\"height\":2480},{\"@type\":\"BreadcrumbList\",\"@id\":\"https:\\\/\\\/happypotame.com\\\/index.php\\\/produit\\\/affiche-jonquille-rit-jonquille-pleure\\\/#breadcrumb\",\"itemListElement\":[{\"@type\":\"ListItem\",\"position\":1,\"name\":\"Accueil\",\"item\":\"https:\\\/\\\/happypotame.com\\\/\"},{\"@type\":\"ListItem\",\"position\":2,\"name\":\"Boutique\",\"item\":\"https:\\\/\\\/happypotame.com\\\/index.php\\\/boutique\\\/\"},{\"@type\":\"ListItem\",\"position\":3,\"name\":\"Affiche \u00ab\u00a0jonquille rit jonquille pleure\u00a0\u00bb\"}]},{\"@type\":\"WebSite\",\"@id\":\"https:\\\/\\\/happypotame.com\\\/#website\",\"url\":\"https:\\\/\\\/happypotame.com\\\/\",\"name\":\"Happypotame\",\"description\":\"\",\"publisher\":{\"@id\":\"https:\\\/\\\/happypotame.com\\\/#organization\"},\"potentialAction\":[{\"@type\":\"SearchAction\",\"target\":{\"@type\":\"EntryPoint\",\"urlTemplate\":\"https:\\\/\\\/happypotame.com\\\/?s={search_term_string}\"},\"query-input\":{\"@type\":\"PropertyValueSpecification\",\"valueRequired\":true,\"valueName\":\"search_term_string\"}}],\"inLanguage\":\"fr-FR\"},{\"@type\":\"Organization\",\"@id\":\"https:\\\/\\\/happypotame.com\\\/#organization\",\"name\":\"Happypotame\",\"url\":\"https:\\\/\\\/happypotame.com\\\/\",\"logo\":{\"@type\":\"ImageObject\",\"inLanguage\":\"fr-FR\",\"@id\":\"https:\\\/\\\/happypotame.com\\\/#\\\/schema\\\/logo\\\/image\\\/\",\"url\":\"https:\\\/\\\/happypotame.com\\\/wp-content\\\/uploads\\\/2022\\\/03\\\/cropped-Logo_Happypotame_vertical.png\",\"contentUrl\":\"https:\\\/\\\/happypotame.com\\\/wp-content\\\/uploads\\\/2022\\\/03\\\/cropped-Logo_Happypotame_vertical.png\",\"width\":4538,\"height\":945,\"caption\":\"Happypotame\"},\"image\":{\"@id\":\"https:\\\/\\\/happypotame.com\\\/#\\\/schema\\\/logo\\\/image\\\/\"},\"sameAs\":[\"https:\\\/\\\/www.instagram.com\\\/happypotame\\\/?hl=fr\"]}]}<\/script>\n<!-- \/ Yoast SEO plugin. -->","yoast_head_json":{"title":"Affiche Ab\u00e9c\u00e9daire des animaux - Happypotame","description":"Une belle affiche de la collection v\u00e9g\u00e9tale pour les amoureux de la nature ! Faites (-vous) plaisir avec ces jonquilles dessin\u00e9es \u00e0 la main.","robots":{"index":"index","follow":"follow","max-snippet":"max-snippet:-1","max-image-preview":"max-image-preview:large","max-video-preview":"max-video-preview:-1"},"canonical":"https:\/\/happypotame.com\/index.php\/produit\/affiche-jonquille-rit-jonquille-pleure\/","og_locale":"fr_FR","og_type":"article","og_title":"Affiche Ab\u00e9c\u00e9daire des animaux - Happypotame","og_description":"Une belle affiche de la collection v\u00e9g\u00e9tale pour les amoureux de la nature ! Faites (-vous) plaisir avec ces jonquilles dessin\u00e9es \u00e0 la main.","og_url":"https:\/\/happypotame.com\/index.php\/produit\/affiche-jonquille-rit-jonquille-pleure\/","og_site_name":"Happypotame","article_modified_time":"2023-06-28T18:47:59+00:00","og_image":[{"width":1754,"height":2480,"url":"https:\/\/happypotame.com\/wp-content\/uploads\/2023\/06\/Affiches_flore_A3-1.png","type":"image\/png"}],"twitter_card":"summary_large_image","twitter_misc":{"Dur\u00e9e de lecture estim\u00e9e":"1 minute"},"schema":{"@context":"https:\/\/schema.org","@graph":[{"@type":"WebPage","@id":"https:\/\/happypotame.com\/index.php\/produit\/affiche-jonquille-rit-jonquille-pleure\/","url":"https:\/\/happypotame.com\/index.php\/produit\/affiche-jonquille-rit-jonquille-pleure\/","name":"Affiche Ab\u00e9c\u00e9daire des animaux - Happypotame","isPartOf":{"@id":"https:\/\/happypotame.com\/#website"},"primaryImageOfPage":{"@id":"https:\/\/happypotame.com\/index.php\/produit\/affiche-jonquille-rit-jonquille-pleure\/#primaryimage"},"image":{"@id":"https:\/\/happypotame.com\/index.php\/produit\/affiche-jonquille-rit-jonquille-pleure\/#primaryimage"},"thumbnailUrl":"https:\/\/happypotame.com\/wp-content\/uploads\/2023\/06\/Affiches_flore_A3-1.png","datePublished":"2023-06-23T12:43:39+00:00","dateModified":"2023-06-28T18:47:59+00:00","description":"Une belle affiche de la collection v\u00e9g\u00e9tale pour les amoureux de la nature ! Faites (-vous) plaisir avec ces jonquilles dessin\u00e9es \u00e0 la main.","breadcrumb":{"@id":"https:\/\/happypotame.com\/index.php\/produit\/affiche-jonquille-rit-jonquille-pleure\/#breadcrumb"},"inLanguage":"fr-FR","potentialAction":[{"@type":"ReadAction","target":["https:\/\/happypotame.com\/index.php\/produit\/affiche-jonquille-rit-jonquille-pleure\/"]}]},{"@type":"ImageObject","inLanguage":"fr-FR","@id":"https:\/\/happypotame.com\/index.php\/produit\/affiche-jonquille-rit-jonquille-pleure\/#primaryimage","url":"https:\/\/happypotame.com\/wp-content\/uploads\/2023\/06\/Affiches_flore_A3-1.png","contentUrl":"https:\/\/happypotame.com\/wp-content\/uploads\/2023\/06\/Affiches_flore_A3-1.png","width":1754,"height":2480},{"@type":"BreadcrumbList","@id":"https:\/\/happypotame.com\/index.php\/produit\/affiche-jonquille-rit-jonquille-pleure\/#breadcrumb","itemListElement":[{"@type":"ListItem","position":1,"name":"Accueil","item":"https:\/\/happypotame.com\/"},{"@type":"ListItem","position":2,"name":"Boutique","item":"https:\/\/happypotame.com\/index.php\/boutique\/"},{"@type":"ListItem","position":3,"name":"Affiche \u00ab\u00a0jonquille rit jonquille pleure\u00a0\u00bb"}]},{"@type":"WebSite","@id":"https:\/\/happypotame.com\/#website","url":"https:\/\/happypotame.com\/","name":"Happypotame","description":"","publisher":{"@id":"https:\/\/happypotame.com\/#organization"},"potentialAction":[{"@type":"SearchAction","target":{"@type":"EntryPoint","urlTemplate":"https:\/\/happypotame.com\/?s={search_term_string}"},"query-input":{"@type":"PropertyValueSpecification","valueRequired":true,"valueName":"search_term_string"}}],"inLanguage":"fr-FR"},{"@type":"Organization","@id":"https:\/\/happypotame.com\/#organization","name":"Happypotame","url":"https:\/\/happypotame.com\/","logo":{"@type":"ImageObject","inLanguage":"fr-FR","@id":"https:\/\/happypotame.com\/#\/schema\/logo\/image\/","url":"https:\/\/happypotame.com\/wp-content\/uploads\/2022\/03\/cropped-Logo_Happypotame_vertical.png","contentUrl":"https:\/\/happypotame.com\/wp-content\/uploads\/2022\/03\/cropped-Logo_Happypotame_vertical.png","width":4538,"height":945,"caption":"Happypotame"},"image":{"@id":"https:\/\/happypotame.com\/#\/schema\/logo\/image\/"},"sameAs":["https:\/\/www.instagram.com\/happypotame\/?hl=fr"]}]}},"_links":{"self":[{"href":"https:\/\/happypotame.com\/index.php\/wp-json\/wp\/v2\/product\/2753","targetHints":{"allow":["GET"]}}],"collection":[{"href":"https:\/\/happypotame.com\/index.php\/wp-json\/wp\/v2\/product"}],"about":[{"href":"https:\/\/happypotame.com\/index.php\/wp-json\/wp\/v2\/types\/product"}],"wp:featuredmedia":[{"embeddable":true,"href":"https:\/\/happypotame.com\/index.php\/wp-json\/wp\/v2\/media\/2758"}],"wp:attachment":[{"href":"https:\/\/happypotame.com\/index.php\/wp-json\/wp\/v2\/media?parent=2753"}],"wp:term":[{"taxonomy":"product_brand","embeddable":true,"href":"https:\/\/happypotame.com\/index.php\/wp-json\/wp\/v2\/product_brand?post=2753"},{"taxonomy":"product_cat","embeddable":true,"href":"https:\/\/happypotame.com\/index.php\/wp-json\/wp\/v2\/product_cat?post=2753"},{"taxonomy":"product_tag","embeddable":true,"href":"https:\/\/happypotame.com\/index.php\/wp-json\/wp\/v2\/product_tag?post=2753"}],"curies":[{"name":"wp","href":"https:\/\/api.w.org\/{rel}","templated":true}]}}