{"id":2879,"date":"2023-10-06T16:50:24","date_gmt":"2023-10-06T14:50:24","guid":{"rendered":"https:\/\/happypotame.com\/?post_type=product&#038;p=2879"},"modified":"2026-01-16T16:42:29","modified_gmt":"2026-01-16T15:42:29","slug":"enveloppe-kraft","status":"publish","type":"product","link":"https:\/\/happypotame.com\/index.php\/produit\/enveloppe-kraft\/","title":{"rendered":"Enveloppe kraft"},"content":{"rendered":"<p>Enveloppe en papier kraft.<\/p>\n<p><span class=\"a-list-item\">Format C6 &#8211; 163 x 112 mm<br \/>\nPoids &#8211; 130 g\/m\u00b2<\/span><\/p>\n<p><span class=\"a-list-item\">Adh\u00e9sif naturel &#8211; Bien humidifier la surface de l&rsquo;adh\u00e9sif puis fermer le rabat et appuyer dessus.<\/span><\/p>\n<p><span class=\"a-list-item\">Id\u00e9al pour offrir ou poster nos cartes postales Happypotame, \u00e0 l&rsquo;occasion d&rsquo;anniversaires, de naissances, de bapt\u00eames, de mariages, ou toute autre occasion particuli\u00e8re ou non. Elles peuvent \u00e9galement servir dans les bureaux, les maisons, les \u00e9coles, mais aussi dans les magasins, les bureaux de poste, les boutiques de cadeaux, etc.<\/span><\/p>\n<p>&nbsp;<\/p>\n<h4 class=\"a-spacing-mini\">100% naturel &#8211; en harmonie avec la nature<\/h4>\n<p>Papier naturel fabriqu\u00e9 \u00e0 partir de mat\u00e9riaux recycl\u00e9s. Sa surface l\u00e9g\u00e8rement rugueuse est sans reflet, brillance ou rev\u00eatement. Aucune substances nocives ou chlore utilis\u00e9s pendant la production.<\/p>\n","protected":false},"excerpt":{"rendered":"<p>Enveloppe en papier kraft. <span class=\"a-list-item\">Id\u00e9al pour offrir ou poster nos cartes postales Happypotame !<\/span><\/p>\n<p><span class=\"a-list-item\">Format C6 &#8211; 163 x 112 mm<br \/>\nPoids &#8211; 130 g\/m\u00b2<br \/>\n<\/span><span class=\"a-list-item\">Adh\u00e9sif naturel<\/span><\/p>\n","protected":false},"featured_media":2880,"template":"","meta":[],"product_brand":[],"product_cat":[122,110],"product_tag":[],"class_list":{"0":"post-2879","1":"product","2":"type-product","3":"status-publish","4":"has-post-thumbnail","6":"product_cat-autres-produits","7":"product_cat-cartes-postales","9":"first","10":"instock","11":"shipping-taxable","12":"purchasable","13":"product-type-simple"},"yoast_head":"<!-- This site is optimized with the Yoast SEO plugin v27.4 - https:\/\/yoast.com\/product\/yoast-seo-wordpress\/ -->\n<title>Enveloppe kraft - Happypotame<\/title>\n<meta name=\"description\" content=\"Happypotame propose des cartes postales et des affiches avec de dr\u00f4les d&#039;animaux et jeux de mots.\" \/>\n<meta name=\"robots\" content=\"index, follow, max-snippet:-1, max-image-preview:large, max-video-preview:-1\" \/>\n<link rel=\"canonical\" href=\"https:\/\/happypotame.com\/index.php\/produit\/enveloppe-kraft\/\" \/>\n<meta property=\"og:locale\" content=\"fr_FR\" \/>\n<meta property=\"og:type\" content=\"article\" \/>\n<meta property=\"og:title\" content=\"Enveloppe kraft - Happypotame\" \/>\n<meta property=\"og:description\" content=\"Happypotame propose des cartes postales et des affiches avec de dr\u00f4les d&#039;animaux et jeux de mots.\" \/>\n<meta property=\"og:url\" content=\"https:\/\/happypotame.com\/index.php\/produit\/enveloppe-kraft\/\" \/>\n<meta property=\"og:site_name\" content=\"Happypotame\" \/>\n<meta property=\"article:modified_time\" content=\"2026-01-16T15:42:29+00:00\" \/>\n<meta property=\"og:image\" content=\"https:\/\/happypotame.com\/wp-content\/uploads\/2023\/10\/Enveloppes_kraft-scaled.webp\" \/>\n\t<meta property=\"og:image:width\" content=\"1810\" \/>\n\t<meta property=\"og:image:height\" content=\"2560\" \/>\n\t<meta property=\"og:image:type\" content=\"image\/webp\" \/>\n<meta name=\"twitter:card\" content=\"summary_large_image\" \/>\n<meta name=\"twitter:label1\" content=\"Dur\u00e9e de lecture estim\u00e9e\" \/>\n\t<meta name=\"twitter:data1\" content=\"1 minute\" \/>\n<script type=\"application\/ld+json\" class=\"yoast-schema-graph\">{\"@context\":\"https:\\\/\\\/schema.org\",\"@graph\":[{\"@type\":\"WebPage\",\"@id\":\"https:\\\/\\\/happypotame.com\\\/index.php\\\/produit\\\/enveloppe-kraft\\\/\",\"url\":\"https:\\\/\\\/happypotame.com\\\/index.php\\\/produit\\\/enveloppe-kraft\\\/\",\"name\":\"Enveloppe kraft - Happypotame\",\"isPartOf\":{\"@id\":\"https:\\\/\\\/happypotame.com\\\/#website\"},\"primaryImageOfPage\":{\"@id\":\"https:\\\/\\\/happypotame.com\\\/index.php\\\/produit\\\/enveloppe-kraft\\\/#primaryimage\"},\"image\":{\"@id\":\"https:\\\/\\\/happypotame.com\\\/index.php\\\/produit\\\/enveloppe-kraft\\\/#primaryimage\"},\"thumbnailUrl\":\"https:\\\/\\\/happypotame.com\\\/wp-content\\\/uploads\\\/2023\\\/10\\\/Enveloppes_kraft-scaled.webp\",\"datePublished\":\"2023-10-06T14:50:24+00:00\",\"dateModified\":\"2026-01-16T15:42:29+00:00\",\"description\":\"Happypotame propose des cartes postales et des affiches avec de dr\u00f4les d'animaux et jeux de mots.\",\"breadcrumb\":{\"@id\":\"https:\\\/\\\/happypotame.com\\\/index.php\\\/produit\\\/enveloppe-kraft\\\/#breadcrumb\"},\"inLanguage\":\"fr-FR\",\"potentialAction\":[{\"@type\":\"ReadAction\",\"target\":[\"https:\\\/\\\/happypotame.com\\\/index.php\\\/produit\\\/enveloppe-kraft\\\/\"]}]},{\"@type\":\"ImageObject\",\"inLanguage\":\"fr-FR\",\"@id\":\"https:\\\/\\\/happypotame.com\\\/index.php\\\/produit\\\/enveloppe-kraft\\\/#primaryimage\",\"url\":\"https:\\\/\\\/happypotame.com\\\/wp-content\\\/uploads\\\/2023\\\/10\\\/Enveloppes_kraft-scaled.webp\",\"contentUrl\":\"https:\\\/\\\/happypotame.com\\\/wp-content\\\/uploads\\\/2023\\\/10\\\/Enveloppes_kraft-scaled.webp\",\"width\":1810,\"height\":2560},{\"@type\":\"BreadcrumbList\",\"@id\":\"https:\\\/\\\/happypotame.com\\\/index.php\\\/produit\\\/enveloppe-kraft\\\/#breadcrumb\",\"itemListElement\":[{\"@type\":\"ListItem\",\"position\":1,\"name\":\"Accueil\",\"item\":\"https:\\\/\\\/happypotame.com\\\/\"},{\"@type\":\"ListItem\",\"position\":2,\"name\":\"Boutique\",\"item\":\"https:\\\/\\\/happypotame.com\\\/index.php\\\/boutique\\\/\"},{\"@type\":\"ListItem\",\"position\":3,\"name\":\"Enveloppe kraft\"}]},{\"@type\":\"WebSite\",\"@id\":\"https:\\\/\\\/happypotame.com\\\/#website\",\"url\":\"https:\\\/\\\/happypotame.com\\\/\",\"name\":\"Happypotame\",\"description\":\"\",\"publisher\":{\"@id\":\"https:\\\/\\\/happypotame.com\\\/#organization\"},\"potentialAction\":[{\"@type\":\"SearchAction\",\"target\":{\"@type\":\"EntryPoint\",\"urlTemplate\":\"https:\\\/\\\/happypotame.com\\\/?s={search_term_string}\"},\"query-input\":{\"@type\":\"PropertyValueSpecification\",\"valueRequired\":true,\"valueName\":\"search_term_string\"}}],\"inLanguage\":\"fr-FR\"},{\"@type\":\"Organization\",\"@id\":\"https:\\\/\\\/happypotame.com\\\/#organization\",\"name\":\"Happypotame\",\"url\":\"https:\\\/\\\/happypotame.com\\\/\",\"logo\":{\"@type\":\"ImageObject\",\"inLanguage\":\"fr-FR\",\"@id\":\"https:\\\/\\\/happypotame.com\\\/#\\\/schema\\\/logo\\\/image\\\/\",\"url\":\"https:\\\/\\\/happypotame.com\\\/wp-content\\\/uploads\\\/2022\\\/03\\\/cropped-Logo_Happypotame_vertical.png\",\"contentUrl\":\"https:\\\/\\\/happypotame.com\\\/wp-content\\\/uploads\\\/2022\\\/03\\\/cropped-Logo_Happypotame_vertical.png\",\"width\":4538,\"height\":945,\"caption\":\"Happypotame\"},\"image\":{\"@id\":\"https:\\\/\\\/happypotame.com\\\/#\\\/schema\\\/logo\\\/image\\\/\"},\"sameAs\":[\"https:\\\/\\\/www.instagram.com\\\/happypotame\\\/?hl=fr\"]}]}<\/script>\n<!-- \/ Yoast SEO plugin. -->","yoast_head_json":{"title":"Enveloppe kraft - Happypotame","description":"Happypotame propose des cartes postales et des affiches avec de dr\u00f4les d'animaux et jeux de mots.","robots":{"index":"index","follow":"follow","max-snippet":"max-snippet:-1","max-image-preview":"max-image-preview:large","max-video-preview":"max-video-preview:-1"},"canonical":"https:\/\/happypotame.com\/index.php\/produit\/enveloppe-kraft\/","og_locale":"fr_FR","og_type":"article","og_title":"Enveloppe kraft - Happypotame","og_description":"Happypotame propose des cartes postales et des affiches avec de dr\u00f4les d'animaux et jeux de mots.","og_url":"https:\/\/happypotame.com\/index.php\/produit\/enveloppe-kraft\/","og_site_name":"Happypotame","article_modified_time":"2026-01-16T15:42:29+00:00","og_image":[{"width":1810,"height":2560,"url":"https:\/\/happypotame.com\/wp-content\/uploads\/2023\/10\/Enveloppes_kraft-scaled.webp","type":"image\/webp"}],"twitter_card":"summary_large_image","twitter_misc":{"Dur\u00e9e de lecture estim\u00e9e":"1 minute"},"schema":{"@context":"https:\/\/schema.org","@graph":[{"@type":"WebPage","@id":"https:\/\/happypotame.com\/index.php\/produit\/enveloppe-kraft\/","url":"https:\/\/happypotame.com\/index.php\/produit\/enveloppe-kraft\/","name":"Enveloppe kraft - Happypotame","isPartOf":{"@id":"https:\/\/happypotame.com\/#website"},"primaryImageOfPage":{"@id":"https:\/\/happypotame.com\/index.php\/produit\/enveloppe-kraft\/#primaryimage"},"image":{"@id":"https:\/\/happypotame.com\/index.php\/produit\/enveloppe-kraft\/#primaryimage"},"thumbnailUrl":"https:\/\/happypotame.com\/wp-content\/uploads\/2023\/10\/Enveloppes_kraft-scaled.webp","datePublished":"2023-10-06T14:50:24+00:00","dateModified":"2026-01-16T15:42:29+00:00","description":"Happypotame propose des cartes postales et des affiches avec de dr\u00f4les d'animaux et jeux de mots.","breadcrumb":{"@id":"https:\/\/happypotame.com\/index.php\/produit\/enveloppe-kraft\/#breadcrumb"},"inLanguage":"fr-FR","potentialAction":[{"@type":"ReadAction","target":["https:\/\/happypotame.com\/index.php\/produit\/enveloppe-kraft\/"]}]},{"@type":"ImageObject","inLanguage":"fr-FR","@id":"https:\/\/happypotame.com\/index.php\/produit\/enveloppe-kraft\/#primaryimage","url":"https:\/\/happypotame.com\/wp-content\/uploads\/2023\/10\/Enveloppes_kraft-scaled.webp","contentUrl":"https:\/\/happypotame.com\/wp-content\/uploads\/2023\/10\/Enveloppes_kraft-scaled.webp","width":1810,"height":2560},{"@type":"BreadcrumbList","@id":"https:\/\/happypotame.com\/index.php\/produit\/enveloppe-kraft\/#breadcrumb","itemListElement":[{"@type":"ListItem","position":1,"name":"Accueil","item":"https:\/\/happypotame.com\/"},{"@type":"ListItem","position":2,"name":"Boutique","item":"https:\/\/happypotame.com\/index.php\/boutique\/"},{"@type":"ListItem","position":3,"name":"Enveloppe kraft"}]},{"@type":"WebSite","@id":"https:\/\/happypotame.com\/#website","url":"https:\/\/happypotame.com\/","name":"Happypotame","description":"","publisher":{"@id":"https:\/\/happypotame.com\/#organization"},"potentialAction":[{"@type":"SearchAction","target":{"@type":"EntryPoint","urlTemplate":"https:\/\/happypotame.com\/?s={search_term_string}"},"query-input":{"@type":"PropertyValueSpecification","valueRequired":true,"valueName":"search_term_string"}}],"inLanguage":"fr-FR"},{"@type":"Organization","@id":"https:\/\/happypotame.com\/#organization","name":"Happypotame","url":"https:\/\/happypotame.com\/","logo":{"@type":"ImageObject","inLanguage":"fr-FR","@id":"https:\/\/happypotame.com\/#\/schema\/logo\/image\/","url":"https:\/\/happypotame.com\/wp-content\/uploads\/2022\/03\/cropped-Logo_Happypotame_vertical.png","contentUrl":"https:\/\/happypotame.com\/wp-content\/uploads\/2022\/03\/cropped-Logo_Happypotame_vertical.png","width":4538,"height":945,"caption":"Happypotame"},"image":{"@id":"https:\/\/happypotame.com\/#\/schema\/logo\/image\/"},"sameAs":["https:\/\/www.instagram.com\/happypotame\/?hl=fr"]}]}},"_links":{"self":[{"href":"https:\/\/happypotame.com\/index.php\/wp-json\/wp\/v2\/product\/2879","targetHints":{"allow":["GET"]}}],"collection":[{"href":"https:\/\/happypotame.com\/index.php\/wp-json\/wp\/v2\/product"}],"about":[{"href":"https:\/\/happypotame.com\/index.php\/wp-json\/wp\/v2\/types\/product"}],"wp:featuredmedia":[{"embeddable":true,"href":"https:\/\/happypotame.com\/index.php\/wp-json\/wp\/v2\/media\/2880"}],"wp:attachment":[{"href":"https:\/\/happypotame.com\/index.php\/wp-json\/wp\/v2\/media?parent=2879"}],"wp:term":[{"taxonomy":"product_brand","embeddable":true,"href":"https:\/\/happypotame.com\/index.php\/wp-json\/wp\/v2\/product_brand?post=2879"},{"taxonomy":"product_cat","embeddable":true,"href":"https:\/\/happypotame.com\/index.php\/wp-json\/wp\/v2\/product_cat?post=2879"},{"taxonomy":"product_tag","embeddable":true,"href":"https:\/\/happypotame.com\/index.php\/wp-json\/wp\/v2\/product_tag?post=2879"}],"curies":[{"name":"wp","href":"https:\/\/api.w.org\/{rel}","templated":true}]}}