{"id":2955,"date":"2023-11-16T07:47:54","date_gmt":"2023-11-16T06:47:54","guid":{"rendered":"https:\/\/happypotame.com\/?post_type=product&#038;p=2955"},"modified":"2025-11-17T08:04:46","modified_gmt":"2025-11-17T07:04:46","slug":"carte-joyeuses-fetes","status":"publish","type":"product","link":"https:\/\/happypotame.com\/index.php\/produit\/carte-joyeuses-fetes\/","title":{"rendered":"Carte \u00ab\u00a0Mon beau sapin roi des for\u00eats\u00a0\u00bb"},"content":{"rendered":"<p class=\"p1\">Cette carte postale est imprim\u00e9e sur un papier de cr\u00e9ation 300g par Clo\u00eetre Imprimeurs, en Bretagne, \u00e0 St-Thonan plus exactement.<br \/>\nVous pouvez compl\u00e9ter votre achat avec une enveloppe kraft (onglet \u00ab\u00a0autres produits\u00a0\u00bb du menu de notre site).<\/p>\n<p class=\"p1\">Notre carte de No\u00ebl con\u00e7ue avec soin capture l&rsquo;esprit festif avec des tons de vert apaisants et des accents vibrants de rose. L&rsquo;inscription \u00ab\u00a0Mon beau sapin roi des for\u00eats\u00a0\u00bb ajoute une touche nostalgique, \u00e9voquant le chant et les traditions chaleureuses de No\u00ebl. Imprim\u00e9e sur un papier de qualit\u00e9, cette carte incarne l&rsquo;\u00e9l\u00e9gance et la finesse. Offrez \u00e0 vos proches cette jolie carte qui fait fusionner tradition et modernit\u00e9. Que vous l&rsquo;envoyiez \u00e0 des amis, \u00e0 la famille ou que vous l&rsquo;utilisiez comme d\u00e9coration, cette carte de No\u00ebl apportera une ambiance festive o\u00f9 qu&rsquo;elle soit. Commandez-la d\u00e8s maintenant pour ajouter une note de magie et d&rsquo;amour \u00e0 vos c\u00e9l\u00e9brations de fin d&rsquo;ann\u00e9e. \u00c0 offrir, envoyer, encadrer, \u00e9pingler, aimanter, scotcher\u2026 sans mod\u00e9ration, et dans toutes les pi\u00e8ces de la maison !<\/p>\n<p class=\"p1\">Explorez notre collection color\u00e9e de cartes postales illustr\u00e9es o\u00f9 les teintes vives se marient aux jeux de mots pour cr\u00e9er des compositions graphiques uniques et originales. Des \u00ab\u00a0ratons loveurs\u00a0\u00bb aux \u00ab\u00a0crazy biches\u00a0\u00bb, en passant par des \u00ab\u00a0fleurs succulentes \u00bb, plongez dans notre monde enchant\u00e9 de faune ou de flore o\u00f9 vous trouverez toutes sortes d\u2019animaux et de v\u00e9g\u00e9taux, tous illustr\u00e9s \u00e0 la main. Vous souhaitez transmettre vos pens\u00e9es ou d\u00e9corer votre int\u00e9rieur avec originalit\u00e9 ? Les cartes Happypotame sont id\u00e9ales font toujours plaisir aux personnes qui les re\u00e7oivent. Elles sont id\u00e9ales pour exprimer des v\u0153ux d&rsquo;anniversaire \u00e0 un amoureux de la faune ou pour partager des nouvelles r\u00e9jouissantes avec une touche d&rsquo;humour animalier.<\/p>\n","protected":false},"excerpt":{"rendered":"<p class=\"p1\">Notre carte de No\u00ebl con\u00e7ue avec soin capture l&rsquo;esprit festif avec des tons de vert apaisants et des accents vibrants de rose. Elle ajoute une touche nostalgique, \u00e9voquant le chant et les traditions chaleureuses de No\u00ebl.<br \/>\n\u00c0 offrir, envoyer, encadrer, \u00e9pingler, aimanter, scotcher\u2026 !<\/p>\n<p class=\"p1\">Carte format 10&#215;15 cm.<br \/>\nCr\u00e9\u00e9e et imprim\u00e9e en France. Pure beurre Bzh !<br \/>\nVous pouvez compl\u00e9ter votre achat avec notre enveloppe kraft.<\/p>\n","protected":false},"featured_media":2929,"template":"","meta":[],"product_brand":[],"product_cat":[110,150,151,154],"product_tag":[],"class_list":{"0":"post-2955","1":"product","2":"type-product","3":"status-publish","4":"has-post-thumbnail","6":"product_cat-cartes-postales","7":"product_cat-collection-vegetale","8":"product_cat-affiches-vegetaux","9":"product_cat-noel-et-nouvel-an","11":"first","12":"instock","13":"shipping-taxable","14":"purchasable","15":"product-type-simple"},"yoast_head":"<!-- This site is optimized with the Yoast SEO plugin v27.4 - https:\/\/yoast.com\/product\/yoast-seo-wordpress\/ -->\n<title>Carte &quot;Mon beau sapin roi des for\u00eats&quot; - Happypotame<\/title>\n<meta name=\"description\" content=\"Une jolie carte avec un &quot;beau sapin&quot; reprenant le fameux chant de No\u00ebl. L&#039;attention id\u00e9ale pour dire \u00e0 nos proches qu&#039;on pense \u00e0 eux.\" \/>\n<meta name=\"robots\" content=\"index, follow, max-snippet:-1, max-image-preview:large, max-video-preview:-1\" \/>\n<link rel=\"canonical\" href=\"http:\/\/happypotame.com\/index.php\/produit\/carte-joyeuses-fetes\/\" \/>\n<meta property=\"og:locale\" content=\"fr_FR\" \/>\n<meta property=\"og:type\" content=\"article\" \/>\n<meta property=\"og:title\" content=\"Carte &quot;Mon beau sapin roi des for\u00eats&quot; - Happypotame\" \/>\n<meta property=\"og:description\" content=\"Une jolie carte avec un &quot;beau sapin&quot; reprenant le fameux chant de No\u00ebl. L&#039;attention id\u00e9ale pour dire \u00e0 nos proches qu&#039;on pense \u00e0 eux.\" \/>\n<meta property=\"og:url\" content=\"http:\/\/happypotame.com\/index.php\/produit\/carte-joyeuses-fetes\/\" \/>\n<meta property=\"og:site_name\" content=\"Happypotame\" \/>\n<meta property=\"article:modified_time\" content=\"2025-11-17T07:04:46+00:00\" \/>\n<meta property=\"og:image\" content=\"http:\/\/happypotame.com\/wp-content\/uploads\/2023\/11\/Carte_partie44.png\" \/>\n\t<meta property=\"og:image:width\" content=\"2480\" \/>\n\t<meta property=\"og:image:height\" content=\"3508\" \/>\n\t<meta property=\"og:image:type\" content=\"image\/png\" \/>\n<meta name=\"twitter:card\" content=\"summary_large_image\" \/>\n<meta name=\"twitter:label1\" content=\"Dur\u00e9e de lecture estim\u00e9e\" \/>\n\t<meta name=\"twitter:data1\" content=\"2 minutes\" \/>\n<script type=\"application\/ld+json\" class=\"yoast-schema-graph\">{\"@context\":\"https:\\\/\\\/schema.org\",\"@graph\":[{\"@type\":\"WebPage\",\"@id\":\"http:\\\/\\\/happypotame.com\\\/index.php\\\/produit\\\/carte-joyeuses-fetes\\\/\",\"url\":\"http:\\\/\\\/happypotame.com\\\/index.php\\\/produit\\\/carte-joyeuses-fetes\\\/\",\"name\":\"Carte \\\"Mon beau sapin roi des for\u00eats\\\" - Happypotame\",\"isPartOf\":{\"@id\":\"https:\\\/\\\/happypotame.com\\\/#website\"},\"primaryImageOfPage\":{\"@id\":\"http:\\\/\\\/happypotame.com\\\/index.php\\\/produit\\\/carte-joyeuses-fetes\\\/#primaryimage\"},\"image\":{\"@id\":\"http:\\\/\\\/happypotame.com\\\/index.php\\\/produit\\\/carte-joyeuses-fetes\\\/#primaryimage\"},\"thumbnailUrl\":\"https:\\\/\\\/happypotame.com\\\/wp-content\\\/uploads\\\/2023\\\/11\\\/Carte_partie44.png\",\"datePublished\":\"2023-11-16T06:47:54+00:00\",\"dateModified\":\"2025-11-17T07:04:46+00:00\",\"description\":\"Une jolie carte avec un \\\"beau sapin\\\" reprenant le fameux chant de No\u00ebl. L'attention id\u00e9ale pour dire \u00e0 nos proches qu'on pense \u00e0 eux.\",\"breadcrumb\":{\"@id\":\"http:\\\/\\\/happypotame.com\\\/index.php\\\/produit\\\/carte-joyeuses-fetes\\\/#breadcrumb\"},\"inLanguage\":\"fr-FR\",\"potentialAction\":[{\"@type\":\"ReadAction\",\"target\":[\"http:\\\/\\\/happypotame.com\\\/index.php\\\/produit\\\/carte-joyeuses-fetes\\\/\"]}]},{\"@type\":\"ImageObject\",\"inLanguage\":\"fr-FR\",\"@id\":\"http:\\\/\\\/happypotame.com\\\/index.php\\\/produit\\\/carte-joyeuses-fetes\\\/#primaryimage\",\"url\":\"https:\\\/\\\/happypotame.com\\\/wp-content\\\/uploads\\\/2023\\\/11\\\/Carte_partie44.png\",\"contentUrl\":\"https:\\\/\\\/happypotame.com\\\/wp-content\\\/uploads\\\/2023\\\/11\\\/Carte_partie44.png\",\"width\":2480,\"height\":3508},{\"@type\":\"BreadcrumbList\",\"@id\":\"http:\\\/\\\/happypotame.com\\\/index.php\\\/produit\\\/carte-joyeuses-fetes\\\/#breadcrumb\",\"itemListElement\":[{\"@type\":\"ListItem\",\"position\":1,\"name\":\"Accueil\",\"item\":\"https:\\\/\\\/happypotame.com\\\/\"},{\"@type\":\"ListItem\",\"position\":2,\"name\":\"Boutique\",\"item\":\"https:\\\/\\\/happypotame.com\\\/index.php\\\/boutique\\\/\"},{\"@type\":\"ListItem\",\"position\":3,\"name\":\"Carte \u00ab\u00a0Mon beau sapin roi des for\u00eats\u00a0\u00bb\"}]},{\"@type\":\"WebSite\",\"@id\":\"https:\\\/\\\/happypotame.com\\\/#website\",\"url\":\"https:\\\/\\\/happypotame.com\\\/\",\"name\":\"Happypotame\",\"description\":\"\",\"publisher\":{\"@id\":\"https:\\\/\\\/happypotame.com\\\/#organization\"},\"potentialAction\":[{\"@type\":\"SearchAction\",\"target\":{\"@type\":\"EntryPoint\",\"urlTemplate\":\"https:\\\/\\\/happypotame.com\\\/?s={search_term_string}\"},\"query-input\":{\"@type\":\"PropertyValueSpecification\",\"valueRequired\":true,\"valueName\":\"search_term_string\"}}],\"inLanguage\":\"fr-FR\"},{\"@type\":\"Organization\",\"@id\":\"https:\\\/\\\/happypotame.com\\\/#organization\",\"name\":\"Happypotame\",\"url\":\"https:\\\/\\\/happypotame.com\\\/\",\"logo\":{\"@type\":\"ImageObject\",\"inLanguage\":\"fr-FR\",\"@id\":\"https:\\\/\\\/happypotame.com\\\/#\\\/schema\\\/logo\\\/image\\\/\",\"url\":\"https:\\\/\\\/happypotame.com\\\/wp-content\\\/uploads\\\/2022\\\/03\\\/cropped-Logo_Happypotame_vertical.png\",\"contentUrl\":\"https:\\\/\\\/happypotame.com\\\/wp-content\\\/uploads\\\/2022\\\/03\\\/cropped-Logo_Happypotame_vertical.png\",\"width\":4538,\"height\":945,\"caption\":\"Happypotame\"},\"image\":{\"@id\":\"https:\\\/\\\/happypotame.com\\\/#\\\/schema\\\/logo\\\/image\\\/\"},\"sameAs\":[\"https:\\\/\\\/www.instagram.com\\\/happypotame\\\/?hl=fr\"]}]}<\/script>\n<!-- \/ Yoast SEO plugin. -->","yoast_head_json":{"title":"Carte \"Mon beau sapin roi des for\u00eats\" - Happypotame","description":"Une jolie carte avec un \"beau sapin\" reprenant le fameux chant de No\u00ebl. L'attention id\u00e9ale pour dire \u00e0 nos proches qu'on pense \u00e0 eux.","robots":{"index":"index","follow":"follow","max-snippet":"max-snippet:-1","max-image-preview":"max-image-preview:large","max-video-preview":"max-video-preview:-1"},"canonical":"http:\/\/happypotame.com\/index.php\/produit\/carte-joyeuses-fetes\/","og_locale":"fr_FR","og_type":"article","og_title":"Carte \"Mon beau sapin roi des for\u00eats\" - Happypotame","og_description":"Une jolie carte avec un \"beau sapin\" reprenant le fameux chant de No\u00ebl. L'attention id\u00e9ale pour dire \u00e0 nos proches qu'on pense \u00e0 eux.","og_url":"http:\/\/happypotame.com\/index.php\/produit\/carte-joyeuses-fetes\/","og_site_name":"Happypotame","article_modified_time":"2025-11-17T07:04:46+00:00","og_image":[{"width":2480,"height":3508,"url":"http:\/\/happypotame.com\/wp-content\/uploads\/2023\/11\/Carte_partie44.png","type":"image\/png"}],"twitter_card":"summary_large_image","twitter_misc":{"Dur\u00e9e de lecture estim\u00e9e":"2 minutes"},"schema":{"@context":"https:\/\/schema.org","@graph":[{"@type":"WebPage","@id":"http:\/\/happypotame.com\/index.php\/produit\/carte-joyeuses-fetes\/","url":"http:\/\/happypotame.com\/index.php\/produit\/carte-joyeuses-fetes\/","name":"Carte \"Mon beau sapin roi des for\u00eats\" - Happypotame","isPartOf":{"@id":"https:\/\/happypotame.com\/#website"},"primaryImageOfPage":{"@id":"http:\/\/happypotame.com\/index.php\/produit\/carte-joyeuses-fetes\/#primaryimage"},"image":{"@id":"http:\/\/happypotame.com\/index.php\/produit\/carte-joyeuses-fetes\/#primaryimage"},"thumbnailUrl":"https:\/\/happypotame.com\/wp-content\/uploads\/2023\/11\/Carte_partie44.png","datePublished":"2023-11-16T06:47:54+00:00","dateModified":"2025-11-17T07:04:46+00:00","description":"Une jolie carte avec un \"beau sapin\" reprenant le fameux chant de No\u00ebl. L'attention id\u00e9ale pour dire \u00e0 nos proches qu'on pense \u00e0 eux.","breadcrumb":{"@id":"http:\/\/happypotame.com\/index.php\/produit\/carte-joyeuses-fetes\/#breadcrumb"},"inLanguage":"fr-FR","potentialAction":[{"@type":"ReadAction","target":["http:\/\/happypotame.com\/index.php\/produit\/carte-joyeuses-fetes\/"]}]},{"@type":"ImageObject","inLanguage":"fr-FR","@id":"http:\/\/happypotame.com\/index.php\/produit\/carte-joyeuses-fetes\/#primaryimage","url":"https:\/\/happypotame.com\/wp-content\/uploads\/2023\/11\/Carte_partie44.png","contentUrl":"https:\/\/happypotame.com\/wp-content\/uploads\/2023\/11\/Carte_partie44.png","width":2480,"height":3508},{"@type":"BreadcrumbList","@id":"http:\/\/happypotame.com\/index.php\/produit\/carte-joyeuses-fetes\/#breadcrumb","itemListElement":[{"@type":"ListItem","position":1,"name":"Accueil","item":"https:\/\/happypotame.com\/"},{"@type":"ListItem","position":2,"name":"Boutique","item":"https:\/\/happypotame.com\/index.php\/boutique\/"},{"@type":"ListItem","position":3,"name":"Carte \u00ab\u00a0Mon beau sapin roi des for\u00eats\u00a0\u00bb"}]},{"@type":"WebSite","@id":"https:\/\/happypotame.com\/#website","url":"https:\/\/happypotame.com\/","name":"Happypotame","description":"","publisher":{"@id":"https:\/\/happypotame.com\/#organization"},"potentialAction":[{"@type":"SearchAction","target":{"@type":"EntryPoint","urlTemplate":"https:\/\/happypotame.com\/?s={search_term_string}"},"query-input":{"@type":"PropertyValueSpecification","valueRequired":true,"valueName":"search_term_string"}}],"inLanguage":"fr-FR"},{"@type":"Organization","@id":"https:\/\/happypotame.com\/#organization","name":"Happypotame","url":"https:\/\/happypotame.com\/","logo":{"@type":"ImageObject","inLanguage":"fr-FR","@id":"https:\/\/happypotame.com\/#\/schema\/logo\/image\/","url":"https:\/\/happypotame.com\/wp-content\/uploads\/2022\/03\/cropped-Logo_Happypotame_vertical.png","contentUrl":"https:\/\/happypotame.com\/wp-content\/uploads\/2022\/03\/cropped-Logo_Happypotame_vertical.png","width":4538,"height":945,"caption":"Happypotame"},"image":{"@id":"https:\/\/happypotame.com\/#\/schema\/logo\/image\/"},"sameAs":["https:\/\/www.instagram.com\/happypotame\/?hl=fr"]}]}},"_links":{"self":[{"href":"https:\/\/happypotame.com\/index.php\/wp-json\/wp\/v2\/product\/2955","targetHints":{"allow":["GET"]}}],"collection":[{"href":"https:\/\/happypotame.com\/index.php\/wp-json\/wp\/v2\/product"}],"about":[{"href":"https:\/\/happypotame.com\/index.php\/wp-json\/wp\/v2\/types\/product"}],"wp:featuredmedia":[{"embeddable":true,"href":"https:\/\/happypotame.com\/index.php\/wp-json\/wp\/v2\/media\/2929"}],"wp:attachment":[{"href":"https:\/\/happypotame.com\/index.php\/wp-json\/wp\/v2\/media?parent=2955"}],"wp:term":[{"taxonomy":"product_brand","embeddable":true,"href":"https:\/\/happypotame.com\/index.php\/wp-json\/wp\/v2\/product_brand?post=2955"},{"taxonomy":"product_cat","embeddable":true,"href":"https:\/\/happypotame.com\/index.php\/wp-json\/wp\/v2\/product_cat?post=2955"},{"taxonomy":"product_tag","embeddable":true,"href":"https:\/\/happypotame.com\/index.php\/wp-json\/wp\/v2\/product_tag?post=2955"}],"curies":[{"name":"wp","href":"https:\/\/api.w.org\/{rel}","templated":true}]}}