{"id":2973,"date":"2023-11-18T18:49:35","date_gmt":"2023-11-18T17:49:35","guid":{"rendered":"https:\/\/happypotame.com\/?post_type=product&#038;p=2973"},"modified":"2026-03-24T11:32:32","modified_gmt":"2026-03-24T10:32:32","slug":"carte-a-fleur-de-pot","status":"publish","type":"product","link":"https:\/\/happypotame.com\/index.php\/produit\/carte-a-fleur-de-pot\/","title":{"rendered":"Carte \u00ab\u00a0\u00c0 fleur de pot\u00a0\u00bb"},"content":{"rendered":"<p class=\"p1\">Cette carte postale made in France est imprim\u00e9e sur un papier de cr\u00e9ation 300g par Clo\u00eetre Imprimeurs, en Bretagne, \u00e0 St-Thonan plus exactement.<br \/>\nVous pouvez compl\u00e9ter votre achat avec une enveloppe kraft (onglet \u00ab\u00a0autres produits\u00a0\u00bb du menu de notre site).<\/p>\n<p class=\"p1\">Cette jolie carte multicolore reprend l&rsquo;expression \u00ab\u00a0\u00e0 fleur de peau\u00a0\u00bb mais version v\u00e9g\u00e9tal, adapt\u00e9e \u00e0 la mani\u00e8re d&rsquo;Happypotame ! Avec son dessin graphique et rempli de couleur, elle est tr\u00e8s moderne et d\u00e9corative. \u00c0 offrir, envoyer, encadrer, \u00e9pingler, aimanter, scotcher\u2026 dans toutes les pi\u00e8ces de la maison !<\/p>\n<p class=\"p1\">Explorez notre collection color\u00e9e de cartes postales illustr\u00e9es o\u00f9 les teintes vives se marient aux jeux de mots pour cr\u00e9er des compositions graphiques uniques et originales. Des \u00ab\u00a0ratons loveurs\u00a0\u00bb aux \u00ab\u00a0crazy biches\u00a0\u00bb, en passant par des \u00ab\u00a0fleurs succulentes \u00bb, plongez dans notre monde enchant\u00e9 de faune ou de flore o\u00f9 vous trouverez toutes sortes d\u2019animaux et de v\u00e9g\u00e9taux, tous illustr\u00e9s \u00e0 la main. Vous souhaitez transmettre vos pens\u00e9es ou d\u00e9corer votre int\u00e9rieur avec originalit\u00e9 ? Les cartes Happypotame sont id\u00e9ales font toujours plaisir aux personnes qui les re\u00e7oivent. Elles sont id\u00e9ales pour exprimer des v\u0153ux d&rsquo;anniversaire \u00e0 un amoureux de la faune ou pour partager des nouvelles r\u00e9jouissantes avec une touche d&rsquo;humour animalier.<\/p>\n","protected":false},"excerpt":{"rendered":"<p>Vous \u00eates \u00ab\u00a0Nature peinture\u00a0\u00bb ? \u00ab\u00a0Flower Power ? Vous avez le \u00ab\u00a0Vert tige\u00a0\u00bb ? Cette carte de notre collection v\u00e9g\u00e9tale est faite pour vous !<br \/>\n\u00c0 offrir, envoyer, encadrer, \u00e9pingler, aimanter, scotcher\u2026 !<\/p>\n<p class=\"p1\">Carte format 10&#215;15 cm.<br \/>\nCr\u00e9\u00e9e et imprim\u00e9e en France. Pure beurre Bzh !<br \/>\nVous pouvez compl\u00e9ter votre achat avec notre enveloppe kraft.<\/p>\n","protected":false},"featured_media":2948,"template":"","meta":[],"product_brand":[],"product_cat":[110,150,151,132],"product_tag":[],"class_list":{"0":"post-2973","1":"product","2":"type-product","3":"status-publish","4":"has-post-thumbnail","6":"product_cat-cartes-postales","7":"product_cat-collection-vegetale","8":"product_cat-affiches-vegetaux","9":"product_cat-expressions","11":"first","12":"instock","13":"shipping-taxable","14":"purchasable","15":"product-type-simple"},"yoast_head":"<!-- This site is optimized with the Yoast SEO plugin v27.4 - https:\/\/yoast.com\/product\/yoast-seo-wordpress\/ -->\n<title>Carte &quot;\u00c0 fleur de pot&quot; - Happypotame<\/title>\n<meta name=\"description\" content=\"Cette jolie carte multicolore reprend l&#039;expression &quot;\u00e0 fleur de peau&quot; mais version v\u00e9g\u00e9tal, adapt\u00e9e \u00e0 la mani\u00e8re d&#039;Happypotame !\" \/>\n<meta name=\"robots\" content=\"index, follow, max-snippet:-1, max-image-preview:large, max-video-preview:-1\" \/>\n<link rel=\"canonical\" href=\"https:\/\/happypotame.com\/index.php\/produit\/carte-a-fleur-de-pot\/\" \/>\n<meta property=\"og:locale\" content=\"fr_FR\" \/>\n<meta property=\"og:type\" content=\"article\" \/>\n<meta property=\"og:title\" content=\"Carte &quot;\u00c0 fleur de pot&quot; - Happypotame\" \/>\n<meta property=\"og:description\" content=\"Cette jolie carte multicolore reprend l&#039;expression &quot;\u00e0 fleur de peau&quot; mais version v\u00e9g\u00e9tal, adapt\u00e9e \u00e0 la mani\u00e8re d&#039;Happypotame !\" \/>\n<meta property=\"og:url\" content=\"https:\/\/happypotame.com\/index.php\/produit\/carte-a-fleur-de-pot\/\" \/>\n<meta property=\"og:site_name\" content=\"Happypotame\" \/>\n<meta property=\"article:modified_time\" content=\"2026-03-24T10:32:32+00:00\" \/>\n<meta property=\"og:image\" content=\"https:\/\/happypotame.com\/wp-content\/uploads\/2023\/11\/Carte_partie423.png\" \/>\n\t<meta property=\"og:image:width\" content=\"2480\" \/>\n\t<meta property=\"og:image:height\" content=\"3508\" \/>\n\t<meta property=\"og:image:type\" content=\"image\/png\" \/>\n<meta name=\"twitter:card\" content=\"summary_large_image\" \/>\n<meta name=\"twitter:label1\" content=\"Dur\u00e9e de lecture estim\u00e9e\" \/>\n\t<meta name=\"twitter:data1\" content=\"2 minutes\" \/>\n<script type=\"application\/ld+json\" class=\"yoast-schema-graph\">{\"@context\":\"https:\\\/\\\/schema.org\",\"@graph\":[{\"@type\":\"WebPage\",\"@id\":\"https:\\\/\\\/happypotame.com\\\/index.php\\\/produit\\\/carte-a-fleur-de-pot\\\/\",\"url\":\"https:\\\/\\\/happypotame.com\\\/index.php\\\/produit\\\/carte-a-fleur-de-pot\\\/\",\"name\":\"Carte \\\"\u00c0 fleur de pot\\\" - Happypotame\",\"isPartOf\":{\"@id\":\"https:\\\/\\\/happypotame.com\\\/#website\"},\"primaryImageOfPage\":{\"@id\":\"https:\\\/\\\/happypotame.com\\\/index.php\\\/produit\\\/carte-a-fleur-de-pot\\\/#primaryimage\"},\"image\":{\"@id\":\"https:\\\/\\\/happypotame.com\\\/index.php\\\/produit\\\/carte-a-fleur-de-pot\\\/#primaryimage\"},\"thumbnailUrl\":\"https:\\\/\\\/happypotame.com\\\/wp-content\\\/uploads\\\/2023\\\/11\\\/Carte_partie423.png\",\"datePublished\":\"2023-11-18T17:49:35+00:00\",\"dateModified\":\"2026-03-24T10:32:32+00:00\",\"description\":\"Cette jolie carte multicolore reprend l'expression \\\"\u00e0 fleur de peau\\\" mais version v\u00e9g\u00e9tal, adapt\u00e9e \u00e0 la mani\u00e8re d'Happypotame !\",\"breadcrumb\":{\"@id\":\"https:\\\/\\\/happypotame.com\\\/index.php\\\/produit\\\/carte-a-fleur-de-pot\\\/#breadcrumb\"},\"inLanguage\":\"fr-FR\",\"potentialAction\":[{\"@type\":\"ReadAction\",\"target\":[\"https:\\\/\\\/happypotame.com\\\/index.php\\\/produit\\\/carte-a-fleur-de-pot\\\/\"]}]},{\"@type\":\"ImageObject\",\"inLanguage\":\"fr-FR\",\"@id\":\"https:\\\/\\\/happypotame.com\\\/index.php\\\/produit\\\/carte-a-fleur-de-pot\\\/#primaryimage\",\"url\":\"https:\\\/\\\/happypotame.com\\\/wp-content\\\/uploads\\\/2023\\\/11\\\/Carte_partie423.png\",\"contentUrl\":\"https:\\\/\\\/happypotame.com\\\/wp-content\\\/uploads\\\/2023\\\/11\\\/Carte_partie423.png\",\"width\":2480,\"height\":3508},{\"@type\":\"BreadcrumbList\",\"@id\":\"https:\\\/\\\/happypotame.com\\\/index.php\\\/produit\\\/carte-a-fleur-de-pot\\\/#breadcrumb\",\"itemListElement\":[{\"@type\":\"ListItem\",\"position\":1,\"name\":\"Accueil\",\"item\":\"https:\\\/\\\/happypotame.com\\\/\"},{\"@type\":\"ListItem\",\"position\":2,\"name\":\"Boutique\",\"item\":\"https:\\\/\\\/happypotame.com\\\/index.php\\\/boutique\\\/\"},{\"@type\":\"ListItem\",\"position\":3,\"name\":\"Carte \u00ab\u00a0\u00c0 fleur de pot\u00a0\u00bb\"}]},{\"@type\":\"WebSite\",\"@id\":\"https:\\\/\\\/happypotame.com\\\/#website\",\"url\":\"https:\\\/\\\/happypotame.com\\\/\",\"name\":\"Happypotame\",\"description\":\"\",\"publisher\":{\"@id\":\"https:\\\/\\\/happypotame.com\\\/#organization\"},\"potentialAction\":[{\"@type\":\"SearchAction\",\"target\":{\"@type\":\"EntryPoint\",\"urlTemplate\":\"https:\\\/\\\/happypotame.com\\\/?s={search_term_string}\"},\"query-input\":{\"@type\":\"PropertyValueSpecification\",\"valueRequired\":true,\"valueName\":\"search_term_string\"}}],\"inLanguage\":\"fr-FR\"},{\"@type\":\"Organization\",\"@id\":\"https:\\\/\\\/happypotame.com\\\/#organization\",\"name\":\"Happypotame\",\"url\":\"https:\\\/\\\/happypotame.com\\\/\",\"logo\":{\"@type\":\"ImageObject\",\"inLanguage\":\"fr-FR\",\"@id\":\"https:\\\/\\\/happypotame.com\\\/#\\\/schema\\\/logo\\\/image\\\/\",\"url\":\"https:\\\/\\\/happypotame.com\\\/wp-content\\\/uploads\\\/2022\\\/03\\\/cropped-Logo_Happypotame_vertical.png\",\"contentUrl\":\"https:\\\/\\\/happypotame.com\\\/wp-content\\\/uploads\\\/2022\\\/03\\\/cropped-Logo_Happypotame_vertical.png\",\"width\":4538,\"height\":945,\"caption\":\"Happypotame\"},\"image\":{\"@id\":\"https:\\\/\\\/happypotame.com\\\/#\\\/schema\\\/logo\\\/image\\\/\"},\"sameAs\":[\"https:\\\/\\\/www.instagram.com\\\/happypotame\\\/?hl=fr\"]}]}<\/script>\n<!-- \/ Yoast SEO plugin. -->","yoast_head_json":{"title":"Carte \"\u00c0 fleur de pot\" - Happypotame","description":"Cette jolie carte multicolore reprend l'expression \"\u00e0 fleur de peau\" mais version v\u00e9g\u00e9tal, adapt\u00e9e \u00e0 la mani\u00e8re d'Happypotame !","robots":{"index":"index","follow":"follow","max-snippet":"max-snippet:-1","max-image-preview":"max-image-preview:large","max-video-preview":"max-video-preview:-1"},"canonical":"https:\/\/happypotame.com\/index.php\/produit\/carte-a-fleur-de-pot\/","og_locale":"fr_FR","og_type":"article","og_title":"Carte \"\u00c0 fleur de pot\" - Happypotame","og_description":"Cette jolie carte multicolore reprend l'expression \"\u00e0 fleur de peau\" mais version v\u00e9g\u00e9tal, adapt\u00e9e \u00e0 la mani\u00e8re d'Happypotame !","og_url":"https:\/\/happypotame.com\/index.php\/produit\/carte-a-fleur-de-pot\/","og_site_name":"Happypotame","article_modified_time":"2026-03-24T10:32:32+00:00","og_image":[{"width":2480,"height":3508,"url":"https:\/\/happypotame.com\/wp-content\/uploads\/2023\/11\/Carte_partie423.png","type":"image\/png"}],"twitter_card":"summary_large_image","twitter_misc":{"Dur\u00e9e de lecture estim\u00e9e":"2 minutes"},"schema":{"@context":"https:\/\/schema.org","@graph":[{"@type":"WebPage","@id":"https:\/\/happypotame.com\/index.php\/produit\/carte-a-fleur-de-pot\/","url":"https:\/\/happypotame.com\/index.php\/produit\/carte-a-fleur-de-pot\/","name":"Carte \"\u00c0 fleur de pot\" - Happypotame","isPartOf":{"@id":"https:\/\/happypotame.com\/#website"},"primaryImageOfPage":{"@id":"https:\/\/happypotame.com\/index.php\/produit\/carte-a-fleur-de-pot\/#primaryimage"},"image":{"@id":"https:\/\/happypotame.com\/index.php\/produit\/carte-a-fleur-de-pot\/#primaryimage"},"thumbnailUrl":"https:\/\/happypotame.com\/wp-content\/uploads\/2023\/11\/Carte_partie423.png","datePublished":"2023-11-18T17:49:35+00:00","dateModified":"2026-03-24T10:32:32+00:00","description":"Cette jolie carte multicolore reprend l'expression \"\u00e0 fleur de peau\" mais version v\u00e9g\u00e9tal, adapt\u00e9e \u00e0 la mani\u00e8re d'Happypotame !","breadcrumb":{"@id":"https:\/\/happypotame.com\/index.php\/produit\/carte-a-fleur-de-pot\/#breadcrumb"},"inLanguage":"fr-FR","potentialAction":[{"@type":"ReadAction","target":["https:\/\/happypotame.com\/index.php\/produit\/carte-a-fleur-de-pot\/"]}]},{"@type":"ImageObject","inLanguage":"fr-FR","@id":"https:\/\/happypotame.com\/index.php\/produit\/carte-a-fleur-de-pot\/#primaryimage","url":"https:\/\/happypotame.com\/wp-content\/uploads\/2023\/11\/Carte_partie423.png","contentUrl":"https:\/\/happypotame.com\/wp-content\/uploads\/2023\/11\/Carte_partie423.png","width":2480,"height":3508},{"@type":"BreadcrumbList","@id":"https:\/\/happypotame.com\/index.php\/produit\/carte-a-fleur-de-pot\/#breadcrumb","itemListElement":[{"@type":"ListItem","position":1,"name":"Accueil","item":"https:\/\/happypotame.com\/"},{"@type":"ListItem","position":2,"name":"Boutique","item":"https:\/\/happypotame.com\/index.php\/boutique\/"},{"@type":"ListItem","position":3,"name":"Carte \u00ab\u00a0\u00c0 fleur de pot\u00a0\u00bb"}]},{"@type":"WebSite","@id":"https:\/\/happypotame.com\/#website","url":"https:\/\/happypotame.com\/","name":"Happypotame","description":"","publisher":{"@id":"https:\/\/happypotame.com\/#organization"},"potentialAction":[{"@type":"SearchAction","target":{"@type":"EntryPoint","urlTemplate":"https:\/\/happypotame.com\/?s={search_term_string}"},"query-input":{"@type":"PropertyValueSpecification","valueRequired":true,"valueName":"search_term_string"}}],"inLanguage":"fr-FR"},{"@type":"Organization","@id":"https:\/\/happypotame.com\/#organization","name":"Happypotame","url":"https:\/\/happypotame.com\/","logo":{"@type":"ImageObject","inLanguage":"fr-FR","@id":"https:\/\/happypotame.com\/#\/schema\/logo\/image\/","url":"https:\/\/happypotame.com\/wp-content\/uploads\/2022\/03\/cropped-Logo_Happypotame_vertical.png","contentUrl":"https:\/\/happypotame.com\/wp-content\/uploads\/2022\/03\/cropped-Logo_Happypotame_vertical.png","width":4538,"height":945,"caption":"Happypotame"},"image":{"@id":"https:\/\/happypotame.com\/#\/schema\/logo\/image\/"},"sameAs":["https:\/\/www.instagram.com\/happypotame\/?hl=fr"]}]}},"_links":{"self":[{"href":"https:\/\/happypotame.com\/index.php\/wp-json\/wp\/v2\/product\/2973","targetHints":{"allow":["GET"]}}],"collection":[{"href":"https:\/\/happypotame.com\/index.php\/wp-json\/wp\/v2\/product"}],"about":[{"href":"https:\/\/happypotame.com\/index.php\/wp-json\/wp\/v2\/types\/product"}],"wp:featuredmedia":[{"embeddable":true,"href":"https:\/\/happypotame.com\/index.php\/wp-json\/wp\/v2\/media\/2948"}],"wp:attachment":[{"href":"https:\/\/happypotame.com\/index.php\/wp-json\/wp\/v2\/media?parent=2973"}],"wp:term":[{"taxonomy":"product_brand","embeddable":true,"href":"https:\/\/happypotame.com\/index.php\/wp-json\/wp\/v2\/product_brand?post=2973"},{"taxonomy":"product_cat","embeddable":true,"href":"https:\/\/happypotame.com\/index.php\/wp-json\/wp\/v2\/product_cat?post=2973"},{"taxonomy":"product_tag","embeddable":true,"href":"https:\/\/happypotame.com\/index.php\/wp-json\/wp\/v2\/product_tag?post=2973"}],"curies":[{"name":"wp","href":"https:\/\/api.w.org\/{rel}","templated":true}]}}