{"id":2975,"date":"2023-11-18T18:56:43","date_gmt":"2023-11-18T17:56:43","guid":{"rendered":"https:\/\/happypotame.com\/?post_type=product&#038;p=2975"},"modified":"2025-05-10T10:35:23","modified_gmt":"2025-05-10T08:35:23","slug":"carte-titille-moi-le-pistil","status":"publish","type":"product","link":"https:\/\/happypotame.com\/index.php\/produit\/carte-titille-moi-le-pistil\/","title":{"rendered":"Carte \u00ab\u00a0Titille-moi le pistil\u00a0\u00bb"},"content":{"rendered":"<p class=\"p1\">Cette carte postale made in France est imprim\u00e9e sur un papier de cr\u00e9ation 300g par Clo\u00eetre Imprimeurs, en Bretagne, \u00e0 St-Thonan plus exactement.<br \/>\nVous pouvez compl\u00e9ter votre achat avec une enveloppe kraft (onglet \u00ab\u00a0autres produits\u00a0\u00bb du menu de notre site).<\/p>\n<p class=\"p1\">La carte \u00ab\u00a0titille-moi le pistil\u00a0\u00bb, un brin d\u00e9cal\u00e9e, fera sensation ! Vous souhaitez marquer les esprits ? Ce sera chose faite avec cette expression qui fera forc\u00e9ment sourire ! Avec son dessin graphique et bicolore, elle est tr\u00e8s moderne et d\u00e9corative. \u00c0 offrir, envoyer, encadrer, \u00e9pingler, aimanter, scotcher\u2026 dans toutes les pi\u00e8ces de la maison !<\/p>\n<p class=\"p1\">Explorez notre collection color\u00e9e de cartes postales illustr\u00e9es o\u00f9 les teintes vives se marient aux jeux de mots pour cr\u00e9er des compositions graphiques uniques et originales. Des \u00ab\u00a0ratons loveurs\u00a0\u00bb aux \u00ab\u00a0crazy biches\u00a0\u00bb, en passant par des \u00ab\u00a0fleurs succulentes \u00bb, plongez dans notre monde enchant\u00e9 de faune ou de flore o\u00f9 vous trouverez toutes sortes d\u2019animaux et de v\u00e9g\u00e9taux, tous illustr\u00e9s \u00e0 la main. Vous souhaitez transmettre vos pens\u00e9es ou d\u00e9corer votre int\u00e9rieur avec originalit\u00e9 ? Les cartes Happypotame sont id\u00e9ales font toujours plaisir aux personnes qui les re\u00e7oivent. Elles sont id\u00e9ales pour exprimer des v\u0153ux d&rsquo;anniversaire \u00e0 un amoureux de la faune ou pour partager des nouvelles r\u00e9jouissantes avec une touche d&rsquo;humour animalier.<\/p>\n","protected":false},"excerpt":{"rendered":"<p>Vous \u00eates \u00ab\u00a0Nature peinture\u00a0\u00bb ? \u00ab\u00a0Flower Power ? Vous avez le \u00ab\u00a0Vert tige\u00a0\u00bb ? Cette carte de notre collection v\u00e9g\u00e9tale est faite pour vous !<br \/>\n\u00c0 offrir, envoyer, encadrer, \u00e9pingler, aimanter, scotcher\u2026 !<\/p>\n<p class=\"p1\">Carte format 10&#215;15 cm.<br \/>\nCr\u00e9\u00e9e et imprim\u00e9e en France. Pure beurre Bzh !<br \/>\nVous pouvez compl\u00e9ter votre achat avec notre enveloppe kraft.<\/p>\n","protected":false},"featured_media":2950,"template":"","meta":[],"product_brand":[],"product_cat":[129,110,115,150,151],"product_tag":[],"class_list":{"0":"post-2975","1":"product","2":"type-product","3":"status-publish","4":"has-post-thumbnail","6":"product_cat-amitie-amour","7":"product_cat-cartes-postales","8":"product_cat-collections_pour_les_grands_enfants","9":"product_cat-collection-vegetale","10":"product_cat-affiches-vegetaux","12":"first","13":"instock","14":"shipping-taxable","15":"purchasable","16":"product-type-simple"},"yoast_head":"<!-- This site is optimized with the Yoast SEO plugin v27.4 - https:\/\/yoast.com\/product\/yoast-seo-wordpress\/ -->\n<title>Carte &quot;Titille-moi le pistil&quot; - Happypotame<\/title>\n<meta name=\"description\" content=\"Cette carte, un brin d\u00e9cal\u00e9e, fera sensation ! Vous souhaitez marquer les esprits ? Ce sera chose faite avec cette expression qui fera forc\u00e9ment sourire !\" \/>\n<meta name=\"robots\" content=\"index, follow, max-snippet:-1, max-image-preview:large, max-video-preview:-1\" \/>\n<link rel=\"canonical\" href=\"http:\/\/happypotame.com\/index.php\/produit\/carte-titille-moi-le-pistil\/\" \/>\n<meta property=\"og:locale\" content=\"fr_FR\" \/>\n<meta property=\"og:type\" content=\"article\" \/>\n<meta property=\"og:title\" content=\"Carte &quot;Titille-moi le pistil&quot; - Happypotame\" \/>\n<meta property=\"og:description\" content=\"Cette carte, un brin d\u00e9cal\u00e9e, fera sensation ! Vous souhaitez marquer les esprits ? Ce sera chose faite avec cette expression qui fera forc\u00e9ment sourire !\" \/>\n<meta property=\"og:url\" content=\"http:\/\/happypotame.com\/index.php\/produit\/carte-titille-moi-le-pistil\/\" \/>\n<meta property=\"og:site_name\" content=\"Happypotame\" \/>\n<meta property=\"article:modified_time\" content=\"2025-05-10T08:35:23+00:00\" \/>\n<meta property=\"og:image\" content=\"http:\/\/happypotame.com\/wp-content\/uploads\/2023\/11\/Carte_partie425.png\" \/>\n\t<meta property=\"og:image:width\" content=\"2480\" \/>\n\t<meta property=\"og:image:height\" content=\"3508\" \/>\n\t<meta property=\"og:image:type\" content=\"image\/png\" \/>\n<meta name=\"twitter:card\" content=\"summary_large_image\" \/>\n<meta name=\"twitter:label1\" content=\"Dur\u00e9e de lecture estim\u00e9e\" \/>\n\t<meta name=\"twitter:data1\" content=\"2 minutes\" \/>\n<script type=\"application\/ld+json\" class=\"yoast-schema-graph\">{\"@context\":\"https:\\\/\\\/schema.org\",\"@graph\":[{\"@type\":\"WebPage\",\"@id\":\"http:\\\/\\\/happypotame.com\\\/index.php\\\/produit\\\/carte-titille-moi-le-pistil\\\/\",\"url\":\"http:\\\/\\\/happypotame.com\\\/index.php\\\/produit\\\/carte-titille-moi-le-pistil\\\/\",\"name\":\"Carte \\\"Titille-moi le pistil\\\" - Happypotame\",\"isPartOf\":{\"@id\":\"http:\\\/\\\/happypotame.com\\\/#website\"},\"primaryImageOfPage\":{\"@id\":\"http:\\\/\\\/happypotame.com\\\/index.php\\\/produit\\\/carte-titille-moi-le-pistil\\\/#primaryimage\"},\"image\":{\"@id\":\"http:\\\/\\\/happypotame.com\\\/index.php\\\/produit\\\/carte-titille-moi-le-pistil\\\/#primaryimage\"},\"thumbnailUrl\":\"https:\\\/\\\/happypotame.com\\\/wp-content\\\/uploads\\\/2023\\\/11\\\/Carte_partie425.png\",\"datePublished\":\"2023-11-18T17:56:43+00:00\",\"dateModified\":\"2025-05-10T08:35:23+00:00\",\"description\":\"Cette carte, un brin d\u00e9cal\u00e9e, fera sensation ! Vous souhaitez marquer les esprits ? Ce sera chose faite avec cette expression qui fera forc\u00e9ment sourire !\",\"breadcrumb\":{\"@id\":\"http:\\\/\\\/happypotame.com\\\/index.php\\\/produit\\\/carte-titille-moi-le-pistil\\\/#breadcrumb\"},\"inLanguage\":\"fr-FR\",\"potentialAction\":[{\"@type\":\"ReadAction\",\"target\":[\"http:\\\/\\\/happypotame.com\\\/index.php\\\/produit\\\/carte-titille-moi-le-pistil\\\/\"]}]},{\"@type\":\"ImageObject\",\"inLanguage\":\"fr-FR\",\"@id\":\"http:\\\/\\\/happypotame.com\\\/index.php\\\/produit\\\/carte-titille-moi-le-pistil\\\/#primaryimage\",\"url\":\"https:\\\/\\\/happypotame.com\\\/wp-content\\\/uploads\\\/2023\\\/11\\\/Carte_partie425.png\",\"contentUrl\":\"https:\\\/\\\/happypotame.com\\\/wp-content\\\/uploads\\\/2023\\\/11\\\/Carte_partie425.png\",\"width\":2480,\"height\":3508},{\"@type\":\"BreadcrumbList\",\"@id\":\"http:\\\/\\\/happypotame.com\\\/index.php\\\/produit\\\/carte-titille-moi-le-pistil\\\/#breadcrumb\",\"itemListElement\":[{\"@type\":\"ListItem\",\"position\":1,\"name\":\"Accueil\",\"item\":\"https:\\\/\\\/happypotame.com\\\/\"},{\"@type\":\"ListItem\",\"position\":2,\"name\":\"Boutique\",\"item\":\"https:\\\/\\\/happypotame.com\\\/index.php\\\/boutique\\\/\"},{\"@type\":\"ListItem\",\"position\":3,\"name\":\"Carte \u00ab\u00a0Titille-moi le pistil\u00a0\u00bb\"}]},{\"@type\":\"WebSite\",\"@id\":\"http:\\\/\\\/happypotame.com\\\/#website\",\"url\":\"http:\\\/\\\/happypotame.com\\\/\",\"name\":\"Happypotame\",\"description\":\"\",\"publisher\":{\"@id\":\"http:\\\/\\\/happypotame.com\\\/#organization\"},\"potentialAction\":[{\"@type\":\"SearchAction\",\"target\":{\"@type\":\"EntryPoint\",\"urlTemplate\":\"http:\\\/\\\/happypotame.com\\\/?s={search_term_string}\"},\"query-input\":{\"@type\":\"PropertyValueSpecification\",\"valueRequired\":true,\"valueName\":\"search_term_string\"}}],\"inLanguage\":\"fr-FR\"},{\"@type\":\"Organization\",\"@id\":\"http:\\\/\\\/happypotame.com\\\/#organization\",\"name\":\"Happypotame\",\"url\":\"http:\\\/\\\/happypotame.com\\\/\",\"logo\":{\"@type\":\"ImageObject\",\"inLanguage\":\"fr-FR\",\"@id\":\"http:\\\/\\\/happypotame.com\\\/#\\\/schema\\\/logo\\\/image\\\/\",\"url\":\"https:\\\/\\\/happypotame.com\\\/wp-content\\\/uploads\\\/2022\\\/03\\\/cropped-Logo_Happypotame_vertical.png\",\"contentUrl\":\"https:\\\/\\\/happypotame.com\\\/wp-content\\\/uploads\\\/2022\\\/03\\\/cropped-Logo_Happypotame_vertical.png\",\"width\":4538,\"height\":945,\"caption\":\"Happypotame\"},\"image\":{\"@id\":\"http:\\\/\\\/happypotame.com\\\/#\\\/schema\\\/logo\\\/image\\\/\"},\"sameAs\":[\"https:\\\/\\\/www.instagram.com\\\/happypotame\\\/?hl=fr\"]}]}<\/script>\n<!-- \/ Yoast SEO plugin. -->","yoast_head_json":{"title":"Carte \"Titille-moi le pistil\" - Happypotame","description":"Cette carte, un brin d\u00e9cal\u00e9e, fera sensation ! Vous souhaitez marquer les esprits ? Ce sera chose faite avec cette expression qui fera forc\u00e9ment sourire !","robots":{"index":"index","follow":"follow","max-snippet":"max-snippet:-1","max-image-preview":"max-image-preview:large","max-video-preview":"max-video-preview:-1"},"canonical":"http:\/\/happypotame.com\/index.php\/produit\/carte-titille-moi-le-pistil\/","og_locale":"fr_FR","og_type":"article","og_title":"Carte \"Titille-moi le pistil\" - Happypotame","og_description":"Cette carte, un brin d\u00e9cal\u00e9e, fera sensation ! Vous souhaitez marquer les esprits ? Ce sera chose faite avec cette expression qui fera forc\u00e9ment sourire !","og_url":"http:\/\/happypotame.com\/index.php\/produit\/carte-titille-moi-le-pistil\/","og_site_name":"Happypotame","article_modified_time":"2025-05-10T08:35:23+00:00","og_image":[{"width":2480,"height":3508,"url":"http:\/\/happypotame.com\/wp-content\/uploads\/2023\/11\/Carte_partie425.png","type":"image\/png"}],"twitter_card":"summary_large_image","twitter_misc":{"Dur\u00e9e de lecture estim\u00e9e":"2 minutes"},"schema":{"@context":"https:\/\/schema.org","@graph":[{"@type":"WebPage","@id":"http:\/\/happypotame.com\/index.php\/produit\/carte-titille-moi-le-pistil\/","url":"http:\/\/happypotame.com\/index.php\/produit\/carte-titille-moi-le-pistil\/","name":"Carte \"Titille-moi le pistil\" - Happypotame","isPartOf":{"@id":"http:\/\/happypotame.com\/#website"},"primaryImageOfPage":{"@id":"http:\/\/happypotame.com\/index.php\/produit\/carte-titille-moi-le-pistil\/#primaryimage"},"image":{"@id":"http:\/\/happypotame.com\/index.php\/produit\/carte-titille-moi-le-pistil\/#primaryimage"},"thumbnailUrl":"https:\/\/happypotame.com\/wp-content\/uploads\/2023\/11\/Carte_partie425.png","datePublished":"2023-11-18T17:56:43+00:00","dateModified":"2025-05-10T08:35:23+00:00","description":"Cette carte, un brin d\u00e9cal\u00e9e, fera sensation ! Vous souhaitez marquer les esprits ? Ce sera chose faite avec cette expression qui fera forc\u00e9ment sourire !","breadcrumb":{"@id":"http:\/\/happypotame.com\/index.php\/produit\/carte-titille-moi-le-pistil\/#breadcrumb"},"inLanguage":"fr-FR","potentialAction":[{"@type":"ReadAction","target":["http:\/\/happypotame.com\/index.php\/produit\/carte-titille-moi-le-pistil\/"]}]},{"@type":"ImageObject","inLanguage":"fr-FR","@id":"http:\/\/happypotame.com\/index.php\/produit\/carte-titille-moi-le-pistil\/#primaryimage","url":"https:\/\/happypotame.com\/wp-content\/uploads\/2023\/11\/Carte_partie425.png","contentUrl":"https:\/\/happypotame.com\/wp-content\/uploads\/2023\/11\/Carte_partie425.png","width":2480,"height":3508},{"@type":"BreadcrumbList","@id":"http:\/\/happypotame.com\/index.php\/produit\/carte-titille-moi-le-pistil\/#breadcrumb","itemListElement":[{"@type":"ListItem","position":1,"name":"Accueil","item":"https:\/\/happypotame.com\/"},{"@type":"ListItem","position":2,"name":"Boutique","item":"https:\/\/happypotame.com\/index.php\/boutique\/"},{"@type":"ListItem","position":3,"name":"Carte \u00ab\u00a0Titille-moi le pistil\u00a0\u00bb"}]},{"@type":"WebSite","@id":"http:\/\/happypotame.com\/#website","url":"http:\/\/happypotame.com\/","name":"Happypotame","description":"","publisher":{"@id":"http:\/\/happypotame.com\/#organization"},"potentialAction":[{"@type":"SearchAction","target":{"@type":"EntryPoint","urlTemplate":"http:\/\/happypotame.com\/?s={search_term_string}"},"query-input":{"@type":"PropertyValueSpecification","valueRequired":true,"valueName":"search_term_string"}}],"inLanguage":"fr-FR"},{"@type":"Organization","@id":"http:\/\/happypotame.com\/#organization","name":"Happypotame","url":"http:\/\/happypotame.com\/","logo":{"@type":"ImageObject","inLanguage":"fr-FR","@id":"http:\/\/happypotame.com\/#\/schema\/logo\/image\/","url":"https:\/\/happypotame.com\/wp-content\/uploads\/2022\/03\/cropped-Logo_Happypotame_vertical.png","contentUrl":"https:\/\/happypotame.com\/wp-content\/uploads\/2022\/03\/cropped-Logo_Happypotame_vertical.png","width":4538,"height":945,"caption":"Happypotame"},"image":{"@id":"http:\/\/happypotame.com\/#\/schema\/logo\/image\/"},"sameAs":["https:\/\/www.instagram.com\/happypotame\/?hl=fr"]}]}},"_links":{"self":[{"href":"https:\/\/happypotame.com\/index.php\/wp-json\/wp\/v2\/product\/2975","targetHints":{"allow":["GET"]}}],"collection":[{"href":"https:\/\/happypotame.com\/index.php\/wp-json\/wp\/v2\/product"}],"about":[{"href":"https:\/\/happypotame.com\/index.php\/wp-json\/wp\/v2\/types\/product"}],"wp:featuredmedia":[{"embeddable":true,"href":"https:\/\/happypotame.com\/index.php\/wp-json\/wp\/v2\/media\/2950"}],"wp:attachment":[{"href":"https:\/\/happypotame.com\/index.php\/wp-json\/wp\/v2\/media?parent=2975"}],"wp:term":[{"taxonomy":"product_brand","embeddable":true,"href":"https:\/\/happypotame.com\/index.php\/wp-json\/wp\/v2\/product_brand?post=2975"},{"taxonomy":"product_cat","embeddable":true,"href":"https:\/\/happypotame.com\/index.php\/wp-json\/wp\/v2\/product_cat?post=2975"},{"taxonomy":"product_tag","embeddable":true,"href":"https:\/\/happypotame.com\/index.php\/wp-json\/wp\/v2\/product_tag?post=2975"}],"curies":[{"name":"wp","href":"https:\/\/api.w.org\/{rel}","templated":true}]}}