{"id":2986,"date":"2023-11-19T08:44:55","date_gmt":"2023-11-19T07:44:55","guid":{"rendered":"https:\/\/happypotame.com\/?post_type=product&#038;p=2986"},"modified":"2025-12-08T08:16:51","modified_gmt":"2025-12-08T07:16:51","slug":"carte-sinceres-condoleances","status":"publish","type":"product","link":"https:\/\/happypotame.com\/index.php\/produit\/carte-sinceres-condoleances\/","title":{"rendered":"Carte \u00ab\u00a0Sinc\u00e8res condol\u00e9ances\u00a0\u00bb"},"content":{"rendered":"<p class=\"p1\">Cette carte postale made in France est imprim\u00e9e sur un papier de cr\u00e9ation 300g par Clo\u00eetre Imprimeurs, en Bretagne, \u00e0 St-Thonan plus exactement.<br \/>\nVous pouvez compl\u00e9ter votre achat avec une enveloppe kraft (onglet \u00ab\u00a0autres produits\u00a0\u00bb du menu de notre site).<\/p>\n<div class=\"gs\">\n<div class=\"\">\n<div id=\":46p\" class=\"ii gt\">\n<div id=\":46q\" class=\"a3s aiL \">\n<div dir=\"auto\">Exprimez vos sinc\u00e8res condol\u00e9ances avec notre carte empreinte de compassion et de soutien. Con\u00e7ue avec sensibilit\u00e9, dans des teintes douces, cette carte offre un espace r\u00e9fl\u00e9chi pour partager vos pens\u00e9es r\u00e9confortantes et vos mots \u00e0 vous. Avec une colombe dessin\u00e9e, cette carte est une mani\u00e8re d\u00e9licate d&rsquo;exprimer votre soutien en ces moments difficiles. Nos cartes de condol\u00e9ances sont soigneusement cr\u00e9\u00e9es pour transmettre chaleur et empathie lorsqu&rsquo;il est le plus n\u00e9cessaire.<\/div>\n<div class=\"yj6qo\"><\/div>\n<div class=\"adL\"><\/div>\n<\/div>\n<\/div>\n<div class=\"hi\"><\/div>\n<div class=\"WhmR8e\" data-hash=\"0\"><\/div>\n<\/div>\n<\/div>\n<p class=\"p1\">\n","protected":false},"excerpt":{"rendered":"<p>Con\u00e7ue avec sensibilit\u00e9, dans des teintes douces, cette carte offre un espace r\u00e9fl\u00e9chi pour partager vos pens\u00e9es r\u00e9confortantes et vos mots \u00e0 vous.<\/p>\n<p class=\"p1\">Carte format 10&#215;15 cm.<br \/>\nCr\u00e9\u00e9e et imprim\u00e9e en France. Pure beurre Bzh !<br \/>\nVous pouvez compl\u00e9ter votre achat avec notre enveloppe kraft.<\/p>\n","protected":false},"featured_media":3685,"template":"","meta":[],"product_brand":[],"product_cat":[110,155],"product_tag":[],"class_list":{"0":"post-2986","1":"product","2":"type-product","3":"status-publish","4":"has-post-thumbnail","6":"product_cat-cartes-postales","7":"product_cat-condoleances","9":"first","10":"instock","11":"shipping-taxable","12":"purchasable","13":"product-type-simple"},"yoast_head":"<!-- This site is optimized with the Yoast SEO plugin v27.4 - https:\/\/yoast.com\/product\/yoast-seo-wordpress\/ -->\n<title>Carte &quot;Sinc\u00e8res condol\u00e9ances&quot; - Happypotame<\/title>\n<meta name=\"description\" content=\"Con\u00e7ue avec sensibilit\u00e9, dans des teintes douces, cette carte de colombe offre un espace pour partager vos pens\u00e9es r\u00e9confortantes et vos mots \u00e0 vous.\" \/>\n<meta name=\"robots\" content=\"index, follow, max-snippet:-1, max-image-preview:large, max-video-preview:-1\" \/>\n<link rel=\"canonical\" href=\"https:\/\/happypotame.com\/index.php\/produit\/carte-sinceres-condoleances\/\" \/>\n<meta property=\"og:locale\" content=\"fr_FR\" \/>\n<meta property=\"og:type\" content=\"article\" \/>\n<meta property=\"og:title\" content=\"Carte &quot;Sinc\u00e8res condol\u00e9ances&quot; - Happypotame\" \/>\n<meta property=\"og:description\" content=\"Con\u00e7ue avec sensibilit\u00e9, dans des teintes douces, cette carte de colombe offre un espace pour partager vos pens\u00e9es r\u00e9confortantes et vos mots \u00e0 vous.\" \/>\n<meta property=\"og:url\" content=\"https:\/\/happypotame.com\/index.php\/produit\/carte-sinceres-condoleances\/\" \/>\n<meta property=\"og:site_name\" content=\"Happypotame\" \/>\n<meta property=\"article:modified_time\" content=\"2025-12-08T07:16:51+00:00\" \/>\n<meta property=\"og:image\" content=\"https:\/\/happypotame.com\/wp-content\/uploads\/2023\/11\/Sinceres_condoleances-scaled.png\" \/>\n\t<meta property=\"og:image:width\" content=\"1810\" \/>\n\t<meta property=\"og:image:height\" content=\"2560\" \/>\n\t<meta property=\"og:image:type\" content=\"image\/png\" \/>\n<meta name=\"twitter:card\" content=\"summary_large_image\" \/>\n<meta name=\"twitter:label1\" content=\"Dur\u00e9e de lecture estim\u00e9e\" \/>\n\t<meta name=\"twitter:data1\" content=\"1 minute\" \/>\n<script type=\"application\/ld+json\" class=\"yoast-schema-graph\">{\"@context\":\"https:\\\/\\\/schema.org\",\"@graph\":[{\"@type\":\"WebPage\",\"@id\":\"https:\\\/\\\/happypotame.com\\\/index.php\\\/produit\\\/carte-sinceres-condoleances\\\/\",\"url\":\"https:\\\/\\\/happypotame.com\\\/index.php\\\/produit\\\/carte-sinceres-condoleances\\\/\",\"name\":\"Carte \\\"Sinc\u00e8res condol\u00e9ances\\\" - Happypotame\",\"isPartOf\":{\"@id\":\"https:\\\/\\\/happypotame.com\\\/#website\"},\"primaryImageOfPage\":{\"@id\":\"https:\\\/\\\/happypotame.com\\\/index.php\\\/produit\\\/carte-sinceres-condoleances\\\/#primaryimage\"},\"image\":{\"@id\":\"https:\\\/\\\/happypotame.com\\\/index.php\\\/produit\\\/carte-sinceres-condoleances\\\/#primaryimage\"},\"thumbnailUrl\":\"https:\\\/\\\/happypotame.com\\\/wp-content\\\/uploads\\\/2023\\\/11\\\/Sinceres_condoleances-scaled.png\",\"datePublished\":\"2023-11-19T07:44:55+00:00\",\"dateModified\":\"2025-12-08T07:16:51+00:00\",\"description\":\"Con\u00e7ue avec sensibilit\u00e9, dans des teintes douces, cette carte de colombe offre un espace pour partager vos pens\u00e9es r\u00e9confortantes et vos mots \u00e0 vous.\",\"breadcrumb\":{\"@id\":\"https:\\\/\\\/happypotame.com\\\/index.php\\\/produit\\\/carte-sinceres-condoleances\\\/#breadcrumb\"},\"inLanguage\":\"fr-FR\",\"potentialAction\":[{\"@type\":\"ReadAction\",\"target\":[\"https:\\\/\\\/happypotame.com\\\/index.php\\\/produit\\\/carte-sinceres-condoleances\\\/\"]}]},{\"@type\":\"ImageObject\",\"inLanguage\":\"fr-FR\",\"@id\":\"https:\\\/\\\/happypotame.com\\\/index.php\\\/produit\\\/carte-sinceres-condoleances\\\/#primaryimage\",\"url\":\"https:\\\/\\\/happypotame.com\\\/wp-content\\\/uploads\\\/2023\\\/11\\\/Sinceres_condoleances-scaled.png\",\"contentUrl\":\"https:\\\/\\\/happypotame.com\\\/wp-content\\\/uploads\\\/2023\\\/11\\\/Sinceres_condoleances-scaled.png\",\"width\":1810,\"height\":2560},{\"@type\":\"BreadcrumbList\",\"@id\":\"https:\\\/\\\/happypotame.com\\\/index.php\\\/produit\\\/carte-sinceres-condoleances\\\/#breadcrumb\",\"itemListElement\":[{\"@type\":\"ListItem\",\"position\":1,\"name\":\"Accueil\",\"item\":\"https:\\\/\\\/happypotame.com\\\/\"},{\"@type\":\"ListItem\",\"position\":2,\"name\":\"Boutique\",\"item\":\"https:\\\/\\\/happypotame.com\\\/index.php\\\/boutique\\\/\"},{\"@type\":\"ListItem\",\"position\":3,\"name\":\"Carte \u00ab\u00a0Sinc\u00e8res condol\u00e9ances\u00a0\u00bb\"}]},{\"@type\":\"WebSite\",\"@id\":\"https:\\\/\\\/happypotame.com\\\/#website\",\"url\":\"https:\\\/\\\/happypotame.com\\\/\",\"name\":\"Happypotame\",\"description\":\"\",\"publisher\":{\"@id\":\"https:\\\/\\\/happypotame.com\\\/#organization\"},\"potentialAction\":[{\"@type\":\"SearchAction\",\"target\":{\"@type\":\"EntryPoint\",\"urlTemplate\":\"https:\\\/\\\/happypotame.com\\\/?s={search_term_string}\"},\"query-input\":{\"@type\":\"PropertyValueSpecification\",\"valueRequired\":true,\"valueName\":\"search_term_string\"}}],\"inLanguage\":\"fr-FR\"},{\"@type\":\"Organization\",\"@id\":\"https:\\\/\\\/happypotame.com\\\/#organization\",\"name\":\"Happypotame\",\"url\":\"https:\\\/\\\/happypotame.com\\\/\",\"logo\":{\"@type\":\"ImageObject\",\"inLanguage\":\"fr-FR\",\"@id\":\"https:\\\/\\\/happypotame.com\\\/#\\\/schema\\\/logo\\\/image\\\/\",\"url\":\"https:\\\/\\\/happypotame.com\\\/wp-content\\\/uploads\\\/2022\\\/03\\\/cropped-Logo_Happypotame_vertical.png\",\"contentUrl\":\"https:\\\/\\\/happypotame.com\\\/wp-content\\\/uploads\\\/2022\\\/03\\\/cropped-Logo_Happypotame_vertical.png\",\"width\":4538,\"height\":945,\"caption\":\"Happypotame\"},\"image\":{\"@id\":\"https:\\\/\\\/happypotame.com\\\/#\\\/schema\\\/logo\\\/image\\\/\"},\"sameAs\":[\"https:\\\/\\\/www.instagram.com\\\/happypotame\\\/?hl=fr\"]}]}<\/script>\n<!-- \/ Yoast SEO plugin. -->","yoast_head_json":{"title":"Carte \"Sinc\u00e8res condol\u00e9ances\" - Happypotame","description":"Con\u00e7ue avec sensibilit\u00e9, dans des teintes douces, cette carte de colombe offre un espace pour partager vos pens\u00e9es r\u00e9confortantes et vos mots \u00e0 vous.","robots":{"index":"index","follow":"follow","max-snippet":"max-snippet:-1","max-image-preview":"max-image-preview:large","max-video-preview":"max-video-preview:-1"},"canonical":"https:\/\/happypotame.com\/index.php\/produit\/carte-sinceres-condoleances\/","og_locale":"fr_FR","og_type":"article","og_title":"Carte \"Sinc\u00e8res condol\u00e9ances\" - Happypotame","og_description":"Con\u00e7ue avec sensibilit\u00e9, dans des teintes douces, cette carte de colombe offre un espace pour partager vos pens\u00e9es r\u00e9confortantes et vos mots \u00e0 vous.","og_url":"https:\/\/happypotame.com\/index.php\/produit\/carte-sinceres-condoleances\/","og_site_name":"Happypotame","article_modified_time":"2025-12-08T07:16:51+00:00","og_image":[{"width":1810,"height":2560,"url":"https:\/\/happypotame.com\/wp-content\/uploads\/2023\/11\/Sinceres_condoleances-scaled.png","type":"image\/png"}],"twitter_card":"summary_large_image","twitter_misc":{"Dur\u00e9e de lecture estim\u00e9e":"1 minute"},"schema":{"@context":"https:\/\/schema.org","@graph":[{"@type":"WebPage","@id":"https:\/\/happypotame.com\/index.php\/produit\/carte-sinceres-condoleances\/","url":"https:\/\/happypotame.com\/index.php\/produit\/carte-sinceres-condoleances\/","name":"Carte \"Sinc\u00e8res condol\u00e9ances\" - Happypotame","isPartOf":{"@id":"https:\/\/happypotame.com\/#website"},"primaryImageOfPage":{"@id":"https:\/\/happypotame.com\/index.php\/produit\/carte-sinceres-condoleances\/#primaryimage"},"image":{"@id":"https:\/\/happypotame.com\/index.php\/produit\/carte-sinceres-condoleances\/#primaryimage"},"thumbnailUrl":"https:\/\/happypotame.com\/wp-content\/uploads\/2023\/11\/Sinceres_condoleances-scaled.png","datePublished":"2023-11-19T07:44:55+00:00","dateModified":"2025-12-08T07:16:51+00:00","description":"Con\u00e7ue avec sensibilit\u00e9, dans des teintes douces, cette carte de colombe offre un espace pour partager vos pens\u00e9es r\u00e9confortantes et vos mots \u00e0 vous.","breadcrumb":{"@id":"https:\/\/happypotame.com\/index.php\/produit\/carte-sinceres-condoleances\/#breadcrumb"},"inLanguage":"fr-FR","potentialAction":[{"@type":"ReadAction","target":["https:\/\/happypotame.com\/index.php\/produit\/carte-sinceres-condoleances\/"]}]},{"@type":"ImageObject","inLanguage":"fr-FR","@id":"https:\/\/happypotame.com\/index.php\/produit\/carte-sinceres-condoleances\/#primaryimage","url":"https:\/\/happypotame.com\/wp-content\/uploads\/2023\/11\/Sinceres_condoleances-scaled.png","contentUrl":"https:\/\/happypotame.com\/wp-content\/uploads\/2023\/11\/Sinceres_condoleances-scaled.png","width":1810,"height":2560},{"@type":"BreadcrumbList","@id":"https:\/\/happypotame.com\/index.php\/produit\/carte-sinceres-condoleances\/#breadcrumb","itemListElement":[{"@type":"ListItem","position":1,"name":"Accueil","item":"https:\/\/happypotame.com\/"},{"@type":"ListItem","position":2,"name":"Boutique","item":"https:\/\/happypotame.com\/index.php\/boutique\/"},{"@type":"ListItem","position":3,"name":"Carte \u00ab\u00a0Sinc\u00e8res condol\u00e9ances\u00a0\u00bb"}]},{"@type":"WebSite","@id":"https:\/\/happypotame.com\/#website","url":"https:\/\/happypotame.com\/","name":"Happypotame","description":"","publisher":{"@id":"https:\/\/happypotame.com\/#organization"},"potentialAction":[{"@type":"SearchAction","target":{"@type":"EntryPoint","urlTemplate":"https:\/\/happypotame.com\/?s={search_term_string}"},"query-input":{"@type":"PropertyValueSpecification","valueRequired":true,"valueName":"search_term_string"}}],"inLanguage":"fr-FR"},{"@type":"Organization","@id":"https:\/\/happypotame.com\/#organization","name":"Happypotame","url":"https:\/\/happypotame.com\/","logo":{"@type":"ImageObject","inLanguage":"fr-FR","@id":"https:\/\/happypotame.com\/#\/schema\/logo\/image\/","url":"https:\/\/happypotame.com\/wp-content\/uploads\/2022\/03\/cropped-Logo_Happypotame_vertical.png","contentUrl":"https:\/\/happypotame.com\/wp-content\/uploads\/2022\/03\/cropped-Logo_Happypotame_vertical.png","width":4538,"height":945,"caption":"Happypotame"},"image":{"@id":"https:\/\/happypotame.com\/#\/schema\/logo\/image\/"},"sameAs":["https:\/\/www.instagram.com\/happypotame\/?hl=fr"]}]}},"_links":{"self":[{"href":"https:\/\/happypotame.com\/index.php\/wp-json\/wp\/v2\/product\/2986","targetHints":{"allow":["GET"]}}],"collection":[{"href":"https:\/\/happypotame.com\/index.php\/wp-json\/wp\/v2\/product"}],"about":[{"href":"https:\/\/happypotame.com\/index.php\/wp-json\/wp\/v2\/types\/product"}],"wp:featuredmedia":[{"embeddable":true,"href":"https:\/\/happypotame.com\/index.php\/wp-json\/wp\/v2\/media\/3685"}],"wp:attachment":[{"href":"https:\/\/happypotame.com\/index.php\/wp-json\/wp\/v2\/media?parent=2986"}],"wp:term":[{"taxonomy":"product_brand","embeddable":true,"href":"https:\/\/happypotame.com\/index.php\/wp-json\/wp\/v2\/product_brand?post=2986"},{"taxonomy":"product_cat","embeddable":true,"href":"https:\/\/happypotame.com\/index.php\/wp-json\/wp\/v2\/product_cat?post=2986"},{"taxonomy":"product_tag","embeddable":true,"href":"https:\/\/happypotame.com\/index.php\/wp-json\/wp\/v2\/product_tag?post=2986"}],"curies":[{"name":"wp","href":"https:\/\/api.w.org\/{rel}","templated":true}]}}