{"id":3124,"date":"2024-03-28T18:04:10","date_gmt":"2024-03-28T17:04:10","guid":{"rendered":"https:\/\/happypotame.com\/?post_type=product&#038;p=3124"},"modified":"2026-03-24T11:32:31","modified_gmt":"2026-03-24T10:32:31","slug":"carte-amour-vache","status":"publish","type":"product","link":"https:\/\/happypotame.com\/index.php\/produit\/carte-amour-vache\/","title":{"rendered":"Carte \u00ab\u00a0Amour vache\u00a0\u00bb"},"content":{"rendered":"<p class=\"p1\">Cette carte postale est imprim\u00e9e sur un papier de cr\u00e9ation 300g par Clo\u00eetre Imprimeurs, en Bretagne, \u00e0 St-Thonan plus exactement.<br \/>\nVous pouvez compl\u00e9ter votre achat avec une enveloppe kraft (onglet \u00ab\u00a0autres produits\u00a0\u00bb du menu de notre site).<\/p>\n<p class=\"p1\">Que ce soit pour envoyer un petit mot doux \u00e0 un \u00eatre cher, \u00e9gayer la journ\u00e9e d&rsquo;un ami ou simplement pour ajouter une touche de joie \u00e0 votre d\u00e9cor, la carte postale \u00ab\u00a0Amour Vache\u00a0\u00bb est le choix parfait. Sur un fond damier rose et ses touches de rouge, ce design ludique et color\u00e9 \u00e9voque \u00e0 la fois la douceur et le c\u00f4t\u00e9 espi\u00e8gle des relations amoureuses. Elle se d\u00e9marque par son design unique et sa symbolique attachante. Elle ne manquera pas de faire sourire quiconque la re\u00e7oit. Que ce soit pour la Saint-Valentin, un anniversaire, pour envoyer un message \u00e0 un \u00eatre cher, ou simplement pour \u00e9gayer la journ\u00e9e de quelqu&rsquo;un, cette carte saura faire sourire et toucher la personne qui la recevra. Elle allie tendresse et humour avec une touche de fantaisie. La carte postale \u00ab\u00a0Amour Vache\u00a0\u00bb est un choix polyvalent et toujours appropri\u00e9. Elle s&rsquo;adapte \u00e0 chaque occasion. \u00c0 offrir, envoyer, encadrer, \u00e9pingler, aimanter, scotcher\u2026 sans mod\u00e9ration, et dans toutes les pi\u00e8ces de la maison !<\/p>\n<p class=\"p1\">Explorez notre collection color\u00e9e de cartes postales illustr\u00e9es o\u00f9 les teintes vives se marient aux jeux de mots pour cr\u00e9er des compositions graphiques uniques et originales. Des \u00ab\u00a0ratons loveurs\u00a0\u00bb aux \u00ab\u00a0crazy biches\u00a0\u00bb, en passant par des \u00ab\u00a0fleurs succulentes \u00bb, plongez dans notre monde enchant\u00e9 de faune ou de flore o\u00f9 vous trouverez toutes sortes d\u2019animaux et de v\u00e9g\u00e9taux, tous illustr\u00e9s \u00e0 la main. Vous souhaitez transmettre vos pens\u00e9es ou d\u00e9corer votre int\u00e9rieur avec originalit\u00e9 ? Les cartes Happypotame sont id\u00e9ales font toujours plaisir aux personnes qui les re\u00e7oivent. Elles sont id\u00e9ales pour exprimer des v\u0153ux d&rsquo;anniversaire \u00e0 un amoureux de la faune ou pour partager des nouvelles r\u00e9jouissantes avec une touche d&rsquo;humour animalier.<\/p>\n","protected":false},"excerpt":{"rendered":"<p class=\"p1\">Avec sa symbolique attachante et ses jolies couleurs pep&rsquo;s, la carte \u00ab\u00a0Amour vache\u00a0\u00bb\u00a0ne manquera pas de faire sourire quiconque la re\u00e7oit. \u00c0 offrir, envoyer, encadrer, \u00e9pingler, aimanter, scotcher\u2026 !<\/p>\n<p class=\"p1\">Carte format 10&#215;15 cm.<br \/>\nCr\u00e9\u00e9e et imprim\u00e9e en France. Pure beurre Bzh !<br \/>\nVous pouvez compl\u00e9ter votre achat avec notre enveloppe kraft.<\/p>\n","protected":false},"featured_media":3100,"template":"","meta":[],"product_brand":[],"product_cat":[129,110,132],"product_tag":[],"class_list":{"0":"post-3124","1":"product","2":"type-product","3":"status-publish","4":"has-post-thumbnail","6":"product_cat-amitie-amour","7":"product_cat-cartes-postales","8":"product_cat-expressions","10":"first","11":"instock","12":"shipping-taxable","13":"purchasable","14":"product-type-simple"},"yoast_head":"<!-- This site is optimized with the Yoast SEO plugin v27.4 - https:\/\/yoast.com\/product\/yoast-seo-wordpress\/ -->\n<title>Carte &quot;Amour vache&quot; - Happypotame<\/title>\n<meta name=\"description\" content=\"Avec sa symbolique attachante et ses jolies couleurs pep&#039;s, la carte &quot;Amour vache&quot;\u00a0ne manquera pas de faire sourire quiconque la re\u00e7oit.\" \/>\n<meta name=\"robots\" content=\"index, follow, max-snippet:-1, max-image-preview:large, max-video-preview:-1\" \/>\n<link rel=\"canonical\" href=\"https:\/\/happypotame.com\/index.php\/produit\/carte-amour-vache\/\" \/>\n<meta property=\"og:locale\" content=\"fr_FR\" \/>\n<meta property=\"og:type\" content=\"article\" \/>\n<meta property=\"og:title\" content=\"Carte &quot;Amour vache&quot; - Happypotame\" \/>\n<meta property=\"og:description\" content=\"Avec sa symbolique attachante et ses jolies couleurs pep&#039;s, la carte &quot;Amour vache&quot;\u00a0ne manquera pas de faire sourire quiconque la re\u00e7oit.\" \/>\n<meta property=\"og:url\" content=\"https:\/\/happypotame.com\/index.php\/produit\/carte-amour-vache\/\" \/>\n<meta property=\"og:site_name\" content=\"Happypotame\" \/>\n<meta property=\"article:modified_time\" content=\"2026-03-24T10:32:31+00:00\" \/>\n<meta property=\"og:image\" content=\"https:\/\/happypotame.com\/wp-content\/uploads\/2024\/03\/Carte_postale_situation5.png\" \/>\n\t<meta property=\"og:image:width\" content=\"2480\" \/>\n\t<meta property=\"og:image:height\" content=\"3508\" \/>\n\t<meta property=\"og:image:type\" content=\"image\/png\" \/>\n<meta name=\"twitter:card\" content=\"summary_large_image\" \/>\n<meta name=\"twitter:label1\" content=\"Dur\u00e9e de lecture estim\u00e9e\" \/>\n\t<meta name=\"twitter:data1\" content=\"2 minutes\" \/>\n<script type=\"application\/ld+json\" class=\"yoast-schema-graph\">{\"@context\":\"https:\\\/\\\/schema.org\",\"@graph\":[{\"@type\":\"WebPage\",\"@id\":\"https:\\\/\\\/happypotame.com\\\/index.php\\\/produit\\\/carte-amour-vache\\\/\",\"url\":\"https:\\\/\\\/happypotame.com\\\/index.php\\\/produit\\\/carte-amour-vache\\\/\",\"name\":\"Carte \\\"Amour vache\\\" - Happypotame\",\"isPartOf\":{\"@id\":\"https:\\\/\\\/happypotame.com\\\/#website\"},\"primaryImageOfPage\":{\"@id\":\"https:\\\/\\\/happypotame.com\\\/index.php\\\/produit\\\/carte-amour-vache\\\/#primaryimage\"},\"image\":{\"@id\":\"https:\\\/\\\/happypotame.com\\\/index.php\\\/produit\\\/carte-amour-vache\\\/#primaryimage\"},\"thumbnailUrl\":\"https:\\\/\\\/happypotame.com\\\/wp-content\\\/uploads\\\/2024\\\/03\\\/Carte_postale_situation5.png\",\"datePublished\":\"2024-03-28T17:04:10+00:00\",\"dateModified\":\"2026-03-24T10:32:31+00:00\",\"description\":\"Avec sa symbolique attachante et ses jolies couleurs pep's, la carte \\\"Amour vache\\\"\u00a0ne manquera pas de faire sourire quiconque la re\u00e7oit.\",\"breadcrumb\":{\"@id\":\"https:\\\/\\\/happypotame.com\\\/index.php\\\/produit\\\/carte-amour-vache\\\/#breadcrumb\"},\"inLanguage\":\"fr-FR\",\"potentialAction\":[{\"@type\":\"ReadAction\",\"target\":[\"https:\\\/\\\/happypotame.com\\\/index.php\\\/produit\\\/carte-amour-vache\\\/\"]}]},{\"@type\":\"ImageObject\",\"inLanguage\":\"fr-FR\",\"@id\":\"https:\\\/\\\/happypotame.com\\\/index.php\\\/produit\\\/carte-amour-vache\\\/#primaryimage\",\"url\":\"https:\\\/\\\/happypotame.com\\\/wp-content\\\/uploads\\\/2024\\\/03\\\/Carte_postale_situation5.png\",\"contentUrl\":\"https:\\\/\\\/happypotame.com\\\/wp-content\\\/uploads\\\/2024\\\/03\\\/Carte_postale_situation5.png\",\"width\":2480,\"height\":3508},{\"@type\":\"BreadcrumbList\",\"@id\":\"https:\\\/\\\/happypotame.com\\\/index.php\\\/produit\\\/carte-amour-vache\\\/#breadcrumb\",\"itemListElement\":[{\"@type\":\"ListItem\",\"position\":1,\"name\":\"Accueil\",\"item\":\"https:\\\/\\\/happypotame.com\\\/\"},{\"@type\":\"ListItem\",\"position\":2,\"name\":\"Boutique\",\"item\":\"https:\\\/\\\/happypotame.com\\\/index.php\\\/boutique\\\/\"},{\"@type\":\"ListItem\",\"position\":3,\"name\":\"Carte \u00ab\u00a0Amour vache\u00a0\u00bb\"}]},{\"@type\":\"WebSite\",\"@id\":\"https:\\\/\\\/happypotame.com\\\/#website\",\"url\":\"https:\\\/\\\/happypotame.com\\\/\",\"name\":\"Happypotame\",\"description\":\"\",\"publisher\":{\"@id\":\"https:\\\/\\\/happypotame.com\\\/#organization\"},\"potentialAction\":[{\"@type\":\"SearchAction\",\"target\":{\"@type\":\"EntryPoint\",\"urlTemplate\":\"https:\\\/\\\/happypotame.com\\\/?s={search_term_string}\"},\"query-input\":{\"@type\":\"PropertyValueSpecification\",\"valueRequired\":true,\"valueName\":\"search_term_string\"}}],\"inLanguage\":\"fr-FR\"},{\"@type\":\"Organization\",\"@id\":\"https:\\\/\\\/happypotame.com\\\/#organization\",\"name\":\"Happypotame\",\"url\":\"https:\\\/\\\/happypotame.com\\\/\",\"logo\":{\"@type\":\"ImageObject\",\"inLanguage\":\"fr-FR\",\"@id\":\"https:\\\/\\\/happypotame.com\\\/#\\\/schema\\\/logo\\\/image\\\/\",\"url\":\"https:\\\/\\\/happypotame.com\\\/wp-content\\\/uploads\\\/2022\\\/03\\\/cropped-Logo_Happypotame_vertical.png\",\"contentUrl\":\"https:\\\/\\\/happypotame.com\\\/wp-content\\\/uploads\\\/2022\\\/03\\\/cropped-Logo_Happypotame_vertical.png\",\"width\":4538,\"height\":945,\"caption\":\"Happypotame\"},\"image\":{\"@id\":\"https:\\\/\\\/happypotame.com\\\/#\\\/schema\\\/logo\\\/image\\\/\"},\"sameAs\":[\"https:\\\/\\\/www.instagram.com\\\/happypotame\\\/?hl=fr\"]}]}<\/script>\n<!-- \/ Yoast SEO plugin. -->","yoast_head_json":{"title":"Carte \"Amour vache\" - Happypotame","description":"Avec sa symbolique attachante et ses jolies couleurs pep's, la carte \"Amour vache\"\u00a0ne manquera pas de faire sourire quiconque la re\u00e7oit.","robots":{"index":"index","follow":"follow","max-snippet":"max-snippet:-1","max-image-preview":"max-image-preview:large","max-video-preview":"max-video-preview:-1"},"canonical":"https:\/\/happypotame.com\/index.php\/produit\/carte-amour-vache\/","og_locale":"fr_FR","og_type":"article","og_title":"Carte \"Amour vache\" - Happypotame","og_description":"Avec sa symbolique attachante et ses jolies couleurs pep's, la carte \"Amour vache\"\u00a0ne manquera pas de faire sourire quiconque la re\u00e7oit.","og_url":"https:\/\/happypotame.com\/index.php\/produit\/carte-amour-vache\/","og_site_name":"Happypotame","article_modified_time":"2026-03-24T10:32:31+00:00","og_image":[{"width":2480,"height":3508,"url":"https:\/\/happypotame.com\/wp-content\/uploads\/2024\/03\/Carte_postale_situation5.png","type":"image\/png"}],"twitter_card":"summary_large_image","twitter_misc":{"Dur\u00e9e de lecture estim\u00e9e":"2 minutes"},"schema":{"@context":"https:\/\/schema.org","@graph":[{"@type":"WebPage","@id":"https:\/\/happypotame.com\/index.php\/produit\/carte-amour-vache\/","url":"https:\/\/happypotame.com\/index.php\/produit\/carte-amour-vache\/","name":"Carte \"Amour vache\" - Happypotame","isPartOf":{"@id":"https:\/\/happypotame.com\/#website"},"primaryImageOfPage":{"@id":"https:\/\/happypotame.com\/index.php\/produit\/carte-amour-vache\/#primaryimage"},"image":{"@id":"https:\/\/happypotame.com\/index.php\/produit\/carte-amour-vache\/#primaryimage"},"thumbnailUrl":"https:\/\/happypotame.com\/wp-content\/uploads\/2024\/03\/Carte_postale_situation5.png","datePublished":"2024-03-28T17:04:10+00:00","dateModified":"2026-03-24T10:32:31+00:00","description":"Avec sa symbolique attachante et ses jolies couleurs pep's, la carte \"Amour vache\"\u00a0ne manquera pas de faire sourire quiconque la re\u00e7oit.","breadcrumb":{"@id":"https:\/\/happypotame.com\/index.php\/produit\/carte-amour-vache\/#breadcrumb"},"inLanguage":"fr-FR","potentialAction":[{"@type":"ReadAction","target":["https:\/\/happypotame.com\/index.php\/produit\/carte-amour-vache\/"]}]},{"@type":"ImageObject","inLanguage":"fr-FR","@id":"https:\/\/happypotame.com\/index.php\/produit\/carte-amour-vache\/#primaryimage","url":"https:\/\/happypotame.com\/wp-content\/uploads\/2024\/03\/Carte_postale_situation5.png","contentUrl":"https:\/\/happypotame.com\/wp-content\/uploads\/2024\/03\/Carte_postale_situation5.png","width":2480,"height":3508},{"@type":"BreadcrumbList","@id":"https:\/\/happypotame.com\/index.php\/produit\/carte-amour-vache\/#breadcrumb","itemListElement":[{"@type":"ListItem","position":1,"name":"Accueil","item":"https:\/\/happypotame.com\/"},{"@type":"ListItem","position":2,"name":"Boutique","item":"https:\/\/happypotame.com\/index.php\/boutique\/"},{"@type":"ListItem","position":3,"name":"Carte \u00ab\u00a0Amour vache\u00a0\u00bb"}]},{"@type":"WebSite","@id":"https:\/\/happypotame.com\/#website","url":"https:\/\/happypotame.com\/","name":"Happypotame","description":"","publisher":{"@id":"https:\/\/happypotame.com\/#organization"},"potentialAction":[{"@type":"SearchAction","target":{"@type":"EntryPoint","urlTemplate":"https:\/\/happypotame.com\/?s={search_term_string}"},"query-input":{"@type":"PropertyValueSpecification","valueRequired":true,"valueName":"search_term_string"}}],"inLanguage":"fr-FR"},{"@type":"Organization","@id":"https:\/\/happypotame.com\/#organization","name":"Happypotame","url":"https:\/\/happypotame.com\/","logo":{"@type":"ImageObject","inLanguage":"fr-FR","@id":"https:\/\/happypotame.com\/#\/schema\/logo\/image\/","url":"https:\/\/happypotame.com\/wp-content\/uploads\/2022\/03\/cropped-Logo_Happypotame_vertical.png","contentUrl":"https:\/\/happypotame.com\/wp-content\/uploads\/2022\/03\/cropped-Logo_Happypotame_vertical.png","width":4538,"height":945,"caption":"Happypotame"},"image":{"@id":"https:\/\/happypotame.com\/#\/schema\/logo\/image\/"},"sameAs":["https:\/\/www.instagram.com\/happypotame\/?hl=fr"]}]}},"_links":{"self":[{"href":"https:\/\/happypotame.com\/index.php\/wp-json\/wp\/v2\/product\/3124","targetHints":{"allow":["GET"]}}],"collection":[{"href":"https:\/\/happypotame.com\/index.php\/wp-json\/wp\/v2\/product"}],"about":[{"href":"https:\/\/happypotame.com\/index.php\/wp-json\/wp\/v2\/types\/product"}],"wp:featuredmedia":[{"embeddable":true,"href":"https:\/\/happypotame.com\/index.php\/wp-json\/wp\/v2\/media\/3100"}],"wp:attachment":[{"href":"https:\/\/happypotame.com\/index.php\/wp-json\/wp\/v2\/media?parent=3124"}],"wp:term":[{"taxonomy":"product_brand","embeddable":true,"href":"https:\/\/happypotame.com\/index.php\/wp-json\/wp\/v2\/product_brand?post=3124"},{"taxonomy":"product_cat","embeddable":true,"href":"https:\/\/happypotame.com\/index.php\/wp-json\/wp\/v2\/product_cat?post=3124"},{"taxonomy":"product_tag","embeddable":true,"href":"https:\/\/happypotame.com\/index.php\/wp-json\/wp\/v2\/product_tag?post=3124"}],"curies":[{"name":"wp","href":"https:\/\/api.w.org\/{rel}","templated":true}]}}