{"id":3334,"date":"2024-10-08T17:44:15","date_gmt":"2024-10-08T15:44:15","guid":{"rendered":"https:\/\/happypotame.com\/?post_type=product&#038;p=3334"},"modified":"2026-04-04T15:38:41","modified_gmt":"2026-04-04T13:38:41","slug":"carte-cest-la-moule-a-la-plage","status":"publish","type":"product","link":"https:\/\/happypotame.com\/index.php\/produit\/carte-cest-la-moule-a-la-plage\/","title":{"rendered":"Carte \u00ab\u00a0C&rsquo;est la moule \u00e0 la plage\u00a0\u00bb"},"content":{"rendered":"<p class=\"p1\">Cette carte postale made in France est imprim\u00e9e sur un papier de cr\u00e9ation 300g par Clo\u00eetre Imprimeurs, en Bretagne, \u00e0 St-Thonan plus exactement.<br \/>\nVous pouvez compl\u00e9ter votre achat avec une enveloppe kraft (onglet \u00ab\u00a0autres produits\u00a0\u00bb du menu de notre site).<\/p>\n<div class=\"gs\">\n<div class=\"\">\n<div id=\":46p\" class=\"ii gt\">\n<div id=\":46q\" class=\"a3s aiL \">\n<div dir=\"auto\">\n<p>Faites sourire vos proches avec cette carte postale d\u00e9cal\u00e9e et pleine d\u2019humour ! Inspir\u00e9e de la c\u00e9l\u00e8bre chanson \u00ab\u00a0L\u2019amour \u00e0 la plage\u00a0\u00bb, cette carte revisite le titre de mani\u00e8re ludique avec l\u2019inscription : \u00ab\u00a0C&rsquo;est la moule \u00e0 la plage\u2026 ah-hou cha cha cha\u00a0\u00bb. Son fond rose p\u00e9tillant ajoute une touche fun et estivale. Que ce soit pour envoyer un souvenir de vacances, partager une pens\u00e9e ensoleill\u00e9e ou juste pour le plaisir de faire rire, cette carte est id\u00e9ale pour ceux qui aiment les jeux de mots et les clins d\u2019\u0153il r\u00e9tro. Un choix parfait pour une carte fun et originale \u00e0 toute occasion ! Offrez un moment de complicit\u00e9 et un clin d&rsquo;\u0153il musical \u00e0 vos amis avec cette carte postale qui m\u00eale humour, vacances et nostalgie pop. Parfaite pour un envoi l\u00e9ger et amusant, elle saura surprendre et amuser \u00e0 coup s\u00fbr !<\/p>\n<\/div>\n<p>Explorez notre collection color\u00e9e de cartes postales illustr\u00e9es o\u00f9 les teintes vives se marient aux jeux de mots pour cr\u00e9er des compositions graphiques uniques et originales. Des \u00ab\u00a0ratons loveurs\u00a0\u00bb aux \u00ab\u00a0crazy biches\u00a0\u00bb, en passant par des \u00ab\u00a0fleurs succulentes \u00bb, plongez dans notre monde enchant\u00e9 de faune ou de flore o\u00f9 vous trouverez toutes sortes d\u2019animaux et de v\u00e9g\u00e9taux, tous illustr\u00e9s \u00e0 la main. Vous souhaitez transmettre vos pens\u00e9es ou d\u00e9corer votre int\u00e9rieur avec originalit\u00e9 ? Les cartes Happypotame sont id\u00e9ales font toujours plaisir aux personnes qui les re\u00e7oivent. Elles sont id\u00e9ales pour exprimer des v\u0153ux d&rsquo;anniversaire \u00e0 un amoureux de la faune ou pour partager des nouvelles r\u00e9jouissantes avec une touche d&rsquo;humour animalier.<\/p>\n<div class=\"yj6qo\"><\/div>\n<div class=\"adL\"><\/div>\n<\/div>\n<\/div>\n<div class=\"hi\"><\/div>\n<div class=\"WhmR8e\" data-hash=\"0\"><\/div>\n<\/div>\n<\/div>\n<p class=\"p1\">\n","protected":false},"excerpt":{"rendered":"<p>Faites sourire vos proches avec cette carte d\u00e9cal\u00e9e et pleine d\u2019humour ! Cette carte revisite le titre de mani\u00e8re ludique la chanson \u00ab\u00a0l&rsquo;amour \u00e0 la plage\u00a0\u00bb.<\/p>\n<p class=\"p1\">Carte format 10&#215;15 cm.<br \/>\nCr\u00e9\u00e9e et imprim\u00e9e en France. Pure beurre Bzh !<br \/>\nVous pouvez compl\u00e9ter votre achat avec notre enveloppe kraft.<\/p>\n","protected":false},"featured_media":3319,"template":"","meta":[],"product_brand":[],"product_cat":[129,110,130],"product_tag":[],"class_list":{"0":"post-3334","1":"product","2":"type-product","3":"status-publish","4":"has-post-thumbnail","6":"product_cat-amitie-amour","7":"product_cat-cartes-postales","8":"product_cat-mer-bretagne","10":"first","11":"instock","12":"shipping-taxable","13":"purchasable","14":"product-type-simple"},"yoast_head":"<!-- This site is optimized with the Yoast SEO plugin v27.4 - https:\/\/yoast.com\/product\/yoast-seo-wordpress\/ -->\n<title>Carte &quot;C&#039;est la moule \u00e0 la plage&quot; - Happypotame<\/title>\n<meta name=\"description\" content=\"Faites sourire vos proches avec cette carte d\u00e9cal\u00e9e et pleine d\u2019humour ! Cette carte revisite le titre de mani\u00e8re ludique la chanson &quot;l&#039;amour \u00e0 la plage&quot;.\" \/>\n<meta name=\"robots\" content=\"index, follow, max-snippet:-1, max-image-preview:large, max-video-preview:-1\" \/>\n<link rel=\"canonical\" href=\"https:\/\/happypotame.com\/index.php\/produit\/carte-cest-la-moule-a-la-plage\/\" \/>\n<meta property=\"og:locale\" content=\"fr_FR\" \/>\n<meta property=\"og:type\" content=\"article\" \/>\n<meta property=\"og:title\" content=\"Carte &quot;C&#039;est la moule \u00e0 la plage&quot; - Happypotame\" \/>\n<meta property=\"og:description\" content=\"Faites sourire vos proches avec cette carte d\u00e9cal\u00e9e et pleine d\u2019humour ! Cette carte revisite le titre de mani\u00e8re ludique la chanson &quot;l&#039;amour \u00e0 la plage&quot;.\" \/>\n<meta property=\"og:url\" content=\"https:\/\/happypotame.com\/index.php\/produit\/carte-cest-la-moule-a-la-plage\/\" \/>\n<meta property=\"og:site_name\" content=\"Happypotame\" \/>\n<meta property=\"article:modified_time\" content=\"2026-04-04T13:38:41+00:00\" \/>\n<meta property=\"og:image\" content=\"https:\/\/happypotame.com\/wp-content\/uploads\/2024\/03\/Carte_postale_situation4-1.png\" \/>\n\t<meta property=\"og:image:width\" content=\"2480\" \/>\n\t<meta property=\"og:image:height\" content=\"3508\" \/>\n\t<meta property=\"og:image:type\" content=\"image\/png\" \/>\n<meta name=\"twitter:card\" content=\"summary_large_image\" \/>\n<meta name=\"twitter:label1\" content=\"Dur\u00e9e de lecture estim\u00e9e\" \/>\n\t<meta name=\"twitter:data1\" content=\"2 minutes\" \/>\n<script type=\"application\/ld+json\" class=\"yoast-schema-graph\">{\"@context\":\"https:\\\/\\\/schema.org\",\"@graph\":[{\"@type\":\"WebPage\",\"@id\":\"https:\\\/\\\/happypotame.com\\\/index.php\\\/produit\\\/carte-cest-la-moule-a-la-plage\\\/\",\"url\":\"https:\\\/\\\/happypotame.com\\\/index.php\\\/produit\\\/carte-cest-la-moule-a-la-plage\\\/\",\"name\":\"Carte \\\"C'est la moule \u00e0 la plage\\\" - Happypotame\",\"isPartOf\":{\"@id\":\"https:\\\/\\\/happypotame.com\\\/#website\"},\"primaryImageOfPage\":{\"@id\":\"https:\\\/\\\/happypotame.com\\\/index.php\\\/produit\\\/carte-cest-la-moule-a-la-plage\\\/#primaryimage\"},\"image\":{\"@id\":\"https:\\\/\\\/happypotame.com\\\/index.php\\\/produit\\\/carte-cest-la-moule-a-la-plage\\\/#primaryimage\"},\"thumbnailUrl\":\"https:\\\/\\\/happypotame.com\\\/wp-content\\\/uploads\\\/2024\\\/03\\\/Carte_postale_situation4-1.png\",\"datePublished\":\"2024-10-08T15:44:15+00:00\",\"dateModified\":\"2026-04-04T13:38:41+00:00\",\"description\":\"Faites sourire vos proches avec cette carte d\u00e9cal\u00e9e et pleine d\u2019humour ! Cette carte revisite le titre de mani\u00e8re ludique la chanson \\\"l'amour \u00e0 la plage\\\".\",\"breadcrumb\":{\"@id\":\"https:\\\/\\\/happypotame.com\\\/index.php\\\/produit\\\/carte-cest-la-moule-a-la-plage\\\/#breadcrumb\"},\"inLanguage\":\"fr-FR\",\"potentialAction\":[{\"@type\":\"ReadAction\",\"target\":[\"https:\\\/\\\/happypotame.com\\\/index.php\\\/produit\\\/carte-cest-la-moule-a-la-plage\\\/\"]}]},{\"@type\":\"ImageObject\",\"inLanguage\":\"fr-FR\",\"@id\":\"https:\\\/\\\/happypotame.com\\\/index.php\\\/produit\\\/carte-cest-la-moule-a-la-plage\\\/#primaryimage\",\"url\":\"https:\\\/\\\/happypotame.com\\\/wp-content\\\/uploads\\\/2024\\\/03\\\/Carte_postale_situation4-1.png\",\"contentUrl\":\"https:\\\/\\\/happypotame.com\\\/wp-content\\\/uploads\\\/2024\\\/03\\\/Carte_postale_situation4-1.png\",\"width\":2480,\"height\":3508},{\"@type\":\"BreadcrumbList\",\"@id\":\"https:\\\/\\\/happypotame.com\\\/index.php\\\/produit\\\/carte-cest-la-moule-a-la-plage\\\/#breadcrumb\",\"itemListElement\":[{\"@type\":\"ListItem\",\"position\":1,\"name\":\"Accueil\",\"item\":\"https:\\\/\\\/happypotame.com\\\/\"},{\"@type\":\"ListItem\",\"position\":2,\"name\":\"Boutique\",\"item\":\"https:\\\/\\\/happypotame.com\\\/index.php\\\/boutique\\\/\"},{\"@type\":\"ListItem\",\"position\":3,\"name\":\"Carte \u00ab\u00a0C&rsquo;est la moule \u00e0 la plage\u00a0\u00bb\"}]},{\"@type\":\"WebSite\",\"@id\":\"https:\\\/\\\/happypotame.com\\\/#website\",\"url\":\"https:\\\/\\\/happypotame.com\\\/\",\"name\":\"Happypotame\",\"description\":\"\",\"publisher\":{\"@id\":\"https:\\\/\\\/happypotame.com\\\/#organization\"},\"potentialAction\":[{\"@type\":\"SearchAction\",\"target\":{\"@type\":\"EntryPoint\",\"urlTemplate\":\"https:\\\/\\\/happypotame.com\\\/?s={search_term_string}\"},\"query-input\":{\"@type\":\"PropertyValueSpecification\",\"valueRequired\":true,\"valueName\":\"search_term_string\"}}],\"inLanguage\":\"fr-FR\"},{\"@type\":\"Organization\",\"@id\":\"https:\\\/\\\/happypotame.com\\\/#organization\",\"name\":\"Happypotame\",\"url\":\"https:\\\/\\\/happypotame.com\\\/\",\"logo\":{\"@type\":\"ImageObject\",\"inLanguage\":\"fr-FR\",\"@id\":\"https:\\\/\\\/happypotame.com\\\/#\\\/schema\\\/logo\\\/image\\\/\",\"url\":\"https:\\\/\\\/happypotame.com\\\/wp-content\\\/uploads\\\/2022\\\/03\\\/cropped-Logo_Happypotame_vertical.png\",\"contentUrl\":\"https:\\\/\\\/happypotame.com\\\/wp-content\\\/uploads\\\/2022\\\/03\\\/cropped-Logo_Happypotame_vertical.png\",\"width\":4538,\"height\":945,\"caption\":\"Happypotame\"},\"image\":{\"@id\":\"https:\\\/\\\/happypotame.com\\\/#\\\/schema\\\/logo\\\/image\\\/\"},\"sameAs\":[\"https:\\\/\\\/www.instagram.com\\\/happypotame\\\/?hl=fr\"]}]}<\/script>\n<!-- \/ Yoast SEO plugin. -->","yoast_head_json":{"title":"Carte \"C'est la moule \u00e0 la plage\" - Happypotame","description":"Faites sourire vos proches avec cette carte d\u00e9cal\u00e9e et pleine d\u2019humour ! Cette carte revisite le titre de mani\u00e8re ludique la chanson \"l'amour \u00e0 la plage\".","robots":{"index":"index","follow":"follow","max-snippet":"max-snippet:-1","max-image-preview":"max-image-preview:large","max-video-preview":"max-video-preview:-1"},"canonical":"https:\/\/happypotame.com\/index.php\/produit\/carte-cest-la-moule-a-la-plage\/","og_locale":"fr_FR","og_type":"article","og_title":"Carte \"C'est la moule \u00e0 la plage\" - Happypotame","og_description":"Faites sourire vos proches avec cette carte d\u00e9cal\u00e9e et pleine d\u2019humour ! Cette carte revisite le titre de mani\u00e8re ludique la chanson \"l'amour \u00e0 la plage\".","og_url":"https:\/\/happypotame.com\/index.php\/produit\/carte-cest-la-moule-a-la-plage\/","og_site_name":"Happypotame","article_modified_time":"2026-04-04T13:38:41+00:00","og_image":[{"width":2480,"height":3508,"url":"https:\/\/happypotame.com\/wp-content\/uploads\/2024\/03\/Carte_postale_situation4-1.png","type":"image\/png"}],"twitter_card":"summary_large_image","twitter_misc":{"Dur\u00e9e de lecture estim\u00e9e":"2 minutes"},"schema":{"@context":"https:\/\/schema.org","@graph":[{"@type":"WebPage","@id":"https:\/\/happypotame.com\/index.php\/produit\/carte-cest-la-moule-a-la-plage\/","url":"https:\/\/happypotame.com\/index.php\/produit\/carte-cest-la-moule-a-la-plage\/","name":"Carte \"C'est la moule \u00e0 la plage\" - Happypotame","isPartOf":{"@id":"https:\/\/happypotame.com\/#website"},"primaryImageOfPage":{"@id":"https:\/\/happypotame.com\/index.php\/produit\/carte-cest-la-moule-a-la-plage\/#primaryimage"},"image":{"@id":"https:\/\/happypotame.com\/index.php\/produit\/carte-cest-la-moule-a-la-plage\/#primaryimage"},"thumbnailUrl":"https:\/\/happypotame.com\/wp-content\/uploads\/2024\/03\/Carte_postale_situation4-1.png","datePublished":"2024-10-08T15:44:15+00:00","dateModified":"2026-04-04T13:38:41+00:00","description":"Faites sourire vos proches avec cette carte d\u00e9cal\u00e9e et pleine d\u2019humour ! Cette carte revisite le titre de mani\u00e8re ludique la chanson \"l'amour \u00e0 la plage\".","breadcrumb":{"@id":"https:\/\/happypotame.com\/index.php\/produit\/carte-cest-la-moule-a-la-plage\/#breadcrumb"},"inLanguage":"fr-FR","potentialAction":[{"@type":"ReadAction","target":["https:\/\/happypotame.com\/index.php\/produit\/carte-cest-la-moule-a-la-plage\/"]}]},{"@type":"ImageObject","inLanguage":"fr-FR","@id":"https:\/\/happypotame.com\/index.php\/produit\/carte-cest-la-moule-a-la-plage\/#primaryimage","url":"https:\/\/happypotame.com\/wp-content\/uploads\/2024\/03\/Carte_postale_situation4-1.png","contentUrl":"https:\/\/happypotame.com\/wp-content\/uploads\/2024\/03\/Carte_postale_situation4-1.png","width":2480,"height":3508},{"@type":"BreadcrumbList","@id":"https:\/\/happypotame.com\/index.php\/produit\/carte-cest-la-moule-a-la-plage\/#breadcrumb","itemListElement":[{"@type":"ListItem","position":1,"name":"Accueil","item":"https:\/\/happypotame.com\/"},{"@type":"ListItem","position":2,"name":"Boutique","item":"https:\/\/happypotame.com\/index.php\/boutique\/"},{"@type":"ListItem","position":3,"name":"Carte \u00ab\u00a0C&rsquo;est la moule \u00e0 la plage\u00a0\u00bb"}]},{"@type":"WebSite","@id":"https:\/\/happypotame.com\/#website","url":"https:\/\/happypotame.com\/","name":"Happypotame","description":"","publisher":{"@id":"https:\/\/happypotame.com\/#organization"},"potentialAction":[{"@type":"SearchAction","target":{"@type":"EntryPoint","urlTemplate":"https:\/\/happypotame.com\/?s={search_term_string}"},"query-input":{"@type":"PropertyValueSpecification","valueRequired":true,"valueName":"search_term_string"}}],"inLanguage":"fr-FR"},{"@type":"Organization","@id":"https:\/\/happypotame.com\/#organization","name":"Happypotame","url":"https:\/\/happypotame.com\/","logo":{"@type":"ImageObject","inLanguage":"fr-FR","@id":"https:\/\/happypotame.com\/#\/schema\/logo\/image\/","url":"https:\/\/happypotame.com\/wp-content\/uploads\/2022\/03\/cropped-Logo_Happypotame_vertical.png","contentUrl":"https:\/\/happypotame.com\/wp-content\/uploads\/2022\/03\/cropped-Logo_Happypotame_vertical.png","width":4538,"height":945,"caption":"Happypotame"},"image":{"@id":"https:\/\/happypotame.com\/#\/schema\/logo\/image\/"},"sameAs":["https:\/\/www.instagram.com\/happypotame\/?hl=fr"]}]}},"_links":{"self":[{"href":"https:\/\/happypotame.com\/index.php\/wp-json\/wp\/v2\/product\/3334","targetHints":{"allow":["GET"]}}],"collection":[{"href":"https:\/\/happypotame.com\/index.php\/wp-json\/wp\/v2\/product"}],"about":[{"href":"https:\/\/happypotame.com\/index.php\/wp-json\/wp\/v2\/types\/product"}],"wp:featuredmedia":[{"embeddable":true,"href":"https:\/\/happypotame.com\/index.php\/wp-json\/wp\/v2\/media\/3319"}],"wp:attachment":[{"href":"https:\/\/happypotame.com\/index.php\/wp-json\/wp\/v2\/media?parent=3334"}],"wp:term":[{"taxonomy":"product_brand","embeddable":true,"href":"https:\/\/happypotame.com\/index.php\/wp-json\/wp\/v2\/product_brand?post=3334"},{"taxonomy":"product_cat","embeddable":true,"href":"https:\/\/happypotame.com\/index.php\/wp-json\/wp\/v2\/product_cat?post=3334"},{"taxonomy":"product_tag","embeddable":true,"href":"https:\/\/happypotame.com\/index.php\/wp-json\/wp\/v2\/product_tag?post=3334"}],"curies":[{"name":"wp","href":"https:\/\/api.w.org\/{rel}","templated":true}]}}