{"id":3341,"date":"2024-10-12T14:39:41","date_gmt":"2024-10-12T12:39:41","guid":{"rendered":"https:\/\/happypotame.com\/?post_type=product&#038;p=3341"},"modified":"2025-11-26T22:49:51","modified_gmt":"2025-11-26T21:49:51","slug":"carte-de-tout-coeur-avec-toi","status":"publish","type":"product","link":"https:\/\/happypotame.com\/index.php\/produit\/carte-de-tout-coeur-avec-toi\/","title":{"rendered":"Carte \u00ab\u00a0De tout c\u0153ur avec toi\u00a0\u00bb"},"content":{"rendered":"<p class=\"p1\">Cette carte postale made in France est imprim\u00e9e sur un papier de cr\u00e9ation 300g par Clo\u00eetre Imprimeurs, en Bretagne, \u00e0 St-Thonan plus exactement.<br \/>\nVous pouvez compl\u00e9ter votre achat avec une enveloppe kraft (onglet \u00ab\u00a0autres produits\u00a0\u00bb du menu de notre site).<\/p>\n<div class=\"gs\">\n<div class=\"\">\n<div id=\":46p\" class=\"ii gt\">\n<div id=\":46q\" class=\"a3s aiL \">\n<div dir=\"auto\">Exprimez vos sinc\u00e8res condol\u00e9ances avec notre carte empreinte de compassion et de soutien. Con\u00e7ue avec sensibilit\u00e9, dans des teintes douces, cette carte offre un espace r\u00e9fl\u00e9chi pour partager vos pens\u00e9es r\u00e9confortantes et vos mots \u00e0 vous. Avec une fleur dessin\u00e9e, cette carte est une mani\u00e8re d\u00e9licate d&rsquo;exprimer votre soutien en ces moments difficiles. Nos cartes de condol\u00e9ances sont soigneusement cr\u00e9\u00e9es pour transmettre chaleur et empathie lorsqu&rsquo;il est le plus n\u00e9cessaire.<\/div>\n<div class=\"yj6qo\"><\/div>\n<div class=\"adL\"><\/div>\n<\/div>\n<\/div>\n<div class=\"hi\"><\/div>\n<div class=\"WhmR8e\" data-hash=\"0\"><\/div>\n<\/div>\n<\/div>\n<p class=\"p1\">\n","protected":false},"excerpt":{"rendered":"<p>Con\u00e7ue avec sensibilit\u00e9, dans des teintes douces, cette carte de condol\u00e9ances avec un chrysanth\u00e8me offre un espace pour partager vos pens\u00e9es r\u00e9confortantes.<\/p>\n<p class=\"p1\">Carte format 10&#215;15 cm.<br \/>\nCr\u00e9\u00e9e et imprim\u00e9e en France. Pure beurre Bzh !<br \/>\nVous pouvez compl\u00e9ter votre achat avec notre enveloppe kraft.<\/p>\n","protected":false},"featured_media":3338,"template":"","meta":[],"product_brand":[],"product_cat":[110,151,155],"product_tag":[],"class_list":{"0":"post-3341","1":"product","2":"type-product","3":"status-publish","4":"has-post-thumbnail","6":"product_cat-cartes-postales","7":"product_cat-affiches-vegetaux","8":"product_cat-condoleances","10":"first","11":"instock","12":"shipping-taxable","13":"purchasable","14":"product-type-simple"},"yoast_head":"<!-- This site is optimized with the Yoast SEO plugin v27.4 - https:\/\/yoast.com\/product\/yoast-seo-wordpress\/ -->\n<title>Carte &quot;De tout c\u0153ur avec toi&quot; - Happypotame<\/title>\n<meta name=\"description\" content=\"Con\u00e7ue avec sensibilit\u00e9, dans des teintes douces, cette carte de condol\u00e9ances avec un chrysanth\u00e8me offre un espace pour partager vos pens\u00e9es r\u00e9confortantes.\" \/>\n<meta name=\"robots\" content=\"index, follow, max-snippet:-1, max-image-preview:large, max-video-preview:-1\" \/>\n<link rel=\"canonical\" href=\"https:\/\/happypotame.com\/index.php\/produit\/carte-de-tout-coeur-avec-toi\/\" \/>\n<meta property=\"og:locale\" content=\"fr_FR\" \/>\n<meta property=\"og:type\" content=\"article\" \/>\n<meta property=\"og:title\" content=\"Carte &quot;De tout c\u0153ur avec toi&quot; - Happypotame\" \/>\n<meta property=\"og:description\" content=\"Con\u00e7ue avec sensibilit\u00e9, dans des teintes douces, cette carte de condol\u00e9ances avec un chrysanth\u00e8me offre un espace pour partager vos pens\u00e9es r\u00e9confortantes.\" \/>\n<meta property=\"og:url\" content=\"https:\/\/happypotame.com\/index.php\/produit\/carte-de-tout-coeur-avec-toi\/\" \/>\n<meta property=\"og:site_name\" content=\"Happypotame\" \/>\n<meta property=\"article:modified_time\" content=\"2025-11-26T21:49:51+00:00\" \/>\n<meta property=\"og:image\" content=\"https:\/\/happypotame.com\/wp-content\/uploads\/2024\/10\/Carte_postale_situation_FLORE.png\" \/>\n\t<meta property=\"og:image:width\" content=\"2480\" \/>\n\t<meta property=\"og:image:height\" content=\"3508\" \/>\n\t<meta property=\"og:image:type\" content=\"image\/png\" \/>\n<meta name=\"twitter:card\" content=\"summary_large_image\" \/>\n<meta name=\"twitter:label1\" content=\"Dur\u00e9e de lecture estim\u00e9e\" \/>\n\t<meta name=\"twitter:data1\" content=\"1 minute\" \/>\n<script type=\"application\/ld+json\" class=\"yoast-schema-graph\">{\"@context\":\"https:\\\/\\\/schema.org\",\"@graph\":[{\"@type\":\"WebPage\",\"@id\":\"https:\\\/\\\/happypotame.com\\\/index.php\\\/produit\\\/carte-de-tout-coeur-avec-toi\\\/\",\"url\":\"https:\\\/\\\/happypotame.com\\\/index.php\\\/produit\\\/carte-de-tout-coeur-avec-toi\\\/\",\"name\":\"Carte \\\"De tout c\u0153ur avec toi\\\" - Happypotame\",\"isPartOf\":{\"@id\":\"https:\\\/\\\/happypotame.com\\\/#website\"},\"primaryImageOfPage\":{\"@id\":\"https:\\\/\\\/happypotame.com\\\/index.php\\\/produit\\\/carte-de-tout-coeur-avec-toi\\\/#primaryimage\"},\"image\":{\"@id\":\"https:\\\/\\\/happypotame.com\\\/index.php\\\/produit\\\/carte-de-tout-coeur-avec-toi\\\/#primaryimage\"},\"thumbnailUrl\":\"https:\\\/\\\/happypotame.com\\\/wp-content\\\/uploads\\\/2024\\\/10\\\/Carte_postale_situation_FLORE.png\",\"datePublished\":\"2024-10-12T12:39:41+00:00\",\"dateModified\":\"2025-11-26T21:49:51+00:00\",\"description\":\"Con\u00e7ue avec sensibilit\u00e9, dans des teintes douces, cette carte de condol\u00e9ances avec un chrysanth\u00e8me offre un espace pour partager vos pens\u00e9es r\u00e9confortantes.\",\"breadcrumb\":{\"@id\":\"https:\\\/\\\/happypotame.com\\\/index.php\\\/produit\\\/carte-de-tout-coeur-avec-toi\\\/#breadcrumb\"},\"inLanguage\":\"fr-FR\",\"potentialAction\":[{\"@type\":\"ReadAction\",\"target\":[\"https:\\\/\\\/happypotame.com\\\/index.php\\\/produit\\\/carte-de-tout-coeur-avec-toi\\\/\"]}]},{\"@type\":\"ImageObject\",\"inLanguage\":\"fr-FR\",\"@id\":\"https:\\\/\\\/happypotame.com\\\/index.php\\\/produit\\\/carte-de-tout-coeur-avec-toi\\\/#primaryimage\",\"url\":\"https:\\\/\\\/happypotame.com\\\/wp-content\\\/uploads\\\/2024\\\/10\\\/Carte_postale_situation_FLORE.png\",\"contentUrl\":\"https:\\\/\\\/happypotame.com\\\/wp-content\\\/uploads\\\/2024\\\/10\\\/Carte_postale_situation_FLORE.png\",\"width\":2480,\"height\":3508},{\"@type\":\"BreadcrumbList\",\"@id\":\"https:\\\/\\\/happypotame.com\\\/index.php\\\/produit\\\/carte-de-tout-coeur-avec-toi\\\/#breadcrumb\",\"itemListElement\":[{\"@type\":\"ListItem\",\"position\":1,\"name\":\"Accueil\",\"item\":\"https:\\\/\\\/happypotame.com\\\/\"},{\"@type\":\"ListItem\",\"position\":2,\"name\":\"Boutique\",\"item\":\"https:\\\/\\\/happypotame.com\\\/index.php\\\/boutique\\\/\"},{\"@type\":\"ListItem\",\"position\":3,\"name\":\"Carte \u00ab\u00a0De tout c\u0153ur avec toi\u00a0\u00bb\"}]},{\"@type\":\"WebSite\",\"@id\":\"https:\\\/\\\/happypotame.com\\\/#website\",\"url\":\"https:\\\/\\\/happypotame.com\\\/\",\"name\":\"Happypotame\",\"description\":\"\",\"publisher\":{\"@id\":\"https:\\\/\\\/happypotame.com\\\/#organization\"},\"potentialAction\":[{\"@type\":\"SearchAction\",\"target\":{\"@type\":\"EntryPoint\",\"urlTemplate\":\"https:\\\/\\\/happypotame.com\\\/?s={search_term_string}\"},\"query-input\":{\"@type\":\"PropertyValueSpecification\",\"valueRequired\":true,\"valueName\":\"search_term_string\"}}],\"inLanguage\":\"fr-FR\"},{\"@type\":\"Organization\",\"@id\":\"https:\\\/\\\/happypotame.com\\\/#organization\",\"name\":\"Happypotame\",\"url\":\"https:\\\/\\\/happypotame.com\\\/\",\"logo\":{\"@type\":\"ImageObject\",\"inLanguage\":\"fr-FR\",\"@id\":\"https:\\\/\\\/happypotame.com\\\/#\\\/schema\\\/logo\\\/image\\\/\",\"url\":\"https:\\\/\\\/happypotame.com\\\/wp-content\\\/uploads\\\/2022\\\/03\\\/cropped-Logo_Happypotame_vertical.png\",\"contentUrl\":\"https:\\\/\\\/happypotame.com\\\/wp-content\\\/uploads\\\/2022\\\/03\\\/cropped-Logo_Happypotame_vertical.png\",\"width\":4538,\"height\":945,\"caption\":\"Happypotame\"},\"image\":{\"@id\":\"https:\\\/\\\/happypotame.com\\\/#\\\/schema\\\/logo\\\/image\\\/\"},\"sameAs\":[\"https:\\\/\\\/www.instagram.com\\\/happypotame\\\/?hl=fr\"]}]}<\/script>\n<!-- \/ Yoast SEO plugin. -->","yoast_head_json":{"title":"Carte \"De tout c\u0153ur avec toi\" - Happypotame","description":"Con\u00e7ue avec sensibilit\u00e9, dans des teintes douces, cette carte de condol\u00e9ances avec un chrysanth\u00e8me offre un espace pour partager vos pens\u00e9es r\u00e9confortantes.","robots":{"index":"index","follow":"follow","max-snippet":"max-snippet:-1","max-image-preview":"max-image-preview:large","max-video-preview":"max-video-preview:-1"},"canonical":"https:\/\/happypotame.com\/index.php\/produit\/carte-de-tout-coeur-avec-toi\/","og_locale":"fr_FR","og_type":"article","og_title":"Carte \"De tout c\u0153ur avec toi\" - Happypotame","og_description":"Con\u00e7ue avec sensibilit\u00e9, dans des teintes douces, cette carte de condol\u00e9ances avec un chrysanth\u00e8me offre un espace pour partager vos pens\u00e9es r\u00e9confortantes.","og_url":"https:\/\/happypotame.com\/index.php\/produit\/carte-de-tout-coeur-avec-toi\/","og_site_name":"Happypotame","article_modified_time":"2025-11-26T21:49:51+00:00","og_image":[{"width":2480,"height":3508,"url":"https:\/\/happypotame.com\/wp-content\/uploads\/2024\/10\/Carte_postale_situation_FLORE.png","type":"image\/png"}],"twitter_card":"summary_large_image","twitter_misc":{"Dur\u00e9e de lecture estim\u00e9e":"1 minute"},"schema":{"@context":"https:\/\/schema.org","@graph":[{"@type":"WebPage","@id":"https:\/\/happypotame.com\/index.php\/produit\/carte-de-tout-coeur-avec-toi\/","url":"https:\/\/happypotame.com\/index.php\/produit\/carte-de-tout-coeur-avec-toi\/","name":"Carte \"De tout c\u0153ur avec toi\" - Happypotame","isPartOf":{"@id":"https:\/\/happypotame.com\/#website"},"primaryImageOfPage":{"@id":"https:\/\/happypotame.com\/index.php\/produit\/carte-de-tout-coeur-avec-toi\/#primaryimage"},"image":{"@id":"https:\/\/happypotame.com\/index.php\/produit\/carte-de-tout-coeur-avec-toi\/#primaryimage"},"thumbnailUrl":"https:\/\/happypotame.com\/wp-content\/uploads\/2024\/10\/Carte_postale_situation_FLORE.png","datePublished":"2024-10-12T12:39:41+00:00","dateModified":"2025-11-26T21:49:51+00:00","description":"Con\u00e7ue avec sensibilit\u00e9, dans des teintes douces, cette carte de condol\u00e9ances avec un chrysanth\u00e8me offre un espace pour partager vos pens\u00e9es r\u00e9confortantes.","breadcrumb":{"@id":"https:\/\/happypotame.com\/index.php\/produit\/carte-de-tout-coeur-avec-toi\/#breadcrumb"},"inLanguage":"fr-FR","potentialAction":[{"@type":"ReadAction","target":["https:\/\/happypotame.com\/index.php\/produit\/carte-de-tout-coeur-avec-toi\/"]}]},{"@type":"ImageObject","inLanguage":"fr-FR","@id":"https:\/\/happypotame.com\/index.php\/produit\/carte-de-tout-coeur-avec-toi\/#primaryimage","url":"https:\/\/happypotame.com\/wp-content\/uploads\/2024\/10\/Carte_postale_situation_FLORE.png","contentUrl":"https:\/\/happypotame.com\/wp-content\/uploads\/2024\/10\/Carte_postale_situation_FLORE.png","width":2480,"height":3508},{"@type":"BreadcrumbList","@id":"https:\/\/happypotame.com\/index.php\/produit\/carte-de-tout-coeur-avec-toi\/#breadcrumb","itemListElement":[{"@type":"ListItem","position":1,"name":"Accueil","item":"https:\/\/happypotame.com\/"},{"@type":"ListItem","position":2,"name":"Boutique","item":"https:\/\/happypotame.com\/index.php\/boutique\/"},{"@type":"ListItem","position":3,"name":"Carte \u00ab\u00a0De tout c\u0153ur avec toi\u00a0\u00bb"}]},{"@type":"WebSite","@id":"https:\/\/happypotame.com\/#website","url":"https:\/\/happypotame.com\/","name":"Happypotame","description":"","publisher":{"@id":"https:\/\/happypotame.com\/#organization"},"potentialAction":[{"@type":"SearchAction","target":{"@type":"EntryPoint","urlTemplate":"https:\/\/happypotame.com\/?s={search_term_string}"},"query-input":{"@type":"PropertyValueSpecification","valueRequired":true,"valueName":"search_term_string"}}],"inLanguage":"fr-FR"},{"@type":"Organization","@id":"https:\/\/happypotame.com\/#organization","name":"Happypotame","url":"https:\/\/happypotame.com\/","logo":{"@type":"ImageObject","inLanguage":"fr-FR","@id":"https:\/\/happypotame.com\/#\/schema\/logo\/image\/","url":"https:\/\/happypotame.com\/wp-content\/uploads\/2022\/03\/cropped-Logo_Happypotame_vertical.png","contentUrl":"https:\/\/happypotame.com\/wp-content\/uploads\/2022\/03\/cropped-Logo_Happypotame_vertical.png","width":4538,"height":945,"caption":"Happypotame"},"image":{"@id":"https:\/\/happypotame.com\/#\/schema\/logo\/image\/"},"sameAs":["https:\/\/www.instagram.com\/happypotame\/?hl=fr"]}]}},"_links":{"self":[{"href":"https:\/\/happypotame.com\/index.php\/wp-json\/wp\/v2\/product\/3341","targetHints":{"allow":["GET"]}}],"collection":[{"href":"https:\/\/happypotame.com\/index.php\/wp-json\/wp\/v2\/product"}],"about":[{"href":"https:\/\/happypotame.com\/index.php\/wp-json\/wp\/v2\/types\/product"}],"wp:featuredmedia":[{"embeddable":true,"href":"https:\/\/happypotame.com\/index.php\/wp-json\/wp\/v2\/media\/3338"}],"wp:attachment":[{"href":"https:\/\/happypotame.com\/index.php\/wp-json\/wp\/v2\/media?parent=3341"}],"wp:term":[{"taxonomy":"product_brand","embeddable":true,"href":"https:\/\/happypotame.com\/index.php\/wp-json\/wp\/v2\/product_brand?post=3341"},{"taxonomy":"product_cat","embeddable":true,"href":"https:\/\/happypotame.com\/index.php\/wp-json\/wp\/v2\/product_cat?post=3341"},{"taxonomy":"product_tag","embeddable":true,"href":"https:\/\/happypotame.com\/index.php\/wp-json\/wp\/v2\/product_tag?post=3341"}],"curies":[{"name":"wp","href":"https:\/\/api.w.org\/{rel}","templated":true}]}}