{"id":3643,"date":"2025-11-07T15:03:21","date_gmt":"2025-11-07T14:03:21","guid":{"rendered":"https:\/\/happypotame.com\/?post_type=product&#038;p=3643"},"modified":"2026-01-16T16:42:29","modified_gmt":"2026-01-16T15:42:29","slug":"carte-zodiaque-taureau","status":"publish","type":"product","link":"https:\/\/happypotame.com\/index.php\/produit\/carte-zodiaque-taureau\/","title":{"rendered":"Carte zodiaque Taureau"},"content":{"rendered":"<p class=\"p1\">Cette carte postale made in France est imprim\u00e9e sur un papier de cr\u00e9ation 300g par Clo\u00eetre Imprimeurs, en Bretagne, \u00e0 St-Thonan plus exactement.<br \/>\nVous pouvez compl\u00e9ter votre achat avec une enveloppe kraft (onglet \u00ab autres produits \u00bb du menu de notre site).<\/p>\n<div class=\"gs\">\n<div class=\"\">\n<div id=\":46p\" class=\"ii gt\">\n<div id=\":46q\" class=\"a3s aiL \">\n<div dir=\"auto\">\n<p data-start=\"648\" data-end=\"1125\">Faites passer un message tendre et un brin taquin avec cette carte postale inspir\u00e9e du signe du Taureau.<br data-start=\"752\" data-end=\"755\" \/>Illustr\u00e9e avec douceur, elle met en lumi\u00e8re la patience, la sensualit\u00e9 tranquille et l\u2019art de savourer la vie au rythme de ses propres saisons.<br data-start=\"898\" data-end=\"901\" \/>La phrase qui l\u2019accompagne \u2013 \u00ab Pour toi, \u00e9picurie<span class=\"s1\">n\u00b7<\/span>ne du quotidien, qui n\u2019as jamais tort et toujours raison, m\u00eame quand on pensait que non. \u00bb \u2013 capture avec humour la sagesse t\u00eatue mais tellement attachante du Taureau.<\/p>\n<p data-start=\"1127\" data-end=\"1291\">\u00c0 offrir \u00e0 quelqu\u2019un qui sait appr\u00e9cier les plaisirs simples, la bonne compagnie, et qui reste in\u00e9branlable dans ses certitudes (et souvent\u2026 il ou elle a raison).<\/p>\n<p data-start=\"1293\" data-end=\"1527\">Cette carte peut \u00eatre envoy\u00e9e, affich\u00e9e ou gliss\u00e9e dans un cadeau pour ajouter une touche chaleureuse.<br data-start=\"1395\" data-end=\"1398\" \/>Elle fait partie de notre collection \u00ab Zodiaque \u00bb, pens\u00e9e pour c\u00e9l\u00e9brer chaque signe avec affection, humour et un brin de v\u00e9rit\u00e9.<\/p>\n<\/div>\n<div class=\"yj6qo\"><\/div>\n<div class=\"adL\"><\/div>\n<\/div>\n<\/div>\n<div class=\"hi\"><\/div>\n<div class=\"WhmR8e\" data-hash=\"0\"><\/div>\n<\/div>\n<\/div>\n<p class=\"p1\">\n","protected":false},"excerpt":{"rendered":"<p>Inspir\u00e9e de la douceur \u00e9picurienne du Taureau, cette carte c\u00e9l\u00e8bre celles et ceux qui savourent la vie \u00e0 leur rythme. Parfaite \u00e0 offrir pour les anniversaires des \u00ab\u00a0Taureau\u00a0\u00bb ou pour toute autre occasion !<\/p>\n<p class=\"p1\">Carte format 10&#215;15 cm de la collection Zodiaque.<br \/>\nCr\u00e9\u00e9e et imprim\u00e9e en France. Pure beurre Bzh !<br \/>\nVous pouvez compl\u00e9ter votre achat avec notre enveloppe kraft.<\/p>\n","protected":false},"featured_media":3621,"template":"","meta":[],"product_brand":[],"product_cat":[110,157],"product_tag":[],"class_list":{"0":"post-3643","1":"product","2":"type-product","3":"status-publish","4":"has-post-thumbnail","6":"product_cat-cartes-postales","7":"product_cat-zodiaque","9":"first","10":"instock","11":"shipping-taxable","12":"purchasable","13":"product-type-simple"},"yoast_head":"<!-- This site is optimized with the Yoast SEO plugin v27.4 - https:\/\/yoast.com\/product\/yoast-seo-wordpress\/ -->\n<title>Carte zodiaque Taureau - Happypotame<\/title>\n<meta name=\"description\" content=\"Carte postale illustr\u00e9e pour les signes Taureau. Une ode aux \u00e9picuriens du quotidien. Impression fran\u00e7aise, papier de cr\u00e9ation, parfait cadeau astro !\" \/>\n<meta name=\"robots\" content=\"index, follow, max-snippet:-1, max-image-preview:large, max-video-preview:-1\" \/>\n<link rel=\"canonical\" href=\"https:\/\/happypotame.com\/index.php\/produit\/carte-zodiaque-taureau\/\" \/>\n<meta property=\"og:locale\" content=\"fr_FR\" \/>\n<meta property=\"og:type\" content=\"article\" \/>\n<meta property=\"og:title\" content=\"Carte zodiaque Taureau - Happypotame\" \/>\n<meta property=\"og:description\" content=\"Carte postale illustr\u00e9e pour les signes Taureau. Une ode aux \u00e9picuriens du quotidien. Impression fran\u00e7aise, papier de cr\u00e9ation, parfait cadeau astro !\" \/>\n<meta property=\"og:url\" content=\"https:\/\/happypotame.com\/index.php\/produit\/carte-zodiaque-taureau\/\" \/>\n<meta property=\"og:site_name\" content=\"Happypotame\" \/>\n<meta property=\"article:modified_time\" content=\"2026-01-16T15:42:29+00:00\" \/>\n<meta property=\"og:image\" content=\"https:\/\/happypotame.com\/wp-content\/uploads\/2025\/11\/Carte_postale_situation3-scaled.png\" \/>\n\t<meta property=\"og:image:width\" content=\"1810\" \/>\n\t<meta property=\"og:image:height\" content=\"2560\" \/>\n\t<meta property=\"og:image:type\" content=\"image\/png\" \/>\n<meta name=\"twitter:card\" content=\"summary_large_image\" \/>\n<meta name=\"twitter:label1\" content=\"Dur\u00e9e de lecture estim\u00e9e\" \/>\n\t<meta name=\"twitter:data1\" content=\"2 minutes\" \/>\n<script type=\"application\/ld+json\" class=\"yoast-schema-graph\">{\"@context\":\"https:\\\/\\\/schema.org\",\"@graph\":[{\"@type\":\"WebPage\",\"@id\":\"https:\\\/\\\/happypotame.com\\\/index.php\\\/produit\\\/carte-zodiaque-taureau\\\/\",\"url\":\"https:\\\/\\\/happypotame.com\\\/index.php\\\/produit\\\/carte-zodiaque-taureau\\\/\",\"name\":\"Carte zodiaque Taureau - Happypotame\",\"isPartOf\":{\"@id\":\"https:\\\/\\\/happypotame.com\\\/#website\"},\"primaryImageOfPage\":{\"@id\":\"https:\\\/\\\/happypotame.com\\\/index.php\\\/produit\\\/carte-zodiaque-taureau\\\/#primaryimage\"},\"image\":{\"@id\":\"https:\\\/\\\/happypotame.com\\\/index.php\\\/produit\\\/carte-zodiaque-taureau\\\/#primaryimage\"},\"thumbnailUrl\":\"https:\\\/\\\/happypotame.com\\\/wp-content\\\/uploads\\\/2025\\\/11\\\/Carte_postale_situation3-scaled.png\",\"datePublished\":\"2025-11-07T14:03:21+00:00\",\"dateModified\":\"2026-01-16T15:42:29+00:00\",\"description\":\"Carte postale illustr\u00e9e pour les signes Taureau. Une ode aux \u00e9picuriens du quotidien. Impression fran\u00e7aise, papier de cr\u00e9ation, parfait cadeau astro !\",\"breadcrumb\":{\"@id\":\"https:\\\/\\\/happypotame.com\\\/index.php\\\/produit\\\/carte-zodiaque-taureau\\\/#breadcrumb\"},\"inLanguage\":\"fr-FR\",\"potentialAction\":[{\"@type\":\"ReadAction\",\"target\":[\"https:\\\/\\\/happypotame.com\\\/index.php\\\/produit\\\/carte-zodiaque-taureau\\\/\"]}]},{\"@type\":\"ImageObject\",\"inLanguage\":\"fr-FR\",\"@id\":\"https:\\\/\\\/happypotame.com\\\/index.php\\\/produit\\\/carte-zodiaque-taureau\\\/#primaryimage\",\"url\":\"https:\\\/\\\/happypotame.com\\\/wp-content\\\/uploads\\\/2025\\\/11\\\/Carte_postale_situation3-scaled.png\",\"contentUrl\":\"https:\\\/\\\/happypotame.com\\\/wp-content\\\/uploads\\\/2025\\\/11\\\/Carte_postale_situation3-scaled.png\",\"width\":1810,\"height\":2560},{\"@type\":\"BreadcrumbList\",\"@id\":\"https:\\\/\\\/happypotame.com\\\/index.php\\\/produit\\\/carte-zodiaque-taureau\\\/#breadcrumb\",\"itemListElement\":[{\"@type\":\"ListItem\",\"position\":1,\"name\":\"Accueil\",\"item\":\"https:\\\/\\\/happypotame.com\\\/\"},{\"@type\":\"ListItem\",\"position\":2,\"name\":\"Boutique\",\"item\":\"https:\\\/\\\/happypotame.com\\\/index.php\\\/boutique\\\/\"},{\"@type\":\"ListItem\",\"position\":3,\"name\":\"Carte zodiaque Taureau\"}]},{\"@type\":\"WebSite\",\"@id\":\"https:\\\/\\\/happypotame.com\\\/#website\",\"url\":\"https:\\\/\\\/happypotame.com\\\/\",\"name\":\"Happypotame\",\"description\":\"\",\"publisher\":{\"@id\":\"https:\\\/\\\/happypotame.com\\\/#organization\"},\"potentialAction\":[{\"@type\":\"SearchAction\",\"target\":{\"@type\":\"EntryPoint\",\"urlTemplate\":\"https:\\\/\\\/happypotame.com\\\/?s={search_term_string}\"},\"query-input\":{\"@type\":\"PropertyValueSpecification\",\"valueRequired\":true,\"valueName\":\"search_term_string\"}}],\"inLanguage\":\"fr-FR\"},{\"@type\":\"Organization\",\"@id\":\"https:\\\/\\\/happypotame.com\\\/#organization\",\"name\":\"Happypotame\",\"url\":\"https:\\\/\\\/happypotame.com\\\/\",\"logo\":{\"@type\":\"ImageObject\",\"inLanguage\":\"fr-FR\",\"@id\":\"https:\\\/\\\/happypotame.com\\\/#\\\/schema\\\/logo\\\/image\\\/\",\"url\":\"https:\\\/\\\/happypotame.com\\\/wp-content\\\/uploads\\\/2022\\\/03\\\/cropped-Logo_Happypotame_vertical.png\",\"contentUrl\":\"https:\\\/\\\/happypotame.com\\\/wp-content\\\/uploads\\\/2022\\\/03\\\/cropped-Logo_Happypotame_vertical.png\",\"width\":4538,\"height\":945,\"caption\":\"Happypotame\"},\"image\":{\"@id\":\"https:\\\/\\\/happypotame.com\\\/#\\\/schema\\\/logo\\\/image\\\/\"},\"sameAs\":[\"https:\\\/\\\/www.instagram.com\\\/happypotame\\\/?hl=fr\"]}]}<\/script>\n<!-- \/ Yoast SEO plugin. -->","yoast_head_json":{"title":"Carte zodiaque Taureau - Happypotame","description":"Carte postale illustr\u00e9e pour les signes Taureau. Une ode aux \u00e9picuriens du quotidien. Impression fran\u00e7aise, papier de cr\u00e9ation, parfait cadeau astro !","robots":{"index":"index","follow":"follow","max-snippet":"max-snippet:-1","max-image-preview":"max-image-preview:large","max-video-preview":"max-video-preview:-1"},"canonical":"https:\/\/happypotame.com\/index.php\/produit\/carte-zodiaque-taureau\/","og_locale":"fr_FR","og_type":"article","og_title":"Carte zodiaque Taureau - Happypotame","og_description":"Carte postale illustr\u00e9e pour les signes Taureau. Une ode aux \u00e9picuriens du quotidien. Impression fran\u00e7aise, papier de cr\u00e9ation, parfait cadeau astro !","og_url":"https:\/\/happypotame.com\/index.php\/produit\/carte-zodiaque-taureau\/","og_site_name":"Happypotame","article_modified_time":"2026-01-16T15:42:29+00:00","og_image":[{"width":1810,"height":2560,"url":"https:\/\/happypotame.com\/wp-content\/uploads\/2025\/11\/Carte_postale_situation3-scaled.png","type":"image\/png"}],"twitter_card":"summary_large_image","twitter_misc":{"Dur\u00e9e de lecture estim\u00e9e":"2 minutes"},"schema":{"@context":"https:\/\/schema.org","@graph":[{"@type":"WebPage","@id":"https:\/\/happypotame.com\/index.php\/produit\/carte-zodiaque-taureau\/","url":"https:\/\/happypotame.com\/index.php\/produit\/carte-zodiaque-taureau\/","name":"Carte zodiaque Taureau - Happypotame","isPartOf":{"@id":"https:\/\/happypotame.com\/#website"},"primaryImageOfPage":{"@id":"https:\/\/happypotame.com\/index.php\/produit\/carte-zodiaque-taureau\/#primaryimage"},"image":{"@id":"https:\/\/happypotame.com\/index.php\/produit\/carte-zodiaque-taureau\/#primaryimage"},"thumbnailUrl":"https:\/\/happypotame.com\/wp-content\/uploads\/2025\/11\/Carte_postale_situation3-scaled.png","datePublished":"2025-11-07T14:03:21+00:00","dateModified":"2026-01-16T15:42:29+00:00","description":"Carte postale illustr\u00e9e pour les signes Taureau. Une ode aux \u00e9picuriens du quotidien. Impression fran\u00e7aise, papier de cr\u00e9ation, parfait cadeau astro !","breadcrumb":{"@id":"https:\/\/happypotame.com\/index.php\/produit\/carte-zodiaque-taureau\/#breadcrumb"},"inLanguage":"fr-FR","potentialAction":[{"@type":"ReadAction","target":["https:\/\/happypotame.com\/index.php\/produit\/carte-zodiaque-taureau\/"]}]},{"@type":"ImageObject","inLanguage":"fr-FR","@id":"https:\/\/happypotame.com\/index.php\/produit\/carte-zodiaque-taureau\/#primaryimage","url":"https:\/\/happypotame.com\/wp-content\/uploads\/2025\/11\/Carte_postale_situation3-scaled.png","contentUrl":"https:\/\/happypotame.com\/wp-content\/uploads\/2025\/11\/Carte_postale_situation3-scaled.png","width":1810,"height":2560},{"@type":"BreadcrumbList","@id":"https:\/\/happypotame.com\/index.php\/produit\/carte-zodiaque-taureau\/#breadcrumb","itemListElement":[{"@type":"ListItem","position":1,"name":"Accueil","item":"https:\/\/happypotame.com\/"},{"@type":"ListItem","position":2,"name":"Boutique","item":"https:\/\/happypotame.com\/index.php\/boutique\/"},{"@type":"ListItem","position":3,"name":"Carte zodiaque Taureau"}]},{"@type":"WebSite","@id":"https:\/\/happypotame.com\/#website","url":"https:\/\/happypotame.com\/","name":"Happypotame","description":"","publisher":{"@id":"https:\/\/happypotame.com\/#organization"},"potentialAction":[{"@type":"SearchAction","target":{"@type":"EntryPoint","urlTemplate":"https:\/\/happypotame.com\/?s={search_term_string}"},"query-input":{"@type":"PropertyValueSpecification","valueRequired":true,"valueName":"search_term_string"}}],"inLanguage":"fr-FR"},{"@type":"Organization","@id":"https:\/\/happypotame.com\/#organization","name":"Happypotame","url":"https:\/\/happypotame.com\/","logo":{"@type":"ImageObject","inLanguage":"fr-FR","@id":"https:\/\/happypotame.com\/#\/schema\/logo\/image\/","url":"https:\/\/happypotame.com\/wp-content\/uploads\/2022\/03\/cropped-Logo_Happypotame_vertical.png","contentUrl":"https:\/\/happypotame.com\/wp-content\/uploads\/2022\/03\/cropped-Logo_Happypotame_vertical.png","width":4538,"height":945,"caption":"Happypotame"},"image":{"@id":"https:\/\/happypotame.com\/#\/schema\/logo\/image\/"},"sameAs":["https:\/\/www.instagram.com\/happypotame\/?hl=fr"]}]}},"_links":{"self":[{"href":"https:\/\/happypotame.com\/index.php\/wp-json\/wp\/v2\/product\/3643","targetHints":{"allow":["GET"]}}],"collection":[{"href":"https:\/\/happypotame.com\/index.php\/wp-json\/wp\/v2\/product"}],"about":[{"href":"https:\/\/happypotame.com\/index.php\/wp-json\/wp\/v2\/types\/product"}],"wp:featuredmedia":[{"embeddable":true,"href":"https:\/\/happypotame.com\/index.php\/wp-json\/wp\/v2\/media\/3621"}],"wp:attachment":[{"href":"https:\/\/happypotame.com\/index.php\/wp-json\/wp\/v2\/media?parent=3643"}],"wp:term":[{"taxonomy":"product_brand","embeddable":true,"href":"https:\/\/happypotame.com\/index.php\/wp-json\/wp\/v2\/product_brand?post=3643"},{"taxonomy":"product_cat","embeddable":true,"href":"https:\/\/happypotame.com\/index.php\/wp-json\/wp\/v2\/product_cat?post=3643"},{"taxonomy":"product_tag","embeddable":true,"href":"https:\/\/happypotame.com\/index.php\/wp-json\/wp\/v2\/product_tag?post=3643"}],"curies":[{"name":"wp","href":"https:\/\/api.w.org\/{rel}","templated":true}]}}