{"id":3644,"date":"2025-11-07T15:23:07","date_gmt":"2025-11-07T14:23:07","guid":{"rendered":"https:\/\/happypotame.com\/?post_type=product&#038;p=3644"},"modified":"2026-01-16T16:42:29","modified_gmt":"2026-01-16T15:42:29","slug":"carte-zodiaque-gemeaux","status":"publish","type":"product","link":"https:\/\/happypotame.com\/index.php\/produit\/carte-zodiaque-gemeaux\/","title":{"rendered":"Carte zodiaque G\u00e9meaux"},"content":{"rendered":"<p data-start=\"195\" data-end=\"439\">Cette carte postale made in France est imprim\u00e9e sur un papier de cr\u00e9ation 300g par Clo\u00eetre Imprimeurs, en Bretagne, \u00e0 Saint-Thonan.<br data-start=\"326\" data-end=\"329\" \/>Vous pouvez compl\u00e9ter votre achat avec une enveloppe kraft (onglet \u00ab autres produits \u00bb du menu de notre site).<\/p>\n<p data-start=\"441\" data-end=\"891\">Faites passer un message l\u00e9ger et p\u00e9tillant avec cette carte postale inspir\u00e9e du signe des G\u00e9meaux.<br data-start=\"540\" data-end=\"543\" \/>Illustr\u00e9e avec finesse, elle c\u00e9l\u00e8bre les esprits vifs, joueurs, curieux de tout et jamais tout \u00e0 fait les m\u00eames d\u2019un jour \u00e0 l\u2019autre.<br data-start=\"675\" data-end=\"678\" \/>La phrase qui l\u2019accompagne \u2013 \u00ab Pour toi, \u00e9ternel\u00b7le curieux\u00b7se, qui changes d\u2019avis juste pour voir si c\u2019est plus dr\u00f4le de l\u2019autre c\u00f4t\u00e9. \u00bb \u2013 capture avec humour l\u2019\u00e2me a\u00e9rienne, vive et changeante de ce signe d\u2019air.<\/p>\n<p data-start=\"893\" data-end=\"1068\">\u00c0 offrir \u00e0 une personne qui papillonne avec gr\u00e2ce, pose mille questions, adore les conversations qui partent dans tous les sens et illumine chaque pi\u00e8ce avec son enthousiasme.<\/p>\n<p data-start=\"1070\" data-end=\"1324\">Cette carte peut \u00eatre affich\u00e9e, envoy\u00e9e ou gliss\u00e9e en clin d\u2019\u0153il \u00e0 quelqu\u2019un qui aime surprendre et se r\u00e9inventer.<br data-start=\"1184\" data-end=\"1187\" \/>Elle fait partie de notre collection \u00ab Zodiaque \u00bb, une s\u00e9rie pens\u00e9e pour repr\u00e9senter chaque signe avec humour tendre, justesse et po\u00e9sie.<\/p>\n<div class=\"gs\">\n<div class=\"\">\n<div id=\":46p\" class=\"ii gt\">\n<div id=\":46q\" class=\"a3s aiL \">\n<div class=\"yj6qo\"><\/div>\n<div class=\"adL\"><\/div>\n<\/div>\n<\/div>\n<div class=\"hi\"><\/div>\n<div class=\"WhmR8e\" data-hash=\"0\"><\/div>\n<\/div>\n<\/div>\n<p class=\"p1\">\n","protected":false},"excerpt":{"rendered":"<p>Inspir\u00e9e de l\u2019esprit vif et joueur des G\u00e9meaux, cette carte c\u00e9l\u00e8bre celles et ceux qui changent d\u2019avis comme de conversation.<br data-start=\"1708\" data-end=\"1711\" \/>Parfaite \u00e0 offrir pour les anniversaires des \u00ab\u00a0G\u00e9meaux\u00a0\u00bb ou pour toute autre occasion !<\/p>\n<p class=\"p1\">Carte format 10&#215;15 cm de la collection Zodiaque.<br \/>\nCr\u00e9\u00e9e et imprim\u00e9e en France. Pure beurre Bzh !<br \/>\nVous pouvez compl\u00e9ter votre achat avec notre enveloppe kraft.<\/p>\n","protected":false},"featured_media":3623,"template":"","meta":[],"product_brand":[],"product_cat":[110,157],"product_tag":[],"class_list":{"0":"post-3644","1":"product","2":"type-product","3":"status-publish","4":"has-post-thumbnail","6":"product_cat-cartes-postales","7":"product_cat-zodiaque","9":"first","10":"instock","11":"shipping-taxable","12":"purchasable","13":"product-type-simple"},"yoast_head":"<!-- This site is optimized with the Yoast SEO plugin v27.4 - https:\/\/yoast.com\/product\/yoast-seo-wordpress\/ -->\n<title>Carte zodiaque G\u00e9meaux - Happypotame<\/title>\n<meta name=\"description\" content=\"Carte postale signe G\u00e9meaux. Un clin d&#039;\u0153il pour les curieux et esprits p\u00e9tillants. Impression fran\u00e7aise, papier de cr\u00e9ation, parfait cadeau astro !\" \/>\n<meta name=\"robots\" content=\"index, follow, max-snippet:-1, max-image-preview:large, max-video-preview:-1\" \/>\n<link rel=\"canonical\" href=\"http:\/\/happypotame.com\/index.php\/produit\/carte-zodiaque-gemeaux\/\" \/>\n<meta property=\"og:locale\" content=\"fr_FR\" \/>\n<meta property=\"og:type\" content=\"article\" \/>\n<meta property=\"og:title\" content=\"Carte zodiaque G\u00e9meaux - Happypotame\" \/>\n<meta property=\"og:description\" content=\"Carte postale signe G\u00e9meaux. Un clin d&#039;\u0153il pour les curieux et esprits p\u00e9tillants. Impression fran\u00e7aise, papier de cr\u00e9ation, parfait cadeau astro !\" \/>\n<meta property=\"og:url\" content=\"http:\/\/happypotame.com\/index.php\/produit\/carte-zodiaque-gemeaux\/\" \/>\n<meta property=\"og:site_name\" content=\"Happypotame\" \/>\n<meta property=\"article:modified_time\" content=\"2026-01-16T15:42:29+00:00\" \/>\n<meta property=\"og:image\" content=\"http:\/\/happypotame.com\/wp-content\/uploads\/2025\/11\/Carte_postale_situation5-scaled.png\" \/>\n\t<meta property=\"og:image:width\" content=\"1810\" \/>\n\t<meta property=\"og:image:height\" content=\"2560\" \/>\n\t<meta property=\"og:image:type\" content=\"image\/png\" \/>\n<meta name=\"twitter:card\" content=\"summary_large_image\" \/>\n<meta name=\"twitter:label1\" content=\"Dur\u00e9e de lecture estim\u00e9e\" \/>\n\t<meta name=\"twitter:data1\" content=\"2 minutes\" \/>\n<script type=\"application\/ld+json\" class=\"yoast-schema-graph\">{\"@context\":\"https:\\\/\\\/schema.org\",\"@graph\":[{\"@type\":\"WebPage\",\"@id\":\"http:\\\/\\\/happypotame.com\\\/index.php\\\/produit\\\/carte-zodiaque-gemeaux\\\/\",\"url\":\"http:\\\/\\\/happypotame.com\\\/index.php\\\/produit\\\/carte-zodiaque-gemeaux\\\/\",\"name\":\"Carte zodiaque G\u00e9meaux - Happypotame\",\"isPartOf\":{\"@id\":\"https:\\\/\\\/happypotame.com\\\/#website\"},\"primaryImageOfPage\":{\"@id\":\"http:\\\/\\\/happypotame.com\\\/index.php\\\/produit\\\/carte-zodiaque-gemeaux\\\/#primaryimage\"},\"image\":{\"@id\":\"http:\\\/\\\/happypotame.com\\\/index.php\\\/produit\\\/carte-zodiaque-gemeaux\\\/#primaryimage\"},\"thumbnailUrl\":\"https:\\\/\\\/happypotame.com\\\/wp-content\\\/uploads\\\/2025\\\/11\\\/Carte_postale_situation5-scaled.png\",\"datePublished\":\"2025-11-07T14:23:07+00:00\",\"dateModified\":\"2026-01-16T15:42:29+00:00\",\"description\":\"Carte postale signe G\u00e9meaux. Un clin d'\u0153il pour les curieux et esprits p\u00e9tillants. Impression fran\u00e7aise, papier de cr\u00e9ation, parfait cadeau astro !\",\"breadcrumb\":{\"@id\":\"http:\\\/\\\/happypotame.com\\\/index.php\\\/produit\\\/carte-zodiaque-gemeaux\\\/#breadcrumb\"},\"inLanguage\":\"fr-FR\",\"potentialAction\":[{\"@type\":\"ReadAction\",\"target\":[\"http:\\\/\\\/happypotame.com\\\/index.php\\\/produit\\\/carte-zodiaque-gemeaux\\\/\"]}]},{\"@type\":\"ImageObject\",\"inLanguage\":\"fr-FR\",\"@id\":\"http:\\\/\\\/happypotame.com\\\/index.php\\\/produit\\\/carte-zodiaque-gemeaux\\\/#primaryimage\",\"url\":\"https:\\\/\\\/happypotame.com\\\/wp-content\\\/uploads\\\/2025\\\/11\\\/Carte_postale_situation5-scaled.png\",\"contentUrl\":\"https:\\\/\\\/happypotame.com\\\/wp-content\\\/uploads\\\/2025\\\/11\\\/Carte_postale_situation5-scaled.png\",\"width\":1810,\"height\":2560},{\"@type\":\"BreadcrumbList\",\"@id\":\"http:\\\/\\\/happypotame.com\\\/index.php\\\/produit\\\/carte-zodiaque-gemeaux\\\/#breadcrumb\",\"itemListElement\":[{\"@type\":\"ListItem\",\"position\":1,\"name\":\"Accueil\",\"item\":\"https:\\\/\\\/happypotame.com\\\/\"},{\"@type\":\"ListItem\",\"position\":2,\"name\":\"Boutique\",\"item\":\"https:\\\/\\\/happypotame.com\\\/index.php\\\/boutique\\\/\"},{\"@type\":\"ListItem\",\"position\":3,\"name\":\"Carte zodiaque G\u00e9meaux\"}]},{\"@type\":\"WebSite\",\"@id\":\"https:\\\/\\\/happypotame.com\\\/#website\",\"url\":\"https:\\\/\\\/happypotame.com\\\/\",\"name\":\"Happypotame\",\"description\":\"\",\"publisher\":{\"@id\":\"https:\\\/\\\/happypotame.com\\\/#organization\"},\"potentialAction\":[{\"@type\":\"SearchAction\",\"target\":{\"@type\":\"EntryPoint\",\"urlTemplate\":\"https:\\\/\\\/happypotame.com\\\/?s={search_term_string}\"},\"query-input\":{\"@type\":\"PropertyValueSpecification\",\"valueRequired\":true,\"valueName\":\"search_term_string\"}}],\"inLanguage\":\"fr-FR\"},{\"@type\":\"Organization\",\"@id\":\"https:\\\/\\\/happypotame.com\\\/#organization\",\"name\":\"Happypotame\",\"url\":\"https:\\\/\\\/happypotame.com\\\/\",\"logo\":{\"@type\":\"ImageObject\",\"inLanguage\":\"fr-FR\",\"@id\":\"https:\\\/\\\/happypotame.com\\\/#\\\/schema\\\/logo\\\/image\\\/\",\"url\":\"https:\\\/\\\/happypotame.com\\\/wp-content\\\/uploads\\\/2022\\\/03\\\/cropped-Logo_Happypotame_vertical.png\",\"contentUrl\":\"https:\\\/\\\/happypotame.com\\\/wp-content\\\/uploads\\\/2022\\\/03\\\/cropped-Logo_Happypotame_vertical.png\",\"width\":4538,\"height\":945,\"caption\":\"Happypotame\"},\"image\":{\"@id\":\"https:\\\/\\\/happypotame.com\\\/#\\\/schema\\\/logo\\\/image\\\/\"},\"sameAs\":[\"https:\\\/\\\/www.instagram.com\\\/happypotame\\\/?hl=fr\"]}]}<\/script>\n<!-- \/ Yoast SEO plugin. -->","yoast_head_json":{"title":"Carte zodiaque G\u00e9meaux - Happypotame","description":"Carte postale signe G\u00e9meaux. Un clin d'\u0153il pour les curieux et esprits p\u00e9tillants. Impression fran\u00e7aise, papier de cr\u00e9ation, parfait cadeau astro !","robots":{"index":"index","follow":"follow","max-snippet":"max-snippet:-1","max-image-preview":"max-image-preview:large","max-video-preview":"max-video-preview:-1"},"canonical":"http:\/\/happypotame.com\/index.php\/produit\/carte-zodiaque-gemeaux\/","og_locale":"fr_FR","og_type":"article","og_title":"Carte zodiaque G\u00e9meaux - Happypotame","og_description":"Carte postale signe G\u00e9meaux. Un clin d'\u0153il pour les curieux et esprits p\u00e9tillants. Impression fran\u00e7aise, papier de cr\u00e9ation, parfait cadeau astro !","og_url":"http:\/\/happypotame.com\/index.php\/produit\/carte-zodiaque-gemeaux\/","og_site_name":"Happypotame","article_modified_time":"2026-01-16T15:42:29+00:00","og_image":[{"width":1810,"height":2560,"url":"http:\/\/happypotame.com\/wp-content\/uploads\/2025\/11\/Carte_postale_situation5-scaled.png","type":"image\/png"}],"twitter_card":"summary_large_image","twitter_misc":{"Dur\u00e9e de lecture estim\u00e9e":"2 minutes"},"schema":{"@context":"https:\/\/schema.org","@graph":[{"@type":"WebPage","@id":"http:\/\/happypotame.com\/index.php\/produit\/carte-zodiaque-gemeaux\/","url":"http:\/\/happypotame.com\/index.php\/produit\/carte-zodiaque-gemeaux\/","name":"Carte zodiaque G\u00e9meaux - Happypotame","isPartOf":{"@id":"https:\/\/happypotame.com\/#website"},"primaryImageOfPage":{"@id":"http:\/\/happypotame.com\/index.php\/produit\/carte-zodiaque-gemeaux\/#primaryimage"},"image":{"@id":"http:\/\/happypotame.com\/index.php\/produit\/carte-zodiaque-gemeaux\/#primaryimage"},"thumbnailUrl":"https:\/\/happypotame.com\/wp-content\/uploads\/2025\/11\/Carte_postale_situation5-scaled.png","datePublished":"2025-11-07T14:23:07+00:00","dateModified":"2026-01-16T15:42:29+00:00","description":"Carte postale signe G\u00e9meaux. Un clin d'\u0153il pour les curieux et esprits p\u00e9tillants. Impression fran\u00e7aise, papier de cr\u00e9ation, parfait cadeau astro !","breadcrumb":{"@id":"http:\/\/happypotame.com\/index.php\/produit\/carte-zodiaque-gemeaux\/#breadcrumb"},"inLanguage":"fr-FR","potentialAction":[{"@type":"ReadAction","target":["http:\/\/happypotame.com\/index.php\/produit\/carte-zodiaque-gemeaux\/"]}]},{"@type":"ImageObject","inLanguage":"fr-FR","@id":"http:\/\/happypotame.com\/index.php\/produit\/carte-zodiaque-gemeaux\/#primaryimage","url":"https:\/\/happypotame.com\/wp-content\/uploads\/2025\/11\/Carte_postale_situation5-scaled.png","contentUrl":"https:\/\/happypotame.com\/wp-content\/uploads\/2025\/11\/Carte_postale_situation5-scaled.png","width":1810,"height":2560},{"@type":"BreadcrumbList","@id":"http:\/\/happypotame.com\/index.php\/produit\/carte-zodiaque-gemeaux\/#breadcrumb","itemListElement":[{"@type":"ListItem","position":1,"name":"Accueil","item":"https:\/\/happypotame.com\/"},{"@type":"ListItem","position":2,"name":"Boutique","item":"https:\/\/happypotame.com\/index.php\/boutique\/"},{"@type":"ListItem","position":3,"name":"Carte zodiaque G\u00e9meaux"}]},{"@type":"WebSite","@id":"https:\/\/happypotame.com\/#website","url":"https:\/\/happypotame.com\/","name":"Happypotame","description":"","publisher":{"@id":"https:\/\/happypotame.com\/#organization"},"potentialAction":[{"@type":"SearchAction","target":{"@type":"EntryPoint","urlTemplate":"https:\/\/happypotame.com\/?s={search_term_string}"},"query-input":{"@type":"PropertyValueSpecification","valueRequired":true,"valueName":"search_term_string"}}],"inLanguage":"fr-FR"},{"@type":"Organization","@id":"https:\/\/happypotame.com\/#organization","name":"Happypotame","url":"https:\/\/happypotame.com\/","logo":{"@type":"ImageObject","inLanguage":"fr-FR","@id":"https:\/\/happypotame.com\/#\/schema\/logo\/image\/","url":"https:\/\/happypotame.com\/wp-content\/uploads\/2022\/03\/cropped-Logo_Happypotame_vertical.png","contentUrl":"https:\/\/happypotame.com\/wp-content\/uploads\/2022\/03\/cropped-Logo_Happypotame_vertical.png","width":4538,"height":945,"caption":"Happypotame"},"image":{"@id":"https:\/\/happypotame.com\/#\/schema\/logo\/image\/"},"sameAs":["https:\/\/www.instagram.com\/happypotame\/?hl=fr"]}]}},"_links":{"self":[{"href":"https:\/\/happypotame.com\/index.php\/wp-json\/wp\/v2\/product\/3644","targetHints":{"allow":["GET"]}}],"collection":[{"href":"https:\/\/happypotame.com\/index.php\/wp-json\/wp\/v2\/product"}],"about":[{"href":"https:\/\/happypotame.com\/index.php\/wp-json\/wp\/v2\/types\/product"}],"wp:featuredmedia":[{"embeddable":true,"href":"https:\/\/happypotame.com\/index.php\/wp-json\/wp\/v2\/media\/3623"}],"wp:attachment":[{"href":"https:\/\/happypotame.com\/index.php\/wp-json\/wp\/v2\/media?parent=3644"}],"wp:term":[{"taxonomy":"product_brand","embeddable":true,"href":"https:\/\/happypotame.com\/index.php\/wp-json\/wp\/v2\/product_brand?post=3644"},{"taxonomy":"product_cat","embeddable":true,"href":"https:\/\/happypotame.com\/index.php\/wp-json\/wp\/v2\/product_cat?post=3644"},{"taxonomy":"product_tag","embeddable":true,"href":"https:\/\/happypotame.com\/index.php\/wp-json\/wp\/v2\/product_tag?post=3644"}],"curies":[{"name":"wp","href":"https:\/\/api.w.org\/{rel}","templated":true}]}}