{"id":3648,"date":"2025-11-07T15:54:31","date_gmt":"2025-11-07T14:54:31","guid":{"rendered":"https:\/\/happypotame.com\/?post_type=product&#038;p=3648"},"modified":"2026-01-16T16:42:29","modified_gmt":"2026-01-16T15:42:29","slug":"carte-zodiaque-vierge","status":"publish","type":"product","link":"https:\/\/happypotame.com\/index.php\/produit\/carte-zodiaque-vierge\/","title":{"rendered":"Carte zodiaque Vierge"},"content":{"rendered":"<p data-start=\"181\" data-end=\"425\">Cette carte postale made in France est imprim\u00e9e sur un papier de cr\u00e9ation 300g par Clo\u00eetre Imprimeurs, en Bretagne, \u00e0 Saint-Thonan.<br data-start=\"312\" data-end=\"315\" \/>Vous pouvez compl\u00e9ter votre achat avec une enveloppe kraft (onglet \u00ab autres produits \u00bb du menu de notre site).<\/p>\n<p data-start=\"381\" data-end=\"774\">Faites sourire une Vierge avec cette carte pens\u00e9e sp\u00e9cialement pour elle\u00b7il.<br data-start=\"457\" data-end=\"460\" \/>Avec sa phrase \u2013 \u00ab Pour toi, m\u00e9thodique et pr\u00e9cis\u00b7e, qui sais que la vie est plus douce quand tout est \u00e0 sa place\u2026 ou presque. \u00bb \u2013 cette carte rend hommage \u00e0 leur sens du d\u00e9tail, leur organisation naturelle, et leur capacit\u00e9 \u00e0 transformer le chaos en harmonie (tout en r\u00e9ajustant <em data-start=\"740\" data-end=\"752\">l\u00e9g\u00e8rement<\/em> le cadre au passage).<\/p>\n<p data-start=\"776\" data-end=\"1041\">Un clin d\u2019\u0153il tendre, qui reconna\u00eet leur grand c\u0153ur, leur d\u00e9vouement discret et leur talent pour faire en sorte que tout \u2014 et tout le monde \u2014 aille un peu mieux.<br data-start=\"937\" data-end=\"940\" \/>\u00c0 offrir lorsque l\u2019on veut dire : <em data-start=\"974\" data-end=\"1041\">\u00ab Je te vois. Je t\u2019appr\u00e9cie. M\u00eame quand tu ranges mes affaires. \u00bb<\/em><\/p>\n<p data-start=\"1043\" data-end=\"1158\">Parfaite encadr\u00e9e, envoy\u00e9e, ou gliss\u00e9e dans un cadeau soigneusement emball\u00e9 (avec les coins bien nets et le papier bien pli\u00e9, \u00e9videmment).<\/p>\n<p data-start=\"1160\" data-end=\"1273\">Elle fait partie de notre collection \u00ab Zodiaque \u00bb, c\u00e9l\u00e9brant chaque signe avec humour, affection et authenticit\u00e9.<\/p>\n<div class=\"gs\">\n<div class=\"\">\n<div id=\":46p\" class=\"ii gt\">\n<div id=\":46q\" class=\"a3s aiL \">\n<div class=\"yj6qo\"><\/div>\n<div class=\"adL\"><\/div>\n<\/div>\n<\/div>\n<div class=\"hi\"><\/div>\n<div class=\"WhmR8e\" data-hash=\"0\"><\/div>\n<\/div>\n<\/div>\n<p class=\"p1\">\n","protected":false},"excerpt":{"rendered":"<p>Inspir\u00e9e de la finesse et de la douceur des Vierge, cette carte c\u00e9l\u00e8bre celles et ceux qui rendent le monde plus beau, un d\u00e9tail \u00e0 la fois.<br data-start=\"1708\" data-end=\"1711\" \/>Parfaite \u00e0 offrir pour les anniversaires des \u00ab\u00a0Vierge\u00a0\u00bb ou pour toute autre occasion !<\/p>\n<p class=\"p1\">Carte format 10&#215;15 cm de la collection Zodiaque.<br \/>\nCr\u00e9\u00e9e et imprim\u00e9e en France. Pure beurre Bzh !<br \/>\nVous pouvez compl\u00e9ter votre achat avec notre enveloppe kraft.<\/p>\n","protected":false},"featured_media":3629,"template":"","meta":[],"product_brand":[],"product_cat":[110,157],"product_tag":[],"class_list":{"0":"post-3648","1":"product","2":"type-product","3":"status-publish","4":"has-post-thumbnail","6":"product_cat-cartes-postales","7":"product_cat-zodiaque","9":"first","10":"instock","11":"shipping-taxable","12":"purchasable","13":"product-type-simple"},"yoast_head":"<!-- This site is optimized with the Yoast SEO plugin v27.4 - https:\/\/yoast.com\/product\/yoast-seo-wordpress\/ -->\n<title>Carte zodiaque Vierge - Happypotame<\/title>\n<meta name=\"description\" content=\"Carte postale signe Vierge. Un clin d&#039;\u0153il pour les organis\u00e9\u00b7es au grand c\u0153ur. Impression fran\u00e7aise, papier de cr\u00e9ation, parfait cadeau astro !\" \/>\n<meta name=\"robots\" content=\"index, follow, max-snippet:-1, max-image-preview:large, max-video-preview:-1\" \/>\n<link rel=\"canonical\" href=\"http:\/\/happypotame.com\/index.php\/produit\/carte-zodiaque-vierge\/\" \/>\n<meta property=\"og:locale\" content=\"fr_FR\" \/>\n<meta property=\"og:type\" content=\"article\" \/>\n<meta property=\"og:title\" content=\"Carte zodiaque Vierge - Happypotame\" \/>\n<meta property=\"og:description\" content=\"Carte postale signe Vierge. Un clin d&#039;\u0153il pour les organis\u00e9\u00b7es au grand c\u0153ur. Impression fran\u00e7aise, papier de cr\u00e9ation, parfait cadeau astro !\" \/>\n<meta property=\"og:url\" content=\"http:\/\/happypotame.com\/index.php\/produit\/carte-zodiaque-vierge\/\" \/>\n<meta property=\"og:site_name\" content=\"Happypotame\" \/>\n<meta property=\"article:modified_time\" content=\"2026-01-16T15:42:29+00:00\" \/>\n<meta property=\"og:image\" content=\"http:\/\/happypotame.com\/wp-content\/uploads\/2025\/11\/Carte_postale_situation11-scaled.png\" \/>\n\t<meta property=\"og:image:width\" content=\"1810\" \/>\n\t<meta property=\"og:image:height\" content=\"2560\" \/>\n\t<meta property=\"og:image:type\" content=\"image\/png\" \/>\n<meta name=\"twitter:card\" content=\"summary_large_image\" \/>\n<meta name=\"twitter:label1\" content=\"Dur\u00e9e de lecture estim\u00e9e\" \/>\n\t<meta name=\"twitter:data1\" content=\"2 minutes\" \/>\n<script type=\"application\/ld+json\" class=\"yoast-schema-graph\">{\"@context\":\"https:\\\/\\\/schema.org\",\"@graph\":[{\"@type\":\"WebPage\",\"@id\":\"http:\\\/\\\/happypotame.com\\\/index.php\\\/produit\\\/carte-zodiaque-vierge\\\/\",\"url\":\"http:\\\/\\\/happypotame.com\\\/index.php\\\/produit\\\/carte-zodiaque-vierge\\\/\",\"name\":\"Carte zodiaque Vierge - Happypotame\",\"isPartOf\":{\"@id\":\"https:\\\/\\\/happypotame.com\\\/#website\"},\"primaryImageOfPage\":{\"@id\":\"http:\\\/\\\/happypotame.com\\\/index.php\\\/produit\\\/carte-zodiaque-vierge\\\/#primaryimage\"},\"image\":{\"@id\":\"http:\\\/\\\/happypotame.com\\\/index.php\\\/produit\\\/carte-zodiaque-vierge\\\/#primaryimage\"},\"thumbnailUrl\":\"https:\\\/\\\/happypotame.com\\\/wp-content\\\/uploads\\\/2025\\\/11\\\/Carte_postale_situation11-scaled.png\",\"datePublished\":\"2025-11-07T14:54:31+00:00\",\"dateModified\":\"2026-01-16T15:42:29+00:00\",\"description\":\"Carte postale signe Vierge. Un clin d'\u0153il pour les organis\u00e9\u00b7es au grand c\u0153ur. Impression fran\u00e7aise, papier de cr\u00e9ation, parfait cadeau astro !\",\"breadcrumb\":{\"@id\":\"http:\\\/\\\/happypotame.com\\\/index.php\\\/produit\\\/carte-zodiaque-vierge\\\/#breadcrumb\"},\"inLanguage\":\"fr-FR\",\"potentialAction\":[{\"@type\":\"ReadAction\",\"target\":[\"http:\\\/\\\/happypotame.com\\\/index.php\\\/produit\\\/carte-zodiaque-vierge\\\/\"]}]},{\"@type\":\"ImageObject\",\"inLanguage\":\"fr-FR\",\"@id\":\"http:\\\/\\\/happypotame.com\\\/index.php\\\/produit\\\/carte-zodiaque-vierge\\\/#primaryimage\",\"url\":\"https:\\\/\\\/happypotame.com\\\/wp-content\\\/uploads\\\/2025\\\/11\\\/Carte_postale_situation11-scaled.png\",\"contentUrl\":\"https:\\\/\\\/happypotame.com\\\/wp-content\\\/uploads\\\/2025\\\/11\\\/Carte_postale_situation11-scaled.png\",\"width\":1810,\"height\":2560},{\"@type\":\"BreadcrumbList\",\"@id\":\"http:\\\/\\\/happypotame.com\\\/index.php\\\/produit\\\/carte-zodiaque-vierge\\\/#breadcrumb\",\"itemListElement\":[{\"@type\":\"ListItem\",\"position\":1,\"name\":\"Accueil\",\"item\":\"https:\\\/\\\/happypotame.com\\\/\"},{\"@type\":\"ListItem\",\"position\":2,\"name\":\"Boutique\",\"item\":\"https:\\\/\\\/happypotame.com\\\/index.php\\\/boutique\\\/\"},{\"@type\":\"ListItem\",\"position\":3,\"name\":\"Carte zodiaque Vierge\"}]},{\"@type\":\"WebSite\",\"@id\":\"https:\\\/\\\/happypotame.com\\\/#website\",\"url\":\"https:\\\/\\\/happypotame.com\\\/\",\"name\":\"Happypotame\",\"description\":\"\",\"publisher\":{\"@id\":\"https:\\\/\\\/happypotame.com\\\/#organization\"},\"potentialAction\":[{\"@type\":\"SearchAction\",\"target\":{\"@type\":\"EntryPoint\",\"urlTemplate\":\"https:\\\/\\\/happypotame.com\\\/?s={search_term_string}\"},\"query-input\":{\"@type\":\"PropertyValueSpecification\",\"valueRequired\":true,\"valueName\":\"search_term_string\"}}],\"inLanguage\":\"fr-FR\"},{\"@type\":\"Organization\",\"@id\":\"https:\\\/\\\/happypotame.com\\\/#organization\",\"name\":\"Happypotame\",\"url\":\"https:\\\/\\\/happypotame.com\\\/\",\"logo\":{\"@type\":\"ImageObject\",\"inLanguage\":\"fr-FR\",\"@id\":\"https:\\\/\\\/happypotame.com\\\/#\\\/schema\\\/logo\\\/image\\\/\",\"url\":\"https:\\\/\\\/happypotame.com\\\/wp-content\\\/uploads\\\/2022\\\/03\\\/cropped-Logo_Happypotame_vertical.png\",\"contentUrl\":\"https:\\\/\\\/happypotame.com\\\/wp-content\\\/uploads\\\/2022\\\/03\\\/cropped-Logo_Happypotame_vertical.png\",\"width\":4538,\"height\":945,\"caption\":\"Happypotame\"},\"image\":{\"@id\":\"https:\\\/\\\/happypotame.com\\\/#\\\/schema\\\/logo\\\/image\\\/\"},\"sameAs\":[\"https:\\\/\\\/www.instagram.com\\\/happypotame\\\/?hl=fr\"]}]}<\/script>\n<!-- \/ Yoast SEO plugin. -->","yoast_head_json":{"title":"Carte zodiaque Vierge - Happypotame","description":"Carte postale signe Vierge. Un clin d'\u0153il pour les organis\u00e9\u00b7es au grand c\u0153ur. Impression fran\u00e7aise, papier de cr\u00e9ation, parfait cadeau astro !","robots":{"index":"index","follow":"follow","max-snippet":"max-snippet:-1","max-image-preview":"max-image-preview:large","max-video-preview":"max-video-preview:-1"},"canonical":"http:\/\/happypotame.com\/index.php\/produit\/carte-zodiaque-vierge\/","og_locale":"fr_FR","og_type":"article","og_title":"Carte zodiaque Vierge - Happypotame","og_description":"Carte postale signe Vierge. Un clin d'\u0153il pour les organis\u00e9\u00b7es au grand c\u0153ur. Impression fran\u00e7aise, papier de cr\u00e9ation, parfait cadeau astro !","og_url":"http:\/\/happypotame.com\/index.php\/produit\/carte-zodiaque-vierge\/","og_site_name":"Happypotame","article_modified_time":"2026-01-16T15:42:29+00:00","og_image":[{"width":1810,"height":2560,"url":"http:\/\/happypotame.com\/wp-content\/uploads\/2025\/11\/Carte_postale_situation11-scaled.png","type":"image\/png"}],"twitter_card":"summary_large_image","twitter_misc":{"Dur\u00e9e de lecture estim\u00e9e":"2 minutes"},"schema":{"@context":"https:\/\/schema.org","@graph":[{"@type":"WebPage","@id":"http:\/\/happypotame.com\/index.php\/produit\/carte-zodiaque-vierge\/","url":"http:\/\/happypotame.com\/index.php\/produit\/carte-zodiaque-vierge\/","name":"Carte zodiaque Vierge - Happypotame","isPartOf":{"@id":"https:\/\/happypotame.com\/#website"},"primaryImageOfPage":{"@id":"http:\/\/happypotame.com\/index.php\/produit\/carte-zodiaque-vierge\/#primaryimage"},"image":{"@id":"http:\/\/happypotame.com\/index.php\/produit\/carte-zodiaque-vierge\/#primaryimage"},"thumbnailUrl":"https:\/\/happypotame.com\/wp-content\/uploads\/2025\/11\/Carte_postale_situation11-scaled.png","datePublished":"2025-11-07T14:54:31+00:00","dateModified":"2026-01-16T15:42:29+00:00","description":"Carte postale signe Vierge. Un clin d'\u0153il pour les organis\u00e9\u00b7es au grand c\u0153ur. Impression fran\u00e7aise, papier de cr\u00e9ation, parfait cadeau astro !","breadcrumb":{"@id":"http:\/\/happypotame.com\/index.php\/produit\/carte-zodiaque-vierge\/#breadcrumb"},"inLanguage":"fr-FR","potentialAction":[{"@type":"ReadAction","target":["http:\/\/happypotame.com\/index.php\/produit\/carte-zodiaque-vierge\/"]}]},{"@type":"ImageObject","inLanguage":"fr-FR","@id":"http:\/\/happypotame.com\/index.php\/produit\/carte-zodiaque-vierge\/#primaryimage","url":"https:\/\/happypotame.com\/wp-content\/uploads\/2025\/11\/Carte_postale_situation11-scaled.png","contentUrl":"https:\/\/happypotame.com\/wp-content\/uploads\/2025\/11\/Carte_postale_situation11-scaled.png","width":1810,"height":2560},{"@type":"BreadcrumbList","@id":"http:\/\/happypotame.com\/index.php\/produit\/carte-zodiaque-vierge\/#breadcrumb","itemListElement":[{"@type":"ListItem","position":1,"name":"Accueil","item":"https:\/\/happypotame.com\/"},{"@type":"ListItem","position":2,"name":"Boutique","item":"https:\/\/happypotame.com\/index.php\/boutique\/"},{"@type":"ListItem","position":3,"name":"Carte zodiaque Vierge"}]},{"@type":"WebSite","@id":"https:\/\/happypotame.com\/#website","url":"https:\/\/happypotame.com\/","name":"Happypotame","description":"","publisher":{"@id":"https:\/\/happypotame.com\/#organization"},"potentialAction":[{"@type":"SearchAction","target":{"@type":"EntryPoint","urlTemplate":"https:\/\/happypotame.com\/?s={search_term_string}"},"query-input":{"@type":"PropertyValueSpecification","valueRequired":true,"valueName":"search_term_string"}}],"inLanguage":"fr-FR"},{"@type":"Organization","@id":"https:\/\/happypotame.com\/#organization","name":"Happypotame","url":"https:\/\/happypotame.com\/","logo":{"@type":"ImageObject","inLanguage":"fr-FR","@id":"https:\/\/happypotame.com\/#\/schema\/logo\/image\/","url":"https:\/\/happypotame.com\/wp-content\/uploads\/2022\/03\/cropped-Logo_Happypotame_vertical.png","contentUrl":"https:\/\/happypotame.com\/wp-content\/uploads\/2022\/03\/cropped-Logo_Happypotame_vertical.png","width":4538,"height":945,"caption":"Happypotame"},"image":{"@id":"https:\/\/happypotame.com\/#\/schema\/logo\/image\/"},"sameAs":["https:\/\/www.instagram.com\/happypotame\/?hl=fr"]}]}},"_links":{"self":[{"href":"https:\/\/happypotame.com\/index.php\/wp-json\/wp\/v2\/product\/3648","targetHints":{"allow":["GET"]}}],"collection":[{"href":"https:\/\/happypotame.com\/index.php\/wp-json\/wp\/v2\/product"}],"about":[{"href":"https:\/\/happypotame.com\/index.php\/wp-json\/wp\/v2\/types\/product"}],"wp:featuredmedia":[{"embeddable":true,"href":"https:\/\/happypotame.com\/index.php\/wp-json\/wp\/v2\/media\/3629"}],"wp:attachment":[{"href":"https:\/\/happypotame.com\/index.php\/wp-json\/wp\/v2\/media?parent=3648"}],"wp:term":[{"taxonomy":"product_brand","embeddable":true,"href":"https:\/\/happypotame.com\/index.php\/wp-json\/wp\/v2\/product_brand?post=3648"},{"taxonomy":"product_cat","embeddable":true,"href":"https:\/\/happypotame.com\/index.php\/wp-json\/wp\/v2\/product_cat?post=3648"},{"taxonomy":"product_tag","embeddable":true,"href":"https:\/\/happypotame.com\/index.php\/wp-json\/wp\/v2\/product_tag?post=3648"}],"curies":[{"name":"wp","href":"https:\/\/api.w.org\/{rel}","templated":true}]}}