{"id":3649,"date":"2025-11-07T16:02:42","date_gmt":"2025-11-07T15:02:42","guid":{"rendered":"https:\/\/happypotame.com\/?post_type=product&#038;p=3649"},"modified":"2026-01-16T16:42:29","modified_gmt":"2026-01-16T15:42:29","slug":"carte-zodiaque-balance","status":"publish","type":"product","link":"https:\/\/happypotame.com\/index.php\/produit\/carte-zodiaque-balance\/","title":{"rendered":"Carte zodiaque Balance"},"content":{"rendered":"<p data-start=\"181\" data-end=\"425\">Cette carte postale made in France est imprim\u00e9e sur un papier de cr\u00e9ation 300g par Clo\u00eetre Imprimeurs, en Bretagne, \u00e0 Saint-Thonan.<br data-start=\"312\" data-end=\"315\" \/>Vous pouvez compl\u00e9ter votre achat avec une enveloppe kraft (onglet \u00ab autres produits \u00bb du menu de notre site).<\/p>\n<p data-start=\"408\" data-end=\"707\">Cette carte c\u00e9l\u00e8bre la Balance, signe de l\u2019harmonie, de la douceur\u2026 et des choix impossibles entre deux desserts.<br data-start=\"521\" data-end=\"524\" \/>La phrase \u2013 \u00ab Pour toi, funambule du c\u0153ur, toujours entre le juste et le beau, et rarement du mauvais c\u00f4t\u00e9. \u00bb \u2013 met en lumi\u00e8re leur sens inn\u00e9 du go\u00fbt, de la justice et de l\u2019\u00e9quilibre.<\/p>\n<p data-start=\"709\" data-end=\"982\">La Balance, c\u2019est celle ou celui qui apaise les tensions, cr\u00e9e des ambiances douces, cherche l\u2019harmonie dans tout \u2014 m\u00eame dans les d\u00e9tails.<br data-start=\"847\" data-end=\"850\" \/>Une carte parfaite pour dire : <em data-start=\"881\" data-end=\"982\">\u00ab J\u2019admire ta sensibilit\u00e9, ton \u00e9l\u00e9gance, et la paix que tu apportes sans m\u00eame t\u2019en rendre compte. \u00bb<\/em><\/p>\n<p data-start=\"984\" data-end=\"1108\">\u00c0 envoyer, encadrer, ou offrir \u00e0 quelqu\u2019un qui sait rendre le monde plus joli, plus tendre, plus doux\u2026 oui, tout simplement.<\/p>\n<p data-start=\"1110\" data-end=\"1234\">Elle fait partie de notre collection \u00ab Zodiaque \u00bb, pens\u00e9e pour c\u00e9l\u00e9brer chaque signe avec humour, affection et authenticit\u00e9.<\/p>\n<div class=\"gs\">\n<div class=\"\">\n<div id=\":46p\" class=\"ii gt\">\n<div id=\":46q\" class=\"a3s aiL \">\n<div class=\"yj6qo\"><\/div>\n<div class=\"adL\"><\/div>\n<\/div>\n<\/div>\n<div class=\"hi\"><\/div>\n<div class=\"WhmR8e\" data-hash=\"0\"><\/div>\n<\/div>\n<\/div>\n<p class=\"p1\">\n","protected":false},"excerpt":{"rendered":"<p>Inspir\u00e9e de l\u2019\u00e9l\u00e9gance naturelle de la Balance, cette carte c\u00e9l\u00e8bre celles et ceux qui cherchent l\u2019\u00e9quilibre et diffusent l\u2019harmonie.<br data-start=\"1708\" data-end=\"1711\" \/>Parfaite \u00e0 offrir pour les anniversaires des \u00ab\u00a0Balance\u00a0\u00bb ou pour toute autre occasion !<\/p>\n<p class=\"p1\">Carte format 10&#215;15 cm de la collection Zodiaque.<br \/>\nCr\u00e9\u00e9e et imprim\u00e9e en France. Pure beurre Bzh !<br \/>\nVous pouvez compl\u00e9ter votre achat avec notre enveloppe kraft.<\/p>\n","protected":false},"featured_media":3631,"template":"","meta":[],"product_brand":[],"product_cat":[110,157],"product_tag":[],"class_list":{"0":"post-3649","1":"product","2":"type-product","3":"status-publish","4":"has-post-thumbnail","6":"product_cat-cartes-postales","7":"product_cat-zodiaque","9":"first","10":"instock","11":"shipping-taxable","12":"purchasable","13":"product-type-simple"},"yoast_head":"<!-- This site is optimized with the Yoast SEO plugin v27.4 - https:\/\/yoast.com\/product\/yoast-seo-wordpress\/ -->\n<title>Carte zodiaque Balance - Happypotame<\/title>\n<meta name=\"description\" content=\"Carte postale signe Balance. Un clin d&#039;\u0153il pour les sensibles \u00e0 l&#039;harmonie et au beau. Impression fran\u00e7aise, papier de cr\u00e9ation, parfait cadeau astro !\" \/>\n<meta name=\"robots\" content=\"index, follow, max-snippet:-1, max-image-preview:large, max-video-preview:-1\" \/>\n<link rel=\"canonical\" href=\"https:\/\/happypotame.com\/index.php\/produit\/carte-zodiaque-balance\/\" \/>\n<meta property=\"og:locale\" content=\"fr_FR\" \/>\n<meta property=\"og:type\" content=\"article\" \/>\n<meta property=\"og:title\" content=\"Carte zodiaque Balance - Happypotame\" \/>\n<meta property=\"og:description\" content=\"Carte postale signe Balance. Un clin d&#039;\u0153il pour les sensibles \u00e0 l&#039;harmonie et au beau. Impression fran\u00e7aise, papier de cr\u00e9ation, parfait cadeau astro !\" \/>\n<meta property=\"og:url\" content=\"https:\/\/happypotame.com\/index.php\/produit\/carte-zodiaque-balance\/\" \/>\n<meta property=\"og:site_name\" content=\"Happypotame\" \/>\n<meta property=\"article:modified_time\" content=\"2026-01-16T15:42:29+00:00\" \/>\n<meta property=\"og:image\" content=\"https:\/\/happypotame.com\/wp-content\/uploads\/2025\/11\/Carte_postale_situation13-scaled.png\" \/>\n\t<meta property=\"og:image:width\" content=\"1810\" \/>\n\t<meta property=\"og:image:height\" content=\"2560\" \/>\n\t<meta property=\"og:image:type\" content=\"image\/png\" \/>\n<meta name=\"twitter:card\" content=\"summary_large_image\" \/>\n<meta name=\"twitter:label1\" content=\"Dur\u00e9e de lecture estim\u00e9e\" \/>\n\t<meta name=\"twitter:data1\" content=\"2 minutes\" \/>\n<script type=\"application\/ld+json\" class=\"yoast-schema-graph\">{\"@context\":\"https:\\\/\\\/schema.org\",\"@graph\":[{\"@type\":\"WebPage\",\"@id\":\"https:\\\/\\\/happypotame.com\\\/index.php\\\/produit\\\/carte-zodiaque-balance\\\/\",\"url\":\"https:\\\/\\\/happypotame.com\\\/index.php\\\/produit\\\/carte-zodiaque-balance\\\/\",\"name\":\"Carte zodiaque Balance - Happypotame\",\"isPartOf\":{\"@id\":\"https:\\\/\\\/happypotame.com\\\/#website\"},\"primaryImageOfPage\":{\"@id\":\"https:\\\/\\\/happypotame.com\\\/index.php\\\/produit\\\/carte-zodiaque-balance\\\/#primaryimage\"},\"image\":{\"@id\":\"https:\\\/\\\/happypotame.com\\\/index.php\\\/produit\\\/carte-zodiaque-balance\\\/#primaryimage\"},\"thumbnailUrl\":\"https:\\\/\\\/happypotame.com\\\/wp-content\\\/uploads\\\/2025\\\/11\\\/Carte_postale_situation13-scaled.png\",\"datePublished\":\"2025-11-07T15:02:42+00:00\",\"dateModified\":\"2026-01-16T15:42:29+00:00\",\"description\":\"Carte postale signe Balance. Un clin d'\u0153il pour les sensibles \u00e0 l'harmonie et au beau. Impression fran\u00e7aise, papier de cr\u00e9ation, parfait cadeau astro !\",\"breadcrumb\":{\"@id\":\"https:\\\/\\\/happypotame.com\\\/index.php\\\/produit\\\/carte-zodiaque-balance\\\/#breadcrumb\"},\"inLanguage\":\"fr-FR\",\"potentialAction\":[{\"@type\":\"ReadAction\",\"target\":[\"https:\\\/\\\/happypotame.com\\\/index.php\\\/produit\\\/carte-zodiaque-balance\\\/\"]}]},{\"@type\":\"ImageObject\",\"inLanguage\":\"fr-FR\",\"@id\":\"https:\\\/\\\/happypotame.com\\\/index.php\\\/produit\\\/carte-zodiaque-balance\\\/#primaryimage\",\"url\":\"https:\\\/\\\/happypotame.com\\\/wp-content\\\/uploads\\\/2025\\\/11\\\/Carte_postale_situation13-scaled.png\",\"contentUrl\":\"https:\\\/\\\/happypotame.com\\\/wp-content\\\/uploads\\\/2025\\\/11\\\/Carte_postale_situation13-scaled.png\",\"width\":1810,\"height\":2560},{\"@type\":\"BreadcrumbList\",\"@id\":\"https:\\\/\\\/happypotame.com\\\/index.php\\\/produit\\\/carte-zodiaque-balance\\\/#breadcrumb\",\"itemListElement\":[{\"@type\":\"ListItem\",\"position\":1,\"name\":\"Accueil\",\"item\":\"https:\\\/\\\/happypotame.com\\\/\"},{\"@type\":\"ListItem\",\"position\":2,\"name\":\"Boutique\",\"item\":\"https:\\\/\\\/happypotame.com\\\/index.php\\\/boutique\\\/\"},{\"@type\":\"ListItem\",\"position\":3,\"name\":\"Carte zodiaque Balance\"}]},{\"@type\":\"WebSite\",\"@id\":\"https:\\\/\\\/happypotame.com\\\/#website\",\"url\":\"https:\\\/\\\/happypotame.com\\\/\",\"name\":\"Happypotame\",\"description\":\"\",\"publisher\":{\"@id\":\"https:\\\/\\\/happypotame.com\\\/#organization\"},\"potentialAction\":[{\"@type\":\"SearchAction\",\"target\":{\"@type\":\"EntryPoint\",\"urlTemplate\":\"https:\\\/\\\/happypotame.com\\\/?s={search_term_string}\"},\"query-input\":{\"@type\":\"PropertyValueSpecification\",\"valueRequired\":true,\"valueName\":\"search_term_string\"}}],\"inLanguage\":\"fr-FR\"},{\"@type\":\"Organization\",\"@id\":\"https:\\\/\\\/happypotame.com\\\/#organization\",\"name\":\"Happypotame\",\"url\":\"https:\\\/\\\/happypotame.com\\\/\",\"logo\":{\"@type\":\"ImageObject\",\"inLanguage\":\"fr-FR\",\"@id\":\"https:\\\/\\\/happypotame.com\\\/#\\\/schema\\\/logo\\\/image\\\/\",\"url\":\"https:\\\/\\\/happypotame.com\\\/wp-content\\\/uploads\\\/2022\\\/03\\\/cropped-Logo_Happypotame_vertical.png\",\"contentUrl\":\"https:\\\/\\\/happypotame.com\\\/wp-content\\\/uploads\\\/2022\\\/03\\\/cropped-Logo_Happypotame_vertical.png\",\"width\":4538,\"height\":945,\"caption\":\"Happypotame\"},\"image\":{\"@id\":\"https:\\\/\\\/happypotame.com\\\/#\\\/schema\\\/logo\\\/image\\\/\"},\"sameAs\":[\"https:\\\/\\\/www.instagram.com\\\/happypotame\\\/?hl=fr\"]}]}<\/script>\n<!-- \/ Yoast SEO plugin. -->","yoast_head_json":{"title":"Carte zodiaque Balance - Happypotame","description":"Carte postale signe Balance. Un clin d'\u0153il pour les sensibles \u00e0 l'harmonie et au beau. Impression fran\u00e7aise, papier de cr\u00e9ation, parfait cadeau astro !","robots":{"index":"index","follow":"follow","max-snippet":"max-snippet:-1","max-image-preview":"max-image-preview:large","max-video-preview":"max-video-preview:-1"},"canonical":"https:\/\/happypotame.com\/index.php\/produit\/carte-zodiaque-balance\/","og_locale":"fr_FR","og_type":"article","og_title":"Carte zodiaque Balance - Happypotame","og_description":"Carte postale signe Balance. Un clin d'\u0153il pour les sensibles \u00e0 l'harmonie et au beau. Impression fran\u00e7aise, papier de cr\u00e9ation, parfait cadeau astro !","og_url":"https:\/\/happypotame.com\/index.php\/produit\/carte-zodiaque-balance\/","og_site_name":"Happypotame","article_modified_time":"2026-01-16T15:42:29+00:00","og_image":[{"width":1810,"height":2560,"url":"https:\/\/happypotame.com\/wp-content\/uploads\/2025\/11\/Carte_postale_situation13-scaled.png","type":"image\/png"}],"twitter_card":"summary_large_image","twitter_misc":{"Dur\u00e9e de lecture estim\u00e9e":"2 minutes"},"schema":{"@context":"https:\/\/schema.org","@graph":[{"@type":"WebPage","@id":"https:\/\/happypotame.com\/index.php\/produit\/carte-zodiaque-balance\/","url":"https:\/\/happypotame.com\/index.php\/produit\/carte-zodiaque-balance\/","name":"Carte zodiaque Balance - Happypotame","isPartOf":{"@id":"https:\/\/happypotame.com\/#website"},"primaryImageOfPage":{"@id":"https:\/\/happypotame.com\/index.php\/produit\/carte-zodiaque-balance\/#primaryimage"},"image":{"@id":"https:\/\/happypotame.com\/index.php\/produit\/carte-zodiaque-balance\/#primaryimage"},"thumbnailUrl":"https:\/\/happypotame.com\/wp-content\/uploads\/2025\/11\/Carte_postale_situation13-scaled.png","datePublished":"2025-11-07T15:02:42+00:00","dateModified":"2026-01-16T15:42:29+00:00","description":"Carte postale signe Balance. Un clin d'\u0153il pour les sensibles \u00e0 l'harmonie et au beau. Impression fran\u00e7aise, papier de cr\u00e9ation, parfait cadeau astro !","breadcrumb":{"@id":"https:\/\/happypotame.com\/index.php\/produit\/carte-zodiaque-balance\/#breadcrumb"},"inLanguage":"fr-FR","potentialAction":[{"@type":"ReadAction","target":["https:\/\/happypotame.com\/index.php\/produit\/carte-zodiaque-balance\/"]}]},{"@type":"ImageObject","inLanguage":"fr-FR","@id":"https:\/\/happypotame.com\/index.php\/produit\/carte-zodiaque-balance\/#primaryimage","url":"https:\/\/happypotame.com\/wp-content\/uploads\/2025\/11\/Carte_postale_situation13-scaled.png","contentUrl":"https:\/\/happypotame.com\/wp-content\/uploads\/2025\/11\/Carte_postale_situation13-scaled.png","width":1810,"height":2560},{"@type":"BreadcrumbList","@id":"https:\/\/happypotame.com\/index.php\/produit\/carte-zodiaque-balance\/#breadcrumb","itemListElement":[{"@type":"ListItem","position":1,"name":"Accueil","item":"https:\/\/happypotame.com\/"},{"@type":"ListItem","position":2,"name":"Boutique","item":"https:\/\/happypotame.com\/index.php\/boutique\/"},{"@type":"ListItem","position":3,"name":"Carte zodiaque Balance"}]},{"@type":"WebSite","@id":"https:\/\/happypotame.com\/#website","url":"https:\/\/happypotame.com\/","name":"Happypotame","description":"","publisher":{"@id":"https:\/\/happypotame.com\/#organization"},"potentialAction":[{"@type":"SearchAction","target":{"@type":"EntryPoint","urlTemplate":"https:\/\/happypotame.com\/?s={search_term_string}"},"query-input":{"@type":"PropertyValueSpecification","valueRequired":true,"valueName":"search_term_string"}}],"inLanguage":"fr-FR"},{"@type":"Organization","@id":"https:\/\/happypotame.com\/#organization","name":"Happypotame","url":"https:\/\/happypotame.com\/","logo":{"@type":"ImageObject","inLanguage":"fr-FR","@id":"https:\/\/happypotame.com\/#\/schema\/logo\/image\/","url":"https:\/\/happypotame.com\/wp-content\/uploads\/2022\/03\/cropped-Logo_Happypotame_vertical.png","contentUrl":"https:\/\/happypotame.com\/wp-content\/uploads\/2022\/03\/cropped-Logo_Happypotame_vertical.png","width":4538,"height":945,"caption":"Happypotame"},"image":{"@id":"https:\/\/happypotame.com\/#\/schema\/logo\/image\/"},"sameAs":["https:\/\/www.instagram.com\/happypotame\/?hl=fr"]}]}},"_links":{"self":[{"href":"https:\/\/happypotame.com\/index.php\/wp-json\/wp\/v2\/product\/3649","targetHints":{"allow":["GET"]}}],"collection":[{"href":"https:\/\/happypotame.com\/index.php\/wp-json\/wp\/v2\/product"}],"about":[{"href":"https:\/\/happypotame.com\/index.php\/wp-json\/wp\/v2\/types\/product"}],"wp:featuredmedia":[{"embeddable":true,"href":"https:\/\/happypotame.com\/index.php\/wp-json\/wp\/v2\/media\/3631"}],"wp:attachment":[{"href":"https:\/\/happypotame.com\/index.php\/wp-json\/wp\/v2\/media?parent=3649"}],"wp:term":[{"taxonomy":"product_brand","embeddable":true,"href":"https:\/\/happypotame.com\/index.php\/wp-json\/wp\/v2\/product_brand?post=3649"},{"taxonomy":"product_cat","embeddable":true,"href":"https:\/\/happypotame.com\/index.php\/wp-json\/wp\/v2\/product_cat?post=3649"},{"taxonomy":"product_tag","embeddable":true,"href":"https:\/\/happypotame.com\/index.php\/wp-json\/wp\/v2\/product_tag?post=3649"}],"curies":[{"name":"wp","href":"https:\/\/api.w.org\/{rel}","templated":true}]}}