{"id":3650,"date":"2025-11-07T16:10:29","date_gmt":"2025-11-07T15:10:29","guid":{"rendered":"https:\/\/happypotame.com\/?post_type=product&#038;p=3650"},"modified":"2026-01-16T16:42:29","modified_gmt":"2026-01-16T15:42:29","slug":"carte-zodiaque-scorpion","status":"publish","type":"product","link":"https:\/\/happypotame.com\/index.php\/produit\/carte-zodiaque-scorpion\/","title":{"rendered":"Carte zodiaque Scorpion"},"content":{"rendered":"<p data-start=\"181\" data-end=\"425\">Cette carte postale made in France est imprim\u00e9e sur un papier de cr\u00e9ation 300g par Clo\u00eetre Imprimeurs, en Bretagne, \u00e0 Saint-Thonan.<br data-start=\"312\" data-end=\"315\" \/>Vous pouvez compl\u00e9ter votre achat avec une enveloppe kraft (onglet \u00ab autres produits \u00bb du menu de notre site).<\/p>\n<p data-start=\"415\" data-end=\"713\">Cette carte rend hommage au Scorpion, le signe qui ressent tout tr\u00e8s fort, m\u00eame ce qui n\u2019est pas dit.<br data-start=\"516\" data-end=\"519\" \/>La phrase \u2013 \u00ab Pour toi, qui veux tout comprendre, tout vivre, tout sentir\u2026 m\u00eame quand \u00e7a fait un peu mal. \u00bb \u2013 capture parfaitement son intensit\u00e9 \u00e9motionnelle, sa lucidit\u00e9, et sa qu\u00eate de v\u00e9rit\u00e9.<\/p>\n<p data-start=\"715\" data-end=\"965\">Le Scorpion aime profond\u00e9ment, analyse instinctivement, prot\u00e8ge f\u00e9rocement. Son regard va droit au c\u0153ur des choses. Cette carte est un signe de reconnaissance, une fa\u00e7on de dire : <em data-start=\"895\" data-end=\"965\">\u00ab Je vois ta profondeur, ta sensibilit\u00e9, ta force \u2014 et c\u2019est beau. \u00bb<\/em><\/p>\n<p data-start=\"967\" data-end=\"1103\">\u00c0 offrir \u00e0 quelqu\u2019un de rare, de loyal, de magn\u00e9tique \u2014 ou \u00e0 soi-m\u00eame (oui, les Scorpions ont le droit d\u2019afficher leur myst\u00e8re en d\u00e9co).<\/p>\n<p data-start=\"1105\" data-end=\"1225\">Cette carte fait partie de notre collection \u00ab Zodiaque \u00bb, c\u00e9l\u00e9brant chaque signe avec humour, affection et authenticit\u00e9.<\/p>\n<div class=\"gs\">\n<div class=\"\">\n<div id=\":46p\" class=\"ii gt\">\n<div id=\":46q\" class=\"a3s aiL \">\n<div class=\"yj6qo\"><\/div>\n<div class=\"adL\"><\/div>\n<\/div>\n<\/div>\n<div class=\"hi\"><\/div>\n<div class=\"WhmR8e\" data-hash=\"0\"><\/div>\n<\/div>\n<\/div>\n<p class=\"p1\">\n","protected":false},"excerpt":{"rendered":"<p>Inspir\u00e9e de l\u2019intensit\u00e9 du Scorpion, cette carte c\u00e9l\u00e8bre celles et ceux qui sentent tout profond\u00e9ment.<br data-start=\"1708\" data-end=\"1711\" \/>Parfaite \u00e0 offrir pour les anniversaires des \u00ab\u00a0Scorpion\u00a0\u00bb ou pour toute autre occasion !<\/p>\n<p class=\"p1\">Carte format 10&#215;15 cm de la collection Zodiaque.<br \/>\nCr\u00e9\u00e9e et imprim\u00e9e en France. Pure beurre Bzh !<br \/>\nVous pouvez compl\u00e9ter votre achat avec notre enveloppe kraft.<\/p>\n","protected":false},"featured_media":3633,"template":"","meta":[],"product_brand":[],"product_cat":[110,157],"product_tag":[],"class_list":{"0":"post-3650","1":"product","2":"type-product","3":"status-publish","4":"has-post-thumbnail","6":"product_cat-cartes-postales","7":"product_cat-zodiaque","9":"first","10":"instock","11":"shipping-taxable","12":"purchasable","13":"product-type-simple"},"yoast_head":"<!-- This site is optimized with the Yoast SEO plugin v27.4 - https:\/\/yoast.com\/product\/yoast-seo-wordpress\/ -->\n<title>Carte zodiaque Scorpion - Happypotame<\/title>\n<meta name=\"description\" content=\"Carte postale signe Scorpion. Un clin d&#039;\u0153il aux intenses, sensibles et profonds. Impression fran\u00e7aise, papier de cr\u00e9ation, parfait cadeau astro !\" \/>\n<meta name=\"robots\" content=\"index, follow, max-snippet:-1, max-image-preview:large, max-video-preview:-1\" \/>\n<link rel=\"canonical\" href=\"https:\/\/happypotame.com\/index.php\/produit\/carte-zodiaque-scorpion\/\" \/>\n<meta property=\"og:locale\" content=\"fr_FR\" \/>\n<meta property=\"og:type\" content=\"article\" \/>\n<meta property=\"og:title\" content=\"Carte zodiaque Scorpion - Happypotame\" \/>\n<meta property=\"og:description\" content=\"Carte postale signe Scorpion. Un clin d&#039;\u0153il aux intenses, sensibles et profonds. Impression fran\u00e7aise, papier de cr\u00e9ation, parfait cadeau astro !\" \/>\n<meta property=\"og:url\" content=\"https:\/\/happypotame.com\/index.php\/produit\/carte-zodiaque-scorpion\/\" \/>\n<meta property=\"og:site_name\" content=\"Happypotame\" \/>\n<meta property=\"article:modified_time\" content=\"2026-01-16T15:42:29+00:00\" \/>\n<meta property=\"og:image\" content=\"https:\/\/happypotame.com\/wp-content\/uploads\/2025\/11\/Carte_postale_situation15-scaled.png\" \/>\n\t<meta property=\"og:image:width\" content=\"1810\" \/>\n\t<meta property=\"og:image:height\" content=\"2560\" \/>\n\t<meta property=\"og:image:type\" content=\"image\/png\" \/>\n<meta name=\"twitter:card\" content=\"summary_large_image\" \/>\n<meta name=\"twitter:label1\" content=\"Dur\u00e9e de lecture estim\u00e9e\" \/>\n\t<meta name=\"twitter:data1\" content=\"2 minutes\" \/>\n<script type=\"application\/ld+json\" class=\"yoast-schema-graph\">{\"@context\":\"https:\\\/\\\/schema.org\",\"@graph\":[{\"@type\":\"WebPage\",\"@id\":\"https:\\\/\\\/happypotame.com\\\/index.php\\\/produit\\\/carte-zodiaque-scorpion\\\/\",\"url\":\"https:\\\/\\\/happypotame.com\\\/index.php\\\/produit\\\/carte-zodiaque-scorpion\\\/\",\"name\":\"Carte zodiaque Scorpion - Happypotame\",\"isPartOf\":{\"@id\":\"https:\\\/\\\/happypotame.com\\\/#website\"},\"primaryImageOfPage\":{\"@id\":\"https:\\\/\\\/happypotame.com\\\/index.php\\\/produit\\\/carte-zodiaque-scorpion\\\/#primaryimage\"},\"image\":{\"@id\":\"https:\\\/\\\/happypotame.com\\\/index.php\\\/produit\\\/carte-zodiaque-scorpion\\\/#primaryimage\"},\"thumbnailUrl\":\"https:\\\/\\\/happypotame.com\\\/wp-content\\\/uploads\\\/2025\\\/11\\\/Carte_postale_situation15-scaled.png\",\"datePublished\":\"2025-11-07T15:10:29+00:00\",\"dateModified\":\"2026-01-16T15:42:29+00:00\",\"description\":\"Carte postale signe Scorpion. Un clin d'\u0153il aux intenses, sensibles et profonds. Impression fran\u00e7aise, papier de cr\u00e9ation, parfait cadeau astro !\",\"breadcrumb\":{\"@id\":\"https:\\\/\\\/happypotame.com\\\/index.php\\\/produit\\\/carte-zodiaque-scorpion\\\/#breadcrumb\"},\"inLanguage\":\"fr-FR\",\"potentialAction\":[{\"@type\":\"ReadAction\",\"target\":[\"https:\\\/\\\/happypotame.com\\\/index.php\\\/produit\\\/carte-zodiaque-scorpion\\\/\"]}]},{\"@type\":\"ImageObject\",\"inLanguage\":\"fr-FR\",\"@id\":\"https:\\\/\\\/happypotame.com\\\/index.php\\\/produit\\\/carte-zodiaque-scorpion\\\/#primaryimage\",\"url\":\"https:\\\/\\\/happypotame.com\\\/wp-content\\\/uploads\\\/2025\\\/11\\\/Carte_postale_situation15-scaled.png\",\"contentUrl\":\"https:\\\/\\\/happypotame.com\\\/wp-content\\\/uploads\\\/2025\\\/11\\\/Carte_postale_situation15-scaled.png\",\"width\":1810,\"height\":2560},{\"@type\":\"BreadcrumbList\",\"@id\":\"https:\\\/\\\/happypotame.com\\\/index.php\\\/produit\\\/carte-zodiaque-scorpion\\\/#breadcrumb\",\"itemListElement\":[{\"@type\":\"ListItem\",\"position\":1,\"name\":\"Accueil\",\"item\":\"https:\\\/\\\/happypotame.com\\\/\"},{\"@type\":\"ListItem\",\"position\":2,\"name\":\"Boutique\",\"item\":\"https:\\\/\\\/happypotame.com\\\/index.php\\\/boutique\\\/\"},{\"@type\":\"ListItem\",\"position\":3,\"name\":\"Carte zodiaque Scorpion\"}]},{\"@type\":\"WebSite\",\"@id\":\"https:\\\/\\\/happypotame.com\\\/#website\",\"url\":\"https:\\\/\\\/happypotame.com\\\/\",\"name\":\"Happypotame\",\"description\":\"\",\"publisher\":{\"@id\":\"https:\\\/\\\/happypotame.com\\\/#organization\"},\"potentialAction\":[{\"@type\":\"SearchAction\",\"target\":{\"@type\":\"EntryPoint\",\"urlTemplate\":\"https:\\\/\\\/happypotame.com\\\/?s={search_term_string}\"},\"query-input\":{\"@type\":\"PropertyValueSpecification\",\"valueRequired\":true,\"valueName\":\"search_term_string\"}}],\"inLanguage\":\"fr-FR\"},{\"@type\":\"Organization\",\"@id\":\"https:\\\/\\\/happypotame.com\\\/#organization\",\"name\":\"Happypotame\",\"url\":\"https:\\\/\\\/happypotame.com\\\/\",\"logo\":{\"@type\":\"ImageObject\",\"inLanguage\":\"fr-FR\",\"@id\":\"https:\\\/\\\/happypotame.com\\\/#\\\/schema\\\/logo\\\/image\\\/\",\"url\":\"https:\\\/\\\/happypotame.com\\\/wp-content\\\/uploads\\\/2022\\\/03\\\/cropped-Logo_Happypotame_vertical.png\",\"contentUrl\":\"https:\\\/\\\/happypotame.com\\\/wp-content\\\/uploads\\\/2022\\\/03\\\/cropped-Logo_Happypotame_vertical.png\",\"width\":4538,\"height\":945,\"caption\":\"Happypotame\"},\"image\":{\"@id\":\"https:\\\/\\\/happypotame.com\\\/#\\\/schema\\\/logo\\\/image\\\/\"},\"sameAs\":[\"https:\\\/\\\/www.instagram.com\\\/happypotame\\\/?hl=fr\"]}]}<\/script>\n<!-- \/ Yoast SEO plugin. -->","yoast_head_json":{"title":"Carte zodiaque Scorpion - Happypotame","description":"Carte postale signe Scorpion. Un clin d'\u0153il aux intenses, sensibles et profonds. Impression fran\u00e7aise, papier de cr\u00e9ation, parfait cadeau astro !","robots":{"index":"index","follow":"follow","max-snippet":"max-snippet:-1","max-image-preview":"max-image-preview:large","max-video-preview":"max-video-preview:-1"},"canonical":"https:\/\/happypotame.com\/index.php\/produit\/carte-zodiaque-scorpion\/","og_locale":"fr_FR","og_type":"article","og_title":"Carte zodiaque Scorpion - Happypotame","og_description":"Carte postale signe Scorpion. Un clin d'\u0153il aux intenses, sensibles et profonds. Impression fran\u00e7aise, papier de cr\u00e9ation, parfait cadeau astro !","og_url":"https:\/\/happypotame.com\/index.php\/produit\/carte-zodiaque-scorpion\/","og_site_name":"Happypotame","article_modified_time":"2026-01-16T15:42:29+00:00","og_image":[{"width":1810,"height":2560,"url":"https:\/\/happypotame.com\/wp-content\/uploads\/2025\/11\/Carte_postale_situation15-scaled.png","type":"image\/png"}],"twitter_card":"summary_large_image","twitter_misc":{"Dur\u00e9e de lecture estim\u00e9e":"2 minutes"},"schema":{"@context":"https:\/\/schema.org","@graph":[{"@type":"WebPage","@id":"https:\/\/happypotame.com\/index.php\/produit\/carte-zodiaque-scorpion\/","url":"https:\/\/happypotame.com\/index.php\/produit\/carte-zodiaque-scorpion\/","name":"Carte zodiaque Scorpion - Happypotame","isPartOf":{"@id":"https:\/\/happypotame.com\/#website"},"primaryImageOfPage":{"@id":"https:\/\/happypotame.com\/index.php\/produit\/carte-zodiaque-scorpion\/#primaryimage"},"image":{"@id":"https:\/\/happypotame.com\/index.php\/produit\/carte-zodiaque-scorpion\/#primaryimage"},"thumbnailUrl":"https:\/\/happypotame.com\/wp-content\/uploads\/2025\/11\/Carte_postale_situation15-scaled.png","datePublished":"2025-11-07T15:10:29+00:00","dateModified":"2026-01-16T15:42:29+00:00","description":"Carte postale signe Scorpion. Un clin d'\u0153il aux intenses, sensibles et profonds. Impression fran\u00e7aise, papier de cr\u00e9ation, parfait cadeau astro !","breadcrumb":{"@id":"https:\/\/happypotame.com\/index.php\/produit\/carte-zodiaque-scorpion\/#breadcrumb"},"inLanguage":"fr-FR","potentialAction":[{"@type":"ReadAction","target":["https:\/\/happypotame.com\/index.php\/produit\/carte-zodiaque-scorpion\/"]}]},{"@type":"ImageObject","inLanguage":"fr-FR","@id":"https:\/\/happypotame.com\/index.php\/produit\/carte-zodiaque-scorpion\/#primaryimage","url":"https:\/\/happypotame.com\/wp-content\/uploads\/2025\/11\/Carte_postale_situation15-scaled.png","contentUrl":"https:\/\/happypotame.com\/wp-content\/uploads\/2025\/11\/Carte_postale_situation15-scaled.png","width":1810,"height":2560},{"@type":"BreadcrumbList","@id":"https:\/\/happypotame.com\/index.php\/produit\/carte-zodiaque-scorpion\/#breadcrumb","itemListElement":[{"@type":"ListItem","position":1,"name":"Accueil","item":"https:\/\/happypotame.com\/"},{"@type":"ListItem","position":2,"name":"Boutique","item":"https:\/\/happypotame.com\/index.php\/boutique\/"},{"@type":"ListItem","position":3,"name":"Carte zodiaque Scorpion"}]},{"@type":"WebSite","@id":"https:\/\/happypotame.com\/#website","url":"https:\/\/happypotame.com\/","name":"Happypotame","description":"","publisher":{"@id":"https:\/\/happypotame.com\/#organization"},"potentialAction":[{"@type":"SearchAction","target":{"@type":"EntryPoint","urlTemplate":"https:\/\/happypotame.com\/?s={search_term_string}"},"query-input":{"@type":"PropertyValueSpecification","valueRequired":true,"valueName":"search_term_string"}}],"inLanguage":"fr-FR"},{"@type":"Organization","@id":"https:\/\/happypotame.com\/#organization","name":"Happypotame","url":"https:\/\/happypotame.com\/","logo":{"@type":"ImageObject","inLanguage":"fr-FR","@id":"https:\/\/happypotame.com\/#\/schema\/logo\/image\/","url":"https:\/\/happypotame.com\/wp-content\/uploads\/2022\/03\/cropped-Logo_Happypotame_vertical.png","contentUrl":"https:\/\/happypotame.com\/wp-content\/uploads\/2022\/03\/cropped-Logo_Happypotame_vertical.png","width":4538,"height":945,"caption":"Happypotame"},"image":{"@id":"https:\/\/happypotame.com\/#\/schema\/logo\/image\/"},"sameAs":["https:\/\/www.instagram.com\/happypotame\/?hl=fr"]}]}},"_links":{"self":[{"href":"https:\/\/happypotame.com\/index.php\/wp-json\/wp\/v2\/product\/3650","targetHints":{"allow":["GET"]}}],"collection":[{"href":"https:\/\/happypotame.com\/index.php\/wp-json\/wp\/v2\/product"}],"about":[{"href":"https:\/\/happypotame.com\/index.php\/wp-json\/wp\/v2\/types\/product"}],"wp:featuredmedia":[{"embeddable":true,"href":"https:\/\/happypotame.com\/index.php\/wp-json\/wp\/v2\/media\/3633"}],"wp:attachment":[{"href":"https:\/\/happypotame.com\/index.php\/wp-json\/wp\/v2\/media?parent=3650"}],"wp:term":[{"taxonomy":"product_brand","embeddable":true,"href":"https:\/\/happypotame.com\/index.php\/wp-json\/wp\/v2\/product_brand?post=3650"},{"taxonomy":"product_cat","embeddable":true,"href":"https:\/\/happypotame.com\/index.php\/wp-json\/wp\/v2\/product_cat?post=3650"},{"taxonomy":"product_tag","embeddable":true,"href":"https:\/\/happypotame.com\/index.php\/wp-json\/wp\/v2\/product_tag?post=3650"}],"curies":[{"name":"wp","href":"https:\/\/api.w.org\/{rel}","templated":true}]}}