{"id":3655,"date":"2025-11-12T08:35:58","date_gmt":"2025-11-12T07:35:58","guid":{"rendered":"https:\/\/happypotame.com\/?post_type=product&#038;p=3655"},"modified":"2026-01-16T16:42:29","modified_gmt":"2026-01-16T15:42:29","slug":"carte-felins-pour-lautre","status":"publish","type":"product","link":"https:\/\/happypotame.com\/index.php\/produit\/carte-felins-pour-lautre\/","title":{"rendered":"Carte \u00ab\u00a0F\u00e9lins pour l&rsquo;autre\u00a0\u00bb"},"content":{"rendered":"<p class=\"p1\">Cette carte postale made in France est imprim\u00e9e sur un papier de cr\u00e9ation 300g par Clo\u00eetre Imprimeurs, en Bretagne, \u00e0 St-Thonan plus exactement.<br \/>\nVous pouvez compl\u00e9ter votre achat avec une enveloppe kraft (onglet \u00ab\u00a0autres produits\u00a0\u00bb du menu de notre site).<\/p>\n<div class=\"gs\">\n<div class=\"\">\n<div id=\":46p\" class=\"ii gt\">\n<div id=\":46q\" class=\"a3s aiL \">\n<div dir=\"auto\">\n<p data-start=\"676\" data-end=\"999\">Tendance, sauvage et pleine d\u2019amour : la carte \u00ab F\u00e9lins pour l\u2019autre \u00bb rend hommage aux amoureux du motif l\u00e9opard (et de l\u2019amour tout court).<br data-start=\"817\" data-end=\"820\" \/>Avec son duo de f\u00e9lins complices et son jeu de mots irr\u00e9sistible, elle capture l\u2019esprit pop et audacieux des imprim\u00e9s animaliers, grands incontournables de la mode et du design.<\/p>\n<p data-start=\"1001\" data-end=\"1249\">\u00c0 offrir \u00e0 votre moiti\u00e9, \u00e0 un\u00b7e ami\u00b7e cher\u00b7e ou \u00e0 garder pour d\u00e9corer un int\u00e9rieur styl\u00e9, cette carte combine humour, tendresse et touche f\u00e9line.<br data-start=\"1146\" data-end=\"1149\" \/>Un clin d\u2019\u0153il \u00e0 la fois mode et affectif, pour dire \u00ab je tiens \u00e0 toi \u00bb avec caract\u00e8re et \u00e9l\u00e9gance.<\/p>\n<p data-start=\"1251\" data-end=\"1410\">Elle fait partie de la collection de cartes postale Happypotame, o\u00f9 les jeux de mots, la couleur et l\u2019esprit d\u00e9cal\u00e9 se rencontrent pour cr\u00e9er des cartes pleines de personnalit\u00e9.<\/p>\n<\/div>\n<div class=\"yj6qo\"><\/div>\n<div class=\"adL\"><\/div>\n<\/div>\n<\/div>\n<div class=\"hi\"><\/div>\n<div class=\"WhmR8e\" data-hash=\"0\"><\/div>\n<\/div>\n<\/div>\n<p class=\"p1\">\n","protected":false},"excerpt":{"rendered":"<p>Pop et f\u00e9line, cette carte \u00ab F\u00e9lins pour l\u2019autre \u00bb associe jeu de mot, tendresse et style l\u00e9opard ultra-tendance.<br data-start=\"1563\" data-end=\"1566\" \/>Id\u00e9ale pour les amoureux\u2026 ou les chats !<\/p>\n<p class=\"p1\">Carte format 10&#215;15 cm.<br \/>\nCr\u00e9\u00e9e et imprim\u00e9e en France. Pure beurre Bzh !<br \/>\nVous pouvez compl\u00e9ter votre achat avec notre enveloppe kraft.<\/p>\n","protected":false},"featured_media":3656,"template":"","meta":[],"product_brand":[],"product_cat":[129,110],"product_tag":[],"class_list":{"0":"post-3655","1":"product","2":"type-product","3":"status-publish","4":"has-post-thumbnail","6":"product_cat-amitie-amour","7":"product_cat-cartes-postales","9":"first","10":"instock","11":"shipping-taxable","12":"purchasable","13":"product-type-simple"},"yoast_head":"<!-- This site is optimized with the Yoast SEO plugin v27.4 - https:\/\/yoast.com\/product\/yoast-seo-wordpress\/ -->\n<title>Carte &quot;F\u00e9lins pour l&#039;autre&quot; - Happypotame<\/title>\n<meta name=\"description\" content=\"Carte postale \u00ab F\u00e9lins pour l\u2019autre \u00bb. Une touche de tendresse f\u00e9line et sauvage. Impression fran\u00e7aise, papier de cr\u00e9ation, parfaite pour dire je t\u2019aime !\" \/>\n<meta name=\"robots\" content=\"index, follow, max-snippet:-1, max-image-preview:large, max-video-preview:-1\" \/>\n<link rel=\"canonical\" href=\"http:\/\/happypotame.com\/index.php\/produit\/carte-felins-pour-lautre\/\" \/>\n<meta property=\"og:locale\" content=\"fr_FR\" \/>\n<meta property=\"og:type\" content=\"article\" \/>\n<meta property=\"og:title\" content=\"Carte &quot;F\u00e9lins pour l&#039;autre&quot; - Happypotame\" \/>\n<meta property=\"og:description\" content=\"Carte postale \u00ab F\u00e9lins pour l\u2019autre \u00bb. Une touche de tendresse f\u00e9line et sauvage. Impression fran\u00e7aise, papier de cr\u00e9ation, parfaite pour dire je t\u2019aime !\" \/>\n<meta property=\"og:url\" content=\"http:\/\/happypotame.com\/index.php\/produit\/carte-felins-pour-lautre\/\" \/>\n<meta property=\"og:site_name\" content=\"Happypotame\" \/>\n<meta property=\"article:modified_time\" content=\"2026-01-16T15:42:29+00:00\" \/>\n<meta property=\"og:image\" content=\"http:\/\/happypotame.com\/wp-content\/uploads\/2025\/11\/Carte_postale_situation-1-scaled.png\" \/>\n\t<meta property=\"og:image:width\" content=\"1810\" \/>\n\t<meta property=\"og:image:height\" content=\"2560\" \/>\n\t<meta property=\"og:image:type\" content=\"image\/png\" \/>\n<meta name=\"twitter:card\" content=\"summary_large_image\" \/>\n<meta name=\"twitter:label1\" content=\"Dur\u00e9e de lecture estim\u00e9e\" \/>\n\t<meta name=\"twitter:data1\" content=\"2 minutes\" \/>\n<script type=\"application\/ld+json\" class=\"yoast-schema-graph\">{\"@context\":\"https:\\\/\\\/schema.org\",\"@graph\":[{\"@type\":\"WebPage\",\"@id\":\"http:\\\/\\\/happypotame.com\\\/index.php\\\/produit\\\/carte-felins-pour-lautre\\\/\",\"url\":\"http:\\\/\\\/happypotame.com\\\/index.php\\\/produit\\\/carte-felins-pour-lautre\\\/\",\"name\":\"Carte \\\"F\u00e9lins pour l'autre\\\" - Happypotame\",\"isPartOf\":{\"@id\":\"https:\\\/\\\/happypotame.com\\\/#website\"},\"primaryImageOfPage\":{\"@id\":\"http:\\\/\\\/happypotame.com\\\/index.php\\\/produit\\\/carte-felins-pour-lautre\\\/#primaryimage\"},\"image\":{\"@id\":\"http:\\\/\\\/happypotame.com\\\/index.php\\\/produit\\\/carte-felins-pour-lautre\\\/#primaryimage\"},\"thumbnailUrl\":\"https:\\\/\\\/happypotame.com\\\/wp-content\\\/uploads\\\/2025\\\/11\\\/Carte_postale_situation-1-scaled.png\",\"datePublished\":\"2025-11-12T07:35:58+00:00\",\"dateModified\":\"2026-01-16T15:42:29+00:00\",\"description\":\"Carte postale \u00ab F\u00e9lins pour l\u2019autre \u00bb. Une touche de tendresse f\u00e9line et sauvage. Impression fran\u00e7aise, papier de cr\u00e9ation, parfaite pour dire je t\u2019aime !\",\"breadcrumb\":{\"@id\":\"http:\\\/\\\/happypotame.com\\\/index.php\\\/produit\\\/carte-felins-pour-lautre\\\/#breadcrumb\"},\"inLanguage\":\"fr-FR\",\"potentialAction\":[{\"@type\":\"ReadAction\",\"target\":[\"http:\\\/\\\/happypotame.com\\\/index.php\\\/produit\\\/carte-felins-pour-lautre\\\/\"]}]},{\"@type\":\"ImageObject\",\"inLanguage\":\"fr-FR\",\"@id\":\"http:\\\/\\\/happypotame.com\\\/index.php\\\/produit\\\/carte-felins-pour-lautre\\\/#primaryimage\",\"url\":\"https:\\\/\\\/happypotame.com\\\/wp-content\\\/uploads\\\/2025\\\/11\\\/Carte_postale_situation-1-scaled.png\",\"contentUrl\":\"https:\\\/\\\/happypotame.com\\\/wp-content\\\/uploads\\\/2025\\\/11\\\/Carte_postale_situation-1-scaled.png\",\"width\":1810,\"height\":2560},{\"@type\":\"BreadcrumbList\",\"@id\":\"http:\\\/\\\/happypotame.com\\\/index.php\\\/produit\\\/carte-felins-pour-lautre\\\/#breadcrumb\",\"itemListElement\":[{\"@type\":\"ListItem\",\"position\":1,\"name\":\"Accueil\",\"item\":\"https:\\\/\\\/happypotame.com\\\/\"},{\"@type\":\"ListItem\",\"position\":2,\"name\":\"Boutique\",\"item\":\"https:\\\/\\\/happypotame.com\\\/index.php\\\/boutique\\\/\"},{\"@type\":\"ListItem\",\"position\":3,\"name\":\"Carte \u00ab\u00a0F\u00e9lins pour l&rsquo;autre\u00a0\u00bb\"}]},{\"@type\":\"WebSite\",\"@id\":\"https:\\\/\\\/happypotame.com\\\/#website\",\"url\":\"https:\\\/\\\/happypotame.com\\\/\",\"name\":\"Happypotame\",\"description\":\"\",\"publisher\":{\"@id\":\"https:\\\/\\\/happypotame.com\\\/#organization\"},\"potentialAction\":[{\"@type\":\"SearchAction\",\"target\":{\"@type\":\"EntryPoint\",\"urlTemplate\":\"https:\\\/\\\/happypotame.com\\\/?s={search_term_string}\"},\"query-input\":{\"@type\":\"PropertyValueSpecification\",\"valueRequired\":true,\"valueName\":\"search_term_string\"}}],\"inLanguage\":\"fr-FR\"},{\"@type\":\"Organization\",\"@id\":\"https:\\\/\\\/happypotame.com\\\/#organization\",\"name\":\"Happypotame\",\"url\":\"https:\\\/\\\/happypotame.com\\\/\",\"logo\":{\"@type\":\"ImageObject\",\"inLanguage\":\"fr-FR\",\"@id\":\"https:\\\/\\\/happypotame.com\\\/#\\\/schema\\\/logo\\\/image\\\/\",\"url\":\"https:\\\/\\\/happypotame.com\\\/wp-content\\\/uploads\\\/2022\\\/03\\\/cropped-Logo_Happypotame_vertical.png\",\"contentUrl\":\"https:\\\/\\\/happypotame.com\\\/wp-content\\\/uploads\\\/2022\\\/03\\\/cropped-Logo_Happypotame_vertical.png\",\"width\":4538,\"height\":945,\"caption\":\"Happypotame\"},\"image\":{\"@id\":\"https:\\\/\\\/happypotame.com\\\/#\\\/schema\\\/logo\\\/image\\\/\"},\"sameAs\":[\"https:\\\/\\\/www.instagram.com\\\/happypotame\\\/?hl=fr\"]}]}<\/script>\n<!-- \/ Yoast SEO plugin. -->","yoast_head_json":{"title":"Carte \"F\u00e9lins pour l'autre\" - Happypotame","description":"Carte postale \u00ab F\u00e9lins pour l\u2019autre \u00bb. Une touche de tendresse f\u00e9line et sauvage. Impression fran\u00e7aise, papier de cr\u00e9ation, parfaite pour dire je t\u2019aime !","robots":{"index":"index","follow":"follow","max-snippet":"max-snippet:-1","max-image-preview":"max-image-preview:large","max-video-preview":"max-video-preview:-1"},"canonical":"http:\/\/happypotame.com\/index.php\/produit\/carte-felins-pour-lautre\/","og_locale":"fr_FR","og_type":"article","og_title":"Carte \"F\u00e9lins pour l'autre\" - Happypotame","og_description":"Carte postale \u00ab F\u00e9lins pour l\u2019autre \u00bb. Une touche de tendresse f\u00e9line et sauvage. Impression fran\u00e7aise, papier de cr\u00e9ation, parfaite pour dire je t\u2019aime !","og_url":"http:\/\/happypotame.com\/index.php\/produit\/carte-felins-pour-lautre\/","og_site_name":"Happypotame","article_modified_time":"2026-01-16T15:42:29+00:00","og_image":[{"width":1810,"height":2560,"url":"http:\/\/happypotame.com\/wp-content\/uploads\/2025\/11\/Carte_postale_situation-1-scaled.png","type":"image\/png"}],"twitter_card":"summary_large_image","twitter_misc":{"Dur\u00e9e de lecture estim\u00e9e":"2 minutes"},"schema":{"@context":"https:\/\/schema.org","@graph":[{"@type":"WebPage","@id":"http:\/\/happypotame.com\/index.php\/produit\/carte-felins-pour-lautre\/","url":"http:\/\/happypotame.com\/index.php\/produit\/carte-felins-pour-lautre\/","name":"Carte \"F\u00e9lins pour l'autre\" - Happypotame","isPartOf":{"@id":"https:\/\/happypotame.com\/#website"},"primaryImageOfPage":{"@id":"http:\/\/happypotame.com\/index.php\/produit\/carte-felins-pour-lautre\/#primaryimage"},"image":{"@id":"http:\/\/happypotame.com\/index.php\/produit\/carte-felins-pour-lautre\/#primaryimage"},"thumbnailUrl":"https:\/\/happypotame.com\/wp-content\/uploads\/2025\/11\/Carte_postale_situation-1-scaled.png","datePublished":"2025-11-12T07:35:58+00:00","dateModified":"2026-01-16T15:42:29+00:00","description":"Carte postale \u00ab F\u00e9lins pour l\u2019autre \u00bb. Une touche de tendresse f\u00e9line et sauvage. Impression fran\u00e7aise, papier de cr\u00e9ation, parfaite pour dire je t\u2019aime !","breadcrumb":{"@id":"http:\/\/happypotame.com\/index.php\/produit\/carte-felins-pour-lautre\/#breadcrumb"},"inLanguage":"fr-FR","potentialAction":[{"@type":"ReadAction","target":["http:\/\/happypotame.com\/index.php\/produit\/carte-felins-pour-lautre\/"]}]},{"@type":"ImageObject","inLanguage":"fr-FR","@id":"http:\/\/happypotame.com\/index.php\/produit\/carte-felins-pour-lautre\/#primaryimage","url":"https:\/\/happypotame.com\/wp-content\/uploads\/2025\/11\/Carte_postale_situation-1-scaled.png","contentUrl":"https:\/\/happypotame.com\/wp-content\/uploads\/2025\/11\/Carte_postale_situation-1-scaled.png","width":1810,"height":2560},{"@type":"BreadcrumbList","@id":"http:\/\/happypotame.com\/index.php\/produit\/carte-felins-pour-lautre\/#breadcrumb","itemListElement":[{"@type":"ListItem","position":1,"name":"Accueil","item":"https:\/\/happypotame.com\/"},{"@type":"ListItem","position":2,"name":"Boutique","item":"https:\/\/happypotame.com\/index.php\/boutique\/"},{"@type":"ListItem","position":3,"name":"Carte \u00ab\u00a0F\u00e9lins pour l&rsquo;autre\u00a0\u00bb"}]},{"@type":"WebSite","@id":"https:\/\/happypotame.com\/#website","url":"https:\/\/happypotame.com\/","name":"Happypotame","description":"","publisher":{"@id":"https:\/\/happypotame.com\/#organization"},"potentialAction":[{"@type":"SearchAction","target":{"@type":"EntryPoint","urlTemplate":"https:\/\/happypotame.com\/?s={search_term_string}"},"query-input":{"@type":"PropertyValueSpecification","valueRequired":true,"valueName":"search_term_string"}}],"inLanguage":"fr-FR"},{"@type":"Organization","@id":"https:\/\/happypotame.com\/#organization","name":"Happypotame","url":"https:\/\/happypotame.com\/","logo":{"@type":"ImageObject","inLanguage":"fr-FR","@id":"https:\/\/happypotame.com\/#\/schema\/logo\/image\/","url":"https:\/\/happypotame.com\/wp-content\/uploads\/2022\/03\/cropped-Logo_Happypotame_vertical.png","contentUrl":"https:\/\/happypotame.com\/wp-content\/uploads\/2022\/03\/cropped-Logo_Happypotame_vertical.png","width":4538,"height":945,"caption":"Happypotame"},"image":{"@id":"https:\/\/happypotame.com\/#\/schema\/logo\/image\/"},"sameAs":["https:\/\/www.instagram.com\/happypotame\/?hl=fr"]}]}},"_links":{"self":[{"href":"https:\/\/happypotame.com\/index.php\/wp-json\/wp\/v2\/product\/3655","targetHints":{"allow":["GET"]}}],"collection":[{"href":"https:\/\/happypotame.com\/index.php\/wp-json\/wp\/v2\/product"}],"about":[{"href":"https:\/\/happypotame.com\/index.php\/wp-json\/wp\/v2\/types\/product"}],"wp:featuredmedia":[{"embeddable":true,"href":"https:\/\/happypotame.com\/index.php\/wp-json\/wp\/v2\/media\/3656"}],"wp:attachment":[{"href":"https:\/\/happypotame.com\/index.php\/wp-json\/wp\/v2\/media?parent=3655"}],"wp:term":[{"taxonomy":"product_brand","embeddable":true,"href":"https:\/\/happypotame.com\/index.php\/wp-json\/wp\/v2\/product_brand?post=3655"},{"taxonomy":"product_cat","embeddable":true,"href":"https:\/\/happypotame.com\/index.php\/wp-json\/wp\/v2\/product_cat?post=3655"},{"taxonomy":"product_tag","embeddable":true,"href":"https:\/\/happypotame.com\/index.php\/wp-json\/wp\/v2\/product_tag?post=3655"}],"curies":[{"name":"wp","href":"https:\/\/api.w.org\/{rel}","templated":true}]}}