{"id":3659,"date":"2025-11-13T08:52:52","date_gmt":"2025-11-13T07:52:52","guid":{"rendered":"https:\/\/happypotame.com\/?post_type=product&#038;p=3659"},"modified":"2025-11-26T22:49:51","modified_gmt":"2025-11-26T21:49:51","slug":"carte-noel-sera-hotte","status":"publish","type":"product","link":"https:\/\/happypotame.com\/index.php\/produit\/carte-noel-sera-hotte\/","title":{"rendered":"Carte \u00ab\u00a0No\u00ebl sera hotte\u00a0\u00bb"},"content":{"rendered":"<p class=\"p1\">Cette carte postale est imprim\u00e9e sur un papier de cr\u00e9ation 300g par Clo\u00eetre Imprimeurs, en Bretagne, \u00e0 St-Thonan plus exactement.<br \/>\nVous pouvez compl\u00e9ter votre achat avec une enveloppe kraft (onglet \u00ab\u00a0autres produits\u00a0\u00bb du menu de notre site).<\/p>\n<div class=\"gs\">\n<div class=\"\">\n<div id=\":46k\" class=\"ii gt\">\n<div id=\":3cn\" class=\"a3s aiL \">\n<p data-start=\"578\" data-end=\"819\">Avec son jeu de mots malicieux et son design plein de pep\u2019s, la carte <strong data-start=\"648\" data-end=\"671\">\u00ab No\u00ebl sera hotte \u00bb<\/strong> met une touche d\u2019humour <em data-start=\"696\" data-end=\"708\">un peu os\u00e9<\/em> sous le sapin.<br data-start=\"723\" data-end=\"726\" \/>Entre clin d\u2019\u0153il coquin et bonne humeur assum\u00e9e, elle promet un No\u00ebl plus chaud que froid !<\/p>\n<p data-start=\"821\" data-end=\"1025\">Son fond rouge profond, ses pois fuchsia et sa hotte d\u00e9bordante de cadeaux en font une carte aussi audacieuse que festive \u2014 parfaite pour celles et ceux qui aiment que les f\u00eates aient un peu de piquant.<\/p>\n<p data-start=\"1027\" data-end=\"1150\">\u00c0 offrir, \u00e0 afficher ou \u00e0 glisser subtilement dans un paquet-cadeau\u2026 histoire de faire rougir (de rire) le destinataire !<\/p>\n<\/div>\n<\/div>\n<\/div>\n<\/div>\n","protected":false},"excerpt":{"rendered":"<p class=\"p1\">Une carte de No\u00ebl qui ne manque pas de culot (ni de chaleur) !<br data-start=\"1437\" data-end=\"1440\" \/>Clin d\u2019\u0153il os\u00e9 et design festif, parfaite pour souhaiter des f\u00eates pleines de malice.<br \/>\n\u00c0 offrir, envoyer, encadrer, \u00e9pingler, aimanter, scotcher\u2026 sans mod\u00e9ration !<\/p>\n<p class=\"p1\">Carte format 10&#215;15 cm.<br \/>\nCr\u00e9\u00e9e et imprim\u00e9e en France. Pure beurre Bzh !<br \/>\nVous pouvez compl\u00e9ter votre achat avec notre enveloppe kraft.<\/p>\n","protected":false},"featured_media":3660,"template":"","meta":[],"product_brand":[],"product_cat":[110,128,154],"product_tag":[],"class_list":{"0":"post-3659","1":"product","2":"type-product","3":"status-publish","4":"has-post-thumbnail","6":"product_cat-cartes-postales","7":"product_cat-evenements","8":"product_cat-noel-et-nouvel-an","10":"first","11":"instock","12":"shipping-taxable","13":"purchasable","14":"product-type-simple"},"yoast_head":"<!-- This site is optimized with the Yoast SEO plugin v27.4 - https:\/\/yoast.com\/product\/yoast-seo-wordpress\/ -->\n<title>Carte &quot;No\u00ebl sera hotte&quot; - Happypotame<\/title>\n<meta name=\"description\" content=\"Carte postale \u00ab No\u00ebl sera hotte \u00bb. Jeu de mots espi\u00e8gle et design p\u00e9tillant pour un No\u00ebl plein d\u2019humour et (un peu) de chaleur ! Impression fran\u00e7aise.\" \/>\n<meta name=\"robots\" content=\"index, follow, max-snippet:-1, max-image-preview:large, max-video-preview:-1\" \/>\n<link rel=\"canonical\" href=\"https:\/\/happypotame.com\/index.php\/produit\/carte-noel-sera-hotte\/\" \/>\n<meta property=\"og:locale\" content=\"fr_FR\" \/>\n<meta property=\"og:type\" content=\"article\" \/>\n<meta property=\"og:title\" content=\"Carte &quot;No\u00ebl sera hotte&quot; - Happypotame\" \/>\n<meta property=\"og:description\" content=\"Carte postale \u00ab No\u00ebl sera hotte \u00bb. Jeu de mots espi\u00e8gle et design p\u00e9tillant pour un No\u00ebl plein d\u2019humour et (un peu) de chaleur ! Impression fran\u00e7aise.\" \/>\n<meta property=\"og:url\" content=\"https:\/\/happypotame.com\/index.php\/produit\/carte-noel-sera-hotte\/\" \/>\n<meta property=\"og:site_name\" content=\"Happypotame\" \/>\n<meta property=\"article:modified_time\" content=\"2025-11-26T21:49:51+00:00\" \/>\n<meta property=\"og:image\" content=\"https:\/\/happypotame.com\/wp-content\/uploads\/2025\/11\/Carte_postale_situation_NOEL3-scaled.png\" \/>\n\t<meta property=\"og:image:width\" content=\"1810\" \/>\n\t<meta property=\"og:image:height\" content=\"2560\" \/>\n\t<meta property=\"og:image:type\" content=\"image\/png\" \/>\n<meta name=\"twitter:card\" content=\"summary_large_image\" \/>\n<meta name=\"twitter:label1\" content=\"Dur\u00e9e de lecture estim\u00e9e\" \/>\n\t<meta name=\"twitter:data1\" content=\"1 minute\" \/>\n<script type=\"application\/ld+json\" class=\"yoast-schema-graph\">{\"@context\":\"https:\\\/\\\/schema.org\",\"@graph\":[{\"@type\":\"WebPage\",\"@id\":\"https:\\\/\\\/happypotame.com\\\/index.php\\\/produit\\\/carte-noel-sera-hotte\\\/\",\"url\":\"https:\\\/\\\/happypotame.com\\\/index.php\\\/produit\\\/carte-noel-sera-hotte\\\/\",\"name\":\"Carte \\\"No\u00ebl sera hotte\\\" - Happypotame\",\"isPartOf\":{\"@id\":\"https:\\\/\\\/happypotame.com\\\/#website\"},\"primaryImageOfPage\":{\"@id\":\"https:\\\/\\\/happypotame.com\\\/index.php\\\/produit\\\/carte-noel-sera-hotte\\\/#primaryimage\"},\"image\":{\"@id\":\"https:\\\/\\\/happypotame.com\\\/index.php\\\/produit\\\/carte-noel-sera-hotte\\\/#primaryimage\"},\"thumbnailUrl\":\"https:\\\/\\\/happypotame.com\\\/wp-content\\\/uploads\\\/2025\\\/11\\\/Carte_postale_situation_NOEL3-scaled.png\",\"datePublished\":\"2025-11-13T07:52:52+00:00\",\"dateModified\":\"2025-11-26T21:49:51+00:00\",\"description\":\"Carte postale \u00ab No\u00ebl sera hotte \u00bb. Jeu de mots espi\u00e8gle et design p\u00e9tillant pour un No\u00ebl plein d\u2019humour et (un peu) de chaleur ! Impression fran\u00e7aise.\",\"breadcrumb\":{\"@id\":\"https:\\\/\\\/happypotame.com\\\/index.php\\\/produit\\\/carte-noel-sera-hotte\\\/#breadcrumb\"},\"inLanguage\":\"fr-FR\",\"potentialAction\":[{\"@type\":\"ReadAction\",\"target\":[\"https:\\\/\\\/happypotame.com\\\/index.php\\\/produit\\\/carte-noel-sera-hotte\\\/\"]}]},{\"@type\":\"ImageObject\",\"inLanguage\":\"fr-FR\",\"@id\":\"https:\\\/\\\/happypotame.com\\\/index.php\\\/produit\\\/carte-noel-sera-hotte\\\/#primaryimage\",\"url\":\"https:\\\/\\\/happypotame.com\\\/wp-content\\\/uploads\\\/2025\\\/11\\\/Carte_postale_situation_NOEL3-scaled.png\",\"contentUrl\":\"https:\\\/\\\/happypotame.com\\\/wp-content\\\/uploads\\\/2025\\\/11\\\/Carte_postale_situation_NOEL3-scaled.png\",\"width\":1810,\"height\":2560},{\"@type\":\"BreadcrumbList\",\"@id\":\"https:\\\/\\\/happypotame.com\\\/index.php\\\/produit\\\/carte-noel-sera-hotte\\\/#breadcrumb\",\"itemListElement\":[{\"@type\":\"ListItem\",\"position\":1,\"name\":\"Accueil\",\"item\":\"https:\\\/\\\/happypotame.com\\\/\"},{\"@type\":\"ListItem\",\"position\":2,\"name\":\"Boutique\",\"item\":\"https:\\\/\\\/happypotame.com\\\/index.php\\\/boutique\\\/\"},{\"@type\":\"ListItem\",\"position\":3,\"name\":\"Carte \u00ab\u00a0No\u00ebl sera hotte\u00a0\u00bb\"}]},{\"@type\":\"WebSite\",\"@id\":\"https:\\\/\\\/happypotame.com\\\/#website\",\"url\":\"https:\\\/\\\/happypotame.com\\\/\",\"name\":\"Happypotame\",\"description\":\"\",\"publisher\":{\"@id\":\"https:\\\/\\\/happypotame.com\\\/#organization\"},\"potentialAction\":[{\"@type\":\"SearchAction\",\"target\":{\"@type\":\"EntryPoint\",\"urlTemplate\":\"https:\\\/\\\/happypotame.com\\\/?s={search_term_string}\"},\"query-input\":{\"@type\":\"PropertyValueSpecification\",\"valueRequired\":true,\"valueName\":\"search_term_string\"}}],\"inLanguage\":\"fr-FR\"},{\"@type\":\"Organization\",\"@id\":\"https:\\\/\\\/happypotame.com\\\/#organization\",\"name\":\"Happypotame\",\"url\":\"https:\\\/\\\/happypotame.com\\\/\",\"logo\":{\"@type\":\"ImageObject\",\"inLanguage\":\"fr-FR\",\"@id\":\"https:\\\/\\\/happypotame.com\\\/#\\\/schema\\\/logo\\\/image\\\/\",\"url\":\"https:\\\/\\\/happypotame.com\\\/wp-content\\\/uploads\\\/2022\\\/03\\\/cropped-Logo_Happypotame_vertical.png\",\"contentUrl\":\"https:\\\/\\\/happypotame.com\\\/wp-content\\\/uploads\\\/2022\\\/03\\\/cropped-Logo_Happypotame_vertical.png\",\"width\":4538,\"height\":945,\"caption\":\"Happypotame\"},\"image\":{\"@id\":\"https:\\\/\\\/happypotame.com\\\/#\\\/schema\\\/logo\\\/image\\\/\"},\"sameAs\":[\"https:\\\/\\\/www.instagram.com\\\/happypotame\\\/?hl=fr\"]}]}<\/script>\n<!-- \/ Yoast SEO plugin. -->","yoast_head_json":{"title":"Carte \"No\u00ebl sera hotte\" - Happypotame","description":"Carte postale \u00ab No\u00ebl sera hotte \u00bb. Jeu de mots espi\u00e8gle et design p\u00e9tillant pour un No\u00ebl plein d\u2019humour et (un peu) de chaleur ! Impression fran\u00e7aise.","robots":{"index":"index","follow":"follow","max-snippet":"max-snippet:-1","max-image-preview":"max-image-preview:large","max-video-preview":"max-video-preview:-1"},"canonical":"https:\/\/happypotame.com\/index.php\/produit\/carte-noel-sera-hotte\/","og_locale":"fr_FR","og_type":"article","og_title":"Carte \"No\u00ebl sera hotte\" - Happypotame","og_description":"Carte postale \u00ab No\u00ebl sera hotte \u00bb. Jeu de mots espi\u00e8gle et design p\u00e9tillant pour un No\u00ebl plein d\u2019humour et (un peu) de chaleur ! Impression fran\u00e7aise.","og_url":"https:\/\/happypotame.com\/index.php\/produit\/carte-noel-sera-hotte\/","og_site_name":"Happypotame","article_modified_time":"2025-11-26T21:49:51+00:00","og_image":[{"width":1810,"height":2560,"url":"https:\/\/happypotame.com\/wp-content\/uploads\/2025\/11\/Carte_postale_situation_NOEL3-scaled.png","type":"image\/png"}],"twitter_card":"summary_large_image","twitter_misc":{"Dur\u00e9e de lecture estim\u00e9e":"1 minute"},"schema":{"@context":"https:\/\/schema.org","@graph":[{"@type":"WebPage","@id":"https:\/\/happypotame.com\/index.php\/produit\/carte-noel-sera-hotte\/","url":"https:\/\/happypotame.com\/index.php\/produit\/carte-noel-sera-hotte\/","name":"Carte \"No\u00ebl sera hotte\" - Happypotame","isPartOf":{"@id":"https:\/\/happypotame.com\/#website"},"primaryImageOfPage":{"@id":"https:\/\/happypotame.com\/index.php\/produit\/carte-noel-sera-hotte\/#primaryimage"},"image":{"@id":"https:\/\/happypotame.com\/index.php\/produit\/carte-noel-sera-hotte\/#primaryimage"},"thumbnailUrl":"https:\/\/happypotame.com\/wp-content\/uploads\/2025\/11\/Carte_postale_situation_NOEL3-scaled.png","datePublished":"2025-11-13T07:52:52+00:00","dateModified":"2025-11-26T21:49:51+00:00","description":"Carte postale \u00ab No\u00ebl sera hotte \u00bb. Jeu de mots espi\u00e8gle et design p\u00e9tillant pour un No\u00ebl plein d\u2019humour et (un peu) de chaleur ! Impression fran\u00e7aise.","breadcrumb":{"@id":"https:\/\/happypotame.com\/index.php\/produit\/carte-noel-sera-hotte\/#breadcrumb"},"inLanguage":"fr-FR","potentialAction":[{"@type":"ReadAction","target":["https:\/\/happypotame.com\/index.php\/produit\/carte-noel-sera-hotte\/"]}]},{"@type":"ImageObject","inLanguage":"fr-FR","@id":"https:\/\/happypotame.com\/index.php\/produit\/carte-noel-sera-hotte\/#primaryimage","url":"https:\/\/happypotame.com\/wp-content\/uploads\/2025\/11\/Carte_postale_situation_NOEL3-scaled.png","contentUrl":"https:\/\/happypotame.com\/wp-content\/uploads\/2025\/11\/Carte_postale_situation_NOEL3-scaled.png","width":1810,"height":2560},{"@type":"BreadcrumbList","@id":"https:\/\/happypotame.com\/index.php\/produit\/carte-noel-sera-hotte\/#breadcrumb","itemListElement":[{"@type":"ListItem","position":1,"name":"Accueil","item":"https:\/\/happypotame.com\/"},{"@type":"ListItem","position":2,"name":"Boutique","item":"https:\/\/happypotame.com\/index.php\/boutique\/"},{"@type":"ListItem","position":3,"name":"Carte \u00ab\u00a0No\u00ebl sera hotte\u00a0\u00bb"}]},{"@type":"WebSite","@id":"https:\/\/happypotame.com\/#website","url":"https:\/\/happypotame.com\/","name":"Happypotame","description":"","publisher":{"@id":"https:\/\/happypotame.com\/#organization"},"potentialAction":[{"@type":"SearchAction","target":{"@type":"EntryPoint","urlTemplate":"https:\/\/happypotame.com\/?s={search_term_string}"},"query-input":{"@type":"PropertyValueSpecification","valueRequired":true,"valueName":"search_term_string"}}],"inLanguage":"fr-FR"},{"@type":"Organization","@id":"https:\/\/happypotame.com\/#organization","name":"Happypotame","url":"https:\/\/happypotame.com\/","logo":{"@type":"ImageObject","inLanguage":"fr-FR","@id":"https:\/\/happypotame.com\/#\/schema\/logo\/image\/","url":"https:\/\/happypotame.com\/wp-content\/uploads\/2022\/03\/cropped-Logo_Happypotame_vertical.png","contentUrl":"https:\/\/happypotame.com\/wp-content\/uploads\/2022\/03\/cropped-Logo_Happypotame_vertical.png","width":4538,"height":945,"caption":"Happypotame"},"image":{"@id":"https:\/\/happypotame.com\/#\/schema\/logo\/image\/"},"sameAs":["https:\/\/www.instagram.com\/happypotame\/?hl=fr"]}]}},"_links":{"self":[{"href":"https:\/\/happypotame.com\/index.php\/wp-json\/wp\/v2\/product\/3659","targetHints":{"allow":["GET"]}}],"collection":[{"href":"https:\/\/happypotame.com\/index.php\/wp-json\/wp\/v2\/product"}],"about":[{"href":"https:\/\/happypotame.com\/index.php\/wp-json\/wp\/v2\/types\/product"}],"wp:featuredmedia":[{"embeddable":true,"href":"https:\/\/happypotame.com\/index.php\/wp-json\/wp\/v2\/media\/3660"}],"wp:attachment":[{"href":"https:\/\/happypotame.com\/index.php\/wp-json\/wp\/v2\/media?parent=3659"}],"wp:term":[{"taxonomy":"product_brand","embeddable":true,"href":"https:\/\/happypotame.com\/index.php\/wp-json\/wp\/v2\/product_brand?post=3659"},{"taxonomy":"product_cat","embeddable":true,"href":"https:\/\/happypotame.com\/index.php\/wp-json\/wp\/v2\/product_cat?post=3659"},{"taxonomy":"product_tag","embeddable":true,"href":"https:\/\/happypotame.com\/index.php\/wp-json\/wp\/v2\/product_tag?post=3659"}],"curies":[{"name":"wp","href":"https:\/\/api.w.org\/{rel}","templated":true}]}}