{"id":3667,"date":"2025-11-13T13:37:13","date_gmt":"2025-11-13T12:37:13","guid":{"rendered":"https:\/\/happypotame.com\/?post_type=product&#038;p=3667"},"modified":"2025-11-17T08:04:46","modified_gmt":"2025-11-17T07:04:46","slug":"carte-cest-noel-cest-cadeau","status":"publish","type":"product","link":"https:\/\/happypotame.com\/index.php\/produit\/carte-cest-noel-cest-cadeau\/","title":{"rendered":"Carte \u00ab\u00a0C&rsquo;est No\u00ebl, c&rsquo;est cadeau\u00a0\u00bb"},"content":{"rendered":"<p class=\"p1\">Cette carte postale est imprim\u00e9e sur un papier de cr\u00e9ation 300g par Clo\u00eetre Imprimeurs, en Bretagne, \u00e0 St-Thonan plus exactement.<br \/>\nVous pouvez compl\u00e9ter votre achat avec une enveloppe kraft (onglet \u00ab\u00a0autres produits\u00a0\u00bb du menu de notre site).<\/p>\n<div class=\"gs\">\n<div class=\"\">\n<div id=\":46k\" class=\"ii gt\">\n<div id=\":3cn\" class=\"a3s aiL \">\n<p data-start=\"486\" data-end=\"796\">Avec son fond rose tendre parsem\u00e9 de pois fuchsia et verts, la carte <strong data-start=\"555\" data-end=\"587\">\u00ab C\u2019est No\u00ebl, c\u2019est cadeau \u00bb<\/strong> annonce la couleur : ici, pas de blabla, juste du plaisir \u00e0 offrir !<br data-start=\"656\" data-end=\"659\" \/>Un graphisme pop, un humour assum\u00e9 et un cadeau au centre de tout \u2014 parce qu\u2019\u00e0 No\u00ebl, on adore (aussi) les surprises joliment emball\u00e9es.<\/p>\n<p data-start=\"798\" data-end=\"1062\">P\u00e9tillante, l\u00e9g\u00e8re et pleine de malice, cette carte est id\u00e9ale pour accompagner un pr\u00e9sent, glisser un mot doux ou simplement dire \u201cje pense \u00e0 toi\u201d avec style.<br data-start=\"957\" data-end=\"960\" \/>Un clin d\u2019\u0153il parfait pour celles et ceux qui savent qu\u2019un peu d\u2019ironie, \u00e7a s\u2019offre aussi tr\u00e8s bien.<\/p>\n<\/div>\n<\/div>\n<\/div>\n<\/div>\n","protected":false},"excerpt":{"rendered":"<p class=\"p1\">Une carte pleine d\u2019esprit et de bonne humeur !<br data-start=\"1325\" data-end=\"1328\" \/>Avec son fond rose \u00e0 pois et son jeu de mots p\u00e9tillant, elle met l\u2019humour et la tendresse sous le sapin.<br \/>\n\u00c0 offrir, envoyer, encadrer, \u00e9pingler, aimanter, scotcher\u2026 sans mod\u00e9ration !<\/p>\n<p class=\"p1\">Carte format 10&#215;15 cm.<br \/>\nCr\u00e9\u00e9e et imprim\u00e9e en France. Pure beurre Bzh !<br \/>\nVous pouvez compl\u00e9ter votre achat avec notre enveloppe kraft.<\/p>\n","protected":false},"featured_media":3665,"template":"","meta":[],"product_brand":[],"product_cat":[110,128,154],"product_tag":[],"class_list":{"0":"post-3667","1":"product","2":"type-product","3":"status-publish","4":"has-post-thumbnail","6":"product_cat-cartes-postales","7":"product_cat-evenements","8":"product_cat-noel-et-nouvel-an","10":"first","11":"instock","12":"shipping-taxable","13":"purchasable","14":"product-type-simple"},"yoast_head":"<!-- This site is optimized with the Yoast SEO plugin v27.4 - https:\/\/yoast.com\/product\/yoast-seo-wordpress\/ -->\n<title>Carte &quot;C&#039;est No\u00ebl, c&#039;est cadeau&quot; - Happypotame<\/title>\n<meta name=\"description\" content=\"Carte postale \u00ab C\u2019est No\u00ebl, c\u2019est cadeau \u00bb. Design pop et humour festif pour c\u00e9l\u00e9brer les f\u00eates avec style et l\u00e9g\u00e8ret\u00e9 ! Impression fran\u00e7aise.\" \/>\n<meta name=\"robots\" content=\"index, follow, max-snippet:-1, max-image-preview:large, max-video-preview:-1\" \/>\n<link rel=\"canonical\" href=\"https:\/\/happypotame.com\/index.php\/produit\/carte-cest-noel-cest-cadeau\/\" \/>\n<meta property=\"og:locale\" content=\"fr_FR\" \/>\n<meta property=\"og:type\" content=\"article\" \/>\n<meta property=\"og:title\" content=\"Carte &quot;C&#039;est No\u00ebl, c&#039;est cadeau&quot; - Happypotame\" \/>\n<meta property=\"og:description\" content=\"Carte postale \u00ab C\u2019est No\u00ebl, c\u2019est cadeau \u00bb. Design pop et humour festif pour c\u00e9l\u00e9brer les f\u00eates avec style et l\u00e9g\u00e8ret\u00e9 ! Impression fran\u00e7aise.\" \/>\n<meta property=\"og:url\" content=\"https:\/\/happypotame.com\/index.php\/produit\/carte-cest-noel-cest-cadeau\/\" \/>\n<meta property=\"og:site_name\" content=\"Happypotame\" \/>\n<meta property=\"article:modified_time\" content=\"2025-11-17T07:04:46+00:00\" \/>\n<meta property=\"og:image\" content=\"https:\/\/happypotame.com\/wp-content\/uploads\/2025\/11\/Carte_postale_situation_NOEL4-scaled.png\" \/>\n\t<meta property=\"og:image:width\" content=\"1810\" \/>\n\t<meta property=\"og:image:height\" content=\"2560\" \/>\n\t<meta property=\"og:image:type\" content=\"image\/png\" \/>\n<meta name=\"twitter:card\" content=\"summary_large_image\" \/>\n<meta name=\"twitter:label1\" content=\"Dur\u00e9e de lecture estim\u00e9e\" \/>\n\t<meta name=\"twitter:data1\" content=\"1 minute\" \/>\n<script type=\"application\/ld+json\" class=\"yoast-schema-graph\">{\"@context\":\"https:\\\/\\\/schema.org\",\"@graph\":[{\"@type\":\"WebPage\",\"@id\":\"https:\\\/\\\/happypotame.com\\\/index.php\\\/produit\\\/carte-cest-noel-cest-cadeau\\\/\",\"url\":\"https:\\\/\\\/happypotame.com\\\/index.php\\\/produit\\\/carte-cest-noel-cest-cadeau\\\/\",\"name\":\"Carte \\\"C'est No\u00ebl, c'est cadeau\\\" - Happypotame\",\"isPartOf\":{\"@id\":\"https:\\\/\\\/happypotame.com\\\/#website\"},\"primaryImageOfPage\":{\"@id\":\"https:\\\/\\\/happypotame.com\\\/index.php\\\/produit\\\/carte-cest-noel-cest-cadeau\\\/#primaryimage\"},\"image\":{\"@id\":\"https:\\\/\\\/happypotame.com\\\/index.php\\\/produit\\\/carte-cest-noel-cest-cadeau\\\/#primaryimage\"},\"thumbnailUrl\":\"https:\\\/\\\/happypotame.com\\\/wp-content\\\/uploads\\\/2025\\\/11\\\/Carte_postale_situation_NOEL4-scaled.png\",\"datePublished\":\"2025-11-13T12:37:13+00:00\",\"dateModified\":\"2025-11-17T07:04:46+00:00\",\"description\":\"Carte postale \u00ab C\u2019est No\u00ebl, c\u2019est cadeau \u00bb. Design pop et humour festif pour c\u00e9l\u00e9brer les f\u00eates avec style et l\u00e9g\u00e8ret\u00e9 ! Impression fran\u00e7aise.\",\"breadcrumb\":{\"@id\":\"https:\\\/\\\/happypotame.com\\\/index.php\\\/produit\\\/carte-cest-noel-cest-cadeau\\\/#breadcrumb\"},\"inLanguage\":\"fr-FR\",\"potentialAction\":[{\"@type\":\"ReadAction\",\"target\":[\"https:\\\/\\\/happypotame.com\\\/index.php\\\/produit\\\/carte-cest-noel-cest-cadeau\\\/\"]}]},{\"@type\":\"ImageObject\",\"inLanguage\":\"fr-FR\",\"@id\":\"https:\\\/\\\/happypotame.com\\\/index.php\\\/produit\\\/carte-cest-noel-cest-cadeau\\\/#primaryimage\",\"url\":\"https:\\\/\\\/happypotame.com\\\/wp-content\\\/uploads\\\/2025\\\/11\\\/Carte_postale_situation_NOEL4-scaled.png\",\"contentUrl\":\"https:\\\/\\\/happypotame.com\\\/wp-content\\\/uploads\\\/2025\\\/11\\\/Carte_postale_situation_NOEL4-scaled.png\",\"width\":1810,\"height\":2560},{\"@type\":\"BreadcrumbList\",\"@id\":\"https:\\\/\\\/happypotame.com\\\/index.php\\\/produit\\\/carte-cest-noel-cest-cadeau\\\/#breadcrumb\",\"itemListElement\":[{\"@type\":\"ListItem\",\"position\":1,\"name\":\"Accueil\",\"item\":\"https:\\\/\\\/happypotame.com\\\/\"},{\"@type\":\"ListItem\",\"position\":2,\"name\":\"Boutique\",\"item\":\"https:\\\/\\\/happypotame.com\\\/index.php\\\/boutique\\\/\"},{\"@type\":\"ListItem\",\"position\":3,\"name\":\"Carte \u00ab\u00a0C&rsquo;est No\u00ebl, c&rsquo;est cadeau\u00a0\u00bb\"}]},{\"@type\":\"WebSite\",\"@id\":\"https:\\\/\\\/happypotame.com\\\/#website\",\"url\":\"https:\\\/\\\/happypotame.com\\\/\",\"name\":\"Happypotame\",\"description\":\"\",\"publisher\":{\"@id\":\"https:\\\/\\\/happypotame.com\\\/#organization\"},\"potentialAction\":[{\"@type\":\"SearchAction\",\"target\":{\"@type\":\"EntryPoint\",\"urlTemplate\":\"https:\\\/\\\/happypotame.com\\\/?s={search_term_string}\"},\"query-input\":{\"@type\":\"PropertyValueSpecification\",\"valueRequired\":true,\"valueName\":\"search_term_string\"}}],\"inLanguage\":\"fr-FR\"},{\"@type\":\"Organization\",\"@id\":\"https:\\\/\\\/happypotame.com\\\/#organization\",\"name\":\"Happypotame\",\"url\":\"https:\\\/\\\/happypotame.com\\\/\",\"logo\":{\"@type\":\"ImageObject\",\"inLanguage\":\"fr-FR\",\"@id\":\"https:\\\/\\\/happypotame.com\\\/#\\\/schema\\\/logo\\\/image\\\/\",\"url\":\"https:\\\/\\\/happypotame.com\\\/wp-content\\\/uploads\\\/2022\\\/03\\\/cropped-Logo_Happypotame_vertical.png\",\"contentUrl\":\"https:\\\/\\\/happypotame.com\\\/wp-content\\\/uploads\\\/2022\\\/03\\\/cropped-Logo_Happypotame_vertical.png\",\"width\":4538,\"height\":945,\"caption\":\"Happypotame\"},\"image\":{\"@id\":\"https:\\\/\\\/happypotame.com\\\/#\\\/schema\\\/logo\\\/image\\\/\"},\"sameAs\":[\"https:\\\/\\\/www.instagram.com\\\/happypotame\\\/?hl=fr\"]}]}<\/script>\n<!-- \/ Yoast SEO plugin. -->","yoast_head_json":{"title":"Carte \"C'est No\u00ebl, c'est cadeau\" - Happypotame","description":"Carte postale \u00ab C\u2019est No\u00ebl, c\u2019est cadeau \u00bb. Design pop et humour festif pour c\u00e9l\u00e9brer les f\u00eates avec style et l\u00e9g\u00e8ret\u00e9 ! Impression fran\u00e7aise.","robots":{"index":"index","follow":"follow","max-snippet":"max-snippet:-1","max-image-preview":"max-image-preview:large","max-video-preview":"max-video-preview:-1"},"canonical":"https:\/\/happypotame.com\/index.php\/produit\/carte-cest-noel-cest-cadeau\/","og_locale":"fr_FR","og_type":"article","og_title":"Carte \"C'est No\u00ebl, c'est cadeau\" - Happypotame","og_description":"Carte postale \u00ab C\u2019est No\u00ebl, c\u2019est cadeau \u00bb. Design pop et humour festif pour c\u00e9l\u00e9brer les f\u00eates avec style et l\u00e9g\u00e8ret\u00e9 ! Impression fran\u00e7aise.","og_url":"https:\/\/happypotame.com\/index.php\/produit\/carte-cest-noel-cest-cadeau\/","og_site_name":"Happypotame","article_modified_time":"2025-11-17T07:04:46+00:00","og_image":[{"width":1810,"height":2560,"url":"https:\/\/happypotame.com\/wp-content\/uploads\/2025\/11\/Carte_postale_situation_NOEL4-scaled.png","type":"image\/png"}],"twitter_card":"summary_large_image","twitter_misc":{"Dur\u00e9e de lecture estim\u00e9e":"1 minute"},"schema":{"@context":"https:\/\/schema.org","@graph":[{"@type":"WebPage","@id":"https:\/\/happypotame.com\/index.php\/produit\/carte-cest-noel-cest-cadeau\/","url":"https:\/\/happypotame.com\/index.php\/produit\/carte-cest-noel-cest-cadeau\/","name":"Carte \"C'est No\u00ebl, c'est cadeau\" - Happypotame","isPartOf":{"@id":"https:\/\/happypotame.com\/#website"},"primaryImageOfPage":{"@id":"https:\/\/happypotame.com\/index.php\/produit\/carte-cest-noel-cest-cadeau\/#primaryimage"},"image":{"@id":"https:\/\/happypotame.com\/index.php\/produit\/carte-cest-noel-cest-cadeau\/#primaryimage"},"thumbnailUrl":"https:\/\/happypotame.com\/wp-content\/uploads\/2025\/11\/Carte_postale_situation_NOEL4-scaled.png","datePublished":"2025-11-13T12:37:13+00:00","dateModified":"2025-11-17T07:04:46+00:00","description":"Carte postale \u00ab C\u2019est No\u00ebl, c\u2019est cadeau \u00bb. Design pop et humour festif pour c\u00e9l\u00e9brer les f\u00eates avec style et l\u00e9g\u00e8ret\u00e9 ! Impression fran\u00e7aise.","breadcrumb":{"@id":"https:\/\/happypotame.com\/index.php\/produit\/carte-cest-noel-cest-cadeau\/#breadcrumb"},"inLanguage":"fr-FR","potentialAction":[{"@type":"ReadAction","target":["https:\/\/happypotame.com\/index.php\/produit\/carte-cest-noel-cest-cadeau\/"]}]},{"@type":"ImageObject","inLanguage":"fr-FR","@id":"https:\/\/happypotame.com\/index.php\/produit\/carte-cest-noel-cest-cadeau\/#primaryimage","url":"https:\/\/happypotame.com\/wp-content\/uploads\/2025\/11\/Carte_postale_situation_NOEL4-scaled.png","contentUrl":"https:\/\/happypotame.com\/wp-content\/uploads\/2025\/11\/Carte_postale_situation_NOEL4-scaled.png","width":1810,"height":2560},{"@type":"BreadcrumbList","@id":"https:\/\/happypotame.com\/index.php\/produit\/carte-cest-noel-cest-cadeau\/#breadcrumb","itemListElement":[{"@type":"ListItem","position":1,"name":"Accueil","item":"https:\/\/happypotame.com\/"},{"@type":"ListItem","position":2,"name":"Boutique","item":"https:\/\/happypotame.com\/index.php\/boutique\/"},{"@type":"ListItem","position":3,"name":"Carte \u00ab\u00a0C&rsquo;est No\u00ebl, c&rsquo;est cadeau\u00a0\u00bb"}]},{"@type":"WebSite","@id":"https:\/\/happypotame.com\/#website","url":"https:\/\/happypotame.com\/","name":"Happypotame","description":"","publisher":{"@id":"https:\/\/happypotame.com\/#organization"},"potentialAction":[{"@type":"SearchAction","target":{"@type":"EntryPoint","urlTemplate":"https:\/\/happypotame.com\/?s={search_term_string}"},"query-input":{"@type":"PropertyValueSpecification","valueRequired":true,"valueName":"search_term_string"}}],"inLanguage":"fr-FR"},{"@type":"Organization","@id":"https:\/\/happypotame.com\/#organization","name":"Happypotame","url":"https:\/\/happypotame.com\/","logo":{"@type":"ImageObject","inLanguage":"fr-FR","@id":"https:\/\/happypotame.com\/#\/schema\/logo\/image\/","url":"https:\/\/happypotame.com\/wp-content\/uploads\/2022\/03\/cropped-Logo_Happypotame_vertical.png","contentUrl":"https:\/\/happypotame.com\/wp-content\/uploads\/2022\/03\/cropped-Logo_Happypotame_vertical.png","width":4538,"height":945,"caption":"Happypotame"},"image":{"@id":"https:\/\/happypotame.com\/#\/schema\/logo\/image\/"},"sameAs":["https:\/\/www.instagram.com\/happypotame\/?hl=fr"]}]}},"_links":{"self":[{"href":"https:\/\/happypotame.com\/index.php\/wp-json\/wp\/v2\/product\/3667","targetHints":{"allow":["GET"]}}],"collection":[{"href":"https:\/\/happypotame.com\/index.php\/wp-json\/wp\/v2\/product"}],"about":[{"href":"https:\/\/happypotame.com\/index.php\/wp-json\/wp\/v2\/types\/product"}],"wp:featuredmedia":[{"embeddable":true,"href":"https:\/\/happypotame.com\/index.php\/wp-json\/wp\/v2\/media\/3665"}],"wp:attachment":[{"href":"https:\/\/happypotame.com\/index.php\/wp-json\/wp\/v2\/media?parent=3667"}],"wp:term":[{"taxonomy":"product_brand","embeddable":true,"href":"https:\/\/happypotame.com\/index.php\/wp-json\/wp\/v2\/product_brand?post=3667"},{"taxonomy":"product_cat","embeddable":true,"href":"https:\/\/happypotame.com\/index.php\/wp-json\/wp\/v2\/product_cat?post=3667"},{"taxonomy":"product_tag","embeddable":true,"href":"https:\/\/happypotame.com\/index.php\/wp-json\/wp\/v2\/product_tag?post=3667"}],"curies":[{"name":"wp","href":"https:\/\/api.w.org\/{rel}","templated":true}]}}